{"id":6205,"date":"2019-10-09T17:34:46","date_gmt":"2019-10-09T15:34:46","guid":{"rendered":"https:\/\/us.edu.pl\/student\/?page_id=6205"},"modified":"2019-10-09T17:34:46","modified_gmt":"2019-10-09T15:34:46","slug":"uniwersytet-slaski-mlodziezy","status":"publish","type":"page","link":"https:\/\/us.edu.pl\/student\/dzialalnosc-studencka\/wyroznienia-jm-rektora-us\/laureaci-poprzednich-edycji\/laureaci-2016\/uniwersytet-slaski-mlodziezy\/","title":{"rendered":"Uniwersytet \u015al\u0105ski M\u0142odzie\u017cy"},"content":{"rendered":"<p>[vc_row][vc_column]\r\n                <div class=\"text-modules\">\r\n                    <div class=\"container\">\r\n                        <h3 class=\"page-title text__title\">Uniwersytet \u015al\u0105ski M\u0142odzie\u017cy<\/h3>\r\n                        <div class=\"text-modules__content\"><\/div>\r\n                    <\/div>\r\n                <\/div>\r\n                <div class=\"text-modules \">\r\n                    <div class=\"container\">\r\n                        <h3 class=\"section-title section-title_border-bottom\">Natalia Ginter<\/h3> \r\n                        <div class=\"row m-0\">\r\n                            <div class=\"text-modules__content\">\r\n                                Aktualnie \u015al\u0105ski Uniwersytet M\u0142odzie\u017cy pozwala jej poszerza\u0107 wiedz\u0119 w wybranych kierunkach \u2013 ucz\u0119szcza na zaj\u0119cia wydzia\u0142u Teorii i Do\u015bwiadcze\u0144. Gdy ko\u0144czy\u0142a szko\u0142\u0119 podstawow\u0105 zosta\u0142a laureatk\u0105 I stopnia olimpiady wiedzy historycznej \u2013 OXFORD.PLUS. Po dostaniu si\u0119 do ciesz\u0105cej si\u0119 renom\u0105 szko\u0142y, Katolickiego Niepublicznego Gimnazjum nr 5 im. \u015aw. Jana Bosko w Sosnowcu, klas\u0119 pierwsz\u0105 uko\u0144czy\u0142a z wyr\u00f3\u017cnieniem oraz wysok\u0105 \u015bredni\u0105 ocen (4,9). Otrzyma\u0142a r\u00f3wnie\u017c wyr\u00f3\u017cnienie na tle szko\u0142y. Klas\u0119 drug\u0105 tak\u017ce uko\u0144czy\u0142a z wyr\u00f3\u017cnieniem oraz wysok\u0105 \u015bredni\u0105 ocen (4,8). W roku szkolnym 2014\/2015 mia\u0142a okazj\u0119 uczestniczy\u0107 w projekcie Erasmus+. Otrzyma\u0142a certyfikat b\u0119d\u0105cy potwierdzeniem cz\u0142onkostwa programu partnerskiego \u201eThe ruins of the past to power Europeans\u2018 future\u201d. Poza zami\u0142owaniem do nauki, wk\u0142ada wielkie zaanga\u017cowanie w taniec, kt\u00f3ry jest moj\u0105 pasj\u0105. Ta\u0144czy praktycznie codziennie, a pomimo tego nie zaniedbuje edukacji. \r\n                                <div class=\"mt-3\"><\/div>\r\n                            <\/div>\r\n                            \r\n                            \r\n                        <\/div>\r\n                    <\/div>\r\n                <\/div>\r\n                <div class=\"text-modules \">\r\n                    <div class=\"container\">\r\n                        <h3 class=\"section-title section-title_border-bottom\">Julia Osi\u0144ska<\/h3> \r\n                        <div class=\"row m-0\">\r\n                            <div class=\"text-modules__content\">\r\n                                Jest uczennic\u0105 drugiej klasy o profilu biologiczno-chemicznym III Liceum Og\u00f3lnokszta\u0142c\u0105cego im. Adama Mickiewicza w Katowicach. W 2014 roku uko\u0144czy\u0142a z wyr\u00f3\u017cnieniem Gimnazjum nr 10 w Tychach i otrzyma\u0142a tytu\u0142 Absolwentki Roku za trzyletni ca\u0142okszta\u0142t pracy, osi\u0105gni\u0119cia naukowe i organizacyjne. Jest laureatk\u0105 Wojew\u00f3dzkiego Konkursu Przedmiotowego z chemii i z geografii oraz podw\u00f3jn\u0105 finalistk\u0105 Wojew\u00f3dzkiego Konkursu Przedmiotowego z j\u0119zyka angielskiego. Za znacz\u0105ce osi\u0105gni\u0119cia szkolne i naukowe czterokrotnie przyznano jej stypendium Prezydenta Miasta Tychy \u201eTyskie Or\u0142y\u201d. Natomiast w tym roku szkolnym zosta\u0142a stypendystk\u0105 w ramach projektu: \u201e\u015al\u0105skie. Inwestujemy w talenty \u2013 I edycja\u201d. W roku szkolnym 2014\/2015 zdoby\u0142a I miejsce w XXV Jubileuszowym Regionalnym Konkursie dla uczni\u00f3w I klas szk\u00f3\u0142 ponadgimnazjalnych \u201eRandka z Chemi\u0105\u201d. W Og\u00f3lnopolskim Konkursie j\u0119zyka angielskiego \u201eFOX\u201d uzyska\u0142a wynik dobry, a w Og\u00f3lnopolskim Konkursie Wiedzy o Krajach Angloj\u0119zycznych \u201eDiscover Canada 2015\u201d zosta\u0142a p\u00f3\u0142finalistk\u0105. Pierwsz\u0105 klas\u0119 LO uko\u0144czy\u0142a z wyr\u00f3\u017cnieniem uzyskuj\u0105c czwart\u0105 \u015bredni\u0105 w szkole. Jej zainteresowania i pasje obejmuj\u0105 przedmioty matematyczne i przyrodnicze, a tak\u017ce j\u0119zykowe. Uczestniczy w zaj\u0119ciach Uniwersytetu Licealisty \u015al\u0105skiego Uniwersytetu Medycznego, Uniwersytetu \u015al\u0105skiego M\u0142odzie\u017cy oraz w zaj\u0119ciach rozwijaj\u0105cych zainteresowania w Pa\u0142acu M\u0142odzie\u017cy.<\/p>\n<div class=\"mt-3\"><\/div>\r\n                            <\/div>\r\n                            \r\n                            \r\n                        <\/div>\r\n                    <\/div>\r\n                <\/div>[\/vc_column][\/vc_row]<\/p>","protected":false},"excerpt":{"rendered":"<p>[vc_row][vc_column][\/vc_column][\/vc_row] [&#8230;]<\/p>\n<p><a class=\"btn btn-secondary understrap-read-more-link\" href=\"https:\/\/us.edu.pl\/student\/dzialalnosc-studencka\/wyroznienia-jm-rektora-us\/laureaci-poprzednich-edycji\/laureaci-2016\/uniwersytet-slaski-mlodziezy\/\">Read More&#8230;<\/a><\/p>\n","protected":false},"author":1,"featured_media":0,"parent":5896,"menu_order":0,"comment_status":"closed","ping_status":"closed","template":"","meta":{"_expiration-date-status":"","_expiration-date":0,"_expiration-date-type":"","_expiration-date-categories":[],"_expiration-date-options":[]},"acf":[],"_links":{"self":[{"href":"https:\/\/us.edu.pl\/student\/wp-json\/wp\/v2\/pages\/6205"}],"collection":[{"href":"https:\/\/us.edu.pl\/student\/wp-json\/wp\/v2\/pages"}],"about":[{"href":"https:\/\/us.edu.pl\/student\/wp-json\/wp\/v2\/types\/page"}],"author":[{"embeddable":true,"href":"https:\/\/us.edu.pl\/student\/wp-json\/wp\/v2\/users\/1"}],"replies":[{"embeddable":true,"href":"https:\/\/us.edu.pl\/student\/wp-json\/wp\/v2\/comments?post=6205"}],"version-history":[{"count":0,"href":"https:\/\/us.edu.pl\/student\/wp-json\/wp\/v2\/pages\/6205\/revisions"}],"up":[{"embeddable":true,"href":"https:\/\/us.edu.pl\/student\/wp-json\/wp\/v2\/pages\/5896"}],"wp:attachment":[{"href":"https:\/\/us.edu.pl\/student\/wp-json\/wp\/v2\/media?parent=6205"}],"curies":[{"name":"wp","href":"https:\/\/api.w.org\/{rel}","templated":true}]}}