{"id":6278,"date":"2019-10-10T02:55:33","date_gmt":"2019-10-10T00:55:33","guid":{"rendered":"https:\/\/us.edu.pl\/student\/?page_id=6278"},"modified":"2025-08-08T15:21:30","modified_gmt":"2025-08-08T13:21:30","slug":"rejestracja-na-wf-i-lektoraty-jezykowe","status":"publish","type":"page","link":"https:\/\/us.edu.pl\/student\/nowy-student\/nowy-student-pierwsze-kroki\/rejestracja-na-wf-i-lektoraty-jezykowe\/","title":{"rendered":"Rejestracja na WF i lektoraty"},"content":{"rendered":"<p>[vc_row][vc_column]\r\n                <div class=\"text-modules\">\r\n                    <div class=\"container\">\r\n                        <h3 class=\"page-title text__title\">Rejestracja na WF i lektoraty<\/h3>\r\n                        <div class=\"text-modules__content\"><\/div>\r\n                    <\/div>\r\n                <\/div>[\/vc_column][\/vc_row][vc_row el_class=&#8221;container&#8221;][vc_column width=&#8221;1\/3&#8243;]\r\n                <div class=\"text-modules\">\r\n                    <div class=\"container\">\r\n                        \r\n                        <div class=\"text-modules__content\"><p><span style=\"font-weight: 400;\">System rejestracji na lektoraty oraz zaj\u0119cia z wychowania fizycznego oparty jest na modelu <\/span><span style=\"font-weight: 400;\">rejestracji \u017cetonowych za po\u015brednictwem serwisu USOSweb. Rejestracja \u017cetonowa to system zapis\u00f3w na zaj\u0119cia, w kt\u00f3rym studenci &#8222;p\u0142ac\u0105&#8221; za nie okre\u015blon\u0105 liczb\u0105 wirtualnych \u017ceton\u00f3w. System ten pozwala studentom samodzielnie zapisywa\u0107 si\u0119 na przedmioty, korzystaj\u0105c z przydzielonych im \u017ceton\u00f3w. Liczba \u017ceton\u00f3w wymagana do zapisu na dany przedmiot jest z g\u00f3ry okre\u015blona.<\/span><\/p>\n<p>Wi\u0119cej informacji mo\u017cna znale\u017a\u0107 w <a href=\"https:\/\/usosweb.us.edu.pl\/userfiles\/file\/USOSweb_rejestracje_zetonowe.pdf\" class=\"mtli_attachment mtli_pdf\" class=\"mtli_attachment mtli_pdf\">instrukcji rejestracji \u017cetonowych<\/a>.<\/p>\n<\/div>\r\n                    <\/div>\r\n                <\/div>[\/vc_column][vc_column width=&#8221;1\/3&#8243;]\r\n                <div class=\"text-modules\">\r\n                    <div class=\"container\">\r\n                        \r\n                        <div class=\"text-modules__content\"><p><img class=\"aligncenter wp-image-57601 size-full\" src=\"https:\/\/us.edu.pl\/student\/wp-content\/uploads\/sites\/3\/2025\/08\/martins-zemlickis-NPFu4GfFZ7E-unsplash.jpg\" alt=\"Osoby biegn\u0105ce w maratonie\" width=\"800\" height=\"531\" srcset=\"https:\/\/us.edu.pl\/student\/wp-content\/uploads\/sites\/3\/2025\/08\/martins-zemlickis-NPFu4GfFZ7E-unsplash.jpg 800w, https:\/\/us.edu.pl\/student\/wp-content\/uploads\/sites\/3\/2025\/08\/martins-zemlickis-NPFu4GfFZ7E-unsplash-300x199.jpg 300w, https:\/\/us.edu.pl\/student\/wp-content\/uploads\/sites\/3\/2025\/08\/martins-zemlickis-NPFu4GfFZ7E-unsplash-768x510.jpg 768w, https:\/\/us.edu.pl\/student\/wp-content\/uploads\/sites\/3\/2025\/08\/martins-zemlickis-NPFu4GfFZ7E-unsplash-575x382.jpg 575w\" sizes=\"(max-width: 800px) 100vw, 800px\" \/><\/p>\n<\/div>\r\n                    <\/div>\r\n                <\/div>[vc_btn title=&#8221;Wychowanie Fizyczne&#8221; style=&#8221;custom&#8221; custom_background=&#8221;#002e5a&#8221; custom_text=&#8221;#ffffff&#8221; size=&#8221;lg&#8221; align=&#8221;center&#8221; button_block=&#8221;true&#8221; link=&#8221;url:https%3A%2F%2Fus.edu.pl%2Fstudent%2Fnowy-student%2Fnowy-student-pierwsze-kroki%2Frejestracja-na-wf-i-lektoraty-jezykowe%2Frejestracja-na-wychowanie-fizyczne%2F&#8221;][\/vc_column][vc_column width=&#8221;1\/3&#8243;]\r\n                <div class=\"text-modules\">\r\n                    <div class=\"container\">\r\n                        \r\n                        <div class=\"text-modules__content\"><p><img class=\"aligncenter wp-image-57605 size-large\" src=\"https:\/\/us.edu.pl\/student\/wp-content\/uploads\/sites\/3\/2025\/08\/jason-goodman-Oalh2MojUuk-unsplash-1-1024x683.jpg\" alt=\"Osoby bior\u0105ce udzia\u0142 w zaj\u0119ciach\" width=\"640\" height=\"427\" srcset=\"https:\/\/us.edu.pl\/student\/wp-content\/uploads\/sites\/3\/2025\/08\/jason-goodman-Oalh2MojUuk-unsplash-1-1024x683.jpg 1024w, https:\/\/us.edu.pl\/student\/wp-content\/uploads\/sites\/3\/2025\/08\/jason-goodman-Oalh2MojUuk-unsplash-1-300x200.jpg 300w, https:\/\/us.edu.pl\/student\/wp-content\/uploads\/sites\/3\/2025\/08\/jason-goodman-Oalh2MojUuk-unsplash-1-768x512.jpg 768w, https:\/\/us.edu.pl\/student\/wp-content\/uploads\/sites\/3\/2025\/08\/jason-goodman-Oalh2MojUuk-unsplash-1-1536x1024.jpg 1536w, https:\/\/us.edu.pl\/student\/wp-content\/uploads\/sites\/3\/2025\/08\/jason-goodman-Oalh2MojUuk-unsplash-1-2048x1365.jpg 2048w, https:\/\/us.edu.pl\/student\/wp-content\/uploads\/sites\/3\/2025\/08\/jason-goodman-Oalh2MojUuk-unsplash-1-575x383.jpg 575w\" sizes=\"(max-width: 640px) 100vw, 640px\" \/><\/p>\n<\/div>\r\n                    <\/div>\r\n                <\/div>[vc_btn title=&#8221;Lektoraty&#8221; style=&#8221;custom&#8221; custom_background=&#8221;#002e5a&#8221; custom_text=&#8221;#ffffff&#8221; size=&#8221;lg&#8221; align=&#8221;center&#8221; button_block=&#8221;true&#8221; link=&#8221;url:https%3A%2F%2Fel.us.edu.pl%2Fspnjo%2F&#8221;][\/vc_column][\/vc_row]<\/p>","protected":false},"excerpt":{"rendered":"<p>[vc_row][vc_column][\/vc_column][\/vc_row][vc_row el_class=&#8221;container&#8221;][vc_column width=&#8221;1\/3&#8243;][\/vc_column][vc_column width=&#8221;1\/3&#8243;][vc_btn title=&#8221;Wychowanie Fizyczne&#8221; style=&#8221;custom&#8221; custom_background=&#8221;#002e5a&#8221; custom_text=&#8221;#ffffff&#8221; size=&#8221;lg&#8221; align=&#8221;center&#8221; button_block=&#8221;true&#8221; link=&#8221;url:https%3A%2F%2Fus.edu.pl%2Fstudent%2Fnowy-student%2Fnowy-student-pierwsze-kroki%2Frejestracja-na-wf-i-lektoraty-jezykowe%2Frejestracja-na-wychowanie-fizyczne%2F&#8221;][\/vc_column][vc_column width=&#8221;1\/3&#8243;][vc_btn title=&#8221;Lektoraty&#8221; style=&#8221;custom&#8221; custom_background=&#8221;#002e5a&#8221; custom_text=&#8221;#ffffff&#8221; size=&#8221;lg&#8221; align=&#8221;center&#8221; button_block=&#8221;true&#8221; link=&#8221;url:https%3A%2F%2Fel.us.edu.pl%2Fspnjo%2F&#8221;][\/vc_column][\/vc_row] [&#8230;]<\/p>\n<p><a class=\"btn btn-secondary understrap-read-more-link\" href=\"https:\/\/us.edu.pl\/student\/nowy-student\/nowy-student-pierwsze-kroki\/rejestracja-na-wf-i-lektoraty-jezykowe\/\">Read More&#8230;<\/a><\/p>\n","protected":false},"author":28,"featured_media":0,"parent":4377,"menu_order":0,"comment_status":"closed","ping_status":"closed","template":"","meta":{"_expiration-date-status":"","_expiration-date":0,"_expiration-date-type":"","_expiration-date-categories":[],"_expiration-date-options":[]},"acf":[],"_links":{"self":[{"href":"https:\/\/us.edu.pl\/student\/wp-json\/wp\/v2\/pages\/6278"}],"collection":[{"href":"https:\/\/us.edu.pl\/student\/wp-json\/wp\/v2\/pages"}],"about":[{"href":"https:\/\/us.edu.pl\/student\/wp-json\/wp\/v2\/types\/page"}],"author":[{"embeddable":true,"href":"https:\/\/us.edu.pl\/student\/wp-json\/wp\/v2\/users\/28"}],"replies":[{"embeddable":true,"href":"https:\/\/us.edu.pl\/student\/wp-json\/wp\/v2\/comments?post=6278"}],"version-history":[{"count":7,"href":"https:\/\/us.edu.pl\/student\/wp-json\/wp\/v2\/pages\/6278\/revisions"}],"predecessor-version":[{"id":58201,"href":"https:\/\/us.edu.pl\/student\/wp-json\/wp\/v2\/pages\/6278\/revisions\/58201"}],"up":[{"embeddable":true,"href":"https:\/\/us.edu.pl\/student\/wp-json\/wp\/v2\/pages\/4377"}],"wp:attachment":[{"href":"https:\/\/us.edu.pl\/student\/wp-json\/wp\/v2\/media?parent=6278"}],"curies":[{"name":"wp","href":"https:\/\/api.w.org\/{rel}","templated":true}]}}