{"id":6338,"date":"2019-10-10T10:05:39","date_gmt":"2019-10-10T08:05:39","guid":{"rendered":"https:\/\/us.edu.pl\/student\/?page_id=6338"},"modified":"2019-10-10T10:09:59","modified_gmt":"2019-10-10T08:09:59","slug":"uniwersytet-slaski-dzieci","status":"publish","type":"page","link":"https:\/\/us.edu.pl\/student\/dzialalnosc-studencka\/wyroznienia-jm-rektora-us\/laureaci-poprzednich-edycji\/laureaci_2015\/uniwersytet-slaski-dzieci\/","title":{"rendered":"Uniwersytet \u015al\u0105ski Dzieci"},"content":{"rendered":"<p>[vc_row el_class=&#8221;container&#8221;][vc_column el_class=&#8221;container&#8221;]\r\n                <div class=\"text-modules\">\r\n                    <div class=\"container\">\r\n                        <h3 class=\"page-title text__title\">Uniwersytet \u015al\u0105ski Dzieci<\/h3>\r\n                        <div class=\"text-modules__content\"><\/div>\r\n                    <\/div>\r\n                <\/div>\r\n                <div class=\"text-modules \">\r\n                    <div class=\"container\">\r\n                        <h3 class=\"section-title section-title_border-bottom\">Glada Konstancja<\/h3> \r\n                        <div class=\"row m-0\">\r\n                            <div class=\"text-modules__content\">\r\n                                Konstancja, ju\u017c nied\u0142ugo absolwentka klasy czwartej, to raczej mieszanka wybuchowa \u2013 artystyczna dusza z zaci\u0119ciem ekologicznym ze spor\u0105 doz\u0105 ciekawo\u015bci i dociekliwo\u015bci w poznaniu mechanizm\u00f3w poruszaj\u0105cych \u015bwiatem. Uwielbia taniec i \u015bpiew, doskonale czuje si\u0119 na scenie. Kilka lat ta\u0144czy\u0142a i \u015bpiewa\u0142a z dzieci\u0119cym zespo\u0142em \u201eWeso\u0142e Nutki\u201d w \u017borach, potem zamieni\u0142a wyst\u0119py w grupie na modern jazz. Go\u015bcinnie wyst\u0105pi\u0142a w przedstawieniu pod tytu\u0142em \u201eLokatorzy\u201d Teatru Ta\u0144ca Navras z Rybnika, prezentowanym w przestrzeniu miejskiej Katowic. Bierze udzia\u0142 w szkolnych i miejskich konkursach piosenki\u00a0 i recytatorskich oraz konkursach plastycznych. Trzeci rok z rz\u0119du zdoby\u0142a tytu\u0142 szkolnego mistrza ortografii, a tak\u017ce tytu\u0142 najaktywniejszego czytelnika Miejskiej Biblioteki w \u017borach. Konstancja bardzo interesuje si\u0119 problemami \u015brodowiska, bierze udzia\u0142 w akcjach ekologicznych i startuje w Ekote\u015bcie. Jej wielk\u0105 pasj\u0105 s\u0105 \u017c\u00f3\u0142wie, opiekuje si\u0119 mieszkank\u0105 domowego akwarium \u2013 \u017c\u00f3\u0142wic\u0105 Stefani\u0105 i zg\u0142\u0119bia wiedz\u0119 na temat tych gad\u00f3w, jednocze\u015bnie gromadz\u0105c okazy w swojej domowej kolekcji \u017c\u00f3\u0142wi \u2013 pod ka\u017cd\u0105 postaci\u0105. Poza tym interesuje si\u0119 mitologi\u0105, astronomi\u0105, paleontologi\u0105, ale te\u017c mod\u0105 i telefonicznymi nowinkami technicznymi. Opr\u00f3cz tego Konstancja uwielbia ruch i aktywno\u015b\u0107 fizyczn\u0105, zw\u0142aszcza na \u015bwie\u017cym powietrzu \u2013 jazd\u0119 na rolkach, zim\u0105 na \u0142y\u017cwach, gry w pi\u0142k\u0119, wycieczki do lasu w nieznane i badanie przyrody. Od dw\u00f3ch lat Konstancja z ogromnym entuzjazmem i ciekawo\u015bci\u0105 ucz\u0119szcza na zaj\u0119cia Uniwersytetu \u015al\u0105skiego Dzieci. Konstancja jest osob\u0105 otwart\u0105, zawsze u\u015bmiechni\u0119t\u0105 i sumienn\u0105. Ch\u0119tnie uczestniczy w zaj\u0119ciach dodatkowych, kt\u00f3re pozwalaj\u0105 jej rozwija\u0107 si\u0119 i realizowa\u0107 pasje. Jako pierwsza ze student\u00f3w Uniwersytetu \u015al\u0105skiego Dzieci wyg\u0142osi\u0142a wyk\u0142ad dla ca\u0142ej grup\u0105 M\u0142odych Naukowc\u00f3w, przybli\u017caj\u0105c im swoje hobby. \r\n                                <div class=\"mt-3\"><\/div>\r\n                            <\/div>\r\n                            \r\n                            \r\n                        <\/div>\r\n                    <\/div>\r\n                <\/div>\r\n                <div class=\"text-modules \">\r\n                    <div class=\"container\">\r\n                        <h3 class=\"section-title section-title_border-bottom\">Holona Pawe\u0142<\/h3> \r\n                        <div class=\"row m-0\">\r\n                            <div class=\"text-modules__content\">\r\n                                Pawe\u0142 Holona ma 8 lat, bardzo lubi wszystko, co zwi\u0105zane jest z nauk\u0105. Jego wielk\u0105 pasj\u0105 s\u0105 klocki Lego, z kt\u00f3rych buduje zgodnie z instrukcj\u0105, ale r\u00f3wnie\u017c wed\u0142ug w\u0142asnej inwencji. Zaproponowane przez U\u015aD zaj\u0119cia \u201eBudujemy maszyny\u201d Lego Technic s\u0105 jakby \u201ena zam\u00f3wienie\u201d naszego syna. Pawe\u0142 interesuje si\u0119 dinozaurami i prehistori\u0105. W tym roku odwiedzi\u0142 sw\u00f3j ulubiony JuraPark w\u00a0Krasiejowie po raz czwarty. W sferze zainteresowa\u0144 naszego dziecka znajduj\u0105 si\u0119 tak\u017ce wynalazki, odkrycia i roboty. Jedn\u0105 z jego ulubionych ksi\u0105\u017cek jest \u201dAle patent! Ksi\u0119ga niewiarygodnych wynalazk\u00f3w\u201d autorstwa Ma\u0142gorzaty Mycielskiej, Aleksandry i Daniela Mizieli\u0144skich. Bardzo dog\u0142\u0119bnie analizuje, dlaczego jaki\u015b wynalazek nie przyj\u0105\u0142 si\u0119 i proponuje ulepszenia i usprawnienia. W czasie wolnym Pawe\u0142 z pasj\u0105 wymy\u015bla gry planszowe i komputerowe zarysowuj\u0105c dziesi\u0105tki kartek. Bra\u0142 udzia\u0142 w szkolnych konkursach: wiedzy o Zjednoczonym Kr\u00f3lestwie Wielkiej Brytanii oraz konkursie matematycznym. Uwielbia je\u017adzi\u0107 na rowerze i rolkach, uczy sie p\u0142ywa\u0107 i chodzi na treningi karate Kyokushin. Marzy, by zosta\u0107 wynalazc\u0105, paleontologiem i architektem. Pawe\u0142 swoj\u0105 przygod\u0119 z Uniwersytetem \u015al\u0105skim Dzieci rozpocz\u0105\u0142 ju\u017c jako 5-latek. Pocz\u0105tkowo z zaciekawieniem poszukiwa\u0142 &#8222;swoich&#8221; temat\u00f3w,\u00a0 jako pocz\u0105tkuj\u0105cy student uczestniczy\u0142 w wielu r\u00f3\u017cnych seminariach i warsztatach. Dzi\u015b, jako Odkrywca doskonale wie co jest jego pasj\u0105. To nauka!\u00a0 Dlatego te\u017c na ka\u017cdym kroku stara si\u0119 zg\u0142\u0119bia\u0107 tajemnice nauk \u015bcis\u0142ych &#8211; od matematyki przez biologi\u0119, po informatyk\u0119. \u015awietnie \u0142\u0105czy swoja pasje z byciem dzieckiem &#8211; kto powiedzia\u0142, \u017ce klocki Lego i gry planszowe s\u0142u\u017c\u0105 tylko do zabawy? Jest bardzo zr\u00f3wnowa\u017conym studentem &#8211; mo\u017ce czasami troch\u0119 nie\u015bmia\u0142ym. Mimo to dobrze funkcjonuje w grupie i ch\u0119tnie wsp\u00f3\u0142pracuje z r\u00f3wie\u015bnikami, a podczas zaj\u0119\u0107 zadaje wiele ciekawych pyta\u0144. Mamy nadziej\u0119, \u017ce jego zapa\u0142 oraz ciekawo\u015b\u0107 \u015bwiata nie wygasn\u0105, a wiedza zdobyta podczas warsztat\u00f3w i na wyk\u0142adach b\u0119dzie przydatna nie tylko w szkole. \r\n                                <div class=\"mt-3\"><\/div>\r\n                            <\/div>\r\n                            \r\n                            \r\n                        <\/div>\r\n                    <\/div>\r\n                <\/div>\r\n                <div class=\"text-modules \">\r\n                    <div class=\"container\">\r\n                        <h3 class=\"section-title section-title_border-bottom\">Lewald Karolina<\/h3> \r\n                        <div class=\"row m-0\">\r\n                            <div class=\"text-modules__content\">\r\n                                Pasj\u0105 Karoliny s\u0105 konie. Karolina prawie ka\u017cd\u0105 wolna chwil\u0119 sp\u0119dza na uje\u017cd\u017calni, trenuje, piel\u0119gnuje konie i zajmuje si\u0119 naturaln\u0105 prac\u0105 z nimi na zasadzie partnerstwa. Jej ulubionym koniem jest Gizela- klacz, kt\u00f3r\u0105 sama uk\u0142ada\u0142a i uczy\u0142a szacunku do cz\u0142owieka. Ma te\u017c hobby, kt\u00f3rym jest szkicowanie i robienie zdj\u0119\u0107. Za swoje najwa\u017cniejsze osi\u0105gniecie uwa\u017ca zdanie br\u0105zowej odznaki PZJ.\u00a0 Lubi anga\u017cowa\u0107 si\u0119 w r\u00f3\u017cne wydarzenia szkolne, ch\u0119tnie podejmuje wyzwania do kt\u00f3rych nale\u017cy m.in. organizacja klasowej wycieczki rowerowej.\u00a0 Ma du\u017ca wra\u017cliwo\u015b\u0107 na krzywd\u0119 zwierz\u0105t i ch\u0119tnie w\u0142\u0105cza si\u0119 w akcje pomocy dla nich. Lubi czyta\u0107 ksi\u0105\u017cki i bawi\u0107 si\u0119 ze swoimi psami. Jak czego\u015b bardzo chce to robi wszystko co jest mo\u017cliwe \u017ceby to osi\u0105gn\u0105\u0107. Karolina jest pomys\u0142owa, tw\u00f3rcza i aktywna. Zawsze u\u015bmiechni\u0119ta, pe\u0142na optymizmu, otwarta na ludzi i \u015bwiat. Anga\u017cuje si\u0119 w wiele przedsi\u0119wzi\u0119\u0107 i inicjatyw na rzecz Uniwersytetu \u015al\u0105skiego Dzieci. \r\n                                <div class=\"mt-3\"><\/div>\r\n                            <\/div>\r\n                            \r\n                            \r\n                        <\/div>\r\n                    <\/div>\r\n                <\/div>\r\n                <div class=\"text-modules \">\r\n                    <div class=\"container\">\r\n                        <h3 class=\"section-title section-title_border-bottom\">Suczyk Miko\u0142aj<\/h3> \r\n                        <div class=\"row m-0\">\r\n                            <div class=\"text-modules__content\">\r\n                                <\/p>\n<div class=\"content\">\n<p>Miko\u0142aj swoj\u0105 przygod\u0119 z Uniwersytetem \u015al\u0105skim Dzieci rozpocz\u0105\u0142 dwa lata temu jako niespe\u0142na pi\u0119ciolatek i od razu \u201estudenckie\u201d zaj\u0119cia okaza\u0142y si\u0119 strza\u0142em w dziesi\u0105tk\u0119. Uczestnictwo w zaj\u0119ciach U\u015aD sprawia Mu wielk\u0105 frajd\u0119 a ka\u017cdy wyjazd do Katowic jest wyczekiwany z niecierpliwo\u015bci\u0105. A gdy tematyka zaj\u0119\u0107 pokrywa si\u0119 z Jego zainteresowaniami to ju\u017c mamy pe\u0142ni\u0119 szcz\u0119\u015bcia. Miko\u0142aj uwielbia podr\u00f3\u017ce i poznawanie innych kraj\u00f3w oraz panuj\u0105cych tam zwyczaj\u00f3w; geografia i mapy to jego konik \u2013 ju\u017c jako czterolatek z pasj\u0105 \u201estudiowa\u0142\u201d obrazkowe informacje dotycz\u0105ce wybranych pa\u0144stw z pomys\u0142owo zrobionego atlasu A. i D. Mizieli\u0144skich \u2013 pozycja jest chyba najbardziej \u201ewyczytan\u0105\u201d i wyeksploatowan\u0105\u00a0 ksi\u0105\u017ck\u0105 w naszej domowej biblioteczce. A potem z wielkim zaanga\u017cowaniem przepytywa\u0142 ca\u0142\u0105 rodzin\u0119 \u201eze stolic\u201d \u2013 w ten spos\u00f3b dowiedzieli\u015bmy si\u0119, na przyk\u0142ad, czego stolic\u0105 jest Antananarywa. Dzi\u0119ki temu, \u017ce od roku Miko\u0142aj biegle czyta, mo\u017ce ju\u017c samodzielnie zg\u0142\u0119bia\u0107 informacje geograficzne a potem zaskakiwa\u0107 nas ciekawostkami ze \u015bwiata. Ksi\u0105\u017cki podr\u00f3\u017cniczo-odkrywcze oraz wszelkiego rodzaju mapy s\u0105 w centrum Jego zainteresowa\u0144. A jak podr\u00f3\u017cowa\u0107 to najlepiej samolotem \u2013\u00a0 lotnictwo jest drug\u0105 pasj\u0105 Miko\u0142aja, kt\u00f3ry marzy o tym, aby w przysz\u0142o\u015bci zosta\u0107 pilotem i pracowa\u0107 dla r\u00f3\u017cnych linii lotniczych (najlepiej po kolei dla ka\u017cdej istniej\u0105cej J). A je\u015bli gdzie\u015b nie mo\u017cna dolecie\u0107 to pewnie b\u0119dzie mo\u017cna dop\u0142yn\u0105\u0107, bo statki, okr\u0119ty, \u017caglowce s\u0105 Jego kolejnym zainteresowaniem (gigantyczny model Titanica z klock\u00f3w LEGO jest Jego wielkim marzeniem). Miko\u0142aj lubi te\u017c muzyk\u0119, fascynuj\u0105 go organy (im bardziej rozbudowane i z du\u017c\u0105 ilo\u015bci\u0105 piszcza\u0142ek, tym lepiej), ale lubi te\u017c, jak sam m\u00f3wi, instrumenty, kt\u00f3re \u201egrubo brzmi\u0105\u201d (np. kontrabas) i sam od kilku lat uczy si\u0119 gry na keyboardzie. Miko\u0142aj jest prawdziwym Poszukiwaczem wiedzy: zawsze uwa\u017cnie s\u0142ucha na wyk\u0142adach i dociekliwie pyta podczas seminari\u00f3w. \u201eZ czego rodz\u0105 si\u0119 stawonogi- z jaja czy z muszelek?\u201d, \u201eIle lat mia\u0142 l. Braille gdy zrani\u0142 si\u0119 w oko?\u201d, \u201eJakich zwierz\u0105t jest wi\u0119cej: wilk\u00f3w, lis\u00f3w czy dzik\u00f3w?\u201d&#8230;to tylko kilka spo\u015br\u00f3d wielu pyta\u0144 zadanych przez Miko\u0142aja. Zawsze przygotowany, zawsze kole\u017ce\u0144ski, zawsze u\u015bmiechni\u0119ty\u2026 Mamy nadziej\u0119, \u017ce ro\u015bnie nam super wykwalifikowany pilot Dreamlinera\u00a0 lub innego podniebnego czy wodnego pojazdu. Powodzenia!<\/p>\n<\/div>\n<div class=\"mt-3\"><\/div>\r\n                            <\/div>\r\n                            \r\n                            \r\n                        <\/div>\r\n                    <\/div>\r\n                <\/div>[\/vc_column][\/vc_row]<\/p>","protected":false},"excerpt":{"rendered":"<p>[vc_row el_class=&#8221;container&#8221;][vc_column el_class=&#8221;container&#8221;][\/vc_column][\/vc_row] [&#8230;]<\/p>\n<p><a class=\"btn btn-secondary understrap-read-more-link\" href=\"https:\/\/us.edu.pl\/student\/dzialalnosc-studencka\/wyroznienia-jm-rektora-us\/laureaci-poprzednich-edycji\/laureaci_2015\/uniwersytet-slaski-dzieci\/\">Read More&#8230;<\/a><\/p>\n","protected":false},"author":1,"featured_media":0,"parent":5901,"menu_order":0,"comment_status":"closed","ping_status":"closed","template":"","meta":{"_expiration-date-status":"","_expiration-date":0,"_expiration-date-type":"","_expiration-date-categories":[],"_expiration-date-options":[]},"acf":[],"_links":{"self":[{"href":"https:\/\/us.edu.pl\/student\/wp-json\/wp\/v2\/pages\/6338"}],"collection":[{"href":"https:\/\/us.edu.pl\/student\/wp-json\/wp\/v2\/pages"}],"about":[{"href":"https:\/\/us.edu.pl\/student\/wp-json\/wp\/v2\/types\/page"}],"author":[{"embeddable":true,"href":"https:\/\/us.edu.pl\/student\/wp-json\/wp\/v2\/users\/1"}],"replies":[{"embeddable":true,"href":"https:\/\/us.edu.pl\/student\/wp-json\/wp\/v2\/comments?post=6338"}],"version-history":[{"count":0,"href":"https:\/\/us.edu.pl\/student\/wp-json\/wp\/v2\/pages\/6338\/revisions"}],"up":[{"embeddable":true,"href":"https:\/\/us.edu.pl\/student\/wp-json\/wp\/v2\/pages\/5901"}],"wp:attachment":[{"href":"https:\/\/us.edu.pl\/student\/wp-json\/wp\/v2\/media?parent=6338"}],"curies":[{"name":"wp","href":"https:\/\/api.w.org\/{rel}","templated":true}]}}