{"id":6343,"date":"2019-10-10T10:18:11","date_gmt":"2019-10-10T08:18:11","guid":{"rendered":"https:\/\/us.edu.pl\/student\/?page_id=6343"},"modified":"2019-10-10T10:18:52","modified_gmt":"2019-10-10T08:18:52","slug":"uniwersytet-slaski-mlodziezy","status":"publish","type":"page","link":"https:\/\/us.edu.pl\/student\/dzialalnosc-studencka\/wyroznienia-jm-rektora-us\/laureaci-poprzednich-edycji\/laureaci_2015\/uniwersytet-slaski-mlodziezy\/","title":{"rendered":"Uniwersytet \u015al\u0105ski M\u0142odzie\u017cy"},"content":{"rendered":"<p>[vc_row el_class=&#8221;container&#8221;][vc_column el_class=&#8221;container&#8221;]\r\n                <div class=\"text-modules\">\r\n                    <div class=\"container\">\r\n                        <h3 class=\"page-title text__title\">Uniwersytet \u015al\u0105ski M\u0142odzie\u017cy<\/h3>\r\n                        <div class=\"text-modules__content\"><\/div>\r\n                    <\/div>\r\n                <\/div>\r\n                <div class=\"text-modules \">\r\n                    <div class=\"container\">\r\n                        <h3 class=\"section-title section-title_border-bottom\">Mr\u00f3z Oliwia<\/h3> \r\n                        <div class=\"row m-0\">\r\n                            <div class=\"text-modules__content\">\r\n                                Jest uczennic\u0105 I klasy gimnazjum Zespo\u0142u Szk\u00f3\u0142 Katolickich im. Jana Bosko w Sosnowcu. Jest uczennic\u0105 bardzo sumienn\u0105 i rzeteln\u0105, zawsze przygotowan\u0105 do zaj\u0119\u0107. Po I semestrze I klasy gimnazjum osi\u0105gn\u0119\u0142a najwy\u017csz\u0105 \u015bredni\u0105 ocen w szkole 5,5.<\/p>\n<p>Opr\u00f3cz nauki w szkole, Oliwia stara si\u0119 bra\u0107 udzia\u0142 w r\u00f3\u017cnych zawodach i konkursach, zajmuj\u0105c wysokie miejsca lub wyr\u00f3\u017cnienia:<\/p>\n<ol>\n<li>I miejsce w polonistycznym konkursie BoskoPol 2014 \u2013 maj 2014 r.<\/li>\n<li>I miejsce w konkursie geograficzno \u2013 j\u0119zykowym \u201eCuda Ameryki\u201d \u2013 czerwiec 2014 r.<\/li>\n<li>V miejsce w matematycznym konkursie BoskoMat 2014 \u2013 maj 2014 r.<\/li>\n<li>Wyr\u00f3\u017cnienie za zaj\u0119cie 10 miejsca w Powiecie i 65 miejsca w Regionie w konkursie z j\u0119zyka angielskiego \u201eFox 2014\u201d \u2013 czerwiec 2014 r.<\/li>\n<li>Wyr\u00f3\u017cnienie w VI Miejskim Konkursie J\u0119zyka Angielskiego dla Szk\u00f3\u0142 Podstawowych w D\u0105browie G\u00f3rniczej \u2013 czerwiec 2014 r.<\/li>\n<li>Wyr\u00f3\u017cnienie za zaj\u0119cie 11 miejsca w og\u00f3lnopolskim konkursie Multitest 2013 z matematyki \u2013 grudzie\u0144 2013 r.<\/li>\n<li>III miejsce w szkolnym Konkursie Historycznym \u201eKonstytucja 3 \u2013 go Maja\u201d \u2013 maj 2014 r.<\/li>\n<li>I miejsce w szkolnym konkursie historycznym \u201eEuropejczyk\u201d \u2013 2013\/2014<\/li>\n<li>Udzia\u0142 w og\u00f3lnopolskim konkursie Multitest 2013 z historii \u2013 pa\u017adziernik 2013 r.<\/li>\n<li>Dyplom dla najpogodniejszego dziecka na \u015bwiecie.<\/li>\n<li>Oliwia jest uczniem o bardzo wielu zainteresowaniach i pasjach. Jej najwi\u0119kszych hobby jest czytanie ksi\u0105\u017cek o r\u00f3\u017cnej tematyce i formie.<\/li>\n<\/ol>\n<p>Oliwia jest uczniem o bardzo wielu zainteresowaniach i pasjach. Jej najwi\u0119kszych hobby jest czytanie ksi\u0105\u017cek o r\u00f3\u017cnej tematyce i formie. Opr\u00f3cz jednak nauki i czytania ksi\u0105\u017cek po\u015bwi\u0119ca ona du\u017co czasu i energii na realizacj\u0119 swoich hobby oraz dzia\u0142alno\u015bci pozaszkolnej.<\/p>\n<p>Jest cz\u0142onkiem mi\u0119dzynarodowego stowarzyszenia CISV, promuj\u0105cego w\u015br\u00f3d m\u0142odych ludzi idee r\u00f3wno\u015bci, pokoju i poszanowania praw cz\u0142owieka. Dzi\u0119ki zaanga\u017cowaniu w dzia\u0142alno\u015b\u0107 CISV Oliwia dwukrotnie bra\u0142a udzia\u0142 w mi\u0119dzynarodowych projektach edukacyjnych. W czerwcu 2013 r. przez cztery tygodnie przebywa\u0142a na programie Village w Helsinkach, a w tym roku w kwietniu przez dwa tygodnie uczestniczy\u0142a w projekcie Youth Meeting w Kopenhadze. \r\n                                <div class=\"mt-3\"><\/div>\r\n                            <\/div>\r\n                            \r\n                            \r\n                        <\/div>\r\n                    <\/div>\r\n                <\/div>\r\n                <div class=\"text-modules \">\r\n                    <div class=\"container\">\r\n                        <h3 class=\"section-title section-title_border-bottom\">Skraba Magdalena<\/h3> \r\n                        <div class=\"row m-0\">\r\n                            <div class=\"text-modules__content\">\r\n                                Mam 14 lat. Ucz\u0119szczam do klasy politechnicznej z rozszerzon\u0105 matematyk\u0105, informatyk\u0105 oraz elementami ekonomii i architektury. W wolnym czasie po\u015bwi\u0119cam si\u0119 czytaniu ksi\u0105\u017cek, s\u0142uchaniu muzyki i malowaniu. J\u0119zyki obce s\u0105 moj\u0105 pasj\u0105. Ucz\u0119 si\u0119 j\u0119zyka angielskiego, niemieckiego, japo\u0144skiego i stawiam pierwsze kroki w nauce fi\u0144skiego. Najwi\u0119ksz\u0105 mi\u0142o\u015bci\u0105 jest m\u00f3j kot. W najbli\u017cszym czasie zamierzam zosta\u0107 wolontariuszem w schronisku dla zwierz\u0105t w Tarnowskich G\u00f3rach. W szkole podstawowej trenowa\u0142am siatk\u00f3wk\u0119 i koszyk\u00f3wk\u0119. Przedmioty przyrodnicze i od niedawna dziennikarstwo to moje g\u0142\u00f3wne zainteresowania. Przysz\u0142o\u015b\u0107 wi\u0105\u017c\u0119 z medycyn\u0105, natomiast w dziennikarstwie spe\u0142niam si\u0119 aktywnie uczestnicz\u0105c od bie\u017c\u0105cego roku szkolnego w redakcji gazetki szkolnej \u201eWiadomo\u015bci Szafranka\u201d.<\/p>\n<h2>Wybrane osi\u0105gni\u0119cia:<\/h2>\n<p>&nbsp;<\/p>\n<h3>Historyczne:<\/h3>\n<ul>\n<li>Tytu\u0142 finalisty w XV edycji powiatowego konkursu o historii miasta Bytomia<\/li>\n<\/ul>\n<h3>Sportowe:<\/h3>\n<ul>\n<li>1 miejsce w Mistrzostwach Bytomia Szk\u00f3\u0142 Podstawowych w Koszyk\u00f3wce Dziewcz\u0105t (dru\u017cynowo)<\/li>\n<li>1 miejsce w otwartych Mi\u0119dzyszkolnych Mistrzostwach w Bytomiu o Puchar Dyrektora Szko\u0142y w szachach szybkich<\/li>\n<li>2 miejsce w Mistrzostwach Bytomia Szk\u00f3\u0142 Gimnazjalnych w Szachach Dziewcz\u0105t (dru\u017cynowo)<\/li>\n<\/ul>\n<h3>Plastyczne:<\/h3>\n<ul>\n<li>Kwalifikacja do wystawy w IX Og\u00f3lnopolskim Konkursie Plastycznym \u201eZ Chlubnych Kart i Miejsc Narodowej Historii\u201d<\/li>\n<li>2 miejsce w 13 Mi\u0119dzynarodowym Festiwalu Rysowania Zabrze-Katowice 2010<\/li>\n<li>3 miejsce w konkursie plastycznym \u201ePraca Roku\u201d<\/li>\n<li>3 miejsce w powiatowym etapie XIII Og\u00f3lnopolskiego Konkursu Plastycznego \u201ePow\u00f3d\u017a, po\u017car dniem czy noc\u0105 \u2013 stra\u017c przychodzi ci z pomoc\u0105\u201d<\/li>\n<li>2 miejsce w konkursie \u201eMoja ulubiona pora roku\u201d<\/li>\n<li>Wyr\u00f3\u017cnienie w powiatowych eliminacjach Og\u00f3lnopolskiego Konkursu Plastycznego dla Dzieci i M\u0142odzie\u017cy pod has\u0142em: \u201eTwoja wiedza i czujka czadu w domu, tlenek w\u0119gla nic z\u0142ego nie zrobi nikomu\u201d<\/li>\n<li>1 miejsce w konkursie tw\u00f3rczo\u015bci plastycznej dzieci i m\u0142odzie\u017cy w MDK nr 2 \u201ePraca Roku\u201d<\/li>\n<li>1 miejsce w konkursie plastycznym pt. \u201ePraca Miesi\u0105ca\u201d<\/li>\n<li>3 miejsce w konkursie plastycznym pt. \u201ePraca Roku\u201d<\/li>\n<\/ul>\n<div class=\"mt-3\"><\/div>\r\n                            <\/div>\r\n                            \r\n                            \r\n                        <\/div>\r\n                    <\/div>\r\n                <\/div>[\/vc_column][\/vc_row]<\/p>","protected":false},"excerpt":{"rendered":"<p>[vc_row el_class=&#8221;container&#8221;][vc_column el_class=&#8221;container&#8221;][\/vc_column][\/vc_row] [&#8230;]<\/p>\n<p><a class=\"btn btn-secondary understrap-read-more-link\" href=\"https:\/\/us.edu.pl\/student\/dzialalnosc-studencka\/wyroznienia-jm-rektora-us\/laureaci-poprzednich-edycji\/laureaci_2015\/uniwersytet-slaski-mlodziezy\/\">Read More&#8230;<\/a><\/p>\n","protected":false},"author":1,"featured_media":0,"parent":5901,"menu_order":0,"comment_status":"closed","ping_status":"closed","template":"","meta":{"_expiration-date-status":"","_expiration-date":0,"_expiration-date-type":"","_expiration-date-categories":[],"_expiration-date-options":[]},"acf":[],"_links":{"self":[{"href":"https:\/\/us.edu.pl\/student\/wp-json\/wp\/v2\/pages\/6343"}],"collection":[{"href":"https:\/\/us.edu.pl\/student\/wp-json\/wp\/v2\/pages"}],"about":[{"href":"https:\/\/us.edu.pl\/student\/wp-json\/wp\/v2\/types\/page"}],"author":[{"embeddable":true,"href":"https:\/\/us.edu.pl\/student\/wp-json\/wp\/v2\/users\/1"}],"replies":[{"embeddable":true,"href":"https:\/\/us.edu.pl\/student\/wp-json\/wp\/v2\/comments?post=6343"}],"version-history":[{"count":0,"href":"https:\/\/us.edu.pl\/student\/wp-json\/wp\/v2\/pages\/6343\/revisions"}],"up":[{"embeddable":true,"href":"https:\/\/us.edu.pl\/student\/wp-json\/wp\/v2\/pages\/5901"}],"wp:attachment":[{"href":"https:\/\/us.edu.pl\/student\/wp-json\/wp\/v2\/media?parent=6343"}],"curies":[{"name":"wp","href":"https:\/\/api.w.org\/{rel}","templated":true}]}}