{"id":6362,"date":"2019-10-10T10:31:52","date_gmt":"2019-10-10T08:31:52","guid":{"rendered":"https:\/\/us.edu.pl\/student\/?page_id=6362"},"modified":"2019-10-10T10:49:38","modified_gmt":"2019-10-10T08:49:38","slug":"doktorant","status":"publish","type":"page","link":"https:\/\/us.edu.pl\/student\/dzialalnosc-studencka\/wyroznienia-jm-rektora-us\/laureaci-poprzednich-edycji\/laureaci_2015\/doktorant\/","title":{"rendered":"Doktorant"},"content":{"rendered":"<p>[vc_row el_class=&#8221;container&#8221;][vc_column el_class=&#8221;container&#8221;]\r\n                <div class=\"text-modules\">\r\n                    <div class=\"container\">\r\n                        <h3 class=\"page-title text__title\">Doktorant<\/h3>\r\n                        <div class=\"text-modules__content\"><\/div>\r\n                    <\/div>\r\n                <\/div>\r\n                <div class=\"text-modules \">\r\n                    <div class=\"container\">\r\n                        <h3 class=\"section-title section-title_border-bottom\">Brachaniec Tomasz<\/h3> \r\n                        <div class=\"row m-0\">\r\n                            <div class=\"text-modules__content\">\r\n                                <\/p>\n<ul>\n<li><strong>Doktorant<\/strong>, III rok geologii na Wydziale Nauk o Ziemi.<\/li>\n<li>Jednym z ostatnich efekt\u00f3w prac badawczych m\u0142odego naukowca jest odkrycie mo\u0142dawit\u00f3w w warstwie dolno\u015bl\u0105skich piask\u00f3w.<\/li>\n<li>Wsp\u00f3\u0142autor 4 artyku\u0142\u00f3w naukowych opublikowanych w presti\u017cowych mi\u0119dzynarodowych czasopismach oraz ponad 30 innych tekst\u00f3w i opracowa\u0144 naukowych.<\/li>\n<li>Kierownik grantu z Narodowego Centrum Nauki \u201ePolskie mo\u0142dawity &#8211; zmiana dotychczasowego pola rozrzutu tektyt\u00f3w Centralnej Europy\u201d.<\/li>\n<li>Czynny uczestnik 6 mi\u0119dzynarodowych konferencji naukowych oraz 3 konferencji og\u00f3lnopolskich.<\/li>\n<li>Od 2008 do 2010 roku prezes Studenckiego Ko\u0142a Naukowego Paleontolog\u00f3w WNoZ \u201eParadoxides\u201d.<\/li>\n<li>W\u015br\u00f3d swoich zainteresowa\u0144 wymienia meteoryty, geologi\u0119 impakt\u00f3w, tektyty, motoryzacj\u0119, film, sport i podr\u00f3\u017ce po Skandynawii.<\/li>\n<\/ul>\n<div class=\"mt-3\"><\/div>\r\n                            <\/div>\r\n                            \r\n                            \r\n                        <\/div>\r\n                    <\/div>\r\n                <\/div>\r\n                <div class=\"text-modules \">\r\n                    <div class=\"container\">\r\n                        <h3 class=\"section-title section-title_border-bottom\">Fo\u0142ta Martyna<\/h3> \r\n                        <div class=\"row m-0\">\r\n                            <div class=\"text-modules__content\">\r\n                                <\/p>\n<ul>\n<li><strong>Doktorantka<\/strong>\u00a0kulturoznawstwa na Wydziale Filologicznym.<\/li>\n<li>Od 2013 dzia\u0142a w Stowarzyszeniu Na Rzecz Rozwoju Metropolii G\u00f3rno\u015bl\u0105skiej \u201eMoje Miasto&#8221;, kt\u00f3rego jest Prezesk\u0105. Stowarzyszenie od lat m.in. organizuje we wsp\u00f3\u0142pracy z mediami regionalnymi plebiscyty \u201eBetonowa Kostka\u201d i \u201eSuperjednostka\u201d, w kt\u00f3rych nagradzane s\u0105najgorsze i najlepsze realizacje w przestrzeni miast.<\/li>\n<li>Cz\u0142onkini Wydzia\u0142owej Rady Samorz\u0105du Doktorant\u00f3w Wydzia\u0142u Filologicznego od 2012.<\/li>\n<li>Wsp\u00f3\u0142redaktorka &#8222;Niezb\u0119dnika doktoranta Wydzia\u0142u Filologicznego Uniwersytetu \u015al\u0105skiego&#8221;, (2013 i 2014).<\/li>\n<li>W latach 2010-11 aktywnie w\u0142\u0105czy\u0142a si\u0119 w starania Katowic o otrzymanie tytu\u0142u Europejskiej Stolicy Kultury w 2016 roku.<\/li>\n<li>Wsp\u00f3\u0142redaktorka ksi\u0105\u017cki \u201eTransgresywne monstrum\u201d, autorka artyku\u0142\u00f3w i rozdzia\u0142\u00f3w w monografiach naukowych oraz publikacji popularnonaukowych. Wyst\u0105pi\u0142a na 6 konferencjach naukowych.<\/li>\n<li>W kr\u0119gu jej zainteresowa\u0144 s\u0105 takie zagadnienia jak: muzeum, kuratorstwo, sztuka wsp\u00f3\u0142czesna, filozofia, estetyka, miasto, przestrze\u0144 publiczna, spo\u0142ecze\u0144stwo, polityka kulturalna, zarz\u0105dzanie kultur\u0105. Jej pasj\u0105 s\u0105 podr\u00f3\u017ce oraz Katowice &#8211; miasto na rzecz rozwoju kt\u00f3rego od lat aktywnie si\u0119 anga\u017cuje.<\/li>\n<\/ul>\n<div class=\"mt-3\"><\/div>\r\n                            <\/div>\r\n                            \r\n                            \r\n                        <\/div>\r\n                    <\/div>\r\n                <\/div>\r\n                <div class=\"text-modules \">\r\n                    <div class=\"container\">\r\n                        <h3 class=\"section-title section-title_border-bottom\">\u0141aciak Marcin<\/h3> \r\n                        <div class=\"row m-0\">\r\n                            <div class=\"text-modules__content\">\r\n                                <\/p>\n<ul>\n<li><strong>Doktorant\u00a0<\/strong>w Instytucie Fizyki na Wydziale Matematyki Fizyki i Chemii.<\/li>\n<li>Popularyzator nauki m.in. dzi\u0119ki realizacji i udziale w takich projektach i inicjatywach jak Og\u00f3lnopolski Klub Demonstrator\u00f3w Fizyki (2013, 2014), Festiwal Science on Stage S\u0142ubice 2013, Piknik Naukowy Polskiego Radia i Centrum Nauki Kopernik (od 2012), wyk\u0142ad na Wiede\u0144skim Uniwersytecie Dzieci (2014), wyk\u0142ad dla Ma\u0142opolskiego Uniwersytetu Dzieci (2015), \u015al\u0105ski Integracyjny Piknik Naukowy (2012), \u015awi\u0119to Liczby PI (od 2013).<\/li>\n<li>Organizacja wystawy &#8222;Od monokryszta\u0142u Jana Czochralskiego do grafenu&#8221; (2014).<\/li>\n<li>Wsp\u00f3\u0142organizator konkursu &#8222;Fizyka si\u0119 liczy\u201d w latach 2012-2013.<\/li>\n<li>Wspiera\u0142 organizacj\u0119 zaj\u0119\u0107 w Uniwersytecie \u015al\u0105skim Dzieci (2011-2012).<\/li>\n<li>Dzia\u0142acz Samorz\u0105du Studenckiego, m.in. Sekretarz Wydzia\u0142owej Rady Samorz\u0105du Doktorant\u00f3w w latach 2010-2013.<\/li>\n<li>Jego dodatkowe umiej\u0119tno\u015bci to gra na gitarze, taniec towarzyski. W wolnych chwilach, je\u017celi pozwala pogoda, lubi je\u017adzi\u0107 na rolkach oraz chodzi\u0107 po polskich g\u00f3rach.<\/li>\n<\/ul>\n<div class=\"mt-3\"><\/div>\r\n                            <\/div>\r\n                            \r\n                            \r\n                        <\/div>\r\n                    <\/div>\r\n                <\/div>\r\n                <div class=\"text-modules \">\r\n                    <div class=\"container\">\r\n                        <h3 class=\"section-title section-title_border-bottom\">Maczuch Wojciech<\/h3> \r\n                        <div class=\"row m-0\">\r\n                            <div class=\"text-modules__content\">\r\n                                <\/p>\n<ul>\n<li><strong>Doktorant\u00a0<\/strong>w Katedrze Teorii i Filozofii Prawa na Wydziale Prawa i Administracji.<\/li>\n<li>Pomys\u0142odawca \u015al\u0105skiej Konferencji Medyczno &#8211; Prawnej, wsp\u00f3\u0142organizator, wykonawca, prelegent (2014); wsp\u00f3\u0142organizator, koordynator, wykonawca (2015).<\/li>\n<li>Zaanga\u017cowany w realizacj\u0119 II, II, IV, V, VII edycji \u015al\u0105skiej Konferencji Radiologicznej Polskiego Lekarskiego Towarzystwa Radiologicznego. Pomys\u0142odawca i organizator panelu prawnego &#8211; II, III, IV edycja; organizator panelu prawnego, prelegent &#8211; V, VII edycja.<\/li>\n<li>Pomys\u0142odawca i wsp\u00f3\u0142organizator akcji bezp\u0142atnych porad prawnych i obywatelskich (2012-2014).<\/li>\n<li>Wsp\u00f3\u0142organizator, wykonawca imprezy sportowej dla m\u0142odzie\u017cy szkolnej (2012) w Szkole Podstawowej nr 1 w \u015awi\u0119toch\u0142owicach.<\/li>\n<li>Wsp\u00f3\u0142organizator, wykonawca akcji \u201eMiko\u0142ajki w Lipinach\u201d (2013).<\/li>\n<li>W swoim dorobku naukowym wymieni\u0107 mo\u017ce publikacje naukowe, udzia\u0142 w projektach badawczych oraz udzia\u0142 w konferencjach naukowych.<\/li>\n<li>Cz\u0142onek Samorz\u0105du Doktorant\u00f3w Wydzia\u0142u Prawa i Administracji Uniwersytetu \u015al\u0105skiego (od 2013).<\/li>\n<li>Cz\u0142onek Komisji Rewizyjnej Stowarzyszenia Ruch \u015al\u0105zak\u00f3w &#8211; \u015awi\u0119toch\u0142owice (od 2007).<\/li>\n<li>Prezes Stowarzyszenia M\u0142odzie\u017cowy Ruch \u015al\u0105zak\u00f3w &#8211; \u015awi\u0119toch\u0142owice (od 2007).<\/li>\n<li>Umiej\u0119tno\u015b\u0107 gry na gitarze oraz jazdy motocyklem. Jego pasj\u0105 jest muzyka w szczeg\u00f3lno\u015bci tw\u00f3rczo\u015b\u0107 Pata Methenego, Chrisa Bottiego oraz Stanis\u0142awa Soyki. Uwielbia sport \u2013 squash i tenis.<\/li>\n<\/ul>\n<div class=\"mt-3\"><\/div>\r\n                            <\/div>\r\n                            \r\n                            \r\n                        <\/div>\r\n                    <\/div>\r\n                <\/div>\r\n                <div class=\"text-modules \">\r\n                    <div class=\"container\">\r\n                        <h3 class=\"section-title section-title_border-bottom\">Mo\u0107ko Natalia<\/h3> \r\n                        <div class=\"row m-0\">\r\n                            <div class=\"text-modules__content\">\r\n                                <\/p>\n<ul>\n<li><strong>Doktorantka<\/strong>\u00a0filologii polskiej na IV roku na Wydziale Filologicznym.<\/li>\n<li>Autorka 15 artyku\u0142\u00f3w lub rozdzia\u0142\u00f3w w monografiach, wsp\u00f3\u0142redaktorka ksi\u0105\u017cki \u201eProfilaktyka logopedyczna w praktyce edukacyjnej. Tom 2\u201d oraz redaktorka ksi\u0105\u017cki \u201eCzasami po prostu si\u0119 j\u0105kam. Ksi\u0105\u017cka dladzieci w wieku od 7 do 12 lat\u201d.<\/li>\n<li>16 wyst\u0105pie\u0144 na konferencjach mi\u0119dzynarodowych i og\u00f3lnopolskich, organizacja 3 konferencji.<\/li>\n<li>Przygotowa\u0142a i przeprowadzi\u0142a dyktando dla szk\u00f3\u0142 polskich w p\u00f3\u0142nocnej Anglii (2015).<\/li>\n<li>Jej pasj\u0105 s\u0105 dzieci i praca z nimi. Lubi aktywnie sp\u0119dza\u0107 czas, najlepiej bior\u0105c udzia\u0142 w szkoleniach i warsztatach logopedycznych, prowadz\u0105c zaj\u0119cia dla student\u00f3w, uczestnicz\u0105c w konferencjach, a tak\u017ce pracuj\u0105c w przedszkolach i szko\u0142ach. Kiedy potrzebuje spokoju &#8211; wybiera g\u00f3rskie w\u0119dr\u00f3wki.<\/li>\n<\/ul>\n<div class=\"mt-3\"><\/div>\r\n                            <\/div>\r\n                            \r\n                            \r\n                        <\/div>\r\n                    <\/div>\r\n                <\/div>\r\n                <div class=\"text-modules \">\r\n                    <div class=\"container\">\r\n                        <h3 class=\"section-title section-title_border-bottom\">Moro\u0144 Marcin<\/h3> \r\n                        <div class=\"row m-0\">\r\n                            <div class=\"text-modules__content\">\r\n                                <\/p>\n<ul>\n<li><strong>Doktorant\u00a0<\/strong>psychologii na Wydziale Pedagogiki i Psychologii.<\/li>\n<li>Autor lub wsp\u00f3\u0142autor 7 artyku\u0142\u00f3w naukowych opublikowanych w punktowanych czasopismach naukowych, w tym dw\u00f3ch w j\u0119zyku angielskim. W swoim dorobku ma r\u00f3wnie\u017c 4 rozdzia\u0142y w monografiach.<\/li>\n<li>Kierowa\u0142 3 projektami naukowymi, a w dw\u00f3ch innych bra\u0142 udzia\u0142 jako wykonawca.<\/li>\n<li>Wyst\u0105pi\u0142 na blisko 30 konferencjach naukowych.<\/li>\n<li>Prowadzi tak\u017ce dzia\u0142alno\u015b\u0107 popularyzuj\u0105c\u0105 nauk\u0119.<\/li>\n<li>W latach 2009 \u2013 2011 pracowa\u0142 z dzie\u0107mi w ramach wolontariatu w \u015awietlicy Profilaktyczno \u2013 Wychowawczej w \u0141aziskach G\u00f3rnych. Pracowa\u0142 tak\u017ce z osobami niepe\u0142nosprawnymi i cierpi\u0105cymi na zaburzenia psychiczne.<\/li>\n<li>Od lat dzia\u0142a spo\u0142ecznie na rzecz rzymskokatolickiej Parafii MB Kr\u00f3lowej R\u00f3\u017ca\u0144ca \u015awi\u0119tego w \u0141aziskach G\u00f3rnych. Pe\u0142ni\u0142 rol\u0119 wychowawcy w czasie wyjazd\u00f3w rekolekcyjnych (2006 \u2013 2014), w redakcji miesi\u0119cznika parafialnego \u201eMagnificat\u201d pe\u0142ni\u0142 funkcj\u0119 redaktora (2003 \u2013 2008) i redaktora naczelnego (2008 \u2013 2014).<\/li>\n<li>Pracowa\u0142 w organach Samorz\u0105du Studenckiego, by\u0142 delegatem student\u00f3w do Rady Instytutu Psychologii oraz Rady Wydzia\u0142u Pedagogiki i Psychologii (2008-2011).<\/li>\n<li>Od 2014 roku wsp\u00f3\u0142pracuje z Ko\u0142em Naukowym Psychologii Spo\u0142ecznej &#8222;Influence&#8221; \u2013 aktywnie wspiera dzia\u0142ania student\u00f3w.<\/li>\n<li>Jego podstawowym zainteresowaniem jest aktualnie psychologia. Stara si\u0119 te dyscyplin\u0119 pozna\u0107, rozumie\u0107 i stosowa\u0107. Lubi dobry film. Odpoczywa na sportowo &#8211; gra w badmintona, siatk\u00f3wk\u0119 i biega.<\/li>\n<\/ul>\n<div class=\"mt-3\"><\/div>\r\n                            <\/div>\r\n                            \r\n                            \r\n                        <\/div>\r\n                    <\/div>\r\n                <\/div>\r\n                <div class=\"text-modules \">\r\n                    <div class=\"container\">\r\n                        <h3 class=\"section-title section-title_border-bottom\">Niemiec Przemys\u0142aw<\/h3> \r\n                        <div class=\"row m-0\">\r\n                            <div class=\"text-modules__content\">\r\n                                <\/p>\n<ul>\n<li><strong>Doktorant<\/strong>\u00a0in\u017cynierii materia\u0142owej na Wydziale Informatyki i Nauki o Materia\u0142ach.<\/li>\n<li>Wsp\u00f3\u0142autor 19 artyku\u0142\u00f3w w czasopismach naukowych o zasi\u0119gu mi\u0119dzynarodowym lub krajowym oraz 4 tekst\u00f3w pokonferencyjnych.<\/li>\n<li>Wyst\u0105pi\u0142 na 11 konferencjach zagranicznych oraz 10 konferencjach mi\u0119dzynarodowych zorganizowanych w Polsce.<\/li>\n<li>Wykonawca w projekcie naukowym \u201eOpracowanie technologii otrzymywania ceramicznych materia\u0142\u00f3wrelaksorowych i antyferroelektrycznych z w\u0105sk\u0105 p\u0119tl\u0105 histerezy o strukturze typuperowskitu dla zastosowa\u0144 w kondensatorach impulsowych\u201d.<\/li>\n<li>Jego zainteresowania i pasje to muzyka, gra na gitarze, teatr, fotografia cyfrowa, literatura historyczna (okres II Wojny \u015awiatowej) oraz programy popularnonaukowe<\/li>\n<\/ul>\n<div class=\"mt-3\"><\/div>\r\n                            <\/div>\r\n                            \r\n                            \r\n                        <\/div>\r\n                    <\/div>\r\n                <\/div>\r\n                <div class=\"text-modules \">\r\n                    <div class=\"container\">\r\n                        <h3 class=\"section-title section-title_border-bottom\">Piotrowska-Grot Magdalena<\/h3> \r\n                        <div class=\"row m-0\">\r\n                            <div class=\"text-modules__content\">\r\n                                <\/p>\n<ul>\n<li><strong>Doktorantka<\/strong>\u00a0literaturoznawstwa na Wydziale Filologicznym.<\/li>\n<li>Autorka 6 artyku\u0142\u00f3w naukowych oraz 10 rozdzia\u0142\u00f3w w monografiach.<\/li>\n<li>Redaktorka ksi\u0105\u017cki \u201ePrzygody nierozumu: szale\u0144stwo \u2013 my\u015bl \u2013 kultura\u201d.<\/li>\n<li>Autorka 20 artyku\u0142\u00f3w popularnonaukowych oraz organizatorka wielu spotka\u0144 popularyzuj\u0105cych nauk\u0119.<\/li>\n<li>Wyst\u0105pi\u0142a na 30 konferencjach og\u00f3lnopolskich; zorganizowa\u0142a 5 konferencji.<\/li>\n<li>Sekretarz VII Logopedycznych Dni Uniwersytetu \u015al\u0105skiego (2015).<\/li>\n<li>Wsp\u00f3\u0142organizacja i prowadzenie spotka\u0144 otwartych w ramach cyklu &#8222;Czytanie \u015al\u0105ska&#8221; dla uczni\u00f3w i student\u00f3w (2009\/2010 oraz 2010\/2011).<\/li>\n<li>Uczestniczy\u0142a w realizacji projekt\u00f3w \u201eSeminaria otwarte z cyklu Widma\u201d oraz \u201eSeminaria otwarte i warsztaty w ramach projektu naukowego Kontrinterpretacje\u201d.<\/li>\n<li>Cz\u0142onkini Ko\u0142a Naukowego Polonist\u00f3w od pa\u017adziernika 2008 r. do czerwca2012 r.; od listopada 2010 r. do grudnia 2011 r. przewodnicz\u0105ca.<\/li>\n<li>Cz\u0142onkini Ko\u0142a Naukowego &#8222;WolnoMISHlicieli&#8221; od pa\u017adziernika 2010 r. do czerwca 2012 r., od pa\u017adziernika 2011 r. skarbnik ko\u0142a.<\/li>\n<li>Cz\u0142onkini Ko\u0142a Naukowego Doktorant\u00f3w Wydzia\u0142u Filologicznego Uniwersytetu \u015al\u0105skiego od pa\u017adziernika 2011 r. &#8211; nadal; od lutego 2012 r. do listopada 2014r. przewodnicz\u0105ca KND.<\/li>\n<li>Dzia\u0142a spo\u0142ecznie na rzecz doktorant\u00f3w, m.in. jest wsp\u00f3\u0142autork\u0105 i redaktork\u0105 Niezb\u0119dnika Doktoranta Wydzia\u0142u Filologicznego.<\/li>\n<li>Jej prawdziw\u0105 pasj\u0105 od zawsze by\u0142a literatura. Wolne chwile po\u015bwi\u0119ca na wizyty w teatrze, w kinie oraz na koncertach muzycznych. Interesuje si\u0119 tak\u017ce architektur\u0105, co \u0142\u0105cz\u0119 z pasj\u0105 podr\u00f3\u017cowania i odkrywania nowych, ciekawych miejsc.<\/li>\n<\/ul>\n<div class=\"mt-3\"><\/div>\r\n                            <\/div>\r\n                            \r\n                            \r\n                        <\/div>\r\n                    <\/div>\r\n                <\/div>\r\n                <div class=\"text-modules \">\r\n                    <div class=\"container\">\r\n                        <h3 class=\"section-title section-title_border-bottom\">So\u0142tys Marta<\/h3> \r\n                        <div class=\"row m-0\">\r\n                            <div class=\"text-modules__content\">\r\n                                <\/p>\n<div class=\"content\">\n<ul>\n<li><strong>Doktorantka<\/strong>\u00a0chemii na Wydziale Matematyki Fizyki i Chemii<\/li>\n<li>Wsp\u00f3\u0142autorka 10 artyku\u0142\u00f3w naukowych publikowanych w presti\u017cowych czasopismach naukowych.<\/li>\n<li>W latach 2012-2014 by\u0142a wykonawc\u0105\u00a0w projekcie badawczym finansowanym przez MNiSW oraz NCN pn. \u201eFosforanowe szk\u0142a i materia\u0142y szklano-ceramiczne domieszkowane jonami ziem rzadkich dla widzialnej i podczerwonej optoelektroniki\u201d.<\/li>\n<li>Od 2012 jest\u00a0wykonawc\u0105 w projekcie badawczym finansowanym przez MNiSW oraz NCN pn. \u201eBezo\u0142owiowe tlenkowo-fluorkowe szk\u0142a i w\u0142\u00f3kna szklane orazmateria\u0142y szklano-ceramiczne aktywowane jonami lantanowc\u00f3w dla fotoniki.<\/li>\n<li>Wyst\u0105pi\u0142a na 4 konferencjach mi\u0119dzynarodowych oraz 5 og\u00f3lnopolskich.<\/li>\n<li>Wsp\u00f3\u0142organizowa\u0142a 3 konferencje naukowe.<\/li>\n<li>Bierze czynny udzia\u0142 w dzia\u0142alno\u015bci Wydzia\u0142owej Rady Samorz\u0105du Doktoranckiego Wydzia\u0142u Matematyki, Fizyki i Chemii. Od czerwca 2013 pe\u0142ni funkcj\u0119 przewodnicz\u0105cej Wydzia\u0142owej Rady Samorz\u0105du Doktoranckiego. Ponadto pe\u0142ni funkcj\u0119 delegata doktorant\u00f3w do Rady Instytutu Chemii oraz Rady Wydzia\u0142u Matematyki, Fizyki i Chemii.<\/li>\n<li>Najwi\u0119cej satysfakcji czerpie z pomocy innym ludziom, czy to jako wychowawca na koloniach letnich dla dzieci i m\u0142odzie\u017cy, czy te\u017c wolontariusz w akcjach na rzecz biednych i ubogich. Jej pasj\u0105 jest gotowanie i pieczenie r\u00f3\u017cnych przysmak\u00f3w oraz literatura detektywistyczna i kryminalna. W wolnym czasie lubi spacerowa\u0107 lub w\u0119drowa\u0107 po g\u00f3rach.<\/li>\n<\/ul>\n<\/div>\n<div class=\"mt-3\"><\/div>\r\n                            <\/div>\r\n                            \r\n                            \r\n                        <\/div>\r\n                    <\/div>\r\n                <\/div>[\/vc_column][\/vc_row]<\/p>","protected":false},"excerpt":{"rendered":"<p>[vc_row el_class=&#8221;container&#8221;][vc_column el_class=&#8221;container&#8221;][\/vc_column][\/vc_row] [&#8230;]<\/p>\n<p><a class=\"btn btn-secondary understrap-read-more-link\" href=\"https:\/\/us.edu.pl\/student\/dzialalnosc-studencka\/wyroznienia-jm-rektora-us\/laureaci-poprzednich-edycji\/laureaci_2015\/doktorant\/\">Read More&#8230;<\/a><\/p>\n","protected":false},"author":1,"featured_media":0,"parent":5901,"menu_order":0,"comment_status":"closed","ping_status":"closed","template":"","meta":{"_expiration-date-status":"","_expiration-date":0,"_expiration-date-type":"","_expiration-date-categories":[],"_expiration-date-options":[]},"acf":[],"_links":{"self":[{"href":"https:\/\/us.edu.pl\/student\/wp-json\/wp\/v2\/pages\/6362"}],"collection":[{"href":"https:\/\/us.edu.pl\/student\/wp-json\/wp\/v2\/pages"}],"about":[{"href":"https:\/\/us.edu.pl\/student\/wp-json\/wp\/v2\/types\/page"}],"author":[{"embeddable":true,"href":"https:\/\/us.edu.pl\/student\/wp-json\/wp\/v2\/users\/1"}],"replies":[{"embeddable":true,"href":"https:\/\/us.edu.pl\/student\/wp-json\/wp\/v2\/comments?post=6362"}],"version-history":[{"count":0,"href":"https:\/\/us.edu.pl\/student\/wp-json\/wp\/v2\/pages\/6362\/revisions"}],"up":[{"embeddable":true,"href":"https:\/\/us.edu.pl\/student\/wp-json\/wp\/v2\/pages\/5901"}],"wp:attachment":[{"href":"https:\/\/us.edu.pl\/student\/wp-json\/wp\/v2\/media?parent=6362"}],"curies":[{"name":"wp","href":"https:\/\/api.w.org\/{rel}","templated":true}]}}