{"id":6400,"date":"2019-10-10T11:54:59","date_gmt":"2019-10-10T09:54:59","guid":{"rendered":"https:\/\/us.edu.pl\/student\/?page_id=6400"},"modified":"2019-10-10T12:01:31","modified_gmt":"2019-10-10T10:01:31","slug":"uniwersytet-slaski-mlodziezy","status":"publish","type":"page","link":"https:\/\/us.edu.pl\/student\/dzialalnosc-studencka\/wyroznienia-jm-rektora-us\/laureaci-poprzednich-edycji\/laureaci-2014\/uniwersytet-slaski-mlodziezy\/","title":{"rendered":"Uniwersytet \u015al\u0105ski M\u0142odzie\u017cy"},"content":{"rendered":"<p>[vc_row el_class=&#8221;container&#8221;][vc_column el_class=&#8221;container&#8221;]\r\n                <div class=\"text-modules\">\r\n                    <div class=\"container\">\r\n                        <h3 class=\"page-title text__title\">Uniwersytet \u015al\u0105ski M\u0142odzie\u017cy<\/h3>\r\n                        <div class=\"text-modules__content\"><\/div>\r\n                    <\/div>\r\n                <\/div>\r\n                <div class=\"text-modules \">\r\n                    <div class=\"container\">\r\n                        <h3 class=\"section-title section-title_border-bottom\">Paulina Biernacka<\/h3> \r\n                        <div class=\"row m-0\">\r\n                            <div class=\"text-modules__content\">\r\n                                <\/p>\n<ul>\n<li>Uczestniczy w zaj\u0119ciach Uniwersytetu \u015al\u0105skiego M\u0142odzie\u017cy na Wydziale Teorii i Do\u015bwiadcze\u0144.<\/li>\n<li>W nauce osi\u0105ga bardzo dobre wyniki otrzymuj\u0105c \u015bwiadectwa z wyr\u00f3\u017cnieniem.<\/li>\n<li>Bra\u0142a udzia\u0142 w szkolnych etapach konkurs\u00f3w przedmiotowych z biologii, matematyki i j\u0119zyka angielskiego.<\/li>\n<li>Zaj\u0119\u0142a II miejsce w mi\u0119dzygimnazjalnym konkursie \u201eObud\u017a w sobie przyrodniczego geniusza\u201d.<\/li>\n<li>W latach 2010-2011, dwukrotnie zwyci\u0119\u017ca\u0142a w szkolnym konkursie ortograficznym\u00a0 otrzymuj\u0105c tytu\u0142\u00a0 mistrza ortografii.<\/li>\n<li>W 2011 roku zaj\u0119\u0142a r\u00f3wnie\u017c II miejsce w mi\u0119dzyszkolnym konkursie z zakresu gramatyki j\u0119zyka polskiego \u201eGrammaticus\u201d.<\/li>\n<li>W 2012 roku zaj\u0119\u0142a III miejsce, a w 2013 i 2014 roku zwyci\u0119\u017ca\u0142a<br \/>\nw szkolnym konkursie \u201eBibliolada\u201d. Uczestniczy\u0142a r\u00f3wnie\u017c w mi\u0119dzyszkolnym konkursie czytelniczo-literackim \u201eZ Literatur\u0105 za Pan Brat\u201d.<\/li>\n<li>Jest osob\u0105 niezwykle pogodn\u0105 i kole\u017ce\u0144ska, ch\u0119tnie anga\u017cuje si\u0119 w sprawy klasy i szko\u0142y. Nie pozostaje oboj\u0119tna na krzywd\u0119 i cierpienie innych, bierze udzia\u0142 w przedsi\u0119wzi\u0119ciach charytatywnych.<\/li>\n<li>W szkole podstawowej trenowa\u0142a siatk\u00f3wk\u0119. Preferuje aktywne sp\u0119dzanie wolnego czasu, w lecie je\u017adzi na rowerze i rolkach, zim\u0105 uprawia narciarstwo zjazdowe.<\/li>\n<li>Lubi podr\u00f3\u017ce, w\u0119dr\u00f3wki po g\u00f3rach, fotografowanie przyrody oraz muzyk\u0119. Gra na pianinie i flecie.<\/li>\n<\/ul>\n<div class=\"mt-3\"><\/div>\r\n                            <\/div>\r\n                            \r\n                            <div class=\"text-modules__img\"><img src=\"https:\/\/us.edu.pl\/student\/wp-content\/uploads\/sites\/3\/Nieprzypisane\/biernacka-237x300.jpg\" alt=\"img\"><\/div>\r\n                        <\/div>\r\n                    <\/div>\r\n                <\/div>\r\n                <div class=\"text-modules reverse\">\r\n                    <div class=\"container\">\r\n                        <h3 class=\"section-title section-title_border-bottom\">Joanna Brzoza<\/h3> \r\n                        <div class=\"row m-0\">\r\n                            <div class=\"text-modules__content\">\r\n                                <\/p>\n<ul>\n<li>Uczestniczy w zaj\u0119ciach Uniwersytetu \u015al\u0105skiego M\u0142odzie\u017cy na Wydziale Teorii i Do\u015bwiadcze\u0144 od pa\u017adziernika 2013 roku.<\/li>\n<li>Jest uczennic\u0105 Gimnazjum nr 3 w Tychach i w roku szkolnym 2012\/2013 zdoby\u0142a szkolne Z\u0142ote Wyr\u00f3\u017cnienie, dzi\u0119ki osobistym uzdolnieniom, ambicji i pracowito\u015bci.<\/li>\n<li>W maju 2013 r. zaj\u0119\u0142a I miejsce w grze miejskiej \u201e B\u0142. Jan Pawe\u0142 II naszym Przewodnikiem \u201d II Edycja.<\/li>\n<li>W listopadzie 2013 r. zaj\u0119\u0142a 15 miejsce w og\u00f3lnopolskim konkursie na temat zdrowia i jego ochrony MEDITEST.<\/li>\n<li>W szkole podstawowej zdoby\u0142a m.in.: I miejsce w Szkolnym K<a name=\"_GoBack\"><\/a>onkursie Literackim \u201e Ro\u015bniemy razem\u201d, II miejsce w Olimpiadzie Matematycznej klas VI, II miejsce w Szkolnym konkursie Przyrodniczo \u2013 Sportowym oraz nagrod\u0119 w szkolnym konkursie na prezentacj\u0119 multimedialn\u0105 pt. \u201dPolska w Unii Europejskiej\u201d.<\/li>\n<li>Jej ulubione sporty to siatk\u00f3wka i jazda na nartach. Wolny czas po\u015bwi\u0119ca na czytanie ksi\u0105\u017cek, s\u0142uchanie muzyki oraz fotografi\u0119. Nauki przyrodnicze oraz chemia to jej g\u0142\u00f3wne zainteresowania, a swoj\u0105 przysz\u0142o\u015b\u0107 wi\u0105\u017ce z medycyn\u0105.<\/li>\n<\/ul>\n<div class=\"mt-3\"><\/div>\r\n                            <\/div>\r\n                            \r\n                            <div class=\"text-modules__img\"><img src=\"https:\/\/us.edu.pl\/student\/wp-content\/uploads\/sites\/3\/Nieprzypisane\/brzoza-230x300.jpg\" alt=\"img\"><\/div>\r\n                        <\/div>\r\n                    <\/div>\r\n                <\/div>[\/vc_column][\/vc_row][vc_row el_class=&#8221;container&#8221;][vc_column el_class=&#8221;container&#8221;]\r\n                <div class=\"text-modules\">\r\n                    <div class=\"container\">\r\n                        \r\n                        <div class=\"text-modules__content\"><p><em>Powy\u017csze informacje nie obejmuj\u0105 ca\u0142ej dzia\u0142alno\u015bci poszczeg\u00f3lnych os\u00f3b i zosta\u0142y opublikowane w ramach konkursu JM Rektora Uniwersytetu \u015al\u0105skiego. Dane pochodz\u0105 z kwietnia 2014 r.\u00a0<\/em><\/p>\n<\/div>\r\n                    <\/div>\r\n                <\/div>[\/vc_column][\/vc_row]<\/p>","protected":false},"excerpt":{"rendered":"<p>[vc_row el_class=&#8221;container&#8221;][vc_column el_class=&#8221;container&#8221;][\/vc_column][\/vc_row][vc_row el_class=&#8221;container&#8221;][vc_column el_class=&#8221;container&#8221;][\/vc_column][\/vc_row] [&#8230;]<\/p>\n<p><a class=\"btn btn-secondary understrap-read-more-link\" href=\"https:\/\/us.edu.pl\/student\/dzialalnosc-studencka\/wyroznienia-jm-rektora-us\/laureaci-poprzednich-edycji\/laureaci-2014\/uniwersytet-slaski-mlodziezy\/\">Read More&#8230;<\/a><\/p>\n","protected":false},"author":1,"featured_media":0,"parent":5907,"menu_order":0,"comment_status":"closed","ping_status":"closed","template":"","meta":{"_expiration-date-status":"","_expiration-date":0,"_expiration-date-type":"","_expiration-date-categories":[],"_expiration-date-options":[]},"acf":[],"_links":{"self":[{"href":"https:\/\/us.edu.pl\/student\/wp-json\/wp\/v2\/pages\/6400"}],"collection":[{"href":"https:\/\/us.edu.pl\/student\/wp-json\/wp\/v2\/pages"}],"about":[{"href":"https:\/\/us.edu.pl\/student\/wp-json\/wp\/v2\/types\/page"}],"author":[{"embeddable":true,"href":"https:\/\/us.edu.pl\/student\/wp-json\/wp\/v2\/users\/1"}],"replies":[{"embeddable":true,"href":"https:\/\/us.edu.pl\/student\/wp-json\/wp\/v2\/comments?post=6400"}],"version-history":[{"count":0,"href":"https:\/\/us.edu.pl\/student\/wp-json\/wp\/v2\/pages\/6400\/revisions"}],"up":[{"embeddable":true,"href":"https:\/\/us.edu.pl\/student\/wp-json\/wp\/v2\/pages\/5907"}],"wp:attachment":[{"href":"https:\/\/us.edu.pl\/student\/wp-json\/wp\/v2\/media?parent=6400"}],"curies":[{"name":"wp","href":"https:\/\/api.w.org\/{rel}","templated":true}]}}