{"id":6418,"date":"2019-10-10T12:08:06","date_gmt":"2019-10-10T10:08:06","guid":{"rendered":"https:\/\/us.edu.pl\/student\/?page_id=6418"},"modified":"2019-10-10T12:43:42","modified_gmt":"2019-10-10T10:43:42","slug":"student","status":"publish","type":"page","link":"https:\/\/us.edu.pl\/student\/dzialalnosc-studencka\/wyroznienia-jm-rektora-us\/laureaci-poprzednich-edycji\/laureaci-2014\/student\/","title":{"rendered":"Student"},"content":{"rendered":"<p>[vc_row el_class=&#8221;container&#8221;][vc_column el_class=&#8221;container&#8221;]\r\n                <div class=\"text-modules\">\r\n                    <div class=\"container\">\r\n                        <h3 class=\"page-title text__title\">Student<\/h3>\r\n                        <div class=\"text-modules__content\"><\/div>\r\n                    <\/div>\r\n                <\/div>\r\n                <div class=\"text-modules reverse\">\r\n                    <div class=\"container\">\r\n                        <h3 class=\"section-title section-title_border-bottom\">Patrycja Bajtlik<\/h3> \r\n                        <div class=\"row m-0\">\r\n                            <div class=\"text-modules__content\">\r\n                                <\/p>\n<p class=\"rtejustify\"><em>13 czerwca 2014 wyr\u00f3\u017cniona przez JM Rektora U\u015a za dzia\u0142alno\u015b\u0107 spo\u0142eczn\u0105 i popularyzacj\u0119 sportu.<\/em><\/p>\n<ul>\n<li>Studentka pedagogiki na Wydziale Etnologii i Nauki o Edukacji w Cieszynie<\/li>\n<li>W \u017cycie studenckie wpisa\u0142a si\u0119 poprzez aktywno\u015b\u0107 w Akademickim Zwi\u0105zku Sportowym (od 2009) oraz dzia\u0142alno\u015b\u0107 w cieszy\u0144skich stowarzyszeniach i jednostkach samorz\u0105dowych, promuj\u0105c sport w\u015br\u00f3d student\u00f3w i mieszka\u0144c\u00f3w nie tylko Cieszyna<\/li>\n<li>Organizatorka takich imprez sportowych jak \u201eDzie\u0144 Dobry AZS\u201d, \u201eSportonalia\u201d, \u201eAkademickie Mistrzostwa \u015al\u0105ska 2013\u201d, \u201eMTB CUP Kolarstwo G\u00f3rskie 2011\u201d, \u201eP\u00f3\u0142fina\u0142 Akademickich Mistrzostw Polski 2011\/2013\u201d, a tak\u017ce wsp\u00f3\u0142organizatorka innych wydarze\u0144 zwi\u0105zanych ze sportem oraz wolontariusz<\/li>\n<li>Praca spo\u0142eczna w Stowarzyszeniu Anima Pro Activ w Cieszynie, kt\u00f3ra obejmowa\u0142a m.in. organizacj\u0119 rozgrywek siatk\u00f3wki pla\u017cowej w 2010 i 2011 roku na terenie kilku miast oraz \u201eZimowych Olimpijskich Ferii w Cieszynie\u201d<\/li>\n<li>Praca spo\u0142eczna dla Uczniowskiego Ludowego Klubu Sportowego \u201eGROM\u201d Jasienica, organizacja zaj\u0119\u0107 sportowych w Jasienicy (2009-2012) i Miko\u0142ajkowych Zawod\u00f3w \u0141uczniczych w Jasienicy (2009-2011)\u00a0 dla dzieci i m\u0142odzie\u017cy<\/li>\n<li>Pomoc w organizacji imprez Miejskiego O\u015brodka Sportu i Rekreacji w Cieszynie (2010-2012)<\/li>\n<li>Srebrna Odznaka Akademickiego Zwi\u0105zku Sportowego (rok 2012)<\/li>\n<li>Jej umiej\u0119tno\u015bci to m.in. strzelanie z \u0142uku olimpijskiego oraz tradycyjnego<\/li>\n<\/ul>\n<div class=\"mt-3\"><\/div>\r\n                            <\/div>\r\n                            \r\n                            <div class=\"text-modules__img\"><img src=\"https:\/\/us.edu.pl\/student\/wp-content\/uploads\/sites\/3\/Nieprzypisane\/bajtlik-300x248.jpg\" alt=\"img\"><\/div>\r\n                        <\/div>\r\n                    <\/div>\r\n                <\/div>\r\n                <div class=\"text-modules \">\r\n                    <div class=\"container\">\r\n                        <h3 class=\"section-title section-title_border-bottom\">Agnieszka Cybulska<\/h3> \r\n                        <div class=\"row m-0\">\r\n                            <div class=\"text-modules__content\">\r\n                                <strong>Studentka Roku 2014<\/strong><\/p>\n<p class=\"rtejustify\"><em>13 czerwca 2014 wyr\u00f3\u017cniona przez JM Rektora U\u015a za inicjowanie i wspieranie \u017cycia studenckiego\u00a0oraz dzia\u0142alno\u015b\u0107 naukow\u0105 (w swoim dorobku ma kilka publikacji naukowych).<\/em><\/p>\n<ul>\n<li>Studentka V roku prawa<\/li>\n<li>otrzyma\u0142a wyr\u00f3\u017cnienie za inicjowanie i wspieranie \u017cycia studenckiego oraz dzia\u0142alno\u015b\u0107 naukow\u0105,<\/li>\n<li>autorka i wsp\u00f3\u0142autorka licznych publikacji z dziedziny prawa, a tak\u017ce dw\u00f3ch publikacji w\u00a0Og\u00f3lnopolskim Miesi\u0119czniku Pedagogicznym \u201eMatematyka\u201d,<\/li>\n<li>wyg\u0142osi\u0142a referaty podczas sze\u015bciu konferencji o zasi\u0119gu og\u00f3lnopolskim oraz w trakcie szeregu konferencji i seminari\u00f3w lokalnych,<\/li>\n<li>prowadzi autorskie warsztaty z r\u00f3\u017cnych dziedzin prawa dla mieszka\u0144c\u00f3w wojew\u00f3dztwa \u015bl\u0105skiego w ramach wsp\u00f3\u0142pracy z EPP,<\/li>\n<li>zwyci\u0119\u017cy\u0142a w konkursie na esej do Biuletynu Informacyjnego Parlamentu Europejskiego,<\/li>\n<li>koordynowa\u0142a wiele projekt\u00f3w o zasi\u0119gu og\u00f3lnopolskim i lokalnym, m.in.: Og\u00f3lnopolsk\u0105 Konferencj\u0119 Energetyczn\u0105 \u201eUrz\u0105dzenia przesy\u0142owe na prywatnym gruncie, a prawo w\u0142asno\u015bci\u201d (marzec 2011 r.), Konferencj\u0119 \u201eZgwa\u0142cona mi\u0142o\u015b\u0107, czyli r\u00f3\u017cne aspekty przemocy seksualnej\u201d (maj 2010 r.) czy projekt Niezb\u0119dnik Studenta (pa\u017adziernik 2010 r.),<\/li>\n<li>uczestniczy\u0142a w komitetach organizacyjnych 17 projekt\u00f3w naukowych i zwi\u0105zanych z ochron\u0105 praw cz\u0142owieka o zasi\u0119gu mi\u0119dzynarodowym, og\u00f3lnopolskim i lokalnym, m.in.: Study Visit z ELSA Lw\u00f3w\u00a0 (grudzie\u0144 2009 r.), V\u00a0Og\u00f3lnopolskie Dni Praktyk Prawniczych na WPiA U\u015a (marzec 2010 r.), czy UNICEF na Gwiazdk\u0119 (grudzie\u0144 2009 r, 2010 r. i 2011 r.),<\/li>\n<li>podpisa\u0142a (w ramach dzia\u0142alno\u015bci w ELSA Poland) z JM Rektorem \u015al\u0105skiego Uniwersytetu Medycznego porozumienia, umo\u017cliwiaj\u0105cego studentom WPiA U\u015a bierne uczestnictwo w sekcjach zw\u0142ok przeprowadzanych w Zak\u0142adzie Patomorfologii w Zabrzu, a ponadto bra\u0142a udzia\u0142 w realizacji licznych projekt\u00f3w Mi\u0119dzynarodowego Stowarzyszenia Student\u00f3w Medycyny IFMSA Poland Oddzia\u0142 \u015al\u0105sk,<\/li>\n<li>by\u0142a w komitetach organizacyjnych wszystkich projekt\u00f3w WRSS WPiA U\u015a w roku akademickim 2011\/2012 oraz 2012\/2013,<\/li>\n<li>trzykrotnie uczestniczy\u0142a w kursach mistrzowskich w ramach Mi\u0119dzynarodowych Kurs\u00f3w Muzycznych im. Zenona Brzewskiego w \u0141a\u0144cucie w klasie skrzypiec prof. A. Grudnia (Belgia) i prof. D. G\u0142owackiej\u2013Pitet (Francja) oraz uko\u0144czy\u0142a z wyr\u00f3\u017cnieniem PSM II stopnia im. Grzegorza Fitelberga w Chorzowie w klasie skrzypiec prof. M. Skrzek \u2013 B\u0105k (2010 r.),<\/li>\n<li>w ramach dzia\u0142alno\u015bci w katowickiej Grupie Lokalnej Europejskiego Stowarzyszenia Student\u00f3w Prawa ELSA Poland pe\u0142ni\u0142a funkcje: Prezesa (2011\/2012), Wiceprezesa ds. Seminari\u00f3w i Konferencji (2011\/2012) oraz Wiceprezesa ds. Marketingu (2010\/2011) oraz reprezentowa\u0142a katowick\u0105 Grup\u0119 Lokaln\u0105 na 16 zjazdach og\u00f3lnopolskich.<\/li>\n<li>by\u0142a cz\u0142onkiem Wydzia\u0142owej Rady Samorz\u0105du Studenckiego WPiA U\u015a (2011\/2012, 2012\/2013), cz\u0142onkiem Rady Wydzia\u0142u\u00a0 (2012\/2013), cz\u0142onkiem Komisji ds. Nauki WPiA U\u015a (2012\/2013), cz\u0142onkiem \u00a0Komisji Dyscyplinarnej dla Student\u00f3w Uniwersytetu \u015al\u0105skiego (2012\/2013, 2013\/2014).<\/li>\n<\/ul>\n<div class=\"mt-3\"><\/div>\r\n                            <\/div>\r\n                            \r\n                            <div class=\"text-modules__img\"><img src=\"https:\/\/us.edu.pl\/student\/wp-content\/uploads\/sites\/3\/2019\/10\/cybulska-200x300.jpg\" alt=\"img\"><\/div>\r\n                        <\/div>\r\n                    <\/div>\r\n                <\/div>\r\n                <div class=\"text-modules reverse\">\r\n                    <div class=\"container\">\r\n                        <h3 class=\"section-title section-title_border-bottom\">Micha\u0142 Czech<\/h3> \r\n                        <div class=\"row m-0\">\r\n                            <div class=\"text-modules__content\">\r\n                                <\/p>\n<p class=\"rtejustify\"><em>13 czerwca 2014 wyr\u00f3\u017cniony przez JM Rektora U\u015a\u00a0za dzia\u0142alno\u015b\u0107 spo\u0142eczn\u0105 i osi\u0105gni\u0119cia naukowe.<\/em><\/p>\n<ul>\n<li>Studiuje w ramach Indywidualnych Studi\u00f3w Mi\u0119dzyobszarowych.<\/li>\n<li>Wyr\u00f3\u017cniony za dzia\u0142alno\u015b\u0107 spo\u0142eczn\u0105 i osi\u0105gni\u0119cia naukowe.<\/li>\n<li>W swoim dorobku ma 2 artyku\u0142y naukowe w recenzowanych czasopismach naukowych, dwa rozdzia\u0142y ksi\u0105\u017ckowe i artyku\u0142 w zeszytach naukowych.<\/li>\n<li>Udzia\u0142 w projektach naukowych jako g\u0142\u00f3wny wykonawca (2) i wykonawca w projektach zespo\u0142owych (3).<\/li>\n<li>Czynne uczestnictwo w czterech konferencjach naukowych, wsp\u00f3\u0142organizacja jednej.<\/li>\n<li>Redagowanie portali informacyjnych: Centrum Monitorowania Odpowiedzialno\u015bci Biznesu oraz Centrum Wspierania Rad Pracownik\u00f3w.<\/li>\n<li>3 miejsce w mi\u0119dzynarodowym konkursie \u201eSpo\u0142ecze\u0144stwo obywatelskie w oczach m\u0142odzie\u017cy\u201d, wyr\u00f3\u017cnienie w konkursie \u201eUnia bez barier\u201d, III miejsce indywidualnie i II miejsce dru\u017cynowo w ergometrze wio\u015blarskim podczas Akademickich Mistrzostw \u015al\u0105ska w 2011 roku, a tak\u017ce inne sukcesy indywidualne.<\/li>\n<li>Wiceprezes Fundacji \u201eChoice to Choose\u201d .<\/li>\n<li>Wsp\u00f3\u0142organizacja wystawy W\u0119giel BOOM!, pierwszych na \u015al\u0105sku ulicznych targ\u00f3w designu dla dzieci Ma\u0142y Silos w Katowicach, festiwalu Silos Falami Fest oraz warsztat\u00f3w projektowania dla dzieci wraz z produkcj\u0105 i wydaniem sk\u0142adanki \u201eSealesia 3\u201d.<\/li>\n<li>Koordynacja projektu \u201eSpotkania z Sukcesem\u201d, kt\u00f3rego celem jest zach\u0119canie uczestnik\u00f3w do kszta\u0142towania w\u0142asnej kariery zawodowej.<\/li>\n<li>Pe\u0142nienie funkcji obserwatora Fundacji Court Watch Polska.<\/li>\n<li>Prowadzenie szkole\u0144 w projekcie Street Law.<\/li>\n<li>Dwukrotne otrzymanie Stypendium Ministra Nauki i Szkolnictwa Wy\u017cszego.<\/li>\n<li>Udzia\u0142 w programie MOST.<\/li>\n<li>Umiej\u0119tno\u015b\u0107 gry na gitarze i\u00a0kontrabasie.<\/li>\n<\/ul>\n<div class=\"mt-3\"><\/div>\r\n                            <\/div>\r\n                            \r\n                            <div class=\"text-modules__img\"><img src=\"https:\/\/us.edu.pl\/student\/wp-content\/uploads\/sites\/3\/Nieprzypisane\/czech-213x300.jpg\" alt=\"img\"><\/div>\r\n                        <\/div>\r\n                    <\/div>\r\n                <\/div>\r\n                <div class=\"text-modules \">\r\n                    <div class=\"container\">\r\n                        <h3 class=\"section-title section-title_border-bottom\">Sonia Egner<\/h3> \r\n                        <div class=\"row m-0\">\r\n                            <div class=\"text-modules__content\">\r\n                                <\/p>\n<div class=\"content\">\n<p class=\"rtejustify\"><em><span style=\"font-size: medium;\">13 czerwca 2014 wyr\u00f3\u017cniona przez JM Rektora U\u015a\u00a0za osi\u0105gni\u0119cia artystyczne i dzia\u0142alno\u015b\u0107 spo\u0142eczn\u0105.<\/span><\/em><\/p>\n<ul>\n<li>Studiuje zarz\u0105dzanie mi\u0119dzykulturowe w Szkole Zarz\u0105dzania U\u015a.<\/li>\n<li>Po czteroletnich studiach w Holandii, powr\u00f3ci\u0142a na \u015al\u0105sk i postanowi\u0142a zrealizowa\u0107 rzeczy, na kt\u00f3re brakowa\u0142o jej czasu i finans\u00f3w podczas pobytu zagranic\u0105. Sta\u0142a si\u0119 pomys\u0142odawczyni\u0105, koordynatork\u0105 i re\u017cyserk\u0105 w jednej osobie tworz\u0105c artystyczny film kr\u00f3tkometra\u017cowy ze \u015al\u0105skiem w tle \u201eMIGRACJE III\u201d. Projekt \u201eMigracje\u201d jest artystycznym projektem multidyscyplinarnym i\u00a0mi\u0119dzykulturowym sk\u0142adaj\u0105cym si\u0119 z trzech cz\u0119\u015bci. Celem projektu jest przede wszystkim po\u0142\u0105czenie r\u00f3\u017cnych form artystycznych, takich jak taniec, architektura, film, muzyka, projektowanie mody czy sztuki wizualne.<\/li>\n<li>Jej osi\u0105gni\u0119ciem jest r\u00f3wnie\u017c m.in. IV miejsce w kategorii solistek i I miejsce w klasyfikacji generalnej w Otwartych Mistrzostwach \u015al\u0105ska w Aerobiku Sportowym.<\/li>\n<li>Dzia\u0142a spo\u0142ecznie w Stowarzyszeniu na Rzecz Dzieci i M\u0142odzie\u017cy \u201eUskrzydlamy\u201d oraz \u201eDom Anio\u0142\u00f3w Str\u00f3\u017c\u00f3w\u201d w Katowicach.<\/li>\n<li>Poza ta\u0144cem i choreografi\u0105 interesuje si\u0119 filmem, sztuk\u0105 i literatur\u0105.<\/li>\n<\/ul>\n<p>&nbsp;<\/p>\n<p><em>Powy\u017csze informacje nie obejmuj\u0105 ca\u0142ej dzia\u0142alno\u015bci poszczeg\u00f3lnych os\u00f3b i zosta\u0142y opublikowane w ramach konkursu JM Rektora Uniwersytetu \u015al\u0105skiego. Dane pochodz\u0105 z kwietnia 2014 r.<br \/>\n<\/em><\/p>\n<\/div>\n<div class=\"mt-3\"><\/div>\r\n                            <\/div>\r\n                            \r\n                            <div class=\"text-modules__img\"><img src=\"https:\/\/us.edu.pl\/student\/wp-content\/uploads\/sites\/3\/2019\/10\/egner-200x300.jpg\" alt=\"img\"><\/div>\r\n                        <\/div>\r\n                    <\/div>\r\n                <\/div>\r\n                <div class=\"text-modules reverse\">\r\n                    <div class=\"container\">\r\n                        <h3 class=\"section-title section-title_border-bottom\">Kamila Figura<\/h3> \r\n                        <div class=\"row m-0\">\r\n                            <div class=\"text-modules__content\">\r\n                                13 czerwca 2014 wyr\u00f3\u017cniona przez JM Rektora U\u015a za osi\u0105gni\u0119cia artystyczne.<\/p>\n<p>Studentka grafiki na Wydziale Artystycznym.<br \/>\nAutorka zwyci\u0119skiego projektu logo i identyfikacji wizualnej w konkursie Akademickiego Klubu Je\u017adzieckiego Uniwersytetu \u015al\u0105skiego, zwyci\u0119skiego plakatu w konkursie \u201eKultura i Media wobec Rodziny i P\u0142ci\u201d oraz plakatu bior\u0105cego udzia\u0142 w \u201eBlack &amp; Light, 9. Mi\u0119dzynarodowym Festiwalu Jazz w Ruinach\u201d i w II edycji Multimedia Szajna Festiwal. Jej projekt graficzny zosta\u0142 r\u00f3wnie\u017c zaprezentowany na wystawie grafiki komputerowej \u201eKwiat Cyfrowy\u201d z okazji 7. Festiwalu \u015awi\u0119ta Ogrod\u00f3w w Krakowie.<br \/>\nAutorka wyr\u00f3\u017cnionego plakatu w konkursie \u201eRok Czes\u0142awa Mi\u0142osza\u201d.<br \/>\nChc\u0105c pozna\u0107 kultur\u0119 innych pa\u0144stw pracowa\u0142a w Stanach Zjednoczonych, Anglii i Hiszpanii. Uprawia snowboarding i gra w tenisa. \r\n                                <div class=\"mt-3\"><\/div>\r\n                            <\/div>\r\n                            \r\n                            <div class=\"text-modules__img\"><img src=\"https:\/\/us.edu.pl\/student\/wp-content\/uploads\/sites\/3\/Nieprzypisane\/figura-212x300.jpg\" alt=\"img\"><\/div>\r\n                        <\/div>\r\n                    <\/div>\r\n                <\/div>\r\n                <div class=\"text-modules \">\r\n                    <div class=\"container\">\r\n                        <h3 class=\"section-title section-title_border-bottom\">Wiola Friedrich<\/h3> \r\n                        <div class=\"row m-0\">\r\n                            <div class=\"text-modules__content\">\r\n                                <\/p>\n<p class=\"rtejustify\"><em>13 czerwca 2014 wyr\u00f3\u017cniona przez JM Rektora U\u015a\u00a0za osi\u0105gni\u0119cia naukowe i dzia\u0142alno\u015b\u0107 popularnonaukow\u0105.<\/em><\/p>\n<p>&nbsp;<\/p>\n<ul>\n<li>Studentka psychologii oraz prawa.<\/li>\n<li>Uczestniczy\u0142a w dw\u00f3ch mi\u0119dzynarodowych projektach naukowych oraz sze\u015bciu krajowych.<\/li>\n<li>Bogata dzia\u0142alno\u015b\u0107 w zakresie popularyzacji nauki, w tym w ramach wsp\u00f3\u0142pracy z mediami.<\/li>\n<li>Uczestniczy\u0142a w kilku konferencjach naukowych og\u00f3lnopolskich i mi\u0119dzynarodowych.<\/li>\n<li>Wolontariusz Rodzinnego O\u015brodka Diagnostyczno Konsultacyjnego w Sosnowcu oraz w O\u015brodku Interwencji Kryzysowej MOPS w Katowicach.<\/li>\n<li>Dwukrotnie uczestniczy\u0142a w programie Erasmus.<\/li>\n<li>Wsp\u00f3\u0142tworzy\u0142a program \u201eTamgram\u201d, czyli wakacyjny plac zabaw dla dzieci zorganizowany dzi\u0119ki zaanga\u017cowaniu Wolontariuszy Polskiego Forum Edukacji Europejskiej.<\/li>\n<li>Interesuje si\u0119 m.in. psychologi\u0105 zezna\u0144 \u015bwiadk\u00f3w, kultur\u0105 i fotografi\u0105, gra na gitarze.<\/li>\n<\/ul>\n<div class=\"mt-3\"><\/div>\r\n                            <\/div>\r\n                            \r\n                            <div class=\"text-modules__img\"><img src=\"https:\/\/us.edu.pl\/student\/wp-content\/uploads\/sites\/3\/Nieprzypisane\/friedrich-200x300.jpg\" alt=\"img\"><\/div>\r\n                        <\/div>\r\n                    <\/div>\r\n                <\/div>\r\n                <div class=\"text-modules reverse\">\r\n                    <div class=\"container\">\r\n                        <h3 class=\"section-title section-title_border-bottom\">Ewelina Fudali<\/h3> \r\n                        <div class=\"row m-0\">\r\n                            <div class=\"text-modules__content\">\r\n                                <\/p>\n<p class=\"rtejustify\"><em>13 czerwca 2014 wyr\u00f3\u017cniona przez JM Rektora U\u015a za inicjowanie i wspieranie \u017cycia studenckiego.<\/em><\/p>\n<p>&nbsp;<\/p>\n<ul>\n<li>Studentka j\u0119zyka rosyjskiego i absolwentka filologii angielskiej.<\/li>\n<li>Jej zdaniem najcenniejsze w \u017cyciu studenckim jest to, \u017ce stanowi album pi\u0119knych wspomnie\u0144, kt\u00f3re zostan\u0105 z nami na zawsze.<\/li>\n<li>Odpowiada\u0142a za promocj\u0119 takich wydarze\u0144 jak St. Patrick&#8217;s Day w studenckim klubie Farmacon w Sosnowcu, Dni Otwarte Wydzia\u0142u Filologicznego w Sosnowcu w ramach Festiwalu Nauki oraz dw\u00f3ch edycji akcji Filolodzy Dzieciom na rzecz dzieci z domu dziecka, dw\u00f3ch edycji Konkursu Indeks\u00f3w.<\/li>\n<li>Pomys\u0142odawczyni i g\u0142\u00f3wna koordynatorka Akcji Krwiodawstwa.<\/li>\n<li>Wsp\u00f3\u0142organizowa\u0142a dwie edycje Balu Filologa.<\/li>\n<li>Pomys\u0142odawca oraz Przewodnicz\u0105ca Porozumienia uczelni zag\u0142\u0119biowskich w sprawie organizacji Otrz\u0119sin Zag\u0142\u0119biowskich (edycja 2013) oraz pomys\u0142odawczyni m.in. Hawaiian Welcome Party.<\/li>\n<li>Koordynator i t\u0142umacz podczas dw\u00f3ch wymian student\u00f3w z Politechnik\u0105 Lwowsk\u0105 w ramach wsp\u00f3\u0142pracy nawi\u0105zanej mi\u0119dzy U\u015a, Politechnik\u0105 \u015al\u0105sk\u0105 oraz Politechnik\u0105 Lwowsk\u0105.<\/li>\n<li>G\u0142\u00f3wny koordynator dw\u00f3ch edycji imprezy \u201eStaryj Novyj God\u201d dedykowanej szczeg\u00f3lnie studentom z Europy Wschodniej oraz r\u00f3\u017cnego rodzaju innych spotka\u0144 i wydarze\u0144 dla student\u00f3w zagranicznych, w tym gry terenowej.<\/li>\n<li>Pomys\u0142odawca i wsp\u00f3\u0142organizatorka akcji Euromajdan nad Raw\u0105, co mia\u0142o by\u0107 wyrazem wsparcia dla ukrai\u0144skich student\u00f3w.<\/li>\n<li>Dzia\u0142acz samorz\u0105du studenckiego na Wydziale Filologicznym oraz w Uczelnianej Radzie Samorz\u0105du Studenckiego.<\/li>\n<li>W\u015br\u00f3d swoich zainteresowa\u0144 wymienia literatur\u0119 i kultur\u0119 brytyjsk\u0105 oraz ameryka\u0144sk\u0105, folklor kraj\u00f3w s\u0142owia\u0144skich, hafciarstwo ludowe.<\/li>\n<\/ul>\n<div class=\"mt-3\"><\/div>\r\n                            <\/div>\r\n                            \r\n                            <div class=\"text-modules__img\"><img src=\"https:\/\/us.edu.pl\/student\/wp-content\/uploads\/sites\/3\/Nieprzypisane\/fudali-233x300.jpg\" alt=\"img\"><\/div>\r\n                        <\/div>\r\n                    <\/div>\r\n                <\/div>\r\n                <div class=\"text-modules \">\r\n                    <div class=\"container\">\r\n                        <h3 class=\"section-title section-title_border-bottom\">Marek Grzesiak<\/h3> \r\n                        <div class=\"row m-0\">\r\n                            <div class=\"text-modules__content\">\r\n                                <\/p>\n<p class=\"rtejustify\"><em>13 czerwca 2014 wyr\u00f3\u017cniony przez JM Rektora U\u015a za inicjowanie i wspieranie \u017cycia studenckiego.<\/em><\/p>\n<p>&nbsp;<\/p>\n<ul>\n<li>Student politologii oraz prawa.<\/li>\n<li>Jak sam pisze, z perspektywy pi\u0119ciu lat mo\u017ce z czystym sumieniem stwierdzi\u0107, \u017ce studiowanie oznacza wspania\u0142\u0105 przygod\u0119, w trakcie kt\u00f3rej mo\u017cna do\u015bwiadczy\u0107 nie tylko tradycyjnej relacji ucze\u0144-mistrz, ale tak\u017ce fascynuj\u0105cych dyskusji na poziomie ucze\u0144-ucze\u0144, dzi\u0119ki czemu zyska\u0107 mo\u017cna najwa\u017cniejsz\u0105 warto\u015b\u0107 dodan\u0105 w trakcie studi\u00f3w, czyli poszerzenie w\u0142asnych horyzont\u00f3w oraz otwarcie si\u0119 na \u015bwiat.<\/li>\n<li>Przewodnicz\u0105cy Rady Samorz\u0105du Studenckiego Wydzia\u0142u Nauk Spo\u0142ecznych (2011-2012), dzia\u0142acz samorz\u0105du studenckiego.<\/li>\n<li>Jako przedstawiciel student\u00f3w zaanga\u017cowany by\u0142 we wdra\u017canie Krajowych Ram Kwalifikacji, Systemu Zapewniania Jako\u015bci Kszta\u0142cenia, wprowadzaniem nowego Regulaminu Studi\u00f3w oraz wprowadzeniem rejestracji elektronicznej na zaj\u0119cia.<\/li>\n<li>Cz\u0142onek rozmaitych komisji, zespo\u0142\u00f3w i in. dotycz\u0105cych wprowadzanych zmian w dydaktyce oraz aktach prawnych na Uniwersytecie na poziomie wydzia\u0142owym.<\/li>\n<li>Cz\u0142onek Komisji Dydaktycznej Uczelnianej Rady Samorz\u0105du Studenckiego oraz zespo\u0142u opracowuj\u0105cego wst\u0119pn\u0105 wersj\u0119 nowego Regulaminu Studi\u00f3w.<\/li>\n<li>Od 2010 koordynator ds. litery prawa w Wydzia\u0142owej Radzie Samorz\u0105du Studenckiego \u2013 jego dzia\u0142anie polega\u0142o przede wszystkim na szeroko zakrojonej pomocy dla student\u00f3w.<\/li>\n<li>Wsp\u00f3\u0142autor wielu poradnik\u00f3w, prezentacji i innych maj\u0105cych informowa\u0107 student\u00f3w o\u00a0zmianach w studiowaniu.<\/li>\n<li>Koordynator Dni Otwartych na Wydziale, wsp\u00f3\u0142organizator innych wydarze\u0144 zwi\u0105zanych z Festiwalem Nauki w latach 2010-2013.<\/li>\n<li>Od lat gra amatorsko w siatk\u00f3wk\u0119, a jego zainteresowania to r\u00f3wnie\u017c m.in. literatura sensacyjna, polityka mi\u0119dzynarodowa.<\/li>\n<\/ul>\n<div class=\"mt-3\"><\/div>\r\n                            <\/div>\r\n                            \r\n                            <div class=\"text-modules__img\"><img src=\"https:\/\/us.edu.pl\/student\/wp-content\/uploads\/sites\/3\/Nieprzypisane\/grzesiak.jpg\" alt=\"img\"><\/div>\r\n                        <\/div>\r\n                    <\/div>\r\n                <\/div>\r\n                <div class=\"text-modules reverse\">\r\n                    <div class=\"container\">\r\n                        <h3 class=\"section-title section-title_border-bottom\">Karolina Janecka<\/h3> \r\n                        <div class=\"row m-0\">\r\n                            <div class=\"text-modules__content\">\r\n                                <\/p>\n<p class=\"rtejustify\"><em>13 czerwca 2014 wyr\u00f3\u017cniona przez JM Rektora U\u015a\u00a0za osi\u0105gni\u0119cia naukowe i dzia\u0142alno\u015b\u0107 popularnonaukow\u0105.<\/em><\/p>\n<p>&nbsp;<\/p>\n<ul>\n<li>Studentka geografii.<\/li>\n<li>Wsp\u00f3\u0142autorka dw\u00f3ch artyku\u0142\u00f3w w recenzowanych czasopismach naukowych, w tym w czasopi\u015bmie b\u0119d\u0105cym w bazie Journal Citation Reports (JCR).<\/li>\n<li>Bra\u0142a udzia\u0142 w mi\u0119dzynarodowym projekcie naukowo-badawczym \u201eFlorist \u2013 Zagro\u017cenie powodziowe na przedpolu Tatr\u201d oraz w dw\u00f3ch projektach w ramach grant\u00f3w Narodowego Centrum Nauki (NCN).<\/li>\n<li>Czynny uczestnik w trzech mi\u0119dzynarodowych zagranicznych konferencjach naukowych.<\/li>\n<li>Stypendium Naukowe Ministra Edukacji, Nauki i Sportu S\u0142owenii w ramach CEEPUS Mobility Grant Programme.<\/li>\n<li>Dru\u017cynowo I miejsce podczas Akademickich Mistrzostw \u015al\u0105ska w Badmintonie w roku akademickim 2012\/2013.<\/li>\n<li>Dru\u017cynowo II miejsce podczas Akademickich Mistrzostw \u015al\u0105ska w Badmintonie w roku akademickim 2011\/2012.<\/li>\n<li>Jej zainteresowania to dendrochronologia, astronomia, badminton.<\/li>\n<\/ul>\n<div class=\"mt-3\"><\/div>\r\n                            <\/div>\r\n                            \r\n                            <div class=\"text-modules__img\"><img src=\"https:\/\/us.edu.pl\/student\/wp-content\/uploads\/sites\/3\/Nieprzypisane\/janecka-254x300.jpg\" alt=\"img\"><\/div>\r\n                        <\/div>\r\n                    <\/div>\r\n                <\/div>[\/vc_column][\/vc_row][vc_row el_class=&#8221;container&#8221;][vc_column el_class=&#8221;container&#8221;]\r\n                <div class=\"text-modules\">\r\n                    <div class=\"container\">\r\n                        \r\n                        <div class=\"text-modules__content\"><p><em>Powy\u017csze informacje nie obejmuj\u0105 ca\u0142ej dzia\u0142alno\u015bci poszczeg\u00f3lnych os\u00f3b i zosta\u0142y opublikowane w ramach konkursu JM Rektora Uniwersytetu \u015al\u0105skiego. Dane pochodz\u0105 z kwietnia 2014 r.\u00a0<\/em><\/p>\n<\/div>\r\n                    <\/div>\r\n                <\/div>[\/vc_column][\/vc_row]<\/p>","protected":false},"excerpt":{"rendered":"<p>[vc_row el_class=&#8221;container&#8221;][vc_column el_class=&#8221;container&#8221;][\/vc_column][\/vc_row][vc_row el_class=&#8221;container&#8221;][vc_column el_class=&#8221;container&#8221;][\/vc_column][\/vc_row] [&#8230;]<\/p>\n<p><a class=\"btn btn-secondary understrap-read-more-link\" href=\"https:\/\/us.edu.pl\/student\/dzialalnosc-studencka\/wyroznienia-jm-rektora-us\/laureaci-poprzednich-edycji\/laureaci-2014\/student\/\">Read More&#8230;<\/a><\/p>\n","protected":false},"author":1,"featured_media":0,"parent":5907,"menu_order":0,"comment_status":"closed","ping_status":"closed","template":"","meta":{"_expiration-date-status":"","_expiration-date":0,"_expiration-date-type":"","_expiration-date-categories":[],"_expiration-date-options":[]},"acf":[],"_links":{"self":[{"href":"https:\/\/us.edu.pl\/student\/wp-json\/wp\/v2\/pages\/6418"}],"collection":[{"href":"https:\/\/us.edu.pl\/student\/wp-json\/wp\/v2\/pages"}],"about":[{"href":"https:\/\/us.edu.pl\/student\/wp-json\/wp\/v2\/types\/page"}],"author":[{"embeddable":true,"href":"https:\/\/us.edu.pl\/student\/wp-json\/wp\/v2\/users\/1"}],"replies":[{"embeddable":true,"href":"https:\/\/us.edu.pl\/student\/wp-json\/wp\/v2\/comments?post=6418"}],"version-history":[{"count":0,"href":"https:\/\/us.edu.pl\/student\/wp-json\/wp\/v2\/pages\/6418\/revisions"}],"up":[{"embeddable":true,"href":"https:\/\/us.edu.pl\/student\/wp-json\/wp\/v2\/pages\/5907"}],"wp:attachment":[{"href":"https:\/\/us.edu.pl\/student\/wp-json\/wp\/v2\/media?parent=6418"}],"curies":[{"name":"wp","href":"https:\/\/api.w.org\/{rel}","templated":true}]}}