{"id":6420,"date":"2019-10-10T12:11:49","date_gmt":"2019-10-10T10:11:49","guid":{"rendered":"https:\/\/us.edu.pl\/student\/?page_id=6420"},"modified":"2019-10-10T12:45:53","modified_gmt":"2019-10-10T10:45:53","slug":"doktorant","status":"publish","type":"page","link":"https:\/\/us.edu.pl\/student\/dzialalnosc-studencka\/wyroznienia-jm-rektora-us\/laureaci-poprzednich-edycji\/laureaci-2014\/doktorant\/","title":{"rendered":"Doktorant"},"content":{"rendered":"<p>[vc_row el_class=&#8221;container&#8221;][vc_column el_class=&#8221;container&#8221;]\r\n                <div class=\"text-modules\">\r\n                    <div class=\"container\">\r\n                        <h3 class=\"page-title text__title\">Doktorant<\/h3>\r\n                        <div class=\"text-modules__content\"><\/div>\r\n                    <\/div>\r\n                <\/div>\r\n                <div class=\"text-modules \">\r\n                    <div class=\"container\">\r\n                        <h3 class=\"section-title section-title_border-bottom\">Mateusz Dulski<\/h3> \r\n                        <div class=\"row m-0\">\r\n                            <div class=\"text-modules__content\">\r\n                                <\/p>\n<p class=\"rtejustify\"><em>13 czerwca 2014 wyr\u00f3\u017cniony przez JM Rektora U\u015a\u00a0za osi\u0105gni\u0119cia naukowe i dzia\u0142alno\u015b\u0107 popularnonaukow\u0105.<\/em><\/p>\n<ul>\n<li>Doktorant na kierunku fizyka<\/li>\n<li>Jest jednym z odkrywc\u00f3w nowych minera\u0142\u00f3w: silicocarnotit Ca<sub>5<\/sub>[(PO<sub>4<\/sub>)(SiO<sub>4<\/sub>)](PO)<sub>4,<\/sub>\u00a0hydroxyledgrewit Ca<sub>9<\/sub>(SiO<sub>4<\/sub>)<sub>4<\/sub>(OH)<sub>2<\/sub>, fluorchegemit Ca<sub>7<\/sub>(SiO<sub>4<\/sub>)<sub>3<\/sub>F<sub>2<\/sub>\u00a0oraz kyuygenit Ca<sub>12<\/sub>Al<sub>14<\/sub>O<sub>32<\/sub>[(H<sub>2<\/sub>O)<sub>4<\/sub>Cl<sub>2<\/sub>].<\/li>\n<li>W swoim dorobku ma 14 artyku\u0142\u00f3w naukowych opublikowanych w wysokopunktowanych czasopismach.<\/li>\n<li>Kierownik projektu NCN \u201eMinera\u0142y grupy rondorfitu &#8211; Ca<sub>8<\/sub>Mg(SiO<sub>4<\/sub>)<sub>4<\/sub>Cl<sub>2<\/sub>\u00a0jako prototypy nowych materia\u0142\u00f3w technologicznych\u201d i wykonawca w projekcie NCN \u201eBadanie reakcji transferu protonu w materii skondensowanej w warunkach atmosferycznych oraz w wysokim ci\u015bnieniu\u201d.<\/li>\n<li>Wyst\u0105pi\u0142 na kilku konferencjach mi\u0119dzynarodowych \u2013 zagranicznych i zorganizowanych w Polsce oraz na konferencjach og\u00f3lnopolskich.<\/li>\n<li>Organizator dw\u00f3ch zjazd\u00f3w naukowych student\u00f3w i doktorant\u00f3w fizyki i chemii<\/li>\n<li>Stypendysta m.in. w ramach projektu \u201eFrom Study of Molecular Dynamics in Amorphous Medicines at Ambient and Elevated Pressure to Novel Applications in Pharmacy\u201d (2009) oraz \u201eUPGOW \u2013 Uniwersytet Partnerem Gospodarki Opartej na Wiedzy\u201d.<\/li>\n<li>W\u015br\u00f3d jego r\u00f3\u017cnych zainteresowa\u0144 jest m.in. modelarstwo, fantastyka oraz literatura kryminalna i detektywistyczna.<\/li>\n<\/ul>\n<div class=\"mt-3\"><\/div>\r\n                            <\/div>\r\n                            \r\n                            <div class=\"text-modules__img\"><img src=\"https:\/\/us.edu.pl\/student\/wp-content\/uploads\/sites\/3\/Nieprzypisane\/dulski.jpg\" alt=\"img\"><\/div>\r\n                        <\/div>\r\n                    <\/div>\r\n                <\/div>\r\n                <div class=\"text-modules reverse\">\r\n                    <div class=\"container\">\r\n                        <h3 class=\"section-title section-title_border-bottom\">Mariusz Kanturski<\/h3> \r\n                        <div class=\"row m-0\">\r\n                            <div class=\"text-modules__content\">\r\n                                <\/p>\n<p class=\"rtejustify\"><em>13 czerwca 2014 wyr\u00f3\u017cniony przez JM Rektora U\u015a\u00a0za osi\u0105gni\u0119cia naukowe i dzia\u0142alno\u015b\u0107 popularnonaukow\u0105.<\/em><\/p>\n<p>&nbsp;<\/p>\n<ul>\n<li>Doktorant w ramach \u201eAdvanced Methods in Biotechnology and Biodiversity\u201d na Wydziale Biologii i Ochrony \u015arodowiska.<\/li>\n<li>Wsp\u00f3\u0142autor 9 artyku\u0142\u00f3w naukowych w czasopismach naukowych, w tym notowanych na li\u015bcie JCR, wyst\u0105pi\u0142 na kilku konferencjach naukowych og\u00f3lnopolskich i mi\u0119dzynarodowych.<\/li>\n<li>Kierownik grantu naukowego \u201eStruktura i geneza fauny mszyc (Hemiptera: Aphidoidea) Wzg\u00f3rz Trzebnickich oraz Doliny Baryczy\u201d pozyskanego z Pozna\u0144skiego Akademickiego Inkubatora Przedsi\u0119biorczo\u015bci.<\/li>\n<li>W ramach mi\u0119dzynarodowego grantu Synthesys pozyska\u0142 fundusze i mo\u017cliwo\u015b\u0107 wyjazdu naukowego do Copenhagen University (Dania) oraz Lund University (Szwecja). Doktorant wsp\u00f3\u0142pracuje z muzeami zoologicznymi tych instytucji w ramach projektu: \u201eRevision of the genus Eulachnus del Guercio, 1909 (Hemiptera: Aphididae: Lachninae).<\/li>\n<\/ul>\n<ul>\n<li>Zaanga\u017cowany w dzia\u0142alno\u015b\u0107 popularyzuj\u0105c\u0105 nauk\u0119, np. Cz\u0142onek Komisji Egzaminacyjnej XL, XLI i XLII Olimpiady Biologicznej na szczeblu rejonowym przy Towarzystwie Przyrodnik\u00f3w im. M. Kopernika w Katowicach w latach 2011, 2012, 2013, 2014.<\/li>\n<li>Przewodnicz\u0105cy Wydzia\u0142owej Rady Samorz\u0105du Doktorant\u00f3w w roku akademickim 2011 \/ 2012 oraz 2013\/2014.<\/li>\n<li>Interesuje si\u0119 taksonomi\u0105, filogenez\u0105 i faunistyk\u0105 mszyc. Opisa\u0142 jeden z ich rodzaj\u00f3w i 2 gatunki mszyc nowych dla nauki. Jego pasj\u0105 s\u0105 tak\u017ce g\u00f3ry, makrofotografia i literatura rosyjska.<\/li>\n<\/ul>\n<div class=\"mt-3\"><\/div>\r\n                            <\/div>\r\n                            \r\n                            <div class=\"text-modules__img\"><img src=\"https:\/\/us.edu.pl\/student\/wp-content\/uploads\/sites\/3\/Nieprzypisane\/kanturski-189x300.jpg\" alt=\"img\"><\/div>\r\n                        <\/div>\r\n                    <\/div>\r\n                <\/div>\r\n                <div class=\"text-modules\">\r\n                    <div class=\"container\">\r\n                        \r\n                        <div class=\"text-modules__content\"><p><em>Powy\u017csze informacje nie obejmuj\u0105 ca\u0142ej dzia\u0142alno\u015bci poszczeg\u00f3lnych os\u00f3b i zosta\u0142y opublikowane w ramach konkursu JM Rektora Uniwersytetu \u015al\u0105skiego. Dane pochodz\u0105 z kwietnia 2014 r.<\/em><\/p>\n<\/div>\r\n                    <\/div>\r\n                <\/div>[\/vc_column][\/vc_row]<\/p>","protected":false},"excerpt":{"rendered":"<p>[vc_row el_class=&#8221;container&#8221;][vc_column el_class=&#8221;container&#8221;][\/vc_column][\/vc_row] [&#8230;]<\/p>\n<p><a class=\"btn btn-secondary understrap-read-more-link\" href=\"https:\/\/us.edu.pl\/student\/dzialalnosc-studencka\/wyroznienia-jm-rektora-us\/laureaci-poprzednich-edycji\/laureaci-2014\/doktorant\/\">Read More&#8230;<\/a><\/p>\n","protected":false},"author":1,"featured_media":0,"parent":5907,"menu_order":0,"comment_status":"closed","ping_status":"closed","template":"","meta":{"_expiration-date-status":"","_expiration-date":0,"_expiration-date-type":"","_expiration-date-categories":[],"_expiration-date-options":[]},"acf":[],"_links":{"self":[{"href":"https:\/\/us.edu.pl\/student\/wp-json\/wp\/v2\/pages\/6420"}],"collection":[{"href":"https:\/\/us.edu.pl\/student\/wp-json\/wp\/v2\/pages"}],"about":[{"href":"https:\/\/us.edu.pl\/student\/wp-json\/wp\/v2\/types\/page"}],"author":[{"embeddable":true,"href":"https:\/\/us.edu.pl\/student\/wp-json\/wp\/v2\/users\/1"}],"replies":[{"embeddable":true,"href":"https:\/\/us.edu.pl\/student\/wp-json\/wp\/v2\/comments?post=6420"}],"version-history":[{"count":0,"href":"https:\/\/us.edu.pl\/student\/wp-json\/wp\/v2\/pages\/6420\/revisions"}],"up":[{"embeddable":true,"href":"https:\/\/us.edu.pl\/student\/wp-json\/wp\/v2\/pages\/5907"}],"wp:attachment":[{"href":"https:\/\/us.edu.pl\/student\/wp-json\/wp\/v2\/media?parent=6420"}],"curies":[{"name":"wp","href":"https:\/\/api.w.org\/{rel}","templated":true}]}}