{"id":6482,"date":"2019-10-10T13:09:02","date_gmt":"2019-10-10T11:09:02","guid":{"rendered":"https:\/\/us.edu.pl\/student\/?page_id=6482"},"modified":"2019-10-10T13:11:44","modified_gmt":"2019-10-10T11:11:44","slug":"uniwersytet-dzieci","status":"publish","type":"page","link":"https:\/\/us.edu.pl\/student\/dzialalnosc-studencka\/wyroznienia-jm-rektora-us\/laureaci-poprzednich-edycji\/laureaci-2013\/uniwersytet-dzieci\/","title":{"rendered":"Uniwersytet Dzieci"},"content":{"rendered":"<p>[vc_row el_class=&#8221;container&#8221;][vc_column el_class=&#8221;container&#8221;]\r\n                <div class=\"text-modules\">\r\n                    <div class=\"container\">\r\n                        <h3 class=\"page-title text__title\">Uniwersytet Dzieci<\/h3>\r\n                        <div class=\"text-modules__content\"><\/div>\r\n                    <\/div>\r\n                <\/div>\r\n                <div class=\"text-modules \">\r\n                    <div class=\"container\">\r\n                        <h3 class=\"section-title section-title_border-bottom\">Tereska Kubala<\/h3> \r\n                        <div class=\"row m-0\">\r\n                            <div class=\"text-modules__content\">\r\n                                <strong><span style=\"color: #000000;\">Tereska Kubala<\/span><\/strong><span style=\"color: #000000;\">\u00a0ju\u017c od pierwszych lat wykazywa\u0142a zdolno\u015bci plastyczne i manualne.<br \/>\nW przedszkolu polubi\u0142a balet i teatr. Troch\u0119 przeszkadza\u0142a jej w wyst\u0119pach trema, ale prze\u0142ama\u0142a si\u0119 i wyst\u0105pi\u0142a na Jase\u0142kach w Teatrze przed pe\u0142n\u0105 widowni\u0105. Uwielbia bajki i zabaw\u0119 z r\u00f3wie\u015bnikami, a szczeg\u00f3lnie z swoimi trzema przyjaci\u00f3\u0142kami: Milen\u0105, Zuzi\u0105 i Natalk\u0105. Jej osi\u0105gni\u0119cia to wyst\u0119py w Teatrze Ma\u0142ym w Tychach, medal za jazd\u0119 na nartach, wakacyjne dyplomy za uko\u0144czenie kurs\u00f3w p\u0142ywania i angielskiego oraz zaliczenie pierwszego roku na Uniwersytecie \u015al\u0105skim Dzieci! Pi\u0119knie rysuje i maluje, tworzy poczt\u00f3wki przestrzenne, lubi wycieczki, no i potrafi zje\u015b\u0107 ka\u017cd\u0105 ilo\u015b\u0107 ptasiego mleczka.<\/span> \r\n                                <div class=\"mt-3\"><\/div>\r\n                            <\/div>\r\n                            \r\n                            \r\n                        <\/div>\r\n                    <\/div>\r\n                <\/div>\r\n                <div class=\"text-modules \">\r\n                    <div class=\"container\">\r\n                        <h3 class=\"section-title section-title_border-bottom\">Igriana Bartoszek<\/h3> \r\n                        <div class=\"row m-0\">\r\n                            <div class=\"text-modules__content\">\r\n                                <strong>Igriana Bartoszek<\/strong>\u00a0\u2013 jej zainteresowania s\u0105 bardzo r\u00f3\u017cnorodne w zale\u017cno\u015bci od tego, co poznaje i czego do\u015bwiadcza, dzieci\u0119ca ciekawo\u015b\u0107 jest niezmierzona i chadza r\u00f3\u017cnymi \u015bcie\u017ckami. Obecnie zajmuje j\u0105 mitologia egipska i grecka, astronomia, og\u00f3lnie poj\u0119ta przyroda oraz muzyka. Uczy si\u0119 gry na pianinie w ognisku muzycznym, lubi te\u017c \u015bpiewa\u0107. Wyst\u0119puje sama lub z rodze\u0144stwem na organizowanych przez ognisko koncertach, kiedy\u015b \u015bpiewa\u0142a w szkolnym ch\u00f3rze. Jest cz\u0142onkiem szkolnego zespo\u0142u teatralnego \u201eTeatra\u0142ki\u201d. Reprezentowa\u0142a szko\u0142\u0119 w powiatowym Przegl\u0105dzie Tw\u00f3rczo\u015bci Artystycznej.\u00a0 Trenuje kung fu, jest posiadaczk\u0105 pomara\u0144czowego pasa. Lubi i ch\u0119tnie sama czyta, ale te\u017c z przyjemno\u015bci\u0105 s\u0142ucha czytanych przez rodzic\u00f3w opowie\u015bci, szczeg\u00f3lnie skandynawskiej literatury dzieci\u0119cej. \r\n                                <div class=\"mt-3\"><\/div>\r\n                            <\/div>\r\n                            \r\n                            \r\n                        <\/div>\r\n                    <\/div>\r\n                <\/div>\r\n                <div class=\"text-modules \">\r\n                    <div class=\"container\">\r\n                        <h3 class=\"section-title section-title_border-bottom\">Giovanni Cannizzo<\/h3> \r\n                        <div class=\"row m-0\">\r\n                            <div class=\"text-modules__content\">\r\n                                <strong>Giovanni Cannizzo<\/strong>\u00a0jest uczniem\u00a0 klasy IVA Szko\u0142y Podstawowej Nr 1 w \u017borach. Klas\u0119 trzeci\u0105 uko\u0144czy\u0142 z wyr\u00f3\u017cnieniem. Jest przewodnicz\u0105cym klasy i wiceprzewodnicz\u0105cym Samorz\u0105du Szkolnego. Prawdziw\u0105\u00a0 \u017cyciow\u0105 pasj\u0105 Giovanniego jest mi\u0142o\u015b\u0107 do klock\u00f3w LEGO. Sk\u0142adaniem ca\u0142o\u015bci z drobnych element\u00f3w jest poch\u0142oni\u0119ty bezgranicznie. Giovanni wykazuje du\u017c\u0105 wra\u017cliwo\u015b\u0107 na nauk\u0119 j\u0119zyk\u00f3w obcych, szczeg\u00f3lnie w zakresie j\u0119zyka angielskiego i francuskiego, ostatnio tak\u017ce s\u0142owe\u0144skiego. Du\u017c\u0105 rado\u015b\u0107 sprawiaj\u0105 mu zaj\u0119cia plastyczne,\u00a0 majsterkowanie i eksperymentowanie, obserwacje pod mikroskopem. Napisa\u0142 kilka limeryk\u00f3w. Lubi\u00a0 opowiada\u0107 dowcipy. Wzi\u0105\u0142 udzia\u0142 w konkursie mi\u0119dzyszkolnym \u201eStajenka Betlejemska\u201d- wykona\u0142 stajenk\u0119 z piernika, kt\u00f3ra dzi\u0119ki aukcji zasili\u0142a fundusze \u017corskiego Hospicjum. \r\n                                <div class=\"mt-3\"><\/div>\r\n                            <\/div>\r\n                            \r\n                            \r\n                        <\/div>\r\n                    <\/div>\r\n                <\/div>\r\n                <div class=\"text-modules \">\r\n                    <div class=\"container\">\r\n                        <h3 class=\"section-title section-title_border-bottom\">Adam Niklewski <\/h3> \r\n                        <div class=\"row m-0\">\r\n                            <div class=\"text-modules__content\">\r\n                                <strong>Adam Niklewski<\/strong>\u00a0ma 13 lat i mieszka w Zabrzu, gdzie ucz\u0119szcza do I Klasy Gimnazjum Zespo\u0142u Szk\u00f3\u0142 Katolickich. Jako cz\u0142onek samorz\u0105du, bierze aktywny udzia\u0142 w \u017cyciu klasy, za\u015b za wzorowe zachowanie i bardzo dobre wyniki w nauce otrzymuje stypendium naukowe dyrektora szko\u0142y. Jako, \u017ce oboje rodzice s\u0105 lekarzami, Adam interesuje si\u0119 naukami przyrodniczymi. Jego hobby to wycieczki g\u00f3rskie, jazda na rowerze oraz gra na gitarze klasycznej. \r\n                                <div class=\"mt-3\"><\/div>\r\n                            <\/div>\r\n                            \r\n                            \r\n                        <\/div>\r\n                    <\/div>\r\n                <\/div>[\/vc_column][\/vc_row]<\/p>","protected":false},"excerpt":{"rendered":"<p>[vc_row el_class=&#8221;container&#8221;][vc_column el_class=&#8221;container&#8221;][\/vc_column][\/vc_row] [&#8230;]<\/p>\n<p><a class=\"btn btn-secondary understrap-read-more-link\" href=\"https:\/\/us.edu.pl\/student\/dzialalnosc-studencka\/wyroznienia-jm-rektora-us\/laureaci-poprzednich-edycji\/laureaci-2013\/uniwersytet-dzieci\/\">Read More&#8230;<\/a><\/p>\n","protected":false},"author":1,"featured_media":0,"parent":5910,"menu_order":0,"comment_status":"closed","ping_status":"closed","template":"","meta":{"_expiration-date-status":"","_expiration-date":0,"_expiration-date-type":"","_expiration-date-categories":[],"_expiration-date-options":[]},"acf":[],"_links":{"self":[{"href":"https:\/\/us.edu.pl\/student\/wp-json\/wp\/v2\/pages\/6482"}],"collection":[{"href":"https:\/\/us.edu.pl\/student\/wp-json\/wp\/v2\/pages"}],"about":[{"href":"https:\/\/us.edu.pl\/student\/wp-json\/wp\/v2\/types\/page"}],"author":[{"embeddable":true,"href":"https:\/\/us.edu.pl\/student\/wp-json\/wp\/v2\/users\/1"}],"replies":[{"embeddable":true,"href":"https:\/\/us.edu.pl\/student\/wp-json\/wp\/v2\/comments?post=6482"}],"version-history":[{"count":0,"href":"https:\/\/us.edu.pl\/student\/wp-json\/wp\/v2\/pages\/6482\/revisions"}],"up":[{"embeddable":true,"href":"https:\/\/us.edu.pl\/student\/wp-json\/wp\/v2\/pages\/5910"}],"wp:attachment":[{"href":"https:\/\/us.edu.pl\/student\/wp-json\/wp\/v2\/media?parent=6482"}],"curies":[{"name":"wp","href":"https:\/\/api.w.org\/{rel}","templated":true}]}}