{"id":6492,"date":"2019-10-10T13:15:56","date_gmt":"2019-10-10T11:15:56","guid":{"rendered":"https:\/\/us.edu.pl\/student\/?page_id=6492"},"modified":"2019-10-10T13:18:26","modified_gmt":"2019-10-10T11:18:26","slug":"uniwersytet-mlodziezy","status":"publish","type":"page","link":"https:\/\/us.edu.pl\/student\/dzialalnosc-studencka\/wyroznienia-jm-rektora-us\/laureaci-poprzednich-edycji\/laureaci-2013\/uniwersytet-mlodziezy\/","title":{"rendered":"Uniwersytet M\u0142odzie\u017cy"},"content":{"rendered":"<p>[vc_row el_class=&#8221;container&#8221;][vc_column el_class=&#8221;container&#8221;]\r\n                <div class=\"text-modules\">\r\n                    <div class=\"container\">\r\n                        <h3 class=\"page-title text__title\">Uniwersytet M\u0142odzie\u017cy<\/h3>\r\n                        <div class=\"text-modules__content\"><\/div>\r\n                    <\/div>\r\n                <\/div>\r\n                <div class=\"text-modules \">\r\n                    <div class=\"container\">\r\n                        <h3 class=\"section-title section-title_border-bottom\">Paulina B\u0142aszczyk<\/h3> \r\n                        <div class=\"row m-0\">\r\n                            <div class=\"text-modules__content\">\r\n                                <\/p>\n<div class=\"content\">\n<p><span style=\"font-family: verdana, geneva, sans-serif;\"><b><span style=\"color: #000000;\">Paulina B\u0142aszczyk<\/span><\/b><span style=\"color: #000000;\">\u00a0reprezentowa\u0142a szko\u0142\u0119 w szkolnych etapach olimpiad z historii, matematyki<br \/>\ni angielskiego, zakwalifikowa\u0142a si\u0119 do etapu rejonowego olimpiady z angielskiego i bra\u0142a udzia\u0142<br \/>\nw mi\u0119dzynarodowym konkursie Fox i Olimpus z tego przedmiotu. Bra\u0142a udzia\u0142 w licznych konkursach plastycznych. Zdoby\u0142a nagrod\u0119 wyr\u00f3\u017cnienia w pikniku malarskim ,,Sielskie Klimaty\u2019\u2019 i nagrod\u0119 drugiego miejsca w konkursie ,,\u015al\u0105ski festiwal z martw\u0105 natur\u0105\u2019\u2019. Zdoby\u0142a pi\u0105te miejsce miejskim konkursie matematycznym, reprezentowa\u0142a szko\u0142\u0119 w mi\u0119dzynarodowym konkursie Kangur matematyczny i Olimpus w zakresie przedmiotu matematyka, zdoby\u0142a pierwsze miejsce w powiecie (8 w wojew\u00f3dztwie) w Matematycznych Mistrzostwach Polski Dzieci i M\u0142odzie\u017cy. Jest uczestnikiem Szkolnego Programu Wspierania Uczni\u00f3w Szczeg\u00f3lnie Uzdolnionych z przedmiotu matematyka.<\/span><\/span><\/p>\n<\/div>\n<div class=\"mt-3\"><\/div>\r\n                            <\/div>\r\n                            \r\n                            \r\n                        <\/div>\r\n                    <\/div>\r\n                <\/div>\r\n                <div class=\"text-modules \">\r\n                    <div class=\"container\">\r\n                        <h3 class=\"section-title section-title_border-bottom\">Agnieszka Grobelczyk<\/h3> \r\n                        <div class=\"row m-0\">\r\n                            <div class=\"text-modules__content\">\r\n                                <\/p>\n<div class=\"content\">\n<p><span style=\"font-family: verdana, geneva, sans-serif;\"><b><span style=\"color: #000000;\">Agnieszka Grobelczyk<\/span><\/b><span style=\"color: #000000;\">\u00a0pe\u0142ni funkcj\u0119 Przewodnicz\u0105cej Samorz\u0105du Uczniowskiego &#8211; samodzielnie zorganizowa\u0142a wiele szkolnych imprez, m.in. I Mi\u0119dzyklasowy Konkurs Miko\u0142ajkowy, szkolne miko\u0142ajki, Bal Zimowy, dyskotek\u0119 szkoln\u0105 oraz Dzie\u0144 Kobiet. Jest finalistk\u0105 Konkursu Przedmiotowego z Biologii. Zosta\u0142a laureatk\u0105 Og\u00f3lnopolskiego Konkursu Ortograficznego i Mix-u Humanistycznego oraz finalistk\u0105 Og\u00f3lnopolskiego Konkursu Krasom\u00f3wczego im. Wojciecha Korfantego. Zaj\u0119\u0142a IV miejsce w konkursie matematycznym \u201eStrza\u0142 w XLO\u201d w Bytomiu. Od maja 2012 jest wolontariuszk\u0105 w O\u015brodku \u015awi\u0119ta El\u017cbieta \u2013 Domu Pomocy Spo\u0142ecznej dla os\u00f3b w podesz\u0142ym wieku w Rudzie \u015al\u0105skiej. Jako wolontariuszka systematycznie bierze r\u00f3wnie\u017c udzia\u0142 w akcji WO\u015aP. Poza tym, od trzech lat bierze czynny udzia\u0142 w Wymianie Polsko-Niemieckiej. Ma wiele zainteresowa\u0144, m.in. fotografi\u0119 \u2013 ostatnio zaj\u0119\u0142a III miejsce w szkolnym konkursie fotograficznym.<\/span><\/span><\/p>\n<\/div>\n<div class=\"mt-3\"><\/div>\r\n                            <\/div>\r\n                            \r\n                            \r\n                        <\/div>\r\n                    <\/div>\r\n                <\/div>\r\n                <div class=\"text-modules \">\r\n                    <div class=\"container\">\r\n                        <h3 class=\"section-title section-title_border-bottom\">Pawe\u0142 Pokorski<\/h3> \r\n                        <div class=\"row m-0\">\r\n                            <div class=\"text-modules__content\">\r\n                                <b>Pawe\u0142 Pokorski<\/b>\u00a0uczestniczy\u0142 w zaj\u0119ciach Uniwersytetu \u015al\u0105skiego Dzieci w grupie M\u0142odych Naukowc\u00f3w, a obecnie uczestniczy w zaj\u0119ciach Uniwersytetu \u015al\u0105skiego M\u0142odzie\u017cy na wydziale Teorii i Do\u015bwiadcze\u0144. Uzyska\u0142 tytu\u0142 Laureata Wojew\u00f3dzkiego Konkursu Przedmiotowego z Biologii dla Uczni\u00f3w Gimnazj\u00f3w. Zaj\u0105\u0142 II miejsce w wojew\u00f3dzkim etapie Olimpiady Promocji Zdrowego Stylu \u017bycia zorganizowanej przez PCK, w ramach kt\u00f3rej zaaran\u017cowa\u0142 w swojej szkole prozdrowotn\u0105 akcj\u0119 \u201eWYBIERAM ZDROWIE!\u201d. Zdoby\u0142 I miejsce w szkolnym konkursie recytatorskim w j\u0119zyku angielskim \u201ePoezja jest w nas\u201d. W szkole podstawowej trenowa\u0142 koszyk\u00f3wk\u0119, zdoby\u0142 tytu\u0142 arcymistrza ortografii w miejskim konkursie \u201eMali mistrzowie ortografii\u201d. Jego ulubione sporty to tenis ziemny, tenis sto\u0142owy i siatk\u00f3wka, a w\u015br\u00f3d zainteresowa\u0144 wymienia nauki przyrodnicze, opiek\u0119 nad pupilem \u2013 koszatniczk\u0105 o imieniu Tosiek oraz s\u0142uchanie muzyki i podr\u00f3\u017ce. \r\n                                <div class=\"mt-3\"><\/div>\r\n                            <\/div>\r\n                            \r\n                            \r\n                        <\/div>\r\n                    <\/div>\r\n                <\/div>\r\n                <div class=\"text-modules \">\r\n                    <div class=\"container\">\r\n                        <h3 class=\"section-title section-title_border-bottom\">Adam Niklewski<\/h3> \r\n                        <div class=\"row m-0\">\r\n                            <div class=\"text-modules__content\">\r\n                                <strong>Adam Niklewski<\/strong>\u00a0ma 13 lat i mieszka w Zabrzu, gdzie ucz\u0119szcza do I Klasy Gimnazjum Zespo\u0142u Szk\u00f3\u0142 Katolickich. Jako cz\u0142onek samorz\u0105du, bierze aktywny udzia\u0142 w \u017cyciu klasy, za\u015b za wzorowe zachowanie i bardzo dobre wyniki w nauce otrzymuje stypendium naukowe dyrektora szko\u0142y. Jako, \u017ce oboje rodzice s\u0105 lekarzami, Adam interesuje si\u0119 naukami przyrodniczymi. Jego hobby to wycieczki g\u00f3rskie, jazda na rowerze oraz gra na gitarze klasycznej. \r\n                                <div class=\"mt-3\"><\/div>\r\n                            <\/div>\r\n                            \r\n                            \r\n                        <\/div>\r\n                    <\/div>\r\n                <\/div>[\/vc_column][\/vc_row]<\/p>","protected":false},"excerpt":{"rendered":"<p>[vc_row el_class=&#8221;container&#8221;][vc_column el_class=&#8221;container&#8221;][\/vc_column][\/vc_row] [&#8230;]<\/p>\n<p><a class=\"btn btn-secondary understrap-read-more-link\" href=\"https:\/\/us.edu.pl\/student\/dzialalnosc-studencka\/wyroznienia-jm-rektora-us\/laureaci-poprzednich-edycji\/laureaci-2013\/uniwersytet-mlodziezy\/\">Read More&#8230;<\/a><\/p>\n","protected":false},"author":1,"featured_media":0,"parent":5910,"menu_order":0,"comment_status":"closed","ping_status":"closed","template":"","meta":{"_expiration-date-status":"","_expiration-date":0,"_expiration-date-type":"","_expiration-date-categories":[],"_expiration-date-options":[]},"acf":[],"_links":{"self":[{"href":"https:\/\/us.edu.pl\/student\/wp-json\/wp\/v2\/pages\/6492"}],"collection":[{"href":"https:\/\/us.edu.pl\/student\/wp-json\/wp\/v2\/pages"}],"about":[{"href":"https:\/\/us.edu.pl\/student\/wp-json\/wp\/v2\/types\/page"}],"author":[{"embeddable":true,"href":"https:\/\/us.edu.pl\/student\/wp-json\/wp\/v2\/users\/1"}],"replies":[{"embeddable":true,"href":"https:\/\/us.edu.pl\/student\/wp-json\/wp\/v2\/comments?post=6492"}],"version-history":[{"count":0,"href":"https:\/\/us.edu.pl\/student\/wp-json\/wp\/v2\/pages\/6492\/revisions"}],"up":[{"embeddable":true,"href":"https:\/\/us.edu.pl\/student\/wp-json\/wp\/v2\/pages\/5910"}],"wp:attachment":[{"href":"https:\/\/us.edu.pl\/student\/wp-json\/wp\/v2\/media?parent=6492"}],"curies":[{"name":"wp","href":"https:\/\/api.w.org\/{rel}","templated":true}]}}