{"id":6513,"date":"2019-10-10T13:26:01","date_gmt":"2019-10-10T11:26:01","guid":{"rendered":"https:\/\/us.edu.pl\/student\/?page_id=6513"},"modified":"2019-10-10T13:26:01","modified_gmt":"2019-10-10T11:26:01","slug":"uniwersytet-trzeciego-wieku","status":"publish","type":"page","link":"https:\/\/us.edu.pl\/student\/dzialalnosc-studencka\/wyroznienia-jm-rektora-us\/laureaci-poprzednich-edycji\/laureaci-2013\/uniwersytet-trzeciego-wieku\/","title":{"rendered":"Uniwersytet Trzeciego Wieku"},"content":{"rendered":"<p>[vc_row el_class=&#8221;container&#8221;][vc_column el_class=&#8221;container&#8221;]\r\n                <div class=\"text-modules\">\r\n                    <div class=\"container\">\r\n                        <h3 class=\"page-title text__title\">Uniwersytet Trzeciego Wieku<\/h3>\r\n                        <div class=\"text-modules__content\"><\/div>\r\n                    <\/div>\r\n                <\/div>\r\n                <div class=\"text-modules \">\r\n                    <div class=\"container\">\r\n                        <h3 class=\"section-title section-title_border-bottom\">Gabriel Markiewicz<\/h3> \r\n                        <div class=\"row m-0\">\r\n                            <div class=\"text-modules__content\">\r\n                                <\/p>\n<div class=\"content\">\n<p><strong><span style=\"color: #000000;\">Gabriel Markiewicz<\/span><\/strong><span style=\"color: #000000;\">\u00a0&#8211; od 7 lat jest s\u0142uchaczem Uniwersytetu Trzeciego Wieku w Uniwersytecie \u015al\u0105skim, a od 2011 roku aktywnym cz\u0142onkiem Samorz\u0105du S\u0142uchaczy UTW. Opisa\u0142 histori\u0119 ponad 150 budynk\u00f3w miasta, opracowuj\u0105c przewodnik do spacer\u00f3w po Katowicach obejmuj\u0105cy 5 tras, wiod\u0105cych 27 ulicami, a opisanymi trasami prowadzi\u0142 wycieczki dla s\u0142uchaczy UTW. Bra\u0142 czynny udzia\u0142 w organizacji \u201eDni Seniora\u201d w mie\u015bcie Katowice (2012 -2013). W ramach dzia\u0142alno\u015bci w kole historycznym UTW przygotowa\u0142 i przedstawi\u0142 prezentacje multimedialne \u201e\u015al\u0105sk i\u00a0jego magiczne miejsca\u201d obejmuj\u0105ce Toszek, Krzy\u017canowice oraz Racib\u00f3rz. Jest wsp\u00f3\u0142autorem tras wycieczek edukacyjnych UTW. Na bie\u017c\u0105co opracowuje relacje (w postaci opis\u00f3w i zdj\u0119\u0107) z\u00a0wycieczek organizowanych przez UTW pod tytu\u0142em: \u201eUniwersytet Trzeciego Wieku podr\u00f3\u017cuje i zwiedza\u201d. Relacje te s\u0105 umieszczane na stronie internetowej UTW. Pracowa\u0142 w sp\u00f3\u0142dzielczo\u015bci mieszkaniowej w Katowicach i by\u0142 nauczycielem j\u0119zyka polskiego w szkole zawodowej. Pasj\u0105 Pana Gabriela s\u0105 podr\u00f3\u017ce po kraju i \u015bwiecie oraz ich dokumentacja.<\/span><\/p>\n<\/div>\n<div class=\"mt-3\"><\/div>\r\n                            <\/div>\r\n                            \r\n                            \r\n                        <\/div>\r\n                    <\/div>\r\n                <\/div>[\/vc_column][\/vc_row]<\/p>","protected":false},"excerpt":{"rendered":"<p>[vc_row el_class=&#8221;container&#8221;][vc_column el_class=&#8221;container&#8221;][\/vc_column][\/vc_row] [&#8230;]<\/p>\n<p><a class=\"btn btn-secondary understrap-read-more-link\" href=\"https:\/\/us.edu.pl\/student\/dzialalnosc-studencka\/wyroznienia-jm-rektora-us\/laureaci-poprzednich-edycji\/laureaci-2013\/uniwersytet-trzeciego-wieku\/\">Read More&#8230;<\/a><\/p>\n","protected":false},"author":1,"featured_media":0,"parent":5910,"menu_order":0,"comment_status":"closed","ping_status":"closed","template":"","meta":{"_expiration-date-status":"","_expiration-date":0,"_expiration-date-type":"","_expiration-date-categories":[],"_expiration-date-options":[]},"acf":[],"_links":{"self":[{"href":"https:\/\/us.edu.pl\/student\/wp-json\/wp\/v2\/pages\/6513"}],"collection":[{"href":"https:\/\/us.edu.pl\/student\/wp-json\/wp\/v2\/pages"}],"about":[{"href":"https:\/\/us.edu.pl\/student\/wp-json\/wp\/v2\/types\/page"}],"author":[{"embeddable":true,"href":"https:\/\/us.edu.pl\/student\/wp-json\/wp\/v2\/users\/1"}],"replies":[{"embeddable":true,"href":"https:\/\/us.edu.pl\/student\/wp-json\/wp\/v2\/comments?post=6513"}],"version-history":[{"count":0,"href":"https:\/\/us.edu.pl\/student\/wp-json\/wp\/v2\/pages\/6513\/revisions"}],"up":[{"embeddable":true,"href":"https:\/\/us.edu.pl\/student\/wp-json\/wp\/v2\/pages\/5910"}],"wp:attachment":[{"href":"https:\/\/us.edu.pl\/student\/wp-json\/wp\/v2\/media?parent=6513"}],"curies":[{"name":"wp","href":"https:\/\/api.w.org\/{rel}","templated":true}]}}