{"id":6587,"date":"2019-10-10T14:49:27","date_gmt":"2019-10-10T12:49:27","guid":{"rendered":"https:\/\/us.edu.pl\/student\/?page_id=6587"},"modified":"2019-10-10T16:20:05","modified_gmt":"2019-10-10T14:20:05","slug":"doktorant","status":"publish","type":"page","link":"https:\/\/us.edu.pl\/student\/dzialalnosc-studencka\/wyroznienia-jm-rektora-us\/laureaci-poprzednich-edycji\/laureaci-2012\/doktorant\/","title":{"rendered":"Doktorant"},"content":{"rendered":"<p>[vc_row el_class=&#8221;container&#8221;][vc_column el_class=&#8221;container&#8221;]\r\n                <div class=\"text-modules\">\r\n                    <div class=\"container\">\r\n                        <h3 class=\"page-title text__title\">Doktorant<\/h3>\r\n                        <div class=\"text-modules__content\"><\/div>\r\n                    <\/div>\r\n                <\/div>\r\n                <div class=\"text-modules \">\r\n                    <div class=\"container\">\r\n                        <h3 class=\"section-title section-title_border-bottom\">Alexander Betekhtin<\/h3> \r\n                        <div class=\"row m-0\">\r\n                            <div class=\"text-modules__content\">\r\n                                <\/p>\n<ul>\n<li>21 maja 2012 r. otrzyma\u0142 Wyr\u00f3\u017cnienie Jego Magnificencji Rektora U\u015a za osi\u0105gni\u0119cia naukowe<\/li>\n<li>doktorant na kierunku Advanced Methods in Biotechnology and Biodiversity na Wydziale Biologii i Ochrony \u015arodowiska, specjalizuje si\u0119 w cytogenetyce molekularnej<\/li>\n<li>od 2010 roku realizuje dwa granty MNiSW \u201eCytomolekularne badania genomu j\u0105drowego Brachypodium distachyon i gatunk\u00f3w pokrewnych\u201d oraz \u201eOrganizacja element\u00f3w ruchomych w genomie a ewolucja traw i zb\u00f3\u017c\u201d (ze wzgl\u0119du na ponad 60% udzia\u0142 w \u015bwiatowej produkcji \u017cywno\u015bci trawy s\u0105 zarazem najwa\u017cniejsz\u0105 grup\u0105 ro\u015blin uprawnych)<\/li>\n<li>publikuje angloj\u0119zyczne artyku\u0142y w presti\u017cowych czasopismach naukowych<\/li>\n<li>jego artyku\u0142 An integrated physical, genetic and cytogenetic map of Brachypodium distachyon, a model system for grass research w ci\u0105gu 17 miesi\u0119cy zyska\u0142 8 cytowa\u0144<\/li>\n<li>przedstawi\u0142 ponad 10 referat\u00f3w lub plakat\u00f3w na konferencjach naukowych w USA i w Europie<\/li>\n<li>uczestniczy\u0142 w programie Erasmus w Wielkiej Brytanii i Hiszpanii<\/li>\n<li>zna j\u0119zyk angielski, polski i rosyjski, a szczeg\u00f3lnie interesuje si\u0119 j\u0119zykiem niemieckim<\/li>\n<li>uko\u0144czy\u0142 Liceum nr 5 w Kazaniu w Rosji<\/li>\n<li>aktualnie mieszka w Katowicach<\/li>\n<\/ul>\n<div class=\"mt-3\"><\/div>\r\n                            <\/div>\r\n                            \r\n                            <div class=\"text-modules__img\"><img src=\"https:\/\/us.edu.pl\/student\/wp-content\/uploads\/sites\/3\/Nieprzypisane\/Betekhtin-Alexander1.jpg\" alt=\"img\"><\/div>\r\n                        <\/div>\r\n                    <\/div>\r\n                <\/div>\r\n                <div class=\"text-modules reverse\">\r\n                    <div class=\"container\">\r\n                        <h3 class=\"section-title section-title_border-bottom\">Jagoda Bosek<\/h3> \r\n                        <div class=\"row m-0\">\r\n                            <div class=\"text-modules__content\">\r\n                                <\/p>\n<ul>\n<li>21 maja 2012 r. otrzyma\u0142a Wyr\u00f3\u017cnienie Jego Magnificencji Rektora U\u015a za dzia\u0142alno\u015b\u0107 spo\u0142eczn\u0105 na rzecz spo\u0142eczno\u015bci lokalnej<\/li>\n<li>doktorantka biologii na Wydziale Biologii i Ochrony \u015arodowiska<\/li>\n<li>od 2009 roku wspiera osoby g\u0142uchoniewidome w ramach dzia\u0142alno\u015bci w \u015al\u0105skiej Jednostce Wojew\u00f3dzkiej Towarzystwa Pomocy G\u0142uchoniewidomym (TPG)<\/li>\n<li>wsp\u00f3\u0142organizuje spotkania klubowe i udziela indywidualnego wsparcia<\/li>\n<li>pomaga osobom g\u0142uchoniewidomym w r\u00f3\u017cnych czynno\u015bciach dnia codziennego, w przyswajaniu nowych informacji i umiej\u0119tno\u015bci umo\u017cliwiaj\u0105cych im jak najwi\u0119ksz\u0105 samodzielno\u015b\u0107, zach\u0119ca do wsp\u00f3lnego atrakcyjnego sp\u0119dzania czasu poza domem<\/li>\n<li>stale dokszta\u0142ca si\u0119 i poszerza swoj\u0105 wiedz\u0119 na temat niepe\u0142nosprawno\u015bci<\/li>\n<li>jednocze\u015bnie realizowa\u0142a i realizuje projekty naukowe; studia magisterskie na kierunku biologia uko\u0144czy\u0142a z wynikiem celuj\u0105cym<\/li>\n<li>posiada patent \u017ceglarza jachtowego oraz umiej\u0119tno\u015b\u0107 jazdy konnej i gry na gitarze; poza tym interesuje si\u0119 turystyk\u0105 g\u00f3rsk\u0105<\/li>\n<li>uko\u0144czy\u0142a I Liceum Og\u00f3lnokszta\u0142c\u0105ce im. Jana Smolenia w Bytomiu<\/li>\n<li>rodzinna miejscowo\u015b\u0107: Bytom<\/li>\n<\/ul>\n<div class=\"mt-3\"><\/div>\r\n                            <\/div>\r\n                            \r\n                            <div class=\"text-modules__img\"><img src=\"https:\/\/us.edu.pl\/student\/wp-content\/uploads\/sites\/3\/Nieprzypisane\/Przechwytywanie.png\" alt=\"img\"><\/div>\r\n                        <\/div>\r\n                    <\/div>\r\n                <\/div>\r\n                <div class=\"text-modules \">\r\n                    <div class=\"container\">\r\n                        <h3 class=\"section-title section-title_border-bottom\">Krzysztof Gaidzik<\/h3> \r\n                        <div class=\"row m-0\">\r\n                            <div class=\"text-modules__content\">\r\n                                <\/p>\n<ul>\n<li>21 maja 2012 r. otrzyma\u0142 Wyr\u00f3\u017cnienie Jego Magnificencji Rektora U\u015a za osi\u0105gni\u0119cia naukowe<\/li>\n<li>doktorant geologii na Wydziale Nauk o Ziemi; uko\u0144czy\u0142 studia w zakresie geologii i geografii<\/li>\n<li>jest jednym z wykonawc\u00f3w projektu \u201eStworzenie podwaliny naukowej pod przysz\u0142y park narodowy w Peru\u201d, kt\u00f3ry znalaz\u0142 si\u0119 na li\u015bcie 40 najwa\u017cniejszych osi\u0105gni\u0119\u0107 nauki polskiej ostatnich lat w konkursie \u201eCudze chwalicie, swego nie znacie. Promocja osi\u0105gni\u0119\u0107 nauki polskiej\u201d (kierownikiem grupy tektonicznej jest dr hab. Jerzy \u017baba)<\/li>\n<li>wykonawca projektu \u201eBadania mezostrukturalne i mikrotektoniczne dla arkusza Limanowa\u201d oraz dw\u00f3ch innych projekt\u00f3w badawczych zleconych przez Pa\u0144stwowy Instytut Geologiczny<\/li>\n<li>realizuje grant Ministerstwa Nauki i Szkolnictwa Wy\u017cszego \u201eTektonika po\u0142udniowej strefy kontaktowej masywu granitoidowego Karkonoszy w rejonie Karpacza\u201d<\/li>\n<li>autor 14 artyku\u0142\u00f3w w czasopismach naukowych<\/li>\n<li>uczestnik licznych konferencji za granic\u0105 i w kraju<\/li>\n<li>dwukrotnie uczestniczy\u0142 w wyprawach naukowych do Peru w ramach Polskich Bada\u0144 Naukowych w Peru (2008 i 2010)<\/li>\n<li>od 2009 roku Associate Editor w Central European Journal of Geosciences; od 2011 roku cz\u0142onek komitetu redakcyjnego Biuletynu Naukowego Wroc\u0142awskiej Wy\u017cszej Szko\u0142y Informatyki Stosowanej. Turystyka i Rekreacja<\/li>\n<li>w latach 2005-2008 przewodnicz\u0105cy Studenckiego Ko\u0142a Naukowego Geolog\u00f3w<\/li>\n<li>uko\u0144czy\u0142 kurs ska\u0142kowy w prowadzeniu dr\u00f3g o nadzwyczajnej trudno\u015bci<\/li>\n<li>jego zainteresowania pozanaukowe to turystyka g\u00f3rska, speleologia, astronomia, kosmologia i fizyka kwantowa, historia oraz kultura rdzennych lud\u00f3w Ameryki P\u00f3\u0142nocnej i Po\u0142udniowej oraz biegi d\u0142ugodystansowe<\/li>\n<li>uko\u0144czy\u0142 Publiczne Liceum Og\u00f3lnokszta\u0142c\u0105ce Towarzystwa Salezja\u0144skiego w Zabrzu<\/li>\n<li>rodzinna miejscowo\u015b\u0107: Zabrze<\/li>\n<\/ul>\n<div class=\"mt-3\"><\/div>\r\n                            <\/div>\r\n                            \r\n                            <div class=\"text-modules__img\"><img src=\"https:\/\/us.edu.pl\/student\/wp-content\/uploads\/sites\/3\/Nieprzypisane\/Gaidzik-Krzysztof1.jpg\" alt=\"img\"><\/div>\r\n                        <\/div>\r\n                    <\/div>\r\n                <\/div>\r\n                <div class=\"text-modules reverse\">\r\n                    <div class=\"container\">\r\n                        <h3 class=\"section-title section-title_border-bottom\">Monika Gw\u00f3\u017ad\u017a<\/h3> \r\n                        <div class=\"row m-0\">\r\n                            <div class=\"text-modules__content\">\r\n                                <\/p>\n<ul>\n<li>21 maja 2012 r. otrzyma\u0142a Wyr\u00f3\u017cnienie Jego Magnificencji Rektora U\u015a za osi\u0105gni\u0119cia naukowe oraz dzia\u0142alno\u015b\u0107 na rzecz spo\u0142eczno\u015bci Wydzia\u0142u<\/li>\n<li>doktorantka teologii na Wydziale Teologicznym<\/li>\n<li>realizuje projekt badawczy \u201eBiblijna idea przymierza w prawodawstwie ma\u0142\u017ce\u0144skim Ko\u015bcio\u0142a rzymskokatolickiego i Ko\u015bcio\u0142\u00f3w ewangelickich. Studium por\u00f3wnawcze\u201d<\/li>\n<li>redaktorka monografii \u201eZ rodzin\u0105 nie tylko na fotografii\u201d oraz kilku artyku\u0142\u00f3w naukowych i rozdzia\u0142ach w ksi\u0105\u017ckach<\/li>\n<li>uczestniczy\u0142a w ponad 10 konferencjach naukowych, a 5 konferencji wsp\u00f3\u0142organizowa\u0142a<\/li>\n<li>redaktor naczelny czasopisma doktorant\u00f3w WTL U\u015a Teologia M\u0142odych<\/li>\n<li>prowadzi\u0142a spotkania w ramach kurs\u00f3w bli\u017cszego przygotowania do ma\u0142\u017ce\u0144stwa organizowanych w tyskich parafiach<\/li>\n<li>uko\u0144czy\u0142a Podyplomowe Studia Rodziny i Mediacji S\u0105dowej na U\u015a<\/li>\n<li>poza zainteresowaniami naukowymi lubi zdobywa\u0107 kolejne szczyty polskich g\u00f3r<\/li>\n<li>uko\u0144czy\u0142a IV Liceum Og\u00f3lnokszta\u0142c\u0105ce Zespo\u0142u Szk\u00f3\u0142 nr 1 im. Gustawa Morcinka w Tychach<\/li>\n<li>rodzinna miejscowo\u015b\u0107: Tychy<\/li>\n<\/ul>\n<div class=\"mt-3\"><\/div>\r\n                            <\/div>\r\n                            \r\n                            <div class=\"text-modules__img\"><img src=\"https:\/\/us.edu.pl\/student\/wp-content\/uploads\/sites\/3\/Nieprzypisane\/Gw\u00f3\u017ad\u017a-Monika1-300x200.jpg\" alt=\"img\"><\/div>\r\n                        <\/div>\r\n                    <\/div>\r\n                <\/div>\r\n                <div class=\"text-modules \">\r\n                    <div class=\"container\">\r\n                        <h3 class=\"section-title section-title_border-bottom\">Micha\u0142 K\u0142osi\u0144ski<\/h3> \r\n                        <div class=\"row m-0\">\r\n                            <div class=\"text-modules__content\">\r\n                                <\/p>\n<ul>\n<li>21 maja 2012 r. otrzyma\u0142 Wyr\u00f3\u017cnienie Jego Magnificencji Rektora U\u015a za osi\u0105gni\u0119cia naukowe<\/li>\n<li>doktorant filologii polskiej na Wydziale Filologicznym<\/li>\n<li>od 2011 roku jest kierownikiem w\u0142asnego projektu naukowego \u201eBaudrillard \u2013 Teoria \u2013 Literatura\u201d, kt\u00f3ry realizuje w ramach grantu Narodowego Centrum Nauki<\/li>\n<li>zosta\u0142 zaproszony do uczestnictwa w mi\u0119dzynarodowym interdyscyplinarnym seminarium profesora Samuela Webera w Pary\u017cu, w ramach kt\u00f3rego by\u0142 cz\u0142onkiem Paris Program in Critical Theory; profesor Weber zosta\u0142 mi\u0119dzynarodowym promotorem doktoranta<\/li>\n<li>autor jedenastu artyku\u0142\u00f3w naukowych i czynny uczestnik jedenastu konferencji naukowych<\/li>\n<li>pomys\u0142odawca i organizator konferencji \u201eEkonomia literatury\u201d<\/li>\n<li>cz\u0142onek Ko\u0142a Naukowego Krytyki Marksistowskiej (od 2010), Ko\u0142a Naukowego Doktorant\u00f3w Wydzia\u0142u Filologicznego (od 2008), Studenckiego Ko\u0142a Naukowego Teorii Literatury (od 2005)<\/li>\n<li>prowadzi warsztaty interpretacyjno-analityczne z m\u0142odzie\u017c\u0105<\/li>\n<li>pracowa\u0142 w jury dw\u00f3ch edycji Turnieju Jednego Wiersza<\/li>\n<li>interesuje si\u0119 teori\u0105 literatury i teori\u0105 Jeana Baudrillard&#8217;a<\/li>\n<li>uko\u0144czy\u0142 II Liceum Og\u00f3lnokszta\u0142c\u0105ce im. Emilii Plater w Sosnowcu<\/li>\n<li>rodzinna miejscowo\u015b\u0107: Sosnowiec<\/li>\n<\/ul>\n<div class=\"mt-3\"><\/div>\r\n                            <\/div>\r\n                            \r\n                            <div class=\"text-modules__img\"><img src=\"https:\/\/us.edu.pl\/student\/wp-content\/uploads\/sites\/3\/Nieprzypisane\/K\u0142osi\u0144ski-Micha\u01421-173x300.jpg\" alt=\"img\"><\/div>\r\n                        <\/div>\r\n                    <\/div>\r\n                <\/div>\r\n                <div class=\"text-modules reverse\">\r\n                    <div class=\"container\">\r\n                        <h3 class=\"section-title section-title_border-bottom\">Grzegorz Libor<\/h3> \r\n                        <div class=\"row m-0\">\r\n                            <div class=\"text-modules__content\">\r\n                                <\/p>\n<ul>\n<li>21 maja 2012 r. otrzyma\u0142 Wyr\u00f3\u017cnienie Jego Magnificencji Rektora U\u015a za osi\u0105gni\u0119cia naukowe<\/li>\n<li>doktorant socjologii na Wydziale Nauk Spo\u0142ecznych<\/li>\n<li>zrealizowa\u0142 projekt naukowo-badawczy \u201eBalcerek\u201d oraz \u201e\u017bycie polityczne na obrze\u017cach przysz\u0142ej metropolii na przyk\u0142adzie gminy Miko\u0142\u00f3w\u201d, kt\u00f3ry zako\u0144czy\u0142 si\u0119 wydaniem ksi\u0105\u017cki<\/li>\n<li>kierowa\u0142 projektem naukowo-badawczym \u201eParki naukowo \u2013 technologiczne w Europie. Studium por\u00f3wnawcze wybranych przypadk\u00f3w o\u015brodk\u00f3w innowacyjno\u015bci i ich spo\u0142ecznych aspekt\u00f3w\u201d<\/li>\n<li>autor dw\u00f3ch ksi\u0105\u017cek naukowych oraz siedmiu artyku\u0142\u00f3w naukowych<\/li>\n<li>organizator oraz pomys\u0142odawca konferencji \u201eEuropejska Polityka S\u0105siedztwa w regionie \u015br\u00f3dziemnomorskim\u201d oraz wsp\u00f3\u0142organizator dw\u00f3ch innych konferencji<\/li>\n<li>jego zainteresowania to socjologia polityki, podzia\u0142y socjopolityczne, socjologia sportu, pi\u0142ka no\u017cna, ekonomia, muzyka nowoczesna<\/li>\n<li>uko\u0144czy\u0142 Liceum im. Karola Miarki w Miko\u0142owie<\/li>\n<li>rodzinna miejscowo\u015b\u0107: Miko\u0142\u00f3w<\/li>\n<\/ul>\n<div class=\"mt-3\"><\/div>\r\n                            <\/div>\r\n                            \r\n                            <div class=\"text-modules__img\"><img src=\"https:\/\/us.edu.pl\/student\/wp-content\/uploads\/sites\/3\/Nieprzypisane\/Libor-Grzegorz1-1.jpg\" alt=\"img\"><\/div>\r\n                        <\/div>\r\n                    <\/div>\r\n                <\/div>\r\n                <div class=\"text-modules \">\r\n                    <div class=\"container\">\r\n                        <h3 class=\"section-title section-title_border-bottom\">Marek Marzec<\/h3> \r\n                        <div class=\"row m-0\">\r\n                            <div class=\"text-modules__content\">\r\n                                <\/p>\n<ul>\n<li>21 maja 2012 r. otrzyma\u0142 Wyr\u00f3\u017cnienie Jego Magnificencji Rektora U\u015a za osi\u0105gni\u0119cia naukowe<\/li>\n<li>doktorant na kierunku Advanced Methods in Biotechnology and Biodiversity na Wydziale Biologii i Ochrony \u015arodowiska, specjalizuje si\u0119 w zakresie biologii i genetyce j\u0119czmienia<\/li>\n<li>realizuje projekty mi\u0119dzynarodowe: \u201eEnhancing resource Uptake from Roots under stress in cereal crops\u201d, realizowany w konsorcjum 20 jednostek z kraj\u00f3w europejskich, finansowany przez Uni\u0119 Europejsk\u0105 z ramach 7 Programu Ramowego oraz \u201eBiotechnology package for enhancing induced mutagenesis in barley\u201d i \u201eMutational analysis of genes involved in DNA repair in barley\u201d finansowany przez Mi\u0119dzynarodow\u0105 Agencj\u0119 Atomistyki we Wiedniu, a w ramach wsp\u00f3\u0142pracy dwustronnej polsko-niemieckiej realizuje projekt \u201eStructural and molecular characterization of barley root epidermal cells for identification of new genes involved in root hair development in Hordeum vulgare\u201d<\/li>\n<li>autor pi\u0119ciu artyku\u0142\u00f3w naukowych publikowanych w uznanych czasopismach naukowych oraz trzech publikacji popularnonaukowych<\/li>\n<li>czynny uczestnik siedemnastu konferencji w kraju i za granic\u0105<\/li>\n<li>otrzyma\u0142 Travel Grant ufundowany przez The Federation of European Societies of Plant Biology na 8th FESPB Congress<\/li>\n<li>w latach 2006-2009 przewodnicz\u0105cy Wydzia\u0142owej Rady Samorz\u0105du Studenckiego, a w latach 2009-2011 sekretarz Wydzia\u0142owej Rady Samorz\u0105du Doktorant\u00f3w<\/li>\n<li>cz\u0142onek Senatu Uniwersytetu \u015al\u0105skiego w latach 2007-2009<\/li>\n<li>jego zainteresowania poza nauk\u0105 to koszyk\u00f3wka, muzyka powa\u017cna i teatr<\/li>\n<li>uko\u0144czy\u0142 I Liceum Og\u00f3lnokszta\u0142c\u0105ce im. Juliusza S\u0142owackiego w Chorzowie<\/li>\n<\/ul>\n<div class=\"mt-3\"><\/div>\r\n                            <\/div>\r\n                            \r\n                            <div class=\"text-modules__img\"><img src=\"https:\/\/us.edu.pl\/student\/wp-content\/uploads\/sites\/3\/Nieprzypisane\/Marzec-Marek1.jpg\" alt=\"img\"><\/div>\r\n                        <\/div>\r\n                    <\/div>\r\n                <\/div>\r\n                <div class=\"text-modules reverse\">\r\n                    <div class=\"container\">\r\n                        <h3 class=\"section-title section-title_border-bottom\">Adriana \u015awi\u0105tek<\/h3> \r\n                        <div class=\"row m-0\">\r\n                            <div class=\"text-modules__content\">\r\n                                <\/p>\n<ul>\n<li>21 maja 2012 r. otrzyma\u0142a Wyr\u00f3\u017cnienie Jego Magnificencji Rektora U\u015a za osi\u0105gni\u0119cia w dzia\u0142alno\u015bci kulturalnej<\/li>\n<li>doktorantka kulturoznawstwa na Wydziale Filologicznym<\/li>\n<li>uko\u0144czy\u0142a r\u00f3wnie\u017c politologi\u0119 na Wydziale Nauk Spo\u0142ecznych<\/li>\n<li>autorka scenariusza oraz re\u017cyserka spektaklu \u201eFORM A\u00a0LNO\u015a\u0106\u201d, kt\u00f3ry otrzyma\u0142 drug\u0105 nagrod\u0119 na V Studenckim Festiwalu Teatralnym<\/li>\n<li>autorka scenariusza oraz re\u017cyserka filmu dokumentalnego \u201eTeatrum mundi\u201d, kt\u00f3rego zbiorowym bohaterem s\u0105 aktorzy Teatru Polskiego Zwi\u0105zku G\u0142uchych \u201eTeatru 3\u201d w Szczecinie; film otrzyma\u0142 pierwsz\u0105 nagrod\u0119 &#8211; Tekturow\u0105 Kamer\u0119 w 2008 roku w ramach Konkursu Akademii Telewizyjnej Telewizji Polskiej S.A. w Katowicach<\/li>\n<li>autorka scenariusza oraz re\u017cyserka kr\u00f3tkometra\u017cowego filmu fabularnego \u201eRite de passage\u201d, kt\u00f3ry wzi\u0105\u0142 udzia\u0142 w czterech festiwalach w Polsce i w Europie<\/li>\n<li>pomys\u0142odawca, organizator i koordynator pleneru fotograficznego w Gardzienicach<\/li>\n<li>pomys\u0142odawca, organizator, koordynator i opiekun artystyczny spektaklu \u201ebunt of nietzsche\u201d, kt\u00f3ry wzi\u0105\u0142 udzia\u0142 w Student Art Festival sSAFKA<\/li>\n<li>wsp\u00f3\u0142za\u0142o\u017cycielka Stowarzyszenia Ambasada Kina Niezale\u017cnego<\/li>\n<li>jej zainteresowania to wspinaczka wysokog\u00f3rska, fotografia analogowa i kino<\/li>\n<li>uko\u0144czy\u0142a I Liceum Og\u00f3lnokszta\u0142c\u0105ce im. Waleriana \u0141ukasi\u0144skiego w D\u0105browie G\u00f3rniczej<\/li>\n<li>miejscowo\u015b\u0107 rodzinna: D\u0105browa G\u00f3rnicza<\/li>\n<\/ul>\n<div class=\"mt-3\"><\/div>\r\n                            <\/div>\r\n                            \r\n                            <div class=\"text-modules__img\"><img src=\"https:\/\/us.edu.pl\/student\/wp-content\/uploads\/sites\/3\/2019\/10\/\u015awi\u0105tek-Adriana1.jpg\" alt=\"img\"><\/div>\r\n                        <\/div>\r\n                    <\/div>\r\n                <\/div>\r\n                <div class=\"text-modules \">\r\n                    <div class=\"container\">\r\n                        <h3 class=\"section-title section-title_border-bottom\">Ma\u0142gorzata Wistuba<\/h3> \r\n                        <div class=\"row m-0\">\r\n                            <div class=\"text-modules__content\">\r\n                                <\/p>\n<ul>\n<li>21 maja 2012 r. otrzyma\u0142a Wyr\u00f3\u017cnienie Jego Magnificencji Rektora U\u015a za osi\u0105gni\u0119cia naukowe<\/li>\n<li>doktorantka geografii na Wydziale Nauk o Ziemi<\/li>\n<li>g\u0142\u00f3wny wykonawca w projekcie naukowo-badawczym \u201eFunkcjonowanie systemu geomorfologicznego stok-koryto w wybranych ma\u0142ych zlewniach masywu Hrub\u00e9go Jesen\u00edka (Sudety Wschodnie)\u201d, \u201eTransformacja rze\u017aby ma\u0142ych dolin pod wp\u0142ywem ekstremalnych zdarze\u0144 meteorologicznych i hydrologicznych w ostatnich 250 latach (Hrub\u00fd Jesen\u00edk, Moravskoslezsk\u00e9 Beskydy)\u201d oraz \u201eGeomorfologiczne skutki wylesie\u0144 i wo\u0142oskiej gospodarki pasterskiej \u2013 zapis w osadach i w makroszcz\u0105tkach ro\u015blinnych (Beskid \u015al\u0105ski, Moravskoslezsk\u00e9 Beskydy, Javorn\u00edky)\u201d<\/li>\n<li>wykonawca w projektach badawczych Narodowego Centrum Nauki \u201eGeomorfologiczny, sedymentologiczny i botaniczny zapis dzia\u0142alno\u015bci cz\u0142owieka podstaw\u0105 do rewaloryzacji \u015brodowiska w wybranych strefach krajobrazowych Polski Po\u0142udniowej\u201d oraz \u201ePor\u00f3wnanie zapisu proces\u00f3w geomorfologicznych i pozageomorfologicz- nych w anatomii drewna drzew rosn\u0105cych w obszarach g\u00f3rskich\u201d<\/li>\n<li>pracuje r\u00f3wnie\u017c przy dw\u00f3ch innych projektach badawczych<\/li>\n<li>autorka lub wsp\u00f3\u0142autorka 20 artyku\u0142\u00f3w naukowych, czynny uczestnik 24 konferencji naukowych krajowych i zagranicznych<\/li>\n<li>1 miejsce w konkursie o jeden mi\u0119dzynarodowy grant dla m\u0142odych geomorfolog\u00f3w do 35 roku \u017cycia fundowany przez International Association of Geomorphologists i IAG\/AIG Carpatho-Balcan-Dinaric Regional Working Group (2010)<\/li>\n<li>3 miejsce w konkursie o trzy europejskie granty fundowany przez International Association of Geomorphologists na udzia\u0142 w warsztatach dla doktorant\u00f3w organizowanych przez British Society for Geomorphology w Windsorze, w Wielkiej Brytanii (2010)<\/li>\n<li>cz\u0142onek za\u0142o\u017cyciel Polskiego Towarzystwa Dendrochronologicznego (od 2011) jej zainteresowania to: cywilizacja staro\u017cytnego Egiptu, ornitologia, uprawianie narciarstwa klasycznego i siatk\u00f3wki, sp\u0142ywy kajakowe<\/li>\n<li>uko\u0144czy\u0142a I Liceum Og\u00f3lnokszta\u0142c\u0105ce im Juliusza S\u0142owackiego w Chorzowie<\/li>\n<li>rodzinna miejscowo\u015b\u0107: Katowice<\/li>\n<\/ul>\n<div class=\"mt-3\"><\/div>\r\n                            <\/div>\r\n                            \r\n                            <div class=\"text-modules__img\"><img src=\"https:\/\/us.edu.pl\/student\/wp-content\/uploads\/sites\/3\/Nieprzypisane\/Wistuba-Ma\u0142gorzata1.jpg\" alt=\"img\"><\/div>\r\n                        <\/div>\r\n                    <\/div>\r\n                <\/div>\r\n                <div class=\"text-modules reverse\">\r\n                    <div class=\"container\">\r\n                        <h3 class=\"section-title section-title_border-bottom\">Aleksandra Antonina Wycisk<\/h3> \r\n                        <div class=\"row m-0\">\r\n                            <div class=\"text-modules__content\">\r\n                                <\/p>\n<ul>\n<li>21 maja 2012 r. otrzyma\u0142a Wyr\u00f3\u017cnienie Jego Magnificencji Rektora U\u015a za osi\u0105gni\u0119cia naukowe<\/li>\n<li>doktorantka socjologii na Wydziale Nauk Spo\u0142ecznych<\/li>\n<li>uko\u0144czy\u0142a r\u00f3wnie\u017c filologi\u0119 na Wydziale Filologicznym<\/li>\n<li>otrzyma\u0142a wyr\u00f3\u017cnienie specjalne Ministra Rozwoju Regionalnego w V edycji Konkursu Teraz Polska Promocja na najlepsz\u0105 prac\u0119 magistersk\u0105 dotycz\u0105c\u0105 promocji Polski<\/li>\n<li>uczestniczka lub wsp\u00f3\u0142autorka projekt\u00f3w badawczych: \u201eDiagnoza problem\u00f3w spo\u0142ecznych i monitoring aktywizacji polityki rozwoju zasob\u00f3w ludzkich w Katowicach\u201d, \u201eOd badania do dzia\u0142ania. Analiza trend\u00f3w rozwojowych i zmian gospodarczych w obszarze G\u00f3rno\u015bl\u0105skiego Zwi\u0105zku Metropolitalnego\u201d, \u201eKatowice miastem akademickim?\u201d, \u201eMetropolia w oczach mieszka\u0144c\u00f3w G\u00f3rno\u015bl\u0105skiego Zwi\u0105zku Metropolitalnego\u201d, \u201eJa \u015al\u0105zak, Ja Polak, Ja Europejczyk, badania w ramach programu Narodowego Centrum Kultury Patriotyzm Jutra\u201d oraz \u201eKatowice. Wsp\u00f3\u0142czesny obraz miasta i jego mieszka\u0144c\u00f3w\u201d<\/li>\n<li>autorka pi\u0119tnastu artyku\u0142\u00f3w lub rozdzia\u0142\u00f3w w monografiach<\/li>\n<li>autorka trzydziestu wyst\u0105pie\u0144 na konferencjach naukowych; wsp\u00f3\u0142organizowa\u0142a trzy<\/li>\n<li>trzykrotnie otrzymywa\u0142a Stypendium Ministra Nauki i Szkolnictwa Wy\u017cszego za osi\u0105gni\u0119cia w nauce<\/li>\n<li>interesuje si\u0119 spo\u0142eczn\u0105 recepcj\u0105 promocji miast i region\u00f3w, afirmacj\u0105 to\u017csamo\u015bci (kulturowej, spo\u0142ecznej, regionalnej), kwesti\u0105 zderzenia folklor\/folkloryzm i kultur\u0105 masow\u0105 oraz estetyk\u0105 kiczu uko\u0144czy\u0142a III Liceum Og\u00f3lnokszta\u0142c\u0105ce w ZSO nr 11 w Zabrzu<\/li>\n<li>rodzinna miejscowo\u015b\u0107: Zabrze<\/li>\n<\/ul>\n<div class=\"mt-3\"><\/div>\r\n                            <\/div>\r\n                            \r\n                            <div class=\"text-modules__img\"><img src=\"https:\/\/us.edu.pl\/student\/wp-content\/uploads\/sites\/3\/Nieprzypisane\/Wycisk-Aleksandra1.jpg\" alt=\"img\"><\/div>\r\n                        <\/div>\r\n                    <\/div>\r\n                <\/div>[\/vc_column][\/vc_row]<\/p>","protected":false},"excerpt":{"rendered":"<p>[vc_row el_class=&#8221;container&#8221;][vc_column el_class=&#8221;container&#8221;][\/vc_column][\/vc_row] [&#8230;]<\/p>\n<p><a class=\"btn btn-secondary understrap-read-more-link\" href=\"https:\/\/us.edu.pl\/student\/dzialalnosc-studencka\/wyroznienia-jm-rektora-us\/laureaci-poprzednich-edycji\/laureaci-2012\/doktorant\/\">Read More&#8230;<\/a><\/p>\n","protected":false},"author":1,"featured_media":0,"parent":5913,"menu_order":0,"comment_status":"closed","ping_status":"closed","template":"","meta":{"_expiration-date-status":"","_expiration-date":0,"_expiration-date-type":"","_expiration-date-categories":[],"_expiration-date-options":[]},"acf":[],"_links":{"self":[{"href":"https:\/\/us.edu.pl\/student\/wp-json\/wp\/v2\/pages\/6587"}],"collection":[{"href":"https:\/\/us.edu.pl\/student\/wp-json\/wp\/v2\/pages"}],"about":[{"href":"https:\/\/us.edu.pl\/student\/wp-json\/wp\/v2\/types\/page"}],"author":[{"embeddable":true,"href":"https:\/\/us.edu.pl\/student\/wp-json\/wp\/v2\/users\/1"}],"replies":[{"embeddable":true,"href":"https:\/\/us.edu.pl\/student\/wp-json\/wp\/v2\/comments?post=6587"}],"version-history":[{"count":0,"href":"https:\/\/us.edu.pl\/student\/wp-json\/wp\/v2\/pages\/6587\/revisions"}],"up":[{"embeddable":true,"href":"https:\/\/us.edu.pl\/student\/wp-json\/wp\/v2\/pages\/5913"}],"wp:attachment":[{"href":"https:\/\/us.edu.pl\/student\/wp-json\/wp\/v2\/media?parent=6587"}],"curies":[{"name":"wp","href":"https:\/\/api.w.org\/{rel}","templated":true}]}}