{"id":6604,"date":"2019-10-10T14:58:16","date_gmt":"2019-10-10T12:58:16","guid":{"rendered":"https:\/\/us.edu.pl\/student\/?page_id=6604"},"modified":"2021-07-12T11:34:42","modified_gmt":"2021-07-12T09:34:42","slug":"uniwersytet-slaski-dzieci","status":"publish","type":"page","link":"https:\/\/us.edu.pl\/student\/dzialalnosc-studencka\/wyroznienia-jm-rektora-us\/laureaci-poprzednich-edycji\/laureaci-2012\/uniwersytet-slaski-dzieci\/","title":{"rendered":"Uniwersytet \u015al\u0105ski Dzieci"},"content":{"rendered":"<p>[vc_row el_class=&#8221;container&#8221;][vc_column el_class=&#8221;container&#8221;]\r\n                <div class=\"text-modules\">\r\n                    <div class=\"container\">\r\n                        <h3 class=\"page-title text__title\">Uniwersytet \u015al\u0105ski Dzieci<\/h3>\r\n                        <div class=\"text-modules__content\"><\/div>\r\n                    <\/div>\r\n                <\/div>\r\n                <div class=\"text-modules \">\r\n                    <div class=\"container\">\r\n                        <h3 class=\"section-title section-title_border-bottom\">Oliwia Dobosz<\/h3> \r\n                        <div class=\"row m-0\">\r\n                            <div class=\"text-modules__content\">\r\n                                <\/p>\n<ul>\n<li>21 maja 2012 r. otrzyma\u0142a Wyr\u00f3\u017cnienie Jego Magnificencji Rektora U\u015a za osi\u0105gni\u0119cia jako studentka Uniwersytetu \u015al\u0105skiego Dzieci<\/li>\n<li>nale\u017cy do grupy Poszukiwacze (obejmuj\u0105cej dzieci pi\u0119cio- i sze\u015bcioletnie)<\/li>\n<li>jest cz\u0142onkiem ch\u00f3ru \u2013 pomimo m\u0142odego wieku nie boi si\u0119 nowych wyzwa\u0144 i wyst\u0119p\u00f3w solowych<\/li>\n<li>w ramach Chorzowskiego konkursu plastycznego pn. \u201eMoje Przedszkole\u201d zaj\u0119\u0142a I miejsce<\/li>\n<li>wraz z grup\u0105 przedszkoln\u0105 w ramach mi\u0119dzyprzedszkolnego konkursu pn. \u201eBobas 2012\u201d zaj\u0119\u0142a III miejsce prezentuj\u0105c przedstawienie pn. \u201eNiebieski mundurek\u201d<\/li>\n<li>w ramach konkursu dla szk\u00f3\u0142 i przedszkoli z miasta Chorzowa dotycz\u0105cego pastora\u0142ek, wraz z grup\u0105 zaj\u0119\u0142a I miejsce wykonuj\u0105c znane kol\u0119dy na cymba\u0142kach<\/li>\n<li>przygotowuje si\u0119 do startu w konkursie chiliderek<\/li>\n<li>ucz\u0119szcza na zaj\u0119cia z j\u0119zyka angielskiego, nauki gry w szachy, ta\u0144ce indyjskie, komputery oraz jazd\u0119 konn\u0105<\/li>\n<li>jej zainteresowania to: podr\u00f3\u017ce, taniec, \u015bpiew, dobra ksi\u0105\u017cka, sport<\/li>\n<\/ul>\n<div class=\"mt-3\"><\/div>\r\n                            <\/div>\r\n                            \r\n                            <div class=\"text-modules__img\"><img src=\"https:\/\/us.edu.pl\/student\/wp-content\/uploads\/sites\/3\/Nieprzypisane\/Dobosz-Oliwia1-300x196.jpg\" alt=\"img\"><\/div>\r\n                        <\/div>\r\n                    <\/div>\r\n                <\/div>\r\n                <div class=\"text-modules reverse\">\r\n                    <div class=\"container\">\r\n                        <h3 class=\"section-title section-title_border-bottom\">Dominik Kauczor<\/h3> \r\n                        <div class=\"row m-0\">\r\n                            <div class=\"text-modules__content\">\r\n                                <\/p>\n<ul>\n<li>21 maja 2012 r. otrzyma\u0142 Wyr\u00f3\u017cnienie Jego Magnificencji Rektora U\u015a za osi\u0105gni\u0119cia jako student Uniwersytetu \u015al\u0105skiego Dzieci<\/li>\n<li>nale\u017cy do grupy M\u0142odzi Naukowcy (obejmuj\u0105cej uczni\u00f3w klas IV \u2013 VI szko\u0142y podstawowej)<\/li>\n<li>ch\u0119tnie uczestniczy w konkursach plastycznych \u2013 jest zwyci\u0119zc\u0105 konkursu na kartk\u0119 z wakacji oraz pracy zamykaj\u0105cej rok Jana Heweliusza<\/li>\n<li>najwi\u0119cej czasu po\u015bwi\u0119ca r\u00f3\u017cnym kostkom i uk\u0142adankom Rubika, wa\u017cne s\u0105 dla niego nowinki elektroniczne i samochody<\/li>\n<li>lubi przeprowadza\u0107 eksperymenty najlepiej z elementami fizyki i chemii<\/li>\n<li>jego zainteresowania to r\u00f3wnie\u017c snowboard, p\u0142ywanie, jazda deskorolce<\/li>\n<li>ma bardzo dobre wyniki w nauce, a w Uniwersytecie \u015al\u0105skim Dzieci jest od pocz\u0105tku jego istnienia<\/li>\n<\/ul>\n<div class=\"mt-3\"><\/div>\r\n                            <\/div>\r\n                            \r\n                            \r\n                        <\/div>\r\n                    <\/div>\r\n                <\/div>\r\n                <div class=\"text-modules \">\r\n                    <div class=\"container\">\r\n                        <h3 class=\"section-title section-title_border-bottom\">Weronika Ko\u015bmider<\/h3> \r\n                        <div class=\"row m-0\">\r\n                            <div class=\"text-modules__content\">\r\n                                <\/p>\n<ul>\n<li>21 maja 2012 r. otrzyma\u0142a Wyr\u00f3\u017cnienie Jego Magnificencji Rektora U\u015a za osi\u0105gni\u0119cia jako studentka Uniwersytetu \u015al\u0105skiego Dzieci<\/li>\n<li>nale\u017cy do grupy Odkrywcy (obejmuj\u0105cej uczni\u00f3w klas I \u2013 III szko\u0142y podstawowej)<\/li>\n<li>uczestniczy w zaj\u0119ciach nauki r\u00f3\u017cnych rodzaj\u00f3w ta\u0144ca w osiedlowym klubie; zaj\u0119\u0142a II miejsce w szkolnym konkursie \u201eMam talent\u201d (2012), gdzie zaprezentowa\u0142a taniec orientalny<\/li>\n<li>dwukrotnie zdobywa\u0142a nagrody w szkolnym konkursie fotograficznym (w tym nagrod\u0119 g\u0142\u00f3wn\u0105)<\/li>\n<li>uczestniczy\u0142a w licznych zaj\u0119ciach naukowo-technicznych, m.in. w Explorado w Chorzowie, warsztatach budowy robot\u00f3w Lego Mindstorm w Gliwicach, Laboratorium Ma\u0142ego Misia itp. Uwielbia budowanie konstrukcji z klock\u00f3w Lego, ca\u0142kowicie samodzielnie z\u0142o\u017cy\u0142a zdalnie sterowanego robota 3 in 1 All Terrain Robot KSR-11<\/li>\n<li>reprezentowa\u0142a szko\u0142\u0119 w mi\u0119dzynarodowym konkursie Kangur Matematyczny<\/li>\n<li>intensywnie uczy si\u0119 j\u0119zyka angielskiego, a interesuje si\u0119 r\u00f3wnie\u017c r\u0119kodzie\u0142em i \u015bpiewem (dwukrotnie bra\u0142a udzia\u0142 w Mi\u0119dzynarodowych Warsztatach \u015apiewu Archaicznego fundacji \u201eOvo\u201d w M\u0142otach i Rzepedzi), a jej ostatnim odkryciem jest decoupage<\/li>\n<li>z jej inicjatywy zorganizowano w szkole pomoc dla ubogiej, wielodzietnej rodziny w ramach \u201eSzlachetnej paczki\u201d<\/li>\n<\/ul>\n<div class=\"mt-3\"><\/div>\r\n                            <\/div>\r\n                            \r\n                            <div class=\"text-modules__img\"><img src=\"https:\/\/us.edu.pl\/student\/wp-content\/uploads\/sites\/3\/Nieprzypisane\/weronika_kosmider1.jpg\" alt=\"img\"><\/div>\r\n                        <\/div>\r\n                    <\/div>\r\n                <\/div>\r\n                <div class=\"text-modules reverse\">\r\n                    <div class=\"container\">\r\n                        <h3 class=\"section-title section-title_border-bottom\">Arkadiusz Patschek<\/h3> \r\n                        <div class=\"row m-0\">\r\n                            <div class=\"text-modules__content\">\r\n                                <\/p>\n<ul>\n<li>21 maja 2012 r. otrzyma\u0142 Wyr\u00f3\u017cnienie Jego Magnificencji Rektora U\u015a za osi\u0105gni\u0119cia jako student Uniwersytetu \u015al\u0105skiego Dzieci<\/li>\n<li>od pocz\u0105tku istnienia U\u015aD, obecnie jest w grupie Ekspert\u00f3w (obejmuj\u0105cej gimnazjalist\u00f3w)<\/li>\n<li>by\u0142 delegatem na \u015bwiatow\u0105 konferencj\u0119 \u201cWe are the future\u201d., kt\u00f3ra zosta\u0142a zorganizowana w dniach 24-27.04.2012 przez European Children\u2019s Universities Network EUCU.NET (Uniwersytet \u015al\u0105ski Dzieci jest jednym z cz\u0142onk\u00f3w za\u0142o\u017cycieli) i europejski program SiS Catalyst, Children as Change Agents for Science and Society. W konferencji wzi\u0119\u0142o udzia\u0142 20 m\u0142odych delegat\u00f3w z ca\u0142ego \u015bwiata, w wieku 13 \u2013 15 lat. Wyniki obrad konferencji Delegat\u00f3w Uniwersytet\u00f3w Dzieci zostan\u0105 zaprezentowane ministrom edukacji.<\/li>\n<li>bierze udzia\u0142 w konkursach matematycznych osi\u0105gaj\u0105c dobre wyniki<\/li>\n<li>jego zainteresowania to historia staro\u017cytna, literatura przygodowa, fantastyka i mitologie oraz jazda na rowerze, gra w tenisa ziemnego, p\u0142ywanie i turystyka g\u00f3rska<\/li>\n<li>w zaj\u0119cia w U\u015aD zaanga\u017cowa\u0142 tak\u017ce brata i Mam\u0119, kt\u00f3ra pe\u0142ni zadania w Opiece Rodzicielskiej podczas wszystkich zaj\u0119\u0107, zar\u00f3wno w czasie trwania konwersatori\u00f3w jak i seminari\u00f3w<\/li>\n<\/ul>\n<div class=\"mt-3\"><\/div>\r\n                            <\/div>\r\n                            \r\n                            <div class=\"text-modules__img\"><img src=\"https:\/\/us.edu.pl\/student\/wp-content\/uploads\/sites\/3\/2019\/10\/Arkadiusz_Patschek1.jpg\" alt=\"img\"><\/div>\r\n                        <\/div>\r\n                    <\/div>\r\n                <\/div>[\/vc_column][\/vc_row]<\/p>","protected":false},"excerpt":{"rendered":"<p>[vc_row el_class=&#8221;container&#8221;][vc_column el_class=&#8221;container&#8221;][\/vc_column][\/vc_row] [&#8230;]<\/p>\n<p><a class=\"btn btn-secondary understrap-read-more-link\" href=\"https:\/\/us.edu.pl\/student\/dzialalnosc-studencka\/wyroznienia-jm-rektora-us\/laureaci-poprzednich-edycji\/laureaci-2012\/uniwersytet-slaski-dzieci\/\">Read More&#8230;<\/a><\/p>\n","protected":false},"author":1,"featured_media":0,"parent":5913,"menu_order":0,"comment_status":"closed","ping_status":"closed","template":"","meta":{"_expiration-date-status":"saved","_expiration-date":0,"_expiration-date-type":"","_expiration-date-categories":[],"_expiration-date-options":[]},"acf":[],"_links":{"self":[{"href":"https:\/\/us.edu.pl\/student\/wp-json\/wp\/v2\/pages\/6604"}],"collection":[{"href":"https:\/\/us.edu.pl\/student\/wp-json\/wp\/v2\/pages"}],"about":[{"href":"https:\/\/us.edu.pl\/student\/wp-json\/wp\/v2\/types\/page"}],"author":[{"embeddable":true,"href":"https:\/\/us.edu.pl\/student\/wp-json\/wp\/v2\/users\/1"}],"replies":[{"embeddable":true,"href":"https:\/\/us.edu.pl\/student\/wp-json\/wp\/v2\/comments?post=6604"}],"version-history":[{"count":0,"href":"https:\/\/us.edu.pl\/student\/wp-json\/wp\/v2\/pages\/6604\/revisions"}],"up":[{"embeddable":true,"href":"https:\/\/us.edu.pl\/student\/wp-json\/wp\/v2\/pages\/5913"}],"wp:attachment":[{"href":"https:\/\/us.edu.pl\/student\/wp-json\/wp\/v2\/media?parent=6604"}],"curies":[{"name":"wp","href":"https:\/\/api.w.org\/{rel}","templated":true}]}}