{"id":6703,"date":"2019-10-10T16:53:35","date_gmt":"2019-10-10T14:53:35","guid":{"rendered":"https:\/\/us.edu.pl\/student\/?page_id=6703"},"modified":"2019-10-10T17:02:13","modified_gmt":"2019-10-10T15:02:13","slug":"uniwersytet-trzeciego-wieku","status":"publish","type":"page","link":"https:\/\/us.edu.pl\/student\/dzialalnosc-studencka\/wyroznienia-jm-rektora-us\/laureaci-poprzednich-edycji\/laureaci-2011\/uniwersytet-trzeciego-wieku\/","title":{"rendered":"Uniwersytet Trzeciego Wieku"},"content":{"rendered":"<p>[vc_row el_class=&#8221;container&#8221;][vc_column el_class=&#8221;container&#8221;]\r\n                <div class=\"text-modules\">\r\n                    <div class=\"container\">\r\n                        <h3 class=\"page-title text__title\">Uniwersytet Trzeciego Wieku<\/h3>\r\n                        <div class=\"text-modules__content\"><\/div>\r\n                    <\/div>\r\n                <\/div>\r\n                <div class=\"text-modules \">\r\n                    <div class=\"container\">\r\n                        <h3 class=\"section-title section-title_border-bottom\">Joanna Krzysteczko<\/h3> \r\n                        <div class=\"row m-0\">\r\n                            <div class=\"text-modules__content\">\r\n                                Jako s\u0142uchaczka Uniwersytetu Trzeciego Wieku Uniwersytetu \u015al\u0105skiego, 30 maja 2011 r. otrzyma\u0142a Wyr\u00f3\u017cnienie Jego Magnificencji Rektora U\u015a za dzia\u0142alno\u015b\u0107 na rzecz spo\u0142eczno\u015bci tego Uniwersytetu. Od pocz\u0105tku swojej obecno\u015bci w UTW zaj\u0119\u0142a si\u0119 informacj\u0105, kt\u00f3ra jest tak wa\u017cna w funkcjonowaniu ka\u017cdej instytucji. Dzi\u0119ki Jej zaanga\u017cowaniu powsta\u0142a i funkcjonuje stale aktualizowana strona internetowa Uniwersytetu Trzeciego Wieku U\u015a. Przez dwa lata prowadzi\u0142a kronik\u0119 tego Uniwersytetu. Niezwykle cenna jest Jej wsp\u00f3\u0142praca z wyk\u0142adowcami i cz\u0142onkami Samorz\u0105du UTW. Przygotowuje informacje z \u017cycia UTW, kt\u00f3re s\u0105 podawane co tydzie\u0144 przed wyk\u0142adem. Dzieli si\u0119 swoj\u0105 wiedz\u0105 i umiej\u0119tno\u015bciami \u2013 udzielaj\u0105c porad komputerowych wszystkim ch\u0119tnym s\u0142uchaczom UTW. Wsp\u00f3\u0142organizowa\u0142a mi\u0119dzynarodow\u0105 konferencj\u0119 \u201eNowe wyzwania dla UTW\u201d, kt\u00f3ra odby\u0142a si\u0119 w pa\u017adzierniku 2010. Zajmuje si\u0119 ewidencj\u0105 s\u0142uchaczy i przygotowuje dla nich legitymacje. Dwukrotnie przygotowywa\u0142a grup\u0119 s\u0142uchaczy na Og\u00f3lnopolsk\u0105 Olimpiad\u0119 Sportow\u0105 S\u0142uchaczy UTW. Godna pochwa\u0142y jest r\u00f3wnie\u017c Jej dzia\u0142alno\u015b\u0107 na rzecz spo\u0142eczno\u015bci lokalnej. Po przej\u015bciu na emerytur\u0119 jako wolontariusz pracowa\u0142a w Biurze Porad Obywatelskich przy Urz\u0119dzie Miasta Chorz\u00f3w. \r\n                                <div class=\"mt-3\"><\/div>\r\n                            <\/div>\r\n                            \r\n                            \r\n                        <\/div>\r\n                    <\/div>\r\n                <\/div>\r\n                <div class=\"text-modules \">\r\n                    <div class=\"container\">\r\n                        <h3 class=\"section-title section-title_border-bottom\">El\u017cbieta Mory\u015b-Wanat<\/h3> \r\n                        <div class=\"row m-0\">\r\n                            <div class=\"text-modules__content\">\r\n                                Jako s\u0142uchaczka Uniwersytetu Trzeciego Wieku Uniwersytetu \u015al\u0105skiego, 30 maja 2011 r. otrzyma\u0142a Wyr\u00f3\u017cnienie Jego Magnificencji Rektora U\u015a za dzia\u0142alno\u015b\u0107 na rzecz spo\u0142eczno\u015bci UTW. Pe\u0142ni funkcj\u0119 przewodnicz\u0105cej Samorz\u0105du UTW, reprezentuj\u0105c Uniwersytet na konferencjach. Na uznanie zas\u0142uguje to, \u017ce bra\u0142a aktywny udzia\u0142 w trzech projektach badawczych realizowanych przez UTW: \u201eSeniorzy- seniorom\u201d, \u201eS\u0142uchacze UTW starszym mieszka\u0144com Katowic\u201d, \u201eKaj te czasy \u2013 powr\u00f3t do korzeni\u201d. Bra\u0142a udzia\u0142 w konferencji BioMedTech organizowanej przez Fundacj\u0119 Rozwoju Kardiochirurgii w Zabrzu. Wsp\u00f3\u0142pracuje z Teatrem im. Stanis\u0142awa Wyspia\u0144skiego, organizuj\u0105c od lat wyj\u015bcia s\u0142uchaczy do teatru. Zorganizowa\u0142a r\u00f3wnie\u017c wyjazdy s\u0142uchaczy UTW do opery we Wiedniu i w Budapeszcie. \r\n                                <div class=\"mt-3\"><\/div>\r\n                            <\/div>\r\n                            \r\n                            \r\n                        <\/div>\r\n                    <\/div>\r\n                <\/div>[\/vc_column][\/vc_row]<\/p>","protected":false},"excerpt":{"rendered":"<p>[vc_row el_class=&#8221;container&#8221;][vc_column el_class=&#8221;container&#8221;][\/vc_column][\/vc_row] [&#8230;]<\/p>\n<p><a class=\"btn btn-secondary understrap-read-more-link\" href=\"https:\/\/us.edu.pl\/student\/dzialalnosc-studencka\/wyroznienia-jm-rektora-us\/laureaci-poprzednich-edycji\/laureaci-2011\/uniwersytet-trzeciego-wieku\/\">Read More&#8230;<\/a><\/p>\n","protected":false},"author":1,"featured_media":0,"parent":5917,"menu_order":0,"comment_status":"closed","ping_status":"closed","template":"","meta":{"_expiration-date-status":"","_expiration-date":0,"_expiration-date-type":"","_expiration-date-categories":[],"_expiration-date-options":[]},"acf":[],"_links":{"self":[{"href":"https:\/\/us.edu.pl\/student\/wp-json\/wp\/v2\/pages\/6703"}],"collection":[{"href":"https:\/\/us.edu.pl\/student\/wp-json\/wp\/v2\/pages"}],"about":[{"href":"https:\/\/us.edu.pl\/student\/wp-json\/wp\/v2\/types\/page"}],"author":[{"embeddable":true,"href":"https:\/\/us.edu.pl\/student\/wp-json\/wp\/v2\/users\/1"}],"replies":[{"embeddable":true,"href":"https:\/\/us.edu.pl\/student\/wp-json\/wp\/v2\/comments?post=6703"}],"version-history":[{"count":0,"href":"https:\/\/us.edu.pl\/student\/wp-json\/wp\/v2\/pages\/6703\/revisions"}],"up":[{"embeddable":true,"href":"https:\/\/us.edu.pl\/student\/wp-json\/wp\/v2\/pages\/5917"}],"wp:attachment":[{"href":"https:\/\/us.edu.pl\/student\/wp-json\/wp\/v2\/media?parent=6703"}],"curies":[{"name":"wp","href":"https:\/\/api.w.org\/{rel}","templated":true}]}}