{"id":6748,"date":"2019-10-11T09:06:55","date_gmt":"2019-10-11T07:06:55","guid":{"rendered":"https:\/\/us.edu.pl\/student\/?page_id=6748"},"modified":"2019-10-11T09:52:30","modified_gmt":"2019-10-11T07:52:30","slug":"uniwersytet-trzeciego-wieku","status":"publish","type":"page","link":"https:\/\/us.edu.pl\/student\/dzialalnosc-studencka\/wyroznienia-jm-rektora-us\/laureaci-poprzednich-edycji\/laureaci-2010\/uniwersytet-trzeciego-wieku\/","title":{"rendered":"Uniwersytet Trzeciego Wieku"},"content":{"rendered":"<p>[vc_row el_class=&#8221;container&#8221;][vc_column el_class=&#8221;container&#8221;]\r\n                <div class=\"text-modules\">\r\n                    <div class=\"container\">\r\n                        <h3 class=\"page-title text__title\">Uniwersytet Trzeciego Wieku<\/h3>\r\n                        <div class=\"text-modules__content\"><\/div>\r\n                    <\/div>\r\n                <\/div>\r\n                <div class=\"text-modules \">\r\n                    <div class=\"container\">\r\n                        <h3 class=\"section-title section-title_border-bottom\">Jerzy Czoga\u0142a<\/h3> \r\n                        <div class=\"row m-0\">\r\n                            <div class=\"text-modules__content\">\r\n                                Jest emerytowanym in\u017cynierem elektrykiem. Jego pasj\u0105 jest historia \u015al\u0105ska, szczeg\u00f3lnie Katowic. Dzi\u0119ki niemu na UTW powo\u0142ane zosta\u0142o Ko\u0142o Historyczne, kt\u00f3re prowadzi z wielkim zaanga\u017cowaniem. Nawi\u0105za\u0142 \u015bcis\u0142e kontakty z Instytutem Historii Uniwersytetu \u015al\u0105skiego, z Instytutem Pami\u0119ci Narodowej, z Muzeum Historii Katowic. Pracownicy tych instytucji prowadz\u0105 dwa razy w miesi\u0105cu ciekawe wyk\u0142ady dla kilkudziesi\u0119cioosobowej grupy cz\u0142onk\u00f3w ko\u0142a i innych s\u0142uchaczy UTW. Jest autorem gry historycznej o mie\u015bcie Katowice, kt\u00f3ra spotka\u0142a si\u0119 z wielkim zainteresowaniem starszych mieszka\u0144c\u00f3w Katowic. Ponadto jest koordynatorem projektu \u201eKaj te czasy Wracajmy do korzeni\u201d Ameryka\u0144skiej Fundacji Wolno\u015bci i Towarzystwa Inicjatyw Tw\u00f3rczych \u201e\u0119\u201d, kt\u00f3ry dotyczy kultury \u015al\u0105ska. Mieszka w Katowicach. \r\n                                <div class=\"mt-3\"><\/div>\r\n                            <\/div>\r\n                            \r\n                            <div class=\"text-modules__img\"><img src=\"https:\/\/us.edu.pl\/student\/wp-content\/uploads\/sites\/3\/Nieprzypisane\/21-UTW-3-JERZY_CZOGA\u0141A.jpg\" alt=\"img\"><\/div>\r\n                        <\/div>\r\n                    <\/div>\r\n                <\/div>\r\n                <div class=\"text-modules reverse\">\r\n                    <div class=\"container\">\r\n                        <h3 class=\"section-title section-title_border-bottom\">Danuta Kogutowa<\/h3> \r\n                        <div class=\"row m-0\">\r\n                            <div class=\"text-modules__content\">\r\n                                Jest najstarsz\u0105 s\u0142uchaczk\u0105 Uniwersytetu Trzeciego Wieku. Jako pasjonatka bryd\u017ca od lat prowadzi grup\u0119 bryd\u017ca. Z jej inicjatywy nawi\u0105zano kontakt ze studentem Politechniki \u015al\u0105skiej, kt\u00f3ry zorganizowa\u0142 dla tej grupy regularny kurs bryd\u017ca sportowego. Czuwa nad rozgrywkami bryd\u017ca naszych s\u0142uchaczy. Dwukrotnie zorganizowa\u0142a turnieje bryd\u017cowe dla UTW z Rybnika i z UTW w Uniwersytecie \u015al\u0105skim. Jest mi\u0142o\u015bniczk\u0105 teatru i regularnie ucz\u0119szcza do teatru. Jest osob\u0105 bardzo pogodn\u0105 i bardzo \u017cyczliw\u0105. Mieszka w Katowicach. \r\n                                <div class=\"mt-3\"><\/div>\r\n                            <\/div>\r\n                            \r\n                            <div class=\"text-modules__img\"><img src=\"https:\/\/us.edu.pl\/student\/wp-content\/uploads\/sites\/3\/Nieprzypisane\/20-UTW-2-DANUTA_KOGUT-285x300.jpg\" alt=\"img\"><\/div>\r\n                        <\/div>\r\n                    <\/div>\r\n                <\/div>\r\n                <div class=\"text-modules \">\r\n                    <div class=\"container\">\r\n                        <h3 class=\"section-title section-title_border-bottom\">Renata Zalejska<\/h3> \r\n                        <div class=\"row m-0\">\r\n                            <div class=\"text-modules__content\">\r\n                                Jest magistrem filologii polskiej, emerytowanym nauczycielem j\u0119zyka polskiego. Od wielu lat, wraz z m\u0119\u017cem uczestnicz\u0105 w zaj\u0119ciach Uniwersytetu Trzeciego Wieku w Uniwersytecie \u015al\u0105skim. Prowadzi ona na UTW warsztaty literackie, kt\u00f3re skupiaj\u0105 mi\u0142o\u015bnik\u00f3w s\u0142owa \u2013 osoby pisz\u0105ce zar\u00f3wno wierszem jak i proz\u0105. Wiersze uczestnik\u00f3w tych warsztat\u00f3w by\u0142y drukowane w pi\u015bmie Seniorzy, kt\u00f3rego Pani Renata jest wsp\u00f3\u0142autorem. Pod jej kierunkiem i re\u017cyseri\u0105, dwukrotnie uczestnicy warsztat\u00f3w prezentowali inscenizacj\u0119 na temat przyja\u017ani, na temat prze\u017cy\u0107 zwi\u0105zanych z literatur\u0105. Uczy si\u0119 j\u0119zyka angielskiego. Mieszka w Bytomiu. \r\n                                <div class=\"mt-3\"><\/div>\r\n                            <\/div>\r\n                            \r\n                            <div class=\"text-modules__img\"><img src=\"https:\/\/us.edu.pl\/student\/wp-content\/uploads\/sites\/3\/Nieprzypisane\/19-UTW-1-RENATA_ZALEJSKA-280x300.jpg\" alt=\"img\"><\/div>\r\n                        <\/div>\r\n                    <\/div>\r\n                <\/div>[\/vc_column][\/vc_row]<\/p>","protected":false},"excerpt":{"rendered":"<p>[vc_row el_class=&#8221;container&#8221;][vc_column el_class=&#8221;container&#8221;][\/vc_column][\/vc_row] [&#8230;]<\/p>\n<p><a class=\"btn btn-secondary understrap-read-more-link\" href=\"https:\/\/us.edu.pl\/student\/dzialalnosc-studencka\/wyroznienia-jm-rektora-us\/laureaci-poprzednich-edycji\/laureaci-2010\/uniwersytet-trzeciego-wieku\/\">Read More&#8230;<\/a><\/p>\n","protected":false},"author":1,"featured_media":0,"parent":5919,"menu_order":0,"comment_status":"closed","ping_status":"closed","template":"","meta":{"_expiration-date-status":"","_expiration-date":0,"_expiration-date-type":"","_expiration-date-categories":[],"_expiration-date-options":[]},"acf":[],"_links":{"self":[{"href":"https:\/\/us.edu.pl\/student\/wp-json\/wp\/v2\/pages\/6748"}],"collection":[{"href":"https:\/\/us.edu.pl\/student\/wp-json\/wp\/v2\/pages"}],"about":[{"href":"https:\/\/us.edu.pl\/student\/wp-json\/wp\/v2\/types\/page"}],"author":[{"embeddable":true,"href":"https:\/\/us.edu.pl\/student\/wp-json\/wp\/v2\/users\/1"}],"replies":[{"embeddable":true,"href":"https:\/\/us.edu.pl\/student\/wp-json\/wp\/v2\/comments?post=6748"}],"version-history":[{"count":0,"href":"https:\/\/us.edu.pl\/student\/wp-json\/wp\/v2\/pages\/6748\/revisions"}],"up":[{"embeddable":true,"href":"https:\/\/us.edu.pl\/student\/wp-json\/wp\/v2\/pages\/5919"}],"wp:attachment":[{"href":"https:\/\/us.edu.pl\/student\/wp-json\/wp\/v2\/media?parent=6748"}],"curies":[{"name":"wp","href":"https:\/\/api.w.org\/{rel}","templated":true}]}}