{"id":8018,"date":"2019-10-18T10:03:28","date_gmt":"2019-10-18T08:03:28","guid":{"rendered":"https:\/\/us.edu.pl\/student\/?page_id=8018"},"modified":"2024-02-14T10:17:28","modified_gmt":"2024-02-14T09:17:28","slug":"dziekanat-wydzialu-humanistycznego","status":"publish","type":"page","link":"https:\/\/us.edu.pl\/student\/nowy-student\/nowy-student-pierwsze-kroki\/dziekanaty\/dziekanat-wydzialu-humanistycznego\/","title":{"rendered":"Dziekanat Wydzia\u0142u Humanistycznego"},"content":{"rendered":"<p>[vc_row el_class=&#8221;container&#8221;][vc_column el_class=&#8221;container&#8221;]\r\n                <div class=\"text-modules\">\r\n                    <div class=\"container\">\r\n                        <h3 class=\"page-title text__title\">Dziekanat Wydzia\u0142u Humanistycznego<\/h3>\r\n                        <div class=\"text-modules__content\"><\/div>\r\n                    <\/div>\r\n                <\/div>\r\n\r\n            <div class=\"blocks\" style=\"text-align: center\">\r\n               <div class=\"container\">\r\n                  \r\n                  <div class=\"row m-0 blocks_3\">\r\n                  \r\n                     <a href=\"https:\/\/us.edu.pl\/wydzial\/wh\/dziekanat\/\" class=\"thumbnail blocks__item\" style=\"background-image: url(https:\/\/us.edu.pl\/student\/wp-content\/uploads\/sites\/3\/COS\/Inne-wydarzenia\/kierunki-1024x683.jpg)\">\r\n                        <span>wi\u0119cej<\/span>\r\n                        <div class=\"blocks__bottom\">\r\n                        <div class=\"blocks__title\">Kontakt z dziekanatem<\/div>\r\n                        <div class=\"blocks__subtitle\">Wydzia\u0142u Humanistycznego<\/div>\r\n                        <\/div>\r\n                     <\/a>\r\n                  \r\n                     <a href=\"\/wydzial\/wh\/\" class=\"thumbnail blocks__item\" style=\"background-image: url(https:\/\/us.edu.pl\/student\/wp-content\/uploads\/sites\/3\/COS\/Inne-wydarzenia\/strona-g\u0142owna-1024x683.jpg)\">\r\n                        <span>wi\u0119cej<\/span>\r\n                        <div class=\"blocks__bottom\">\r\n                        <div class=\"blocks__title\">Wydzia\u0142 Humanistyczny<\/div>\r\n                        <div class=\"blocks__subtitle\">strona g\u0142\u00f3wna <\/div>\r\n                        <\/div>\r\n                     <\/a>\r\n                  \r\n                     <a href=\"https:\/\/us.edu.pl\/student\/wsparcie-i-fundusze\/dostosowanie-do-specjalnych-potrzeb\/dostosowanie-budynkow\/wydzial-humanistyczny\/\" class=\"thumbnail blocks__item\" style=\"background-image: url(https:\/\/us.edu.pl\/student\/wp-content\/uploads\/sites\/3\/2019\/11\/dostosowanie.jpg)\">\r\n                        <span>wi\u0119cej<\/span>\r\n                        <div class=\"blocks__bottom\">\r\n                        <div class=\"blocks__title\">Udogodnienia na wydziale<\/div>\r\n                        \r\n                        <\/div>\r\n                     <\/a><\/div>     \r\n               <\/div>\r\n            <\/div>[vc_row_inner el_class=&#8221;container&#8221;][vc_column_inner el_class=&#8221;container&#8221;]\r\n                <div class=\"text-modules\">\r\n                    <div class=\"container\">\r\n                        <h3 class=\"page-title text__title\">Dost\u0119pny wydzia\u0142 - wsparcie os\u00f3b ze specjalnymi potrzebami edukacyjnymi<\/h3>\r\n                        <div class=\"text-modules__content\"><\/div>\r\n                    <\/div>\r\n                <\/div>\r\n                <div class=\"text-modules \">\r\n                    <div class=\"container\">\r\n                         \r\n                        <div class=\"row m-0\">\r\n                            <div class=\"text-modules__content\">\r\n                                <\/p>\n<h3>Koordynator merytoryczny<\/h3>\n<p>Sosnowiec:<br \/>\nmgr El\u017cbieta Budzisz<br \/>\ne-mail: <a href=\"mailto:elzbieta.budzisz@us.edu.pl\">elzbieta.budzisz@us.edu.pl<\/a><\/p>\n<p>dr Agnieszka Wo\u017aniakowska<br \/>\ne-mail: <a href=\"mailto:agnieszka.wozniakowska@us.edu.pl\">agnieszka.wozniakowska@us.edu.pl<\/a><\/p>\n<p>Katowice, ul. Uniwersytecka 4<br \/>\ndr Agnieszka \u0141akomy-Ch\u0142osta<br \/>\ne-mail: <a href=\"mailto:agnieszka.lakomy@us.edu.pl\">agnieszka.lakomy@us.edu.pl<\/a><\/p>\n<p>Katowice ul. Bankowa 11<br \/>\ndr Iwona Pietrzyk<br \/>\ne-mail: <a href=\"mailto:iwona.pietrzyk@us.edu.pl\">iwona.pietrzyk@us.edu.pl<\/a><\/p>\n<h3>Koordynator administracyjny<\/h3>\n<p>Sosnowiec:<br \/>\nmgr Agnieszka Binduchowska<br \/>\ne-mail: <a href=\"mailto:agnieszka.binduchowska@us.edu.pl\">agnieszka.binduchowska@us.edu.pl<\/a><br \/>\ntel.: 32 364 0828<\/p>\n<p>Katowice, ul. Uniwersytecka 4<br \/>\nmgr Maja Burdosz<br \/>\ne-mail: <a href=\"mailto:maja.burdosz@us.edu.pl\">maja.burdosz@us.edu.pl<\/a><br \/>\ntel.: 32 200 9417<\/p>\n<p>Katowice, ul. Bankowa 11<br \/>\nmgr Marta Klimek<br \/>\ne-mail: <a href=\"mailto:marta.klimek@us.edu.pl\">marta.klimek@us.edu.pl<\/a><br \/>\ntel.: 32 359 1653 \r\n                                <div class=\"mt-3\"><\/div>\r\n                            <\/div>\r\n                            \r\n                            \r\n                        <\/div>\r\n                    <\/div>\r\n                <\/div>[\/vc_column_inner][\/vc_row_inner][\/vc_column][\/vc_row]<\/p>","protected":false},"excerpt":{"rendered":"<p>[vc_row el_class=&#8221;container&#8221;][vc_column el_class=&#8221;container&#8221;][vc_row_inner el_class=&#8221;container&#8221;][vc_column_inner el_class=&#8221;container&#8221;][\/vc_column_inner][\/vc_row_inner][\/vc_column][\/vc_row] [&#8230;]<\/p>\n<p><a class=\"btn btn-secondary understrap-read-more-link\" href=\"https:\/\/us.edu.pl\/student\/nowy-student\/nowy-student-pierwsze-kroki\/dziekanaty\/dziekanat-wydzialu-humanistycznego\/\">Read More&#8230;<\/a><\/p>\n","protected":false},"author":1,"featured_media":0,"parent":7953,"menu_order":1,"comment_status":"closed","ping_status":"closed","template":"","meta":{"_expiration-date-status":"","_expiration-date":0,"_expiration-date-type":"","_expiration-date-categories":[],"_expiration-date-options":[]},"acf":[],"_links":{"self":[{"href":"https:\/\/us.edu.pl\/student\/wp-json\/wp\/v2\/pages\/8018"}],"collection":[{"href":"https:\/\/us.edu.pl\/student\/wp-json\/wp\/v2\/pages"}],"about":[{"href":"https:\/\/us.edu.pl\/student\/wp-json\/wp\/v2\/types\/page"}],"author":[{"embeddable":true,"href":"https:\/\/us.edu.pl\/student\/wp-json\/wp\/v2\/users\/1"}],"replies":[{"embeddable":true,"href":"https:\/\/us.edu.pl\/student\/wp-json\/wp\/v2\/comments?post=8018"}],"version-history":[{"count":1,"href":"https:\/\/us.edu.pl\/student\/wp-json\/wp\/v2\/pages\/8018\/revisions"}],"predecessor-version":[{"id":43338,"href":"https:\/\/us.edu.pl\/student\/wp-json\/wp\/v2\/pages\/8018\/revisions\/43338"}],"up":[{"embeddable":true,"href":"https:\/\/us.edu.pl\/student\/wp-json\/wp\/v2\/pages\/7953"}],"wp:attachment":[{"href":"https:\/\/us.edu.pl\/student\/wp-json\/wp\/v2\/media?parent=8018"}],"curies":[{"name":"wp","href":"https:\/\/api.w.org\/{rel}","templated":true}]}}