{"id":8078,"date":"2019-10-18T10:29:36","date_gmt":"2019-10-18T08:29:36","guid":{"rendered":"https:\/\/us.edu.pl\/student\/?page_id=8078"},"modified":"2024-02-14T10:24:42","modified_gmt":"2024-02-14T09:24:42","slug":"dziekanat-wydzialu-nauk-spolecznych","status":"publish","type":"page","link":"https:\/\/us.edu.pl\/student\/nowy-student\/nowy-student-pierwsze-kroki\/dziekanaty\/dziekanat-wydzialu-nauk-spolecznych\/","title":{"rendered":"Dziekanat Wydzia\u0142u Nauk Spo\u0142ecznych"},"content":{"rendered":"<p>[vc_row el_class=&#8221;container&#8221;][vc_column el_class=&#8221;container&#8221;]\r\n                <div class=\"text-modules\">\r\n                    <div class=\"container\">\r\n                        <h3 class=\"page-title text__title\">Dziekanat Wydzia\u0142u Nauk Spo\u0142ecznych<\/h3>\r\n                        <div class=\"text-modules__content\"><\/div>\r\n                    <\/div>\r\n                <\/div>\r\n\r\n            <div class=\"blocks\" style=\"text-align: center\">\r\n               <div class=\"container\">\r\n                  \r\n                  <div class=\"row m-0 blocks_3\">\r\n                  \r\n                     <a href=\"https:\/\/us.edu.pl\/wydzial\/wns\/wydzial\/struktura\/administracja\/dziekanat\/ \" class=\"thumbnail blocks__item\" style=\"background-image: url(https:\/\/us.edu.pl\/student\/wp-content\/uploads\/sites\/3\/COS\/Inne-wydarzenia\/kierunki-1024x683.jpg)\">\r\n                        <span>wi\u0119cej<\/span>\r\n                        <div class=\"blocks__bottom\">\r\n                        <div class=\"blocks__title\">Kontakt z dziekanatem<\/div>\r\n                        <div class=\"blocks__subtitle\">Wydzia\u0142u Nauk Spo\u0142ecznych<\/div>\r\n                        <\/div>\r\n                     <\/a>\r\n                  \r\n                     <a href=\"\/wydzial\/wns\" class=\"thumbnail blocks__item\" style=\"background-image: url(https:\/\/us.edu.pl\/student\/wp-content\/uploads\/sites\/3\/COS\/Inne-wydarzenia\/strona-g\u0142owna-1024x683.jpg)\">\r\n                        <span>wi\u0119cej<\/span>\r\n                        <div class=\"blocks__bottom\">\r\n                        <div class=\"blocks__title\">Wydzia\u0142 Nauk Spo\u0142ecznych<\/div>\r\n                        <div class=\"blocks__subtitle\">strona g\u0142\u00f3wna<\/div>\r\n                        <\/div>\r\n                     <\/a>\r\n                  \r\n                     <a href=\"https:\/\/us.edu.pl\/student\/wsparcie-i-fundusze\/dostosowanie-do-specjalnych-potrzeb\/dostosowanie-budynkow\/wydzial-nauk-spolecznych\/\" class=\"thumbnail blocks__item\" style=\"background-image: url(https:\/\/us.edu.pl\/student\/wp-content\/uploads\/sites\/3\/2019\/11\/dostosowanie.jpg)\">\r\n                        <span>wi\u0119cej<\/span>\r\n                        <div class=\"blocks__bottom\">\r\n                        <div class=\"blocks__title\">Udogodnienia na wydziale<\/div>\r\n                        \r\n                        <\/div>\r\n                     <\/a><\/div>     \r\n               <\/div>\r\n            <\/div>[vc_row_inner el_class=&#8221;container&#8221;][vc_column_inner el_class=&#8221;container&#8221;]\r\n                <div class=\"text-modules\">\r\n                    <div class=\"container\">\r\n                        <h3 class=\"page-title text__title\">Dost\u0119pny wydzia\u0142 - wsparcie os\u00f3b ze specjalnymi potrzebami edukacyjnymi<\/h3>\r\n                        <div class=\"text-modules__content\"><\/div>\r\n                    <\/div>\r\n                <\/div>\r\n                <div class=\"text-modules \">\r\n                    <div class=\"container\">\r\n                         \r\n                        <div class=\"row m-0\">\r\n                            <div class=\"text-modules__content\">\r\n                                <\/p>\n<div class=\"text-modules\">\n<div class=\"container\">\n<div class=\"text-modules__content\">\n<h3>Koordynator merytoryczny<\/h3>\n<p>dr Daniela Dzienniak-Pulina<br \/>\ne-mail:\u00a0<a href=\"mailto:daniela.dzienniak-pulina@us.edu.pl\">daniela.dzienniak-pulina@us.edu.pl<\/a><br \/>\nKatowice, ul. Bankowa 11<\/p>\n<p>dr Sabina Pawlik<br \/>\ne-mail\u00a0<a href=\"mailto:sabina.pawlik@us.edu.pl\">sabina.pawlik@us.edu.pl<\/a><br \/>\nKatowice, ul. Gra\u017cy\u0144skiego 53<\/p>\n<\/div>\n<\/div>\n<\/div>\n<div class=\"text-modules\">\n<div class=\"container\">\n<div class=\"text-modules__content\">\n<h3>Koordynator administracyjny<\/h3>\n<p>mgr Beata Kalisz<br \/>\ne-mail:\u00a0<a href=\"mailto:beata.kalisz@us.edu.pl\">beata.kalisz@us.edu.pl<\/a><br \/>\ntel.: 32 359 1807<br \/>\nKatowice, ul. Bankowa 11<\/p>\n<p>mgr Agnieszka Frankiewicz<br \/>\ne-mail:\u00a0<a href=\"mailto:agnieszka.frankiewicz@us.edu.pl\">agnieszka.frankiewicz@us.edu.pl<\/a><br \/>\ntel.: 32 359 9741<br \/>\nKatowice, ul. Gra\u017cy\u0144skiego 53<\/p>\n<\/div>\n<\/div>\n<\/div>\n<div class=\"mt-3\"><\/div>\r\n                            <\/div>\r\n                            \r\n                            \r\n                        <\/div>\r\n                    <\/div>\r\n                <\/div>[\/vc_column_inner][\/vc_row_inner][\/vc_column][\/vc_row]<\/p>","protected":false},"excerpt":{"rendered":"<p>[vc_row el_class=&#8221;container&#8221;][vc_column el_class=&#8221;container&#8221;][vc_row_inner el_class=&#8221;container&#8221;][vc_column_inner el_class=&#8221;container&#8221;][\/vc_column_inner][\/vc_row_inner][\/vc_column][\/vc_row] [&#8230;]<\/p>\n<p><a class=\"btn btn-secondary understrap-read-more-link\" href=\"https:\/\/us.edu.pl\/student\/nowy-student\/nowy-student-pierwsze-kroki\/dziekanaty\/dziekanat-wydzialu-nauk-spolecznych\/\">Read More&#8230;<\/a><\/p>\n","protected":false},"author":1,"featured_media":0,"parent":7953,"menu_order":2,"comment_status":"closed","ping_status":"closed","template":"","meta":{"_expiration-date-status":"","_expiration-date":0,"_expiration-date-type":"","_expiration-date-categories":[],"_expiration-date-options":[]},"acf":[],"_links":{"self":[{"href":"https:\/\/us.edu.pl\/student\/wp-json\/wp\/v2\/pages\/8078"}],"collection":[{"href":"https:\/\/us.edu.pl\/student\/wp-json\/wp\/v2\/pages"}],"about":[{"href":"https:\/\/us.edu.pl\/student\/wp-json\/wp\/v2\/types\/page"}],"author":[{"embeddable":true,"href":"https:\/\/us.edu.pl\/student\/wp-json\/wp\/v2\/users\/1"}],"replies":[{"embeddable":true,"href":"https:\/\/us.edu.pl\/student\/wp-json\/wp\/v2\/comments?post=8078"}],"version-history":[{"count":2,"href":"https:\/\/us.edu.pl\/student\/wp-json\/wp\/v2\/pages\/8078\/revisions"}],"predecessor-version":[{"id":43340,"href":"https:\/\/us.edu.pl\/student\/wp-json\/wp\/v2\/pages\/8078\/revisions\/43340"}],"up":[{"embeddable":true,"href":"https:\/\/us.edu.pl\/student\/wp-json\/wp\/v2\/pages\/7953"}],"wp:attachment":[{"href":"https:\/\/us.edu.pl\/student\/wp-json\/wp\/v2\/media?parent=8078"}],"curies":[{"name":"wp","href":"https:\/\/api.w.org\/{rel}","templated":true}]}}