{"id":8249,"date":"2019-10-18T11:12:53","date_gmt":"2019-10-18T09:12:53","guid":{"rendered":"https:\/\/us.edu.pl\/student\/?page_id=8249"},"modified":"2024-02-14T10:32:15","modified_gmt":"2024-02-14T09:32:15","slug":"dziekanat-wydzialu-teologicznego","status":"publish","type":"page","link":"https:\/\/us.edu.pl\/student\/nowy-student\/nowy-student-pierwsze-kroki\/dziekanaty\/dziekanat-wydzialu-teologicznego\/","title":{"rendered":"Dziekanat Wydzia\u0142u Teologicznego"},"content":{"rendered":"<p>[vc_row el_class=&#8221;container&#8221;][vc_column el_class=&#8221;container&#8221;]\r\n                <div class=\"text-modules\">\r\n                    <div class=\"container\">\r\n                        <h3 class=\"page-title text__title\">Dziekanat Wydzia\u0142u Teologicznego<\/h3>\r\n                        <div class=\"text-modules__content\"><\/div>\r\n                    <\/div>\r\n                <\/div>\r\n\r\n            <div class=\"blocks\" style=\"text-align: center\">\r\n               <div class=\"container\">\r\n                  \r\n                  <div class=\"row m-0 blocks_3\">\r\n                  \r\n                     <a href=\"https:\/\/us.edu.pl\/wydzial\/wtl\/administracja\/dziekanat\/\" class=\"thumbnail blocks__item\" style=\"background-image: url(https:\/\/us.edu.pl\/student\/wp-content\/uploads\/sites\/3\/Nieprzypisane\/sesja-1.jpg)\">\r\n                        <span>wi\u0119cej<\/span>\r\n                        <div class=\"blocks__bottom\">\r\n                        <div class=\"blocks__title\">Kontakt z dziekanatem<\/div>\r\n                        <div class=\"blocks__subtitle\">Wydzia\u0142u Teologicznego<\/div>\r\n                        <\/div>\r\n                     <\/a>\r\n                  \r\n                     <a href=\"\/wydzial\/wtl\" class=\"thumbnail blocks__item\" style=\"background-image: url(https:\/\/us.edu.pl\/student\/wp-content\/uploads\/sites\/3\/COS\/Inne-wydarzenia\/strona-g\u0142owna-1024x683.jpg)\">\r\n                        <span>wi\u0119cej<\/span>\r\n                        <div class=\"blocks__bottom\">\r\n                        <div class=\"blocks__title\">Wydzia\u0142 Teologiczny<\/div>\r\n                        <div class=\"blocks__subtitle\">strona g\u0142\u00f3wna <\/div>\r\n                        <\/div>\r\n                     <\/a>\r\n                  \r\n                     <a href=\"https:\/\/us.edu.pl\/student\/wsparcie-i-fundusze\/dostosowanie-do-specjalnych-potrzeb\/dostosowanie-budynkow\/wydzial-teologiczny\/\" class=\"thumbnail blocks__item\" style=\"background-image: url(https:\/\/us.edu.pl\/student\/wp-content\/uploads\/sites\/3\/2019\/11\/dostosowanie.jpg)\">\r\n                        <span>wi\u0119cej<\/span>\r\n                        <div class=\"blocks__bottom\">\r\n                        <div class=\"blocks__title\">Udogodnienia na wydziale<\/div>\r\n                        \r\n                        <\/div>\r\n                     <\/a><\/div>     \r\n               <\/div>\r\n            <\/div>[vc_row_inner el_class=&#8221;container&#8221;][vc_column_inner el_class=&#8221;container&#8221;]\r\n                <div class=\"text-modules\">\r\n                    <div class=\"container\">\r\n                        <h3 class=\"page-title text__title\">Dost\u0119pny wydzia\u0142 - wsparcie os\u00f3b ze specjalnymi potrzebami edukacyjnymi<\/h3>\r\n                        <div class=\"text-modules__content\"><\/div>\r\n                    <\/div>\r\n                <\/div>\r\n                <div class=\"text-modules \">\r\n                    <div class=\"container\">\r\n                         \r\n                        <div class=\"row m-0\">\r\n                            <div class=\"text-modules__content\">\r\n                                <\/p>\n<div class=\"text-modules\">\n<div class=\"container\">\n<div class=\"text-modules__content\">\n<h3>Koordynator merytoryczny<\/h3>\n<p>dr Weronika Juroszek<br \/>\ne-mail:\u00a0<a href=\"mailto:weronika.juroszek@us.edu.pl\">weronika.juroszek@us.edu.pl<\/a><\/p>\n<\/div>\n<\/div>\n<\/div>\n<div class=\"text-modules\">\n<div class=\"container\">\n<div class=\"text-modules__content\">\n<h3>Koordynator administracyjny<\/h3>\n<p>mgr Ewa Kostkiewicz<br \/>\ne-mail:\u00a0<a href=\"mailto:ewa.kostkiewicz@us.edu.pl\">ewa.kostkiewicz@us.edu.pl<\/a><br \/>\ntel.: 32 356 9054<\/p>\n<p>Agnieszka Setecka<br \/>\ne-mail:\u00a0<a href=\"mailto:agnieszka.setecka@us.edu.pl\">agnieszka.setecka@us.edu.pl<\/a><br \/>\ntel.: 32 356 9054<\/p>\n<\/div>\n<\/div>\n<\/div>\n<div class=\"mt-3\"><\/div>\r\n                            <\/div>\r\n                            \r\n                            \r\n                        <\/div>\r\n                    <\/div>\r\n                <\/div>[\/vc_column_inner][\/vc_row_inner][\/vc_column][\/vc_row]<\/p>","protected":false},"excerpt":{"rendered":"<p>[vc_row el_class=&#8221;container&#8221;][vc_column el_class=&#8221;container&#8221;][vc_row_inner el_class=&#8221;container&#8221;][vc_column_inner el_class=&#8221;container&#8221;][\/vc_column_inner][\/vc_row_inner][\/vc_column][\/vc_row] [&#8230;]<\/p>\n<p><a class=\"btn btn-secondary understrap-read-more-link\" href=\"https:\/\/us.edu.pl\/student\/nowy-student\/nowy-student-pierwsze-kroki\/dziekanaty\/dziekanat-wydzialu-teologicznego\/\">Read More&#8230;<\/a><\/p>\n","protected":false},"author":1,"featured_media":0,"parent":7953,"menu_order":7,"comment_status":"closed","ping_status":"closed","template":"","meta":{"_expiration-date-status":"","_expiration-date":0,"_expiration-date-type":"","_expiration-date-categories":[],"_expiration-date-options":[]},"acf":[],"_links":{"self":[{"href":"https:\/\/us.edu.pl\/student\/wp-json\/wp\/v2\/pages\/8249"}],"collection":[{"href":"https:\/\/us.edu.pl\/student\/wp-json\/wp\/v2\/pages"}],"about":[{"href":"https:\/\/us.edu.pl\/student\/wp-json\/wp\/v2\/types\/page"}],"author":[{"embeddable":true,"href":"https:\/\/us.edu.pl\/student\/wp-json\/wp\/v2\/users\/1"}],"replies":[{"embeddable":true,"href":"https:\/\/us.edu.pl\/student\/wp-json\/wp\/v2\/comments?post=8249"}],"version-history":[{"count":3,"href":"https:\/\/us.edu.pl\/student\/wp-json\/wp\/v2\/pages\/8249\/revisions"}],"predecessor-version":[{"id":43344,"href":"https:\/\/us.edu.pl\/student\/wp-json\/wp\/v2\/pages\/8249\/revisions\/43344"}],"up":[{"embeddable":true,"href":"https:\/\/us.edu.pl\/student\/wp-json\/wp\/v2\/pages\/7953"}],"wp:attachment":[{"href":"https:\/\/us.edu.pl\/student\/wp-json\/wp\/v2\/media?parent=8249"}],"curies":[{"name":"wp","href":"https:\/\/api.w.org\/{rel}","templated":true}]}}