{"id":8275,"date":"2019-10-18T11:15:15","date_gmt":"2019-10-18T09:15:15","guid":{"rendered":"https:\/\/us.edu.pl\/student\/?page_id=8275"},"modified":"2019-11-26T16:26:05","modified_gmt":"2019-11-26T15:26:05","slug":"dziekanat-indywidualnych-studiow-miedzydziedzinowych","status":"publish","type":"page","link":"https:\/\/us.edu.pl\/student\/nowy-student\/nowy-student-pierwsze-kroki\/dziekanaty\/dziekanat-indywidualnych-studiow-miedzydziedzinowych\/","title":{"rendered":"Dziekanat Indywidualnych Studi\u00f3w Mi\u0119dzydziedzinowych"},"content":{"rendered":"<p><\/p>\n<p>[vc_row el_class=&#8221;container&#8221;][vc_column el_class=&#8221;container&#8221;]\r\n                <div class=\"text-modules\">\r\n                    <div class=\"container\">\r\n                        <h3 class=\"page-title text__title\">Dziekanat Indywidualnych Studi\u00f3w Mi\u0119dzydziedzinowych<\/h3>\r\n                        <div class=\"text-modules__content\"><\/div>\r\n                    <\/div>\r\n                <\/div>\r\n                <div class=\"tiles-section\" style=\"background: \">\r\n                    <div class=\"container\">\r\n                        <div class=\"tiles tiles-3\">\r\n\r\n                            <a href=\"https:\/\/us.edu.pl\/wydzial\/wh\/\" class=\"tile tile_info\" style=\"background-color: #EBEBEB; border: 0 \">\r\n                                 <div class=\"tile_info__title\">Komunikaty<\/div>\r\n                                \r\n                            <\/a>\r\n\r\n                            <a href=\"https:\/\/us.edu.pl\/wydzial\/wh\/\" class=\"tile tile_info\" style=\"background-color: #EBEBEB; border: 0 \">\r\n                                 <div class=\"tile_info__title\">Plany zaj\u0119\u0107<\/div>\r\n                                \r\n                            <\/a>\r\n\r\n                            <a href=\"https:\/\/us.edu.pl\/student\/wsparcie-i-fundusze-dostosowanie-do-specjalnych-potrzeb\/wsparcie-i-fundusze-dostosowanie-do-specjalnych-potrzeb-dostosowanie-budynkow\/wsparcie-i-fundusze-dostosowanie-do-specjalnych-potrzeb-dostosowanie-budynkow-rektorat\/\" class=\"tile tile_info\" style=\"background-color: #EBEBEB; border: 0 \">\r\n                                 <div class=\"tile_info__title\">Udogodnienia na wydziale<\/div>\r\n                                \r\n                            <\/a><\/div>\r\n                    <\/div>\r\n                <\/div>[vc_row_inner el_class=&#8221;container&#8221;][vc_column_inner el_class=&#8221;container&#8221;]\r\n                <div class=\"text-modules\">\r\n                    <div class=\"container\">\r\n                        <h3 class=\"page-title text__title\">Dost\u0119pny wydzia\u0142<\/h3>\r\n                        <div class=\"text-modules__content\"><\/div>\r\n                    <\/div>\r\n                <\/div>\r\n                <div class=\"text-modules \">\r\n                    <div class=\"container\">\r\n                        <h3 class=\"section-title section-title_border-bottom\">Dr<\/h3> <h3 class=\"subtitle text-modules__subtitle\">Pe\u0142nomocnik dziekana ds. dost\u0119pno\u015bci<\/h3>\r\n                        <div class=\"row m-0\">\r\n                            <div class=\"text-modules__content\">\r\n                                 \r\n                                <div class=\"mt-3\"><\/div>\r\n                            <\/div>\r\n                            \r\n                            \r\n                        <\/div>\r\n                    <\/div>\r\n                <\/div>\r\n                <div class=\"text-modules\">\r\n                    <div class=\"container\">\r\n                        \r\n                        <div class=\"text-modules__content\"><\/p>\n<h3>Kontakt:<\/h3>\n<p>\n<\/div>\r\n                    <\/div>\r\n                <\/div>[\/vc_column_inner][\/vc_row_inner][\/vc_column][\/vc_row]<\/p>\n<p><\/p>","protected":false},"excerpt":{"rendered":"<p>[vc_row el_class=&#8221;container&#8221;][vc_column el_class=&#8221;container&#8221;][vc_row_inner el_class=&#8221;container&#8221;][vc_column_inner el_class=&#8221;container&#8221;][\/vc_column_inner][\/vc_row_inner][\/vc_column][\/vc_row] [&#8230;]<\/p>\n<p><a class=\"btn btn-secondary understrap-read-more-link\" href=\"https:\/\/us.edu.pl\/student\/nowy-student\/nowy-student-pierwsze-kroki\/dziekanaty\/dziekanat-indywidualnych-studiow-miedzydziedzinowych\/\">Read More&#8230;<\/a><\/p>\n","protected":false},"author":1,"featured_media":0,"parent":7953,"menu_order":9,"comment_status":"closed","ping_status":"closed","template":"page-templates\/page-with-sidebar.php","meta":{"_expiration-date-status":"saved","_expiration-date":0,"_expiration-date-type":"","_expiration-date-categories":[],"_expiration-date-options":[]},"acf":[],"_links":{"self":[{"href":"https:\/\/us.edu.pl\/student\/wp-json\/wp\/v2\/pages\/8275"}],"collection":[{"href":"https:\/\/us.edu.pl\/student\/wp-json\/wp\/v2\/pages"}],"about":[{"href":"https:\/\/us.edu.pl\/student\/wp-json\/wp\/v2\/types\/page"}],"author":[{"embeddable":true,"href":"https:\/\/us.edu.pl\/student\/wp-json\/wp\/v2\/users\/1"}],"replies":[{"embeddable":true,"href":"https:\/\/us.edu.pl\/student\/wp-json\/wp\/v2\/comments?post=8275"}],"version-history":[{"count":0,"href":"https:\/\/us.edu.pl\/student\/wp-json\/wp\/v2\/pages\/8275\/revisions"}],"up":[{"embeddable":true,"href":"https:\/\/us.edu.pl\/student\/wp-json\/wp\/v2\/pages\/7953"}],"wp:attachment":[{"href":"https:\/\/us.edu.pl\/student\/wp-json\/wp\/v2\/media?parent=8275"}],"curies":[{"name":"wp","href":"https:\/\/api.w.org\/{rel}","templated":true}]}}