{"id":8348,"date":"2019-10-18T11:31:53","date_gmt":"2019-10-18T09:31:53","guid":{"rendered":"https:\/\/us.edu.pl\/student\/?page_id=8348"},"modified":"2025-09-25T15:34:28","modified_gmt":"2025-09-25T13:34:28","slug":"systemy-i-wsparcie-it","status":"publish","type":"page","link":"https:\/\/us.edu.pl\/student\/nowy-student\/nowy-student-pierwsze-kroki\/systemy-i-wsparcie-it\/","title":{"rendered":"Systemy i wsparcie IT"},"content":{"rendered":"<p>[vc_row][vc_column]\r\n                <div class=\"text-modules\">\r\n                    <div class=\"container\">\r\n                        <h3 class=\"page-title text__title\">Systemy i wsparcie IT<\/h3>\r\n                        <div class=\"text-modules__content\"><\/div>\r\n                    <\/div>\r\n                <\/div>[\/vc_column][\/vc_row][vc_row el_class=&#8221;container&#8221;][vc_column width=&#8221;2\/3&#8243;]\r\n                <div class=\"text-modules\">\r\n                    <div class=\"container\">\r\n                        \r\n                        <div class=\"text-modules__content\"><\/p>\n<h4>Pierwsze kroki w serwisie USOSweb<\/h4>\n<p>Uniwersytecki System Obs\u0142ugi Studi\u00f3w (USOS) s\u0142u\u017cy do zarz\u0105dzania tokiem studi\u00f3w. Dane w systemie USOS uzupe\u0142niane s\u0105 przez pracownik\u00f3w r\u00f3\u017cnych jednostek uczelni, a tokiem studi\u00f3w zarz\u0105dzaj\u0105 pracownicy dziekanatu. Z systemem USOS po\u0142\u0105czony jest szereg serwis\u00f3w internetowych skierowanych do student\u00f3w oraz nauczycieli akademickich. Najwa\u017cniejszy z nich to serwis <a href=\"https:\/\/usosweb.us.edu.pl\/\">USOSweb<\/a>, okre\u015blany mianem wirtualnego dziekanatu. To tutaj jako student sprawdzisz swoje oceny i przyznane stypendia, zapiszesz si\u0119 na zaj\u0119cia, a tak\u017ce sprawdzisz numer konta bankowego, na kt\u00f3re b\u0119dziesz zobligowany(-na) wnosi\u0107 op\u0142aty zwi\u0105zane ze studiami, m.in. op\u0142at\u0119 za wydanie indeksu i legitymacji studenckiej.<\/p>\n<p>Logowanie do serwisu USOSweb, jak r\u00f3wnie\u017c do pozosta\u0142ych serwis\u00f3w wsp\u00f3\u0142dzia\u0142aj\u0105cych z systemem USOS odbywa si\u0119 za po\u015brednictwem Centralnego Systemu Uwierzytelniania Uniwersytetu \u015al\u0105skiego (CAS). Identyfikatorem w CAS jest numer indeksu lub adres e-mail. Studenci rozpoczynaj\u0105cy studia w Uniwersytecie \u015al\u0105skim loguj\u0105 si\u0119 has\u0142em wykorzystywanym w systemie Internetowej Rejestracji Kandydat\u00f3w (IRK). W przypadku utraty has\u0142a do konta w CAS mo\u017cna samodzielnie zresetowa\u0107 has\u0142o, podaj\u0105c adres poczty elektronicznej wykorzystywany w systemach informatycznych Uniwersytetu \u015al\u0105skiego.<\/p>\n<\/div>\r\n                    <\/div>\r\n                <\/div>[\/vc_column][vc_column width=&#8221;1\/3&#8243;][vc_separator]\r\n                <div class=\"text-modules\">\r\n                    <div class=\"container\">\r\n                        \r\n                        <div class=\"text-modules__content\"><p><b>Pami\u0119taj!<\/b> Konto w CAS pozwalaj\u0105ce zalogowa\u0107 si\u0119 do serwisu USOSweb zostanie utworzone dopiero po wprowadzeniu Twoich danych przez pracownika dziekanatu do systemu USOS. Dziekanat powinien wprowadzi\u0107 te dane w jak najkr\u00f3tszym czasie (zazwyczaj nast\u0119puje to do siedmiu dni od dostarczenia dokument\u00f3w), jednak czasami z r\u00f3\u017cnych przyczyn dane s\u0105 wprowadzane p\u00f3\u017aniej. O utworzeniu konta w serwisie USOSweb zostaniesz poinformowany(-na) drog\u0105 mailow\u0105.<\/p>\n<\/div>\r\n                    <\/div>\r\n                <\/div>[\/vc_column][\/vc_row][vc_row][vc_column]\r\n                <div class=\"text-modules\">\r\n                    <div class=\"container\">\r\n                        \r\n                        <div class=\"text-modules__content\"><\/p>\n<h4><b>Najwa\u017cniejsze elementy serwisu USOSweb:<\/b><\/h4>\n<p><b>M\u00d3J USOSWEB<\/b><\/p>\n<p>PLAN ZAJ\u0118\u0106 \u2013 wy\u015bwietlany jest tu indywidualny plan zaj\u0119\u0107 pod warunkiem przypisania do grup zaj\u0119ciowych. W zale\u017cno\u015bci od kierunku, na kt\u00f3rym studiujesz, przypisanie do grup zaj\u0119ciowych odbywa si\u0119 poprzez modu\u0142 elektronicznej rejestracji lub dokonywane jest bezpo\u015brednio przez dziekanat.<\/p>\n<p>GRUPY ZAJ\u0118CIOWE \u2013 podgl\u0105d grup zaj\u0119ciowych, do kt\u00f3rych jeste\u015b zapisany(-na) w danym roku akademickim. Z tego poziomu naj\u0142atwiej mo\u017cesz podejrze\u0107 sylabus interesuj\u0105cego Ci\u0119 przedmiotu \u2013 wystarczy klikn\u0105\u0107 bezpo\u015brednio w nazw\u0119 przedmiotu zawieraj\u0105c\u0105 odno\u015bnik do katalogu.<\/p>\n<p>USOSMAIL \u2013 modu\u0142 umo\u017cliwiaj\u0105cy mailow\u0105 komunikacj\u0119 pomi\u0119dzy cz\u0142onkami spo\u0142eczno\u015bci akademickiej. Mo\u017cna tam wys\u0142a\u0107 wiadomo\u015b\u0107 do prowadz\u0105cego zaj\u0119cia lub do wsp\u00f3\u0142uczestnik\u00f3w grupy zaj\u0119ciowej.<\/p>\n<\/div>\r\n                    <\/div>\r\n                <\/div>[\/vc_column][\/vc_row][vc_row el_class=&#8221;container&#8221;][vc_column width=&#8221;2\/3&#8243;]\r\n                <div class=\"text-modules\">\r\n                    <div class=\"container\">\r\n                        \r\n                        <div class=\"text-modules__content\"><p><b>DLA STUDENT\u00d3W<\/b><\/p>\n<p>REJESTRACJE \u2013 na wi\u0119kszo\u015bci wydzia\u0142\u00f3w prowadzona jest elektroniczna rejestracja na przedmioty. Mo\u017ce dotyczy\u0107 wszystkich przedmiot\u00f3w obj\u0119tych planem studi\u00f3w lub pewn\u0105 ich cz\u0119\u015b\u0107. Planowane i trwaj\u0105ce rejestracje mo\u017cna sprawdzi\u0107 w USOSweb \u2013 wystarczy klikn\u0105\u0107 w bocznym menu KALENDARZ REJESTRACJI i wybra\u0107 jednostk\u0119 prowadz\u0105c\u0105 studia. Rejestracje udost\u0119pnione bezpo\u015brednio dla studenta wy\u015bwietlaj\u0105 si\u0119 po zalogowaniu w menu DLA STUDENT\u00d3W \u2192 REJESTRACJE.<\/p>\n<p>Rejestracje na zaj\u0119cia WF przygotowywane s\u0105 przez <strong>Centrum Wychowania Fizycznego i Sportu.<\/strong> Odbywaj\u0105 si\u0119 poprzez serwis <strong>USOSweb<\/strong> od 1 pa\u017adziernika 2025 roku. Przed rozpocz\u0119ciem rejestracji studentom przyznawane s\u0105 \u017cetony uprawniaj\u0105ce do rejestracji na wybrany przedmiot. Je\u017celi nie widzisz \u017cetonu w swoim koszyku po zalogowaniu do serwisu USOSweb, zg\u0142o\u015b ten fakt do dziekanatu.<\/p>\n<p>Rejestracje na lektoraty oferowane przez Studium Praktycznej Nauki J\u0119zyk\u00f3w Obcych (SPNJO) dost\u0119pne s\u0105 w serwisie USOSweb. Po wej\u015bciu do modu\u0142u DLA STUDENT\u00d3W \u2192 REJESTRACJA nale\u017cy wybra\u0107 odno\u015bnik \u201erejestracje \u017cetonowe\u201d. Lektoraty oparte s\u0105 na tzw. grupach dedykowanych \u2013 to znaczy, \u017ce dla ka\u017cdego kierunku okre\u015blone s\u0105 j\u0119zyki, spo\u015br\u00f3d kt\u00f3rych mo\u017cesz dokona\u0107 wyboru (st\u0105d nie zawsze mo\u017cliwe jest zarejestrowanie si\u0119 na dowolnie wybrany j\u0119zyk). W przypadku braku \u017cetonu na podstronie \u201emoje \u017cetony\u201d skontaktuj si\u0119 z SPNJO.<\/p>\n<p>OCENY KO\u0143COWE \u2013 podgl\u0105d ocen wystawionych przez nauczycieli akademickich. Oceny w USOSweb s\u0105 obecnie jedynym \u017ar\u00f3d\u0142em informacji dla dziekanatu o osi\u0105gni\u0119tych przez Ciebie wynikach sesji egzaminacyjnej, dlatego warto sprawdza\u0107 ich kompletno\u015b\u0107 i poprawno\u015b\u0107.<\/p>\n<p>PODANIA \u2013 mo\u017cliwo\u015b\u0107 z\u0142o\u017cenia elektronicznego podania do dziekanatu. Pami\u0119taj, \u017ce jedynie wybrane sprawy obs\u0142ugiwane s\u0105 w ten spos\u00f3b. Lista obs\u0142ugiwanych spraw przez dany dziekanat wy\u015bwietla si\u0119 po klikni\u0119ciu odno\u015bnika \u201ez\u0142\u00f3\u017c nowe podanie\u201d.<\/p>\n<p>RANKINGI \u2013 modu\u0142, w kt\u00f3rym wy\u015bwietlana jest Twoja pozycja w celu ustalenia kolejno\u015bci przy ubieganiu si\u0119 o rozmaite zasoby. Jednym z takich zasob\u00f3w jest stypendium rektora dla najlepszych student\u00f3w lub wyjazd na wymian\u0119 studenck\u0105 w ramach mi\u0119dzynarodowych program\u00f3w.<\/p>\n<p>STYPENDIA \u2013 zak\u0142adka umo\u017cliwia sprawdzenie przyznanych stypendi\u00f3w oraz wprowadzenie numeru konta, na kt\u00f3ry b\u0119d\u0105 dokonywane przelewy \u015bwiadcze\u0144 stypendialnych.<\/p>\n<\/div>\r\n                    <\/div>\r\n                <\/div>[\/vc_column][vc_column width=&#8221;1\/3&#8243;][vc_empty_space]\r\n                <div class=\"text-modules\">\r\n                    <div class=\"container\">\r\n                        \r\n                        <div class=\"text-modules__content\"><p><img class=\"alignnone wp-image-57953 size-full\" src=\"https:\/\/us.edu.pl\/student\/wp-content\/uploads\/sites\/3\/2025\/08\/fot.-Szymon-Nawrat-Sosnowiec-komputer-1.jpg\" alt=\"Kampus w sosnowcu, dwie studentki przy komputerze.\" width=\"800\" height=\"859\" srcset=\"https:\/\/us.edu.pl\/student\/wp-content\/uploads\/sites\/3\/2025\/08\/fot.-Szymon-Nawrat-Sosnowiec-komputer-1.jpg 800w, https:\/\/us.edu.pl\/student\/wp-content\/uploads\/sites\/3\/2025\/08\/fot.-Szymon-Nawrat-Sosnowiec-komputer-1-279x300.jpg 279w, https:\/\/us.edu.pl\/student\/wp-content\/uploads\/sites\/3\/2025\/08\/fot.-Szymon-Nawrat-Sosnowiec-komputer-1-768x825.jpg 768w, https:\/\/us.edu.pl\/student\/wp-content\/uploads\/sites\/3\/2025\/08\/fot.-Szymon-Nawrat-Sosnowiec-komputer-1-536x575.jpg 536w\" sizes=\"(max-width: 800px) 100vw, 800px\" \/><\/p>\n<\/div>\r\n                    <\/div>\r\n                <\/div>[\/vc_column][\/vc_row][vc_row][vc_column]\r\n                <div class=\"text-modules\">\r\n                    <div class=\"container\">\r\n                        \r\n                        <div class=\"text-modules__content\"><p><b>DLA WSZYSTKICH<\/b><\/p>\n<p>W tej zak\u0142adce dost\u0119pne s\u0105 r\u00f3\u017cne, og\u00f3lnouniwersyteckie modu\u0142y, takie jak:<\/p>\n<ul>\n<li>KONTA BANKOWE \u2013 pozwala na sprawdzanie indywidualnego rachunku bankowego, na kt\u00f3ry wnosisz op\u0142aty zwi\u0105zane z tokiem studi\u00f3w.<\/li>\n<li>WNIOSKI O AKADEMIKI \u2013 podgl\u0105d status\u00f3w rozpatrzenia z\u0142o\u017conych poda\u0144 o miejsce w akademiku.<\/li>\n<li>EMAIL U\u015a \u2013 podgl\u0105d i zmiana Twojego adresu poczty elektronicznej zapisanego w systemie USOS.<\/li>\n<li>KONTO OFFICE365 \u2013 rejestracja w us\u0142udze Office365, oferuj\u0105cej dost\u0119p do jednej z platform zdalnego kszta\u0142cenia oraz grupowej komunikacji Teams, chmury plikowej OneDrive, poczty Outlook oraz aplikacji u\u017cytkowych, takich jak Word, Excel czy PowerPoint.<\/li>\n<li>WNIOSKI \u2013 lista wniosk\u00f3w, kt\u00f3re mo\u017cesz z\u0142o\u017cy\u0107 w ramach swojej jednostki i programu studi\u00f3w, np. wniosek o przyznanie \u015bwiadczenia z Funduszu Stypendialnego.<\/li>\n<li>ZDJ\u0118CIA DO LEGITYMACJI \u2013 podgl\u0105d aktualnego zdj\u0119cia do legitymacji oraz ustawienia preferencji jego widoczno\u015bci. W przypadku zgubienia legitymacji mo\u017cesz st\u0105d pobra\u0107, a nast\u0119pnie wydrukowa\u0107 podanie o wyrobienie nowej. Je\u017celi zdj\u0119cie jest nieaktualne, nale\u017cy zwr\u00f3ci\u0107 si\u0119 do dziekanatu z pro\u015bb\u0105 o przyznanie jednorazowego uprawnienia do wgrania nowego.<\/li>\n<\/ul>\n<p><b>Szczeg\u00f3\u0142owe instrukcje do podstawowych modu\u0142\u00f3w USOSweb umieszczone s\u0105 zawsze na stronie g\u0142\u00f3wnej serwisu USOSweb w sekcji DLA STUDENT\u00d3W.<\/b><\/p>\n<\/div>\r\n                    <\/div>\r\n                <\/div>[\/vc_column][\/vc_row][vc_row el_class=&#8221;container&#8221;][vc_column el_class=&#8221;container&#8221;]\r\n                <div class=\"tiles-section\" style=\"background: \">\r\n                    <div class=\"container\">\r\n                        <h3 class=\"page-title\"><\/h3>\r\n                        <div class=\"tiles tiles-4\">\r\n                            <a href=\"https:\/\/usosweb.us.edu.pl\/\" class=\"tile tile_ justify-content-center\" style=\"background-color: #002E5A; font-weight: bold; color: #ffffff;  \">\r\n                                \r\n                                   \r\n                               \r\n                                <div class=\"tile__name\">USOS<\/div>\r\n                            <\/a>\r\n                            <a href=\"https:\/\/logowanie.us.edu.pl\/cas\/login\" class=\"tile tile_ justify-content-center\" style=\"background-color: #ffffff; font-weight: bold; color: #002E5A;  \">\r\n                                \r\n                                   \r\n                               \r\n                                <div class=\"tile__name\">System CAS<\/div>\r\n                            <\/a>\r\n                            <a href=\"https:\/\/us.edu.pl\/student\/nowy-student\/nowy-student-pierwsze-kroki\/systemy-i-wsparcie-it\/aktywacja-konta-office-365\/\" class=\"tile tile_ justify-content-center\" style=\"background-color: #002E5A; font-weight: bold; color: #ffffff;  \">\r\n                                \r\n                                   \r\n                               \r\n                                <div class=\"tile__name\">Office 365<\/div>\r\n                            <\/a>\r\n                            <a href=\"http:\/\/www.oprogramowanie.us.edu.pl\/\" class=\"tile tile_ justify-content-center\" style=\"background-color: #ffffff; font-weight: bold; color: #002E5A;  \">\r\n                                \r\n                                   \r\n                               \r\n                                <div class=\"tile__name\">Oprogramowanie specjalistyczne<\/div>\r\n                            <\/a>\r\n                            <a href=\"https:\/\/pocztus.us.edu.pl\/\" class=\"tile tile_ justify-content-center\" style=\"background-color: #ffffff; font-weight: bold; color: #002E5A;  \">\r\n                                \r\n                                   \r\n                               \r\n                                <div class=\"tile__name\">Poczta elektroniczna<\/div>\r\n                            <\/a>\r\n                            <a href=\"https:\/\/www.eduroam.us.edu.pl\/\" class=\"tile tile_ justify-content-center\" style=\"background-color: #002E5A; font-weight: bold; color: #ffffff;  \">\r\n                                \r\n                                   \r\n                               \r\n                                <div class=\"tile__name\">WI-FI EDUROAM<\/div>\r\n                            <\/a>\r\n                            <a href=\"http:\/\/usnet.us.edu.pl\/siec\/serwer-vpn\/\" class=\"tile tile_ justify-content-center\" style=\"background-color: #ffffff; font-weight: bold; color: #002E5A;  \">\r\n                                \r\n                                   \r\n                               \r\n                                <div class=\"tile__name\">VPN<\/div>\r\n                            <\/a>\r\n                            <a href=\"http:\/\/usnet.us.edu.pl\/do-kogo-pisac\/\" class=\"tile tile_ justify-content-center\" style=\"background-color: #002E5A; font-weight: bold; color: #ffffff;  \">\r\n                                \r\n                                   \r\n                               \r\n                                <div class=\"tile__name\">Kontakt<\/div>\r\n                            <\/a><\/div>\r\n                    <\/div>\r\n                <\/div>[\/vc_column][\/vc_row]<\/p>","protected":false},"excerpt":{"rendered":"<p>[vc_row][vc_column][\/vc_column][\/vc_row][vc_row el_class=&#8221;container&#8221;][vc_column width=&#8221;2\/3&#8243;][\/vc_column][vc_column width=&#8221;1\/3&#8243;][vc_separator][\/vc_column][\/vc_row][vc_row][vc_column][\/vc_column][\/vc_row][vc_row el_class=&#8221;container&#8221;][vc_column width=&#8221;2\/3&#8243;][\/vc_column][vc_column width=&#8221;1\/3&#8243;][vc_empty_space][\/vc_column][\/vc_row][vc_row][vc_column][\/vc_column][\/vc_row][vc_row el_class=&#8221;container&#8221;][vc_column el_class=&#8221;container&#8221;][\/vc_column][\/vc_row] [&#8230;]<\/p>\n<p><a class=\"btn btn-secondary understrap-read-more-link\" href=\"https:\/\/us.edu.pl\/student\/nowy-student\/nowy-student-pierwsze-kroki\/systemy-i-wsparcie-it\/\">Read More&#8230;<\/a><\/p>\n","protected":false},"author":1,"featured_media":0,"parent":4377,"menu_order":0,"comment_status":"closed","ping_status":"closed","template":"","meta":{"_expiration-date-status":"","_expiration-date":0,"_expiration-date-type":"","_expiration-date-categories":[],"_expiration-date-options":[]},"acf":[],"_links":{"self":[{"href":"https:\/\/us.edu.pl\/student\/wp-json\/wp\/v2\/pages\/8348"}],"collection":[{"href":"https:\/\/us.edu.pl\/student\/wp-json\/wp\/v2\/pages"}],"about":[{"href":"https:\/\/us.edu.pl\/student\/wp-json\/wp\/v2\/types\/page"}],"author":[{"embeddable":true,"href":"https:\/\/us.edu.pl\/student\/wp-json\/wp\/v2\/users\/1"}],"replies":[{"embeddable":true,"href":"https:\/\/us.edu.pl\/student\/wp-json\/wp\/v2\/comments?post=8348"}],"version-history":[{"count":8,"href":"https:\/\/us.edu.pl\/student\/wp-json\/wp\/v2\/pages\/8348\/revisions"}],"predecessor-version":[{"id":59349,"href":"https:\/\/us.edu.pl\/student\/wp-json\/wp\/v2\/pages\/8348\/revisions\/59349"}],"up":[{"embeddable":true,"href":"https:\/\/us.edu.pl\/student\/wp-json\/wp\/v2\/pages\/4377"}],"wp:attachment":[{"href":"https:\/\/us.edu.pl\/student\/wp-json\/wp\/v2\/media?parent=8348"}],"curies":[{"name":"wp","href":"https:\/\/api.w.org\/{rel}","templated":true}]}}