{"id":8464,"date":"2019-10-18T12:03:24","date_gmt":"2019-10-18T10:03:24","guid":{"rendered":"https:\/\/us.edu.pl\/student\/?page_id=8464"},"modified":"2025-09-24T10:49:00","modified_gmt":"2025-09-24T08:49:00","slug":"akademiki-2","status":"publish","type":"page","link":"https:\/\/us.edu.pl\/student\/wsparcie-i-fundusze\/akademiki-2\/","title":{"rendered":"Akademiki"},"content":{"rendered":"<p>[vc_row el_class=&#8221;container&#8221;][vc_column el_class=&#8221;container&#8221;]\r\n                <div class=\"text-modules\">\r\n                    <div class=\"container\">\r\n                        <h3 class=\"page-title text__title\">Akademiki<\/h3>\r\n                        <div class=\"text-modules__content\"><\/div>\r\n                    <\/div>\r\n                <\/div>[\/vc_column][\/vc_row][vc_row el_class=&#8221;container&#8221;][vc_column el_class=&#8221;container&#8221;]\r\n\r\n            <div class=\"blocks\" style=\"text-align: \">\r\n               <div class=\"container\">\r\n                  \r\n                  <div class=\"row m-0 blocks_3\">\r\n                  \r\n                     <a href=\"https:\/\/us.edu.pl\/student\/wsparcie-i-fundusze\/akademiki-2\/osiedle-akademickie-ligota\/\" class=\"thumbnail blocks__item\" style=\"background-image: url(https:\/\/us.edu.pl\/student\/wp-content\/uploads\/sites\/3\/COS\/Inne-wydarzenia\/DSC_6390-1024x683.jpg)\">\r\n                        <span>wi\u0119cej<\/span>\r\n                        <div class=\"blocks__bottom\">\r\n                        <div class=\"blocks__title\">Osiedle akademickie Katowice-Ligota<\/div>\r\n                        \r\n                        <\/div>\r\n                     <\/a>\r\n                  \r\n                     <a href=\"https:\/\/us.edu.pl\/student\/wsparcie-i-fundusze\/akademiki-2\/osiedle-akademickie-sosnowiec-2\/\" class=\"thumbnail blocks__item\" style=\"background-image: url(https:\/\/us.edu.pl\/student\/wp-content\/uploads\/sites\/3\/COS\/Inne-wydarzenia\/DSC_6800-1024x683.jpg)\">\r\n                        <span>wi\u0119cej<\/span>\r\n                        <div class=\"blocks__bottom\">\r\n                        <div class=\"blocks__title\">Osiedle akademickie Sosnowiec<\/div>\r\n                        \r\n                        <\/div>\r\n                     <\/a>\r\n                  \r\n                     <a href=\"https:\/\/us.edu.pl\/student\/wsparcie-i-fundusze\/akademiki-2\/osiedleakademickiecieszyn\/\" class=\"thumbnail blocks__item\" style=\"background-image: url(https:\/\/us.edu.pl\/student\/wp-content\/uploads\/sites\/3\/zdjecia-akademikow\/IMG_20210507_125817-px.jpg)\">\r\n                        <span>wi\u0119cej<\/span>\r\n                        <div class=\"blocks__bottom\">\r\n                        <div class=\"blocks__title\">Osiedle akademickie Cieszyn<\/div>\r\n                        \r\n                        <\/div>\r\n                     <\/a><\/div>     \r\n               <\/div>\r\n            <\/div>[\/vc_column][\/vc_row][vc_row el_class=&#8221;container&#8221;][vc_column width=&#8221;1\/3&#8243; el_class=&#8221;container&#8221;]\r\n                <div class=\"tiles-section\" style=\"background: \">\r\n                    <div class=\"container\">\r\n                        <h3 class=\"page-title\"><\/h3>\r\n                        <div class=\"tiles tiles-2\">\r\n                            <a href=\"https:\/\/us.edu.pl\/student\/wsparcie-i-fundusze\/akademiki-2\/osiedle-akademickie-ligota\/katowice-ligota-dom-studenta-1\/\" class=\"tile tile_ justify-content-center\" style=\"background-color: #002E5A; font-weight: ; color: #ffffff;  \">\r\n                                \r\n                                   \r\n                               \r\n                                <div class=\"tile__name\">DS1<\/div>\r\n                            <\/a>\r\n                            <a href=\"https:\/\/us.edu.pl\/student\/wsparcie-i-fundusze\/akademiki-2\/osiedle-akademickie-ligota\/katowice-ligota-dom-studenta-2\/\" class=\"tile tile_ justify-content-center\" style=\"background-color: #002E5A; font-weight: ; color: #ffffff;  \">\r\n                                \r\n                                   \r\n                               \r\n                                <div class=\"tile__name\">DS2<\/div>\r\n                            <\/a>\r\n                            <a href=\"https:\/\/us.edu.pl\/student\/wsparcie-i-fundusze\/akademiki-2\/osiedle-akademickie-ligota\/katowice-ligota-dom-studenta-7\/\" class=\"tile tile_ justify-content-center\" style=\"background-color: #002E5A; font-weight: ; color: #ffffff;  \">\r\n                                \r\n                                   \r\n                               \r\n                                <div class=\"tile__name\">DS7<\/div>\r\n                            <\/a><\/div>\r\n                    <\/div>\r\n                <\/div>[\/vc_column][vc_column width=&#8221;1\/3&#8243; el_class=&#8221;container&#8221;]\r\n                <div class=\"tiles-section\" style=\"background: \">\r\n                    <div class=\"container\">\r\n                        <h3 class=\"page-title\"><\/h3>\r\n                        <div class=\"tiles tiles-2\">\r\n                            <a href=\"https:\/\/us.edu.pl\/student\/wsparcie-i-fundusze\/akademiki-2\/osiedle-akademickie-sosnowiec-2\/sosnowiec-dom-studenta-2\/\" class=\"tile tile_ justify-content-center\" style=\"background-color: #ffffff; font-weight: ; color: #002E5A;  \">\r\n                                \r\n                                   \r\n                               \r\n                                <div class=\"tile__name\">DS2<\/div>\r\n                            <\/a>\r\n                            <a href=\"https:\/\/us.edu.pl\/student\/wsparcie-i-fundusze\/akademiki-2\/osiedle-akademickie-sosnowiec-2\/sosnowiec-dom-studenta-3\/\" class=\"tile tile_ justify-content-center\" style=\"background-color: #ffffff; font-weight: ; color: #002E5A;  \">\r\n                                \r\n                                   \r\n                               \r\n                                <div class=\"tile__name\">DS3<\/div>\r\n                            <\/a>\r\n                            <a href=\"https:\/\/us.edu.pl\/student\/wsparcie-i-fundusze\/akademiki-2\/sosnowiec-dom-studenta-4\/\" class=\"tile tile_ justify-content-center\" style=\"background-color: #ffffff; font-weight: ; color: #002E5A;  \">\r\n                                \r\n                                   \r\n                               \r\n                                <div class=\"tile__name\">DS4<\/div>\r\n                            <\/a>\r\n                            <a href=\"https:\/\/us.edu.pl\/student\/wsparcie-i-fundusze\/akademiki-2\/osiedle-akademickie-sosnowiec-2\/sosnowiec-dom-studenta-5\/\" class=\"tile tile_ justify-content-center\" style=\"background-color: #ffffff; font-weight: ; color: #002E5A;  \">\r\n                                \r\n                                   \r\n                               \r\n                                <div class=\"tile__name\">DS5<\/div>\r\n                            <\/a><\/div>\r\n                    <\/div>\r\n                <\/div>[\/vc_column][vc_column width=&#8221;1\/3&#8243; el_class=&#8221;container&#8221;]\r\n                <div class=\"tiles-section\" style=\"background: \">\r\n                    <div class=\"container\">\r\n                        <h3 class=\"page-title\"><\/h3>\r\n                        <div class=\"tiles tiles-2\">\r\n                            <a href=\"https:\/\/us.edu.pl\/student\/wsparcie-i-fundusze\/akademiki-2\/osiedleakademickiecieszyn\/cieszyn-dsn\/\" class=\"tile tile_ justify-content-center\" style=\"background-color: #002E5A; font-weight: ; color: #ffffff;  \">\r\n                                \r\n                                   \r\n                               \r\n                                <div class=\"tile__name\">DSN<\/div>\r\n                            <\/a>\r\n                            <a href=\"https:\/\/us.edu.pl\/student\/wsparcie-i-fundusze\/akademiki-2\/osiedleakademickiecieszyn\/cieszyn-uska\/\" class=\"tile tile_ justify-content-center\" style=\"background-color: #002E5A; font-weight: ; color: #ffffff;  \">\r\n                                \r\n                                   \r\n                               \r\n                                <div class=\"tile__name\">U\u015aka<\/div>\r\n                            <\/a><\/div>\r\n                    <\/div>\r\n                <\/div>[\/vc_column][\/vc_row][vc_row][vc_column]\r\n                            \r\n            <div class=\"announcement-loop loop-section color-blue\" style=\"background-color: \">\r\n                <div class=\"container\">\r\n\r\n                    <div class=\"announcement-loop-top loop-section-top\">\r\n                        <h2 class=\"section-title\">komunikaty akademiki<\/h2>\r\n                        \r\n                        <div class=\"announcement-loop-top_right loop-section-top__right\">\r\n                             <a href = \"https:\/\/us.edu.pl\/student\/komunikaty\/\" class=\"link-button \" > Wszystko<\/a>\r\n                        <\/div> \r\n                    <\/div>\r\n\r\n                    <div class=\"announcement-loop-main\">\r\n            \r\n                <article class=\"announcement-loop-post carousel-slide\">\r\n                    \r\n                    <a href=\"https:\/\/us.edu.pl\/student\/komunikaty\/swiadczenia-dla-studentow-w-semestrze-letnim-roku-akademickiego-2025-2026\/\">    <h3 class=\"article-title announcement-loop-post__title\">\u015awiadczenia dla student\u00f3w w semestrze letnim roku akademickiego 2025\/2026<\/h3> <\/a>\r\n                        \r\n                    <a href=\"https:\/\/us.edu.pl\/student\/komunikaty\/swiadczenia-dla-studentow-w-semestrze-letnim-roku-akademickiego-2025-2026\/\">     <div class=\"announcement-loop-post__text\">[vc_row][vc_column width=&#8221;5\/6&#8243;]Uprzejmie zawiadamiamy, \u017ce Prorektor ds. Studenckich i Kszta\u0142cenia dr Katarzyna Trynda, prof. U\u015a w porozumieniu z Zarz\u0105dem Uczelnianej Rady Samorz\u0105du Studenckiego [...]<p><a class=\"btn btn-seconda...<\/div> <\/a>\r\n                    \r\n                     <a href=\"https:\/\/us.edu.pl\/student\/komunikaty\/swiadczenia-dla-studentow-w-semestrze-letnim-roku-akademickiego-2025-2026\/\">   <div class=\"announcement-loop-post__more\">wi\u0119cej...<\/div> <\/a>\r\n                    \r\n                <\/article>\r\n            \r\n                <article class=\"announcement-loop-post carousel-slide\">\r\n                    \r\n                    <a href=\"https:\/\/us.edu.pl\/student\/komunikaty\/swiadczenia-dla-studentow-w-semestrze-zimowym-roku-akademickiego-2025-2026\/\">    <h3 class=\"article-title announcement-loop-post__title\">\u015awiadczenia dla student\u00f3w w semestrze zimowym roku akademickiego 2025\/2026<\/h3> <\/a>\r\n                        \r\n                    <a href=\"https:\/\/us.edu.pl\/student\/komunikaty\/swiadczenia-dla-studentow-w-semestrze-zimowym-roku-akademickiego-2025-2026\/\">     <div class=\"announcement-loop-post__text\">[vc_row][vc_column]Uprzejmie zawiadamiamy, \u017ce Prorektor ds. Studenckich i Kszta\u0142cenia dr Katarzyna Trynda, prof. U\u015a\u00a0 w porozumieniu z Zarz\u0105dem Uczelnianej Rady Samorz\u0105du Studenckiego\u00a0podj\u0119\u0142a decyzje wynikaj\u0105ce z par. 3 ust. 1 regulami...<\/div> <\/a>\r\n                    \r\n                     <a href=\"https:\/\/us.edu.pl\/student\/komunikaty\/swiadczenia-dla-studentow-w-semestrze-zimowym-roku-akademickiego-2025-2026\/\">   <div class=\"announcement-loop-post__more\">wi\u0119cej...<\/div> <\/a>\r\n                    \r\n                <\/article>\r\n            \r\n                <article class=\"announcement-loop-post carousel-slide\">\r\n                    \r\n                    <a href=\"https:\/\/us.edu.pl\/student\/komunikaty\/wnioski-o-akademik-zamkniecie-pul-wydzialowych\/\">    <h3 class=\"article-title announcement-loop-post__title\">Wnioski o akademik (zamkni\u0119cie pul wydzia\u0142owych)<\/h3> <\/a>\r\n                        \r\n                    <a href=\"https:\/\/us.edu.pl\/student\/komunikaty\/wnioski-o-akademik-zamkniecie-pul-wydzialowych\/\">     <div class=\"announcement-loop-post__text\">[vc_row][vc_column]Drodzy Studenci, Mo\u017cliwo\u015b\u0107 sk\u0142adania wniosk\u00f3w o akademik w aplikowaniach pul wydzia\u0142owych zosta\u0142a zamkni\u0119ta (wyj\u0105tkiem jest \u201ePula wydzia\u0142owa Cieszyn\u201d, kt\u00f3ra pozostaje [...]<p><a class=\"btn btn-secondary underst...<\/div> <\/a>\r\n                    \r\n                     <a href=\"https:\/\/us.edu.pl\/student\/komunikaty\/wnioski-o-akademik-zamkniecie-pul-wydzialowych\/\">   <div class=\"announcement-loop-post__more\">wi\u0119cej...<\/div> <\/a>\r\n                    \r\n                <\/article>\r\n            \r\n                <article class=\"announcement-loop-post carousel-slide\">\r\n                    \r\n                    <a href=\"https:\/\/us.edu.pl\/student\/komunikaty\/wnioski-o-akademik-na-rok-akademicki-2025-2026\/\">    <h3 class=\"article-title announcement-loop-post__title\">Wnioski o akademik na rok akademicki 2025\/2026<\/h3> <\/a>\r\n                        \r\n                    <a href=\"https:\/\/us.edu.pl\/student\/komunikaty\/wnioski-o-akademik-na-rok-akademicki-2025-2026\/\">     <div class=\"announcement-loop-post__text\">[vc_row][vc_column]Szanowni Studenci, informujemy, \u017ce wnioski o miejsce w domu studenckim z \u201epul wydzia\u0142owych\u201d b\u0119dzie mo\u017cna sk\u0142ada\u0107 w serwisie USOSweb do 25 wrze\u015bnia do godz. 23:59. Po tym terminie b\u0119dzie mo\u017cna sk\u0142ada\u0107 wnioski wy...<\/div> <\/a>\r\n                    \r\n                     <a href=\"https:\/\/us.edu.pl\/student\/komunikaty\/wnioski-o-akademik-na-rok-akademicki-2025-2026\/\">   <div class=\"announcement-loop-post__more\">wi\u0119cej...<\/div> <\/a>\r\n                    \r\n                <\/article>\r\n            \r\n                <article class=\"announcement-loop-post carousel-slide\">\r\n                    \r\n                    <a href=\"https:\/\/us.edu.pl\/student\/komunikaty\/terminy-kwaterowania-w-akademikach-2025-2\/\">    <h3 class=\"article-title announcement-loop-post__title\">Terminy kwaterowania w akademikach 2025<\/h3> <\/a>\r\n                        \r\n                    <a href=\"https:\/\/us.edu.pl\/student\/komunikaty\/terminy-kwaterowania-w-akademikach-2025-2\/\">     <div class=\"announcement-loop-post__text\">[vc_row][vc_column]Terminy kwaterowania w akademikach 2025 Osiedla Akademickie w Katowicach-Ligocie i Sosnowcu:30.09 (wtorek) 8.00 \u2013 17.001.10. (\u015broda) 8.00 \u2013 17.00 Przerwy b\u0119d\u0105 ustalane na miejscu; za nocleg z 30.09 na 1.10 nie b\u0119dzie ...<\/div> <\/a>\r\n                    \r\n                     <a href=\"https:\/\/us.edu.pl\/student\/komunikaty\/terminy-kwaterowania-w-akademikach-2025-2\/\">   <div class=\"announcement-loop-post__more\">wi\u0119cej...<\/div> <\/a>\r\n                    \r\n                <\/article>\r\n            \r\n                <article class=\"announcement-loop-post carousel-slide\">\r\n                    \r\n                    <a href=\"https:\/\/us.edu.pl\/student\/komunikaty\/uruchomienie-aplikowania-o-miejsce-w-ds-na-rok-akad-2025-2026\/\">    <h3 class=\"article-title announcement-loop-post__title\">Uruchomienie aplikowania o miejsce w DS na rok akad. 2025\/2026<\/h3> <\/a>\r\n                        \r\n                    <a href=\"https:\/\/us.edu.pl\/student\/komunikaty\/uruchomienie-aplikowania-o-miejsce-w-ds-na-rok-akad-2025-2026\/\">     <div class=\"announcement-loop-post__text\">[vc_row][vc_column] Od 11 lipca (pi\u0105tek) od godziny 11:00 w systemie USOSweb mo\u017cliwe jest sk\u0142adanie elektronicznych wniosk\u00f3w o przyznanie miejsca w Domach Studenckich Uniwersytetu \u015al\u0105skiego na rok akademicki 2025\/2026. [...]<p><a class=\"b...<\/div> <\/a>\r\n                    \r\n                     <a href=\"https:\/\/us.edu.pl\/student\/komunikaty\/uruchomienie-aplikowania-o-miejsce-w-ds-na-rok-akad-2025-2026\/\">   <div class=\"announcement-loop-post__more\">wi\u0119cej...<\/div> <\/a>\r\n                    \r\n                <\/article><\/div>\r\n                    \r\n                    <div class=\"announcement-loop-main announcement-loop-main_responsive carousel\">\r\n                    \r\n                        <a href = \"#\" data-slide = \"prev\" class=\"arrow\" >\r\n                            <em class=\"ci ci-angle-left\" ><\/em >\r\n                            <span class=\"d-none\" > arrow<\/span >\r\n                        <\/a>\r\n    \r\n                        <a href = \"#\" data-slide = \"next\" class=\"arrow\" >\r\n                            <em class=\"ci ci-angle-right\" ><\/em >\r\n                            <span class=\"d-none\" > arrow<\/span >\r\n                        <\/a>\r\n                    \r\n                        <div class=\"row items\">\r\n            \r\n                <article class=\"announcement-loop-post carousel-slide\">\r\n                    \r\n                    <a href=\"https:\/\/us.edu.pl\/student\/komunikaty\/swiadczenia-dla-studentow-w-semestrze-letnim-roku-akademickiego-2025-2026\/\">    <h3 class=\"article-title announcement-loop-post__title\">\u015awiadczenia dla student\u00f3w w semestrze letnim roku akademickiego 2025\/2026<\/h3> <\/a>\r\n                        \r\n                    <a href=\"https:\/\/us.edu.pl\/student\/komunikaty\/swiadczenia-dla-studentow-w-semestrze-letnim-roku-akademickiego-2025-2026\/\">     <div class=\"announcement-loop-post__text\">[vc_row][vc_column width=&#8221;5\/6&#8243;]Uprzejmie zawiadamiamy, \u017ce Prorektor ds. Studenckich i Kszta\u0142cenia dr Katarzyna Trynda, prof. U\u015a w porozumieniu z Zarz\u0105dem Uczelnianej Rady Samorz\u0105du Studenckiego [...]<p><a class=\"btn btn-seconda...<\/div> <\/a>\r\n                    \r\n                     <a href=\"https:\/\/us.edu.pl\/student\/komunikaty\/swiadczenia-dla-studentow-w-semestrze-letnim-roku-akademickiego-2025-2026\/\">   <div class=\"announcement-loop-post__more\">wi\u0119cej...<\/div> <\/a>\r\n                    \r\n                <\/article>\r\n            \r\n                <article class=\"announcement-loop-post carousel-slide\">\r\n                    \r\n                    <a href=\"https:\/\/us.edu.pl\/student\/komunikaty\/swiadczenia-dla-studentow-w-semestrze-zimowym-roku-akademickiego-2025-2026\/\">    <h3 class=\"article-title announcement-loop-post__title\">\u015awiadczenia dla student\u00f3w w semestrze zimowym roku akademickiego 2025\/2026<\/h3> <\/a>\r\n                        \r\n                    <a href=\"https:\/\/us.edu.pl\/student\/komunikaty\/swiadczenia-dla-studentow-w-semestrze-zimowym-roku-akademickiego-2025-2026\/\">     <div class=\"announcement-loop-post__text\">[vc_row][vc_column]Uprzejmie zawiadamiamy, \u017ce Prorektor ds. Studenckich i Kszta\u0142cenia dr Katarzyna Trynda, prof. U\u015a\u00a0 w porozumieniu z Zarz\u0105dem Uczelnianej Rady Samorz\u0105du Studenckiego\u00a0podj\u0119\u0142a decyzje wynikaj\u0105ce z par. 3 ust. 1 regulami...<\/div> <\/a>\r\n                    \r\n                     <a href=\"https:\/\/us.edu.pl\/student\/komunikaty\/swiadczenia-dla-studentow-w-semestrze-zimowym-roku-akademickiego-2025-2026\/\">   <div class=\"announcement-loop-post__more\">wi\u0119cej...<\/div> <\/a>\r\n                    \r\n                <\/article>\r\n            \r\n                <article class=\"announcement-loop-post carousel-slide\">\r\n                    \r\n                    <a href=\"https:\/\/us.edu.pl\/student\/komunikaty\/wnioski-o-akademik-zamkniecie-pul-wydzialowych\/\">    <h3 class=\"article-title announcement-loop-post__title\">Wnioski o akademik (zamkni\u0119cie pul wydzia\u0142owych)<\/h3> <\/a>\r\n                        \r\n                    <a href=\"https:\/\/us.edu.pl\/student\/komunikaty\/wnioski-o-akademik-zamkniecie-pul-wydzialowych\/\">     <div class=\"announcement-loop-post__text\">[vc_row][vc_column]Drodzy Studenci, Mo\u017cliwo\u015b\u0107 sk\u0142adania wniosk\u00f3w o akademik w aplikowaniach pul wydzia\u0142owych zosta\u0142a zamkni\u0119ta (wyj\u0105tkiem jest \u201ePula wydzia\u0142owa Cieszyn\u201d, kt\u00f3ra pozostaje [...]<p><a class=\"btn btn-secondary underst...<\/div> <\/a>\r\n                    \r\n                     <a href=\"https:\/\/us.edu.pl\/student\/komunikaty\/wnioski-o-akademik-zamkniecie-pul-wydzialowych\/\">   <div class=\"announcement-loop-post__more\">wi\u0119cej...<\/div> <\/a>\r\n                    \r\n                <\/article>\r\n            \r\n                <article class=\"announcement-loop-post carousel-slide\">\r\n                    \r\n                    <a href=\"https:\/\/us.edu.pl\/student\/komunikaty\/wnioski-o-akademik-na-rok-akademicki-2025-2026\/\">    <h3 class=\"article-title announcement-loop-post__title\">Wnioski o akademik na rok akademicki 2025\/2026<\/h3> <\/a>\r\n                        \r\n                    <a href=\"https:\/\/us.edu.pl\/student\/komunikaty\/wnioski-o-akademik-na-rok-akademicki-2025-2026\/\">     <div class=\"announcement-loop-post__text\">[vc_row][vc_column]Szanowni Studenci, informujemy, \u017ce wnioski o miejsce w domu studenckim z \u201epul wydzia\u0142owych\u201d b\u0119dzie mo\u017cna sk\u0142ada\u0107 w serwisie USOSweb do 25 wrze\u015bnia do godz. 23:59. Po tym terminie b\u0119dzie mo\u017cna sk\u0142ada\u0107 wnioski wy...<\/div> <\/a>\r\n                    \r\n                     <a href=\"https:\/\/us.edu.pl\/student\/komunikaty\/wnioski-o-akademik-na-rok-akademicki-2025-2026\/\">   <div class=\"announcement-loop-post__more\">wi\u0119cej...<\/div> <\/a>\r\n                    \r\n                <\/article>\r\n            \r\n                <article class=\"announcement-loop-post carousel-slide\">\r\n                    \r\n                    <a href=\"https:\/\/us.edu.pl\/student\/komunikaty\/terminy-kwaterowania-w-akademikach-2025-2\/\">    <h3 class=\"article-title announcement-loop-post__title\">Terminy kwaterowania w akademikach 2025<\/h3> <\/a>\r\n                        \r\n                    <a href=\"https:\/\/us.edu.pl\/student\/komunikaty\/terminy-kwaterowania-w-akademikach-2025-2\/\">     <div class=\"announcement-loop-post__text\">[vc_row][vc_column]Terminy kwaterowania w akademikach 2025 Osiedla Akademickie w Katowicach-Ligocie i Sosnowcu:30.09 (wtorek) 8.00 \u2013 17.001.10. (\u015broda) 8.00 \u2013 17.00 Przerwy b\u0119d\u0105 ustalane na miejscu; za nocleg z 30.09 na 1.10 nie b\u0119dzie ...<\/div> <\/a>\r\n                    \r\n                     <a href=\"https:\/\/us.edu.pl\/student\/komunikaty\/terminy-kwaterowania-w-akademikach-2025-2\/\">   <div class=\"announcement-loop-post__more\">wi\u0119cej...<\/div> <\/a>\r\n                    \r\n                <\/article>\r\n            \r\n                <article class=\"announcement-loop-post carousel-slide\">\r\n                    \r\n                    <a href=\"https:\/\/us.edu.pl\/student\/komunikaty\/uruchomienie-aplikowania-o-miejsce-w-ds-na-rok-akad-2025-2026\/\">    <h3 class=\"article-title announcement-loop-post__title\">Uruchomienie aplikowania o miejsce w DS na rok akad. 2025\/2026<\/h3> <\/a>\r\n                        \r\n                    <a href=\"https:\/\/us.edu.pl\/student\/komunikaty\/uruchomienie-aplikowania-o-miejsce-w-ds-na-rok-akad-2025-2026\/\">     <div class=\"announcement-loop-post__text\">[vc_row][vc_column] Od 11 lipca (pi\u0105tek) od godziny 11:00 w systemie USOSweb mo\u017cliwe jest sk\u0142adanie elektronicznych wniosk\u00f3w o przyznanie miejsca w Domach Studenckich Uniwersytetu \u015al\u0105skiego na rok akademicki 2025\/2026. [...]<p><a class=\"b...<\/div> <\/a>\r\n                    \r\n                     <a href=\"https:\/\/us.edu.pl\/student\/komunikaty\/uruchomienie-aplikowania-o-miejsce-w-ds-na-rok-akad-2025-2026\/\">   <div class=\"announcement-loop-post__more\">wi\u0119cej...<\/div> <\/a>\r\n                    \r\n                <\/article><\/div>\r\n                    <\/div>\r\n                <\/div>\r\n            <\/div>\r\n            [\/vc_column][\/vc_row][vc_row][vc_column][\/vc_column][\/vc_row]<\/p>","protected":false},"excerpt":{"rendered":"<p>[vc_row el_class=&#8221;container&#8221;][vc_column el_class=&#8221;container&#8221;][\/vc_column][\/vc_row][vc_row el_class=&#8221;container&#8221;][vc_column el_class=&#8221;container&#8221;][\/vc_column][\/vc_row][vc_row el_class=&#8221;container&#8221;][vc_column width=&#8221;1\/3&#8243; el_class=&#8221;container&#8221;][\/vc_column][vc_column width=&#8221;1\/3&#8243; el_class=&#8221;container&#8221;][\/vc_column][vc_column width=&#8221;1\/3&#8243; el_class=&#8221;container&#8221;][\/vc_column][\/vc_row][vc_row][vc_column][\/vc_column][\/vc_row][vc_row][vc_column][\/vc_column][\/vc_row] [&#8230;]<\/p>\n<p><a class=\"btn btn-secondary understrap-read-more-link\" href=\"https:\/\/us.edu.pl\/student\/wsparcie-i-fundusze\/akademiki-2\/\">Read More&#8230;<\/a><\/p>\n","protected":false},"author":1,"featured_media":0,"parent":21337,"menu_order":0,"comment_status":"closed","ping_status":"closed","template":"page-templates\/page-with-sidebar.php","meta":{"_expiration-date-status":"","_expiration-date":0,"_expiration-date-type":"","_expiration-date-categories":[],"_expiration-date-options":[]},"acf":[],"_links":{"self":[{"href":"https:\/\/us.edu.pl\/student\/wp-json\/wp\/v2\/pages\/8464"}],"collection":[{"href":"https:\/\/us.edu.pl\/student\/wp-json\/wp\/v2\/pages"}],"about":[{"href":"https:\/\/us.edu.pl\/student\/wp-json\/wp\/v2\/types\/page"}],"author":[{"embeddable":true,"href":"https:\/\/us.edu.pl\/student\/wp-json\/wp\/v2\/users\/1"}],"replies":[{"embeddable":true,"href":"https:\/\/us.edu.pl\/student\/wp-json\/wp\/v2\/comments?post=8464"}],"version-history":[{"count":7,"href":"https:\/\/us.edu.pl\/student\/wp-json\/wp\/v2\/pages\/8464\/revisions"}],"predecessor-version":[{"id":55933,"href":"https:\/\/us.edu.pl\/student\/wp-json\/wp\/v2\/pages\/8464\/revisions\/55933"}],"up":[{"embeddable":true,"href":"https:\/\/us.edu.pl\/student\/wp-json\/wp\/v2\/pages\/21337"}],"wp:attachment":[{"href":"https:\/\/us.edu.pl\/student\/wp-json\/wp\/v2\/media?parent=8464"}],"curies":[{"name":"wp","href":"https:\/\/api.w.org\/{rel}","templated":true}]}}