{"id":8675,"date":"2019-10-18T13:30:31","date_gmt":"2019-10-18T11:30:31","guid":{"rendered":"https:\/\/us.edu.pl\/student\/?page_id=8675"},"modified":"2025-07-11T13:19:23","modified_gmt":"2025-07-11T11:19:23","slug":"katowice-ligota-dom-studenta-1","status":"publish","type":"page","link":"https:\/\/us.edu.pl\/student\/wsparcie-i-fundusze\/akademiki-2\/osiedle-akademickie-ligota\/katowice-ligota-dom-studenta-1\/","title":{"rendered":"Katowice-Ligota Dom Studenta 1"},"content":{"rendered":"<p>[vc_row el_class=&#8221;container&#8221;][vc_column el_class=&#8221;container&#8221;]\r\n                <div class=\"text-modules\">\r\n                    <div class=\"container\">\r\n                        <h3 class=\"page-title text__title\">Katowice-Ligota Dom Studenta 1<\/h3>\r\n                        <div class=\"text-modules__content\"><p>(dawniej zwany \u201eStonoga\u201d)<\/p>\n<\/div>\r\n                    <\/div>\r\n                <\/div>\r\n                <div class=\"text-modules \">\r\n                    <div class=\"container\">\r\n                        <h3 class=\"section-title section-title_border-bottom\">O akademiku<\/h3> \r\n                        <div class=\"row m-0\">\r\n                            <div class=\"text-modules__content\">\r\n                                Dom Studenta nr 1 dysponuje 336 miejscami w pokojach jedno- i dwuosobowych (78 pokoi jednoosobowych, 141 pokoi dwuosobowych, 8 pokoi hotelowych). Zmodernizowany w 2019 roku budynek posiada 4 pi\u0119tra, na ka\u017cdym znajduje si\u0119 kuchnia, \u0142azienka oraz pralnia. W 2025 roku pokoje mieszkalne przesz\u0142y gruntown\u0105 renowacj\u0119, obejmuj\u0105c\u0105 malowanie oraz wymian\u0119 mebli. Mieszka\u0144cy mog\u0105 korzysta\u0107 z pokoi cichej nauki, sali telewizyjnej i gier oraz salki konferencyjnej. Ka\u017cdy pok\u00f3j z dost\u0119pem do internetu.<\/p>\n<p><u> Kaucja <\/u><br \/>\nAby zapewni\u0107 d\u0142ugotrwa\u0142e zachowanie wysokiego standardu odnowionych pokoi, na wniosek Uczelnianej Rady Samorz\u0105du Student\u00f3w, wprowadzona zosta\u0142a zwrotna kaucja za mieszkanie w DS1. Kaucja jest r\u00f3wna wysoko\u015bci miesi\u0119cznej op\u0142aty za zakwaterowanie i jest zabezpieczeniem ewentualnych szk\u00f3d lub zniszcze\u0144 powsta\u0142ych z przyczyn le\u017c\u0105cych po jego os\u00f3b mieszkaj\u0105cych w pokoju. Stan techniczny pokoju b\u0119dzie weryfikowany na pocz\u0105tku i na ko\u0144cu pobytu. \r\n                                <div class=\"mt-3\"><\/div>\r\n                            <\/div>\r\n                            \r\n                            \r\n                        <\/div>\r\n                    <\/div>\r\n                <\/div>[\/vc_column][\/vc_row][vc_row disable_element=&#8221;yes&#8221; el_class=&#8221;container&#8221;][vc_column]\r\n                <div class=\"tiles-section\" style=\"background: \">\r\n                    <div class=\"container\">\r\n                        <h3 class=\"page-title\">Zobacz osiedle<\/h3>\r\n                        <div class=\"tiles tiles-2\">\r\n                            <a href=\"\" class=\"tile tile_ justify-content-center\" style=\"background-color: #002E5A; font-weight: bold; color: #ffffff;  \">\r\n                                \r\n                                   \r\n                               \r\n                                <div class=\"tile__name\">Przestrze\u0144 wsp\u00f3lna<\/div>\r\n                            <\/a>\r\n                            <a href=\"\" class=\"tile tile_ justify-content-center\" style=\"background-color: #002E5A; font-weight: bold; color: #ffffff;  \">\r\n                                \r\n                                   \r\n                               \r\n                                <div class=\"tile__name\">Udogodnienia i dostosowanie do specjalnych potrzeb<\/div>\r\n                            <\/a><\/div>\r\n                    <\/div>\r\n                <\/div>[vc_empty_space height=&#8221;64px&#8221;][\/vc_column][\/vc_row][vc_row el_class=&#8221;container&#8221;][vc_column width=&#8221;1\/2&#8243; el_class=&#8221;container&#8221;]\r\n                <div class=\"text-modules\">\r\n                    <div class=\"container\">\r\n                        <h3 class=\"page-title text__title\">Co jest dost\u0119pne w akademiku<\/h3>\r\n                        <div class=\"text-modules__content\"><p><b>Kuchnia:<\/b><\/p>\n<ul style=\"list-style-type: circle;\">\n<li>wsp\u00f3lna<\/li>\n<li>p\u0142yta gazowa<\/li>\n<li>piekarnik<\/li>\n<\/ul>\n<p><b>\u0141azienka:<\/b><\/p>\n<ul style=\"list-style-type: circle;\">\n<li>wsp\u00f3lna<\/li>\n<li>prysznic<\/li>\n<li>toaleta<\/li>\n<\/ul>\n<p><b>Udogodnienie dla os\u00f3b z niepe\u0142nosprawno\u015bci\u0105:<\/b><\/p>\n<ul style=\"list-style-type: circle;\">\n<li>platforma schodowa<\/li>\n<\/ul>\n<p><b>Internet:<\/b><\/p>\n<ul style=\"list-style-type: circle;\">\n<li>przewodowy<\/li>\n<li>bezp\u0142atny<\/li>\n<\/ul>\n<p><b>Parking:<\/b><\/p>\n<ul style=\"list-style-type: circle;\">\n<li>bezp\u0142atny<\/li>\n<\/ul>\n<p><b>Udogodnienia:<\/b><\/p>\n<ul style=\"list-style-type: circle;\">\n<li>lod\u00f3wka w ka\u017cdym pokoju<\/li>\n<li>kosz na \u015bmieci w ka\u017cdym pokoju<\/li>\n<li>umywalka w ka\u017cdym pokoju<\/li>\n<li>pralnia \u2013 bezp\u0142atnie, og\u00f3lnodost\u0119pna<\/li>\n<li>dost\u0119pne \u017celazko i deska do prasowania<\/li>\n<li>dost\u0119pny odkurzacz<\/li>\n<li>automat z przek\u0105skami i napojami<\/li>\n<li>sala telewizyjna i gier<\/li>\n<li>sala konferencyjna<\/li>\n<li>pokoje cichej nauki<\/li>\n<li>po\u015bciel bezp\u0142atnie<\/li>\n<li>monitoring<\/li>\n<li>portiernia czynna ca\u0142\u0105 dob\u0119<\/li>\n<li>mo\u017cliwo\u015b\u0107 p\u0142atno\u015bci za DS kart\u0105 w magazynie po\u015bcieli<\/li>\n<\/ul>\n<p>\n<\/div>\r\n                    <\/div>\r\n                <\/div>[\/vc_column][vc_column width=&#8221;1\/2&#8243; el_class=&#8221;container&#8221;]\r\n                <div class=\"text-modules\">\r\n                    <div class=\"container\">\r\n                        <h3 class=\"page-title text__title\">Zabierz ze sob\u0105<\/h3>\r\n                        <div class=\"text-modules__content\"><\/p>\n<ul style=\"list-style-type: circle;\">\n<li>naczynia<\/li>\n<li>sztu\u0107ce<\/li>\n<li>garnki<\/li>\n<li>czajnik<\/li>\n<li>r\u0119czniki<\/li>\n<\/ul>\n<p>\n<\/div>\r\n                    <\/div>\r\n                <\/div>\r\n                <div class=\"text-modules\">\r\n                    <div class=\"container\">\r\n                        <h3 class=\"page-title text__title\">Informacje dodatkowe<\/h3>\r\n                        <div class=\"text-modules__content\"><p><strong>Zwierz\u0119ta:<\/strong><\/p>\n<ul>\n<li>za zgod\u0105 administratora budynku<\/li>\n<li>aktualna ksi\u0105\u017ceczka zdrowia, wraz ze szczepieniami<\/li>\n<li>do 10 kg<\/li>\n<\/ul>\n<p>\n<\/div>\r\n                    <\/div>\r\n                <\/div>\r\n                <div class=\"text-modules\">\r\n                    <div class=\"container\">\r\n                        <h3 class=\"page-title text__title\">Og\u00f3lne<\/h3>\r\n                        <div class=\"text-modules__content\"><\/p>\n<ul style=\"list-style-type: circle;\">\n<li>zakaz palenia papieros\u00f3w<\/li>\n<\/ul>\n<p>\n<\/div>\r\n                    <\/div>\r\n                <\/div>\r\n                <div class=\"text-modules\">\r\n                    <div class=\"container\">\r\n                        <h3 class=\"page-title text__title\">Dane teleadresowe<\/h3>\r\n                        <div class=\"text-modules__content\"><p>ul. Studencka 15<br \/>\n40-743 Katowice (Ligota)<br \/>\ntel. (32) 358 6510<\/p>\n<\/div>\r\n                    <\/div>\r\n                <\/div>\r\n                <div class=\"text-modules\">\r\n                    <div class=\"container\">\r\n                        <h3 class=\"page-title text__title\">Akademikiem kieruje<\/h3>\r\n                        <div class=\"text-modules__content\"><p><a href=\"http:\/\/pracownik.us.edu.pl\/us-addressbook\/emp\/1002\"><b>El\u017cbieta<\/b> <b>Sonnenfeld<\/b><\/a><\/p>\n<p>tel. 32 358 6601,<br \/>\nadres e-mail: elzbieta.sonnenfeld@us.edu.pl<\/p>\n<\/div>\r\n                    <\/div>\r\n                <\/div>[\/vc_column][\/vc_row]<\/p>","protected":false},"excerpt":{"rendered":"<p>[vc_row el_class=&#8221;container&#8221;][vc_column el_class=&#8221;container&#8221;][\/vc_column][\/vc_row][vc_row disable_element=&#8221;yes&#8221; el_class=&#8221;container&#8221;][vc_column][vc_empty_space height=&#8221;64px&#8221;][\/vc_column][\/vc_row][vc_row el_class=&#8221;container&#8221;][vc_column width=&#8221;1\/2&#8243; el_class=&#8221;container&#8221;][\/vc_column][vc_column width=&#8221;1\/2&#8243; el_class=&#8221;container&#8221;][\/vc_column][\/vc_row] [&#8230;]<\/p>\n<p><a class=\"btn btn-secondary understrap-read-more-link\" href=\"https:\/\/us.edu.pl\/student\/wsparcie-i-fundusze\/akademiki-2\/osiedle-akademickie-ligota\/katowice-ligota-dom-studenta-1\/\">Read More&#8230;<\/a><\/p>\n","protected":false},"author":1,"featured_media":0,"parent":5400,"menu_order":0,"comment_status":"closed","ping_status":"closed","template":"","meta":{"_expiration-date-status":"","_expiration-date":0,"_expiration-date-type":"","_expiration-date-categories":[],"_expiration-date-options":[]},"acf":[],"_links":{"self":[{"href":"https:\/\/us.edu.pl\/student\/wp-json\/wp\/v2\/pages\/8675"}],"collection":[{"href":"https:\/\/us.edu.pl\/student\/wp-json\/wp\/v2\/pages"}],"about":[{"href":"https:\/\/us.edu.pl\/student\/wp-json\/wp\/v2\/types\/page"}],"author":[{"embeddable":true,"href":"https:\/\/us.edu.pl\/student\/wp-json\/wp\/v2\/users\/1"}],"replies":[{"embeddable":true,"href":"https:\/\/us.edu.pl\/student\/wp-json\/wp\/v2\/comments?post=8675"}],"version-history":[{"count":3,"href":"https:\/\/us.edu.pl\/student\/wp-json\/wp\/v2\/pages\/8675\/revisions"}],"predecessor-version":[{"id":55973,"href":"https:\/\/us.edu.pl\/student\/wp-json\/wp\/v2\/pages\/8675\/revisions\/55973"}],"up":[{"embeddable":true,"href":"https:\/\/us.edu.pl\/student\/wp-json\/wp\/v2\/pages\/5400"}],"wp:attachment":[{"href":"https:\/\/us.edu.pl\/student\/wp-json\/wp\/v2\/media?parent=8675"}],"curies":[{"name":"wp","href":"https:\/\/api.w.org\/{rel}","templated":true}]}}