{"id":8728,"date":"2019-10-18T13:42:54","date_gmt":"2019-10-18T11:42:54","guid":{"rendered":"https:\/\/us.edu.pl\/student\/?page_id=8728"},"modified":"2024-07-09T13:17:07","modified_gmt":"2024-07-09T11:17:07","slug":"katowice-ligota-dom-studenta-2","status":"publish","type":"page","link":"https:\/\/us.edu.pl\/student\/wsparcie-i-fundusze\/akademiki-2\/osiedle-akademickie-ligota\/katowice-ligota-dom-studenta-2\/","title":{"rendered":"Katowice-Ligota Dom Studenta 2"},"content":{"rendered":"<p>[vc_row el_class=&#8221;container&#8221;][vc_column el_class=&#8221;container&#8221;]\r\n                <div class=\"text-modules\">\r\n                    <div class=\"container\">\r\n                        <h3 class=\"page-title text__title\">Katowice-Ligota Dom Studenta 2<\/h3>\r\n                        <div class=\"text-modules__content\"><p>(dawniej zwany \u201eAplikant\u201d)<\/p>\n<\/div>\r\n                    <\/div>\r\n                <\/div>\r\n                <div class=\"text-modules \">\r\n                    <div class=\"container\">\r\n                        <h3 class=\"section-title section-title_border-bottom\">O akademiku<\/h3> \r\n                        <div class=\"row m-0\">\r\n                            <div class=\"text-modules__content\">\r\n                                Budynek posiada 4 pi\u0119tra, 357 miejsc studenckich w\u00a0 pokojach jednoosobowych (60 pokoi, w tym 10 pokoi typu studio, 5 pokoi dostosowanych do potrzeb os\u00f3b z niepe\u0142nosprawno\u015bci\u0105 ruchow\u0105) i dwuosobowych. Kuchnie, pralnie i sanitariaty usytuowane s\u0105 na ka\u017cdym pi\u0119trze. Do dyspozycji mieszka\u0144c\u00f3w pozostaj\u0105 pokoje do nauki, sala telewizyjna oraz sala gier ze sto\u0142em do tenisa sto\u0142owego i pi\u0142karzykami. Ka\u017cdy pok\u00f3j z dost\u0119pem do internetu. \r\n                                <div class=\"mt-3\"><\/div>\r\n                            <\/div>\r\n                            \r\n                            \r\n                        <\/div>\r\n                    <\/div>\r\n                <\/div>[\/vc_column][\/vc_row][vc_row disable_element=&#8221;yes&#8221; el_class=&#8221;container&#8221;][vc_column]\r\n                <div class=\"tiles-section\" style=\"background: \">\r\n                    <div class=\"container\">\r\n                        <h3 class=\"page-title\">Zobacz osiedle<\/h3>\r\n                        <div class=\"tiles tiles-2\">\r\n                            <a href=\"\" class=\"tile tile_ justify-content-center\" style=\"background-color: #002E5A; font-weight: bold; color: #ffffff;  \">\r\n                                \r\n                                   \r\n                               \r\n                                <div class=\"tile__name\">Przestrze\u0144 wsp\u00f3lna<\/div>\r\n                            <\/a>\r\n                            <a href=\"\" class=\"tile tile_ justify-content-center\" style=\"background-color: #002E5A; font-weight: bold; color: #ffffff;  \">\r\n                                \r\n                                   \r\n                               \r\n                                <div class=\"tile__name\">Udogodnienia i dostosowanie do specjalnych potrzeb<\/div>\r\n                            <\/a><\/div>\r\n                    <\/div>\r\n                <\/div>[vc_empty_space height=&#8221;64px&#8221;][\/vc_column][\/vc_row][vc_row el_class=&#8221;container&#8221;][vc_column width=&#8221;1\/2&#8243; el_class=&#8221;container&#8221;]\r\n                <div class=\"text-modules\">\r\n                    <div class=\"container\">\r\n                        <h3 class=\"page-title text__title\">Co jest dost\u0119pne w akademiku<\/h3>\r\n                        <div class=\"text-modules__content\"><p><strong>Kuchnia:<\/strong><\/p>\n<ul style=\"list-style-type: circle;\">\n<li>wsp\u00f3lna<\/li>\n<li>p\u0142yta gazowa<\/li>\n<li>piekarnik<\/li>\n<\/ul>\n<p><strong>\u0141azienka:<\/strong><\/p>\n<ul style=\"list-style-type: circle;\">\n<li>wsp\u00f3lna<\/li>\n<li>prysznic<\/li>\n<li>toaleta<\/li>\n<\/ul>\n<p><strong>Udogodnienie dla os\u00f3b z niepe\u0142nosprawno\u015bci\u0105:<\/strong><\/p>\n<ul style=\"list-style-type: circle;\">\n<li>5 dostosowanych pokoi<\/li>\n<li>1 dostosowana \u0142azienka<\/li>\n<li>1 dostosowana kuchnia<\/li>\n<\/ul>\n<p><strong>Internet:<\/strong><\/p>\n<ul style=\"list-style-type: circle;\">\n<li>przewodowy<\/li>\n<li>bezp\u0142atny<\/li>\n<\/ul>\n<p><strong>Parking:<\/strong><\/p>\n<ul style=\"list-style-type: circle;\">\n<li>bezp\u0142atny<\/li>\n<\/ul>\n<p><strong>Udogodnienia:<\/strong><\/p>\n<ul style=\"list-style-type: circle;\">\n<li>lod\u00f3wka w ka\u017cdym pokoju<\/li>\n<li>kosz na \u015bmieci w ka\u017cdym pokoju<\/li>\n<li>umywalka w ka\u017cdym pokoju<\/li>\n<li>pralnia \u2013 bezp\u0142atnie, og\u00f3lnodost\u0119pna<\/li>\n<li>dost\u0119pne \u017celazko i deska do prasowania<\/li>\n<li>dost\u0119pny odkurzacz<\/li>\n<li>automat z przek\u0105skami i napojami<\/li>\n<li>sala telewizyjna i sala gier<\/li>\n<li>sala konferencyjna<\/li>\n<li>pokoje cichej nauki<\/li>\n<li>rowerownia<\/li>\n<li>po\u015bciel bezp\u0142atnie<\/li>\n<li>monitoring<\/li>\n<li>portiernia czynna ca\u0142\u0105 dob\u0119<\/li>\n<li>mo\u017cliwo\u015b\u0107 p\u0142atno\u015bci za DS. kart\u0105 w magazynie po\u015bcieli<\/li>\n<\/ul>\n<p>\n<\/div>\r\n                    <\/div>\r\n                <\/div>[\/vc_column][vc_column width=&#8221;1\/2&#8243; el_class=&#8221;container&#8221;]\r\n                <div class=\"text-modules\">\r\n                    <div class=\"container\">\r\n                        <h3 class=\"page-title text__title\">Zabierz ze sob\u0105<\/h3>\r\n                        <div class=\"text-modules__content\"><\/p>\n<ul style=\"list-style-type: circle;\">\n<li>naczynia<\/li>\n<li>sztu\u0107ce<\/li>\n<li>garnki<\/li>\n<li>czajnik<\/li>\n<li>r\u0119czniki<\/li>\n<\/ul>\n<p>\n<\/div>\r\n                    <\/div>\r\n                <\/div>\r\n                <div class=\"text-modules\">\r\n                    <div class=\"container\">\r\n                        <h3 class=\"page-title text__title\">Informacje dodatkowe<\/h3>\r\n                        <div class=\"text-modules__content\"><\/p>\n<p><strong>Zwierz\u0119ta:<\/strong><\/p>\n<ul style=\"list-style-type: circle;\">\n<li><span style=\"font-weight: 400;\">za zgod\u0105 administratora budynku<\/span><\/li>\n<li><span style=\"font-weight: 400;\">aktualna ksi\u0105\u017ceczka zdrowia, wraz ze szczepieniami<\/span><\/li>\n<li><span style=\"font-weight: 400;\">do 10 kg<\/span><\/li>\n<\/ul>\n<p>\n<\/div>\r\n                    <\/div>\r\n                <\/div>\r\n                <div class=\"text-modules\">\r\n                    <div class=\"container\">\r\n                        <h3 class=\"page-title text__title\">Og\u00f3lne<\/h3>\r\n                        <div class=\"text-modules__content\"><\/p>\n<ul style=\"list-style-type: circle;\">\n<li>zakaz palenia papieros\u00f3w<\/li>\n<\/ul>\n<p>\n<\/div>\r\n                    <\/div>\r\n                <\/div>\r\n                <div class=\"text-modules\">\r\n                    <div class=\"container\">\r\n                        <h3 class=\"page-title text__title\">Dane teleadresowe<\/h3>\r\n                        <div class=\"text-modules__content\"><p>ul. Studencka 17<br \/>\n40-743 Katowice (Ligota)<br \/>\ntel. 32 358 6520<\/p>\n<\/div>\r\n                    <\/div>\r\n                <\/div>\r\n                <div class=\"text-modules\">\r\n                    <div class=\"container\">\r\n                        <h3 class=\"page-title text__title\">Akademikiem kieruje<\/h3>\r\n                        <div class=\"text-modules__content\"><p><b><a href=\"https:\/\/ab.us.edu.pl\/emp?id=47982\">Marek Sonnefeld<\/a><\/b><\/p>\n<p>tel. 32 358 6602,<br \/>\nadres e-mail: marek.sonnenfeld@us.edu.pl<\/p>\n<\/div>\r\n                    <\/div>\r\n                <\/div>[\/vc_column][\/vc_row]<\/p>","protected":false},"excerpt":{"rendered":"<p>[vc_row el_class=&#8221;container&#8221;][vc_column el_class=&#8221;container&#8221;][\/vc_column][\/vc_row][vc_row disable_element=&#8221;yes&#8221; el_class=&#8221;container&#8221;][vc_column][vc_empty_space height=&#8221;64px&#8221;][\/vc_column][\/vc_row][vc_row el_class=&#8221;container&#8221;][vc_column width=&#8221;1\/2&#8243; el_class=&#8221;container&#8221;][\/vc_column][vc_column width=&#8221;1\/2&#8243; el_class=&#8221;container&#8221;][\/vc_column][\/vc_row] [&#8230;]<\/p>\n<p><a class=\"btn btn-secondary understrap-read-more-link\" href=\"https:\/\/us.edu.pl\/student\/wsparcie-i-fundusze\/akademiki-2\/osiedle-akademickie-ligota\/katowice-ligota-dom-studenta-2\/\">Read More&#8230;<\/a><\/p>\n","protected":false},"author":1,"featured_media":0,"parent":5400,"menu_order":0,"comment_status":"closed","ping_status":"closed","template":"","meta":{"_expiration-date-status":"","_expiration-date":0,"_expiration-date-type":"","_expiration-date-categories":[],"_expiration-date-options":[]},"acf":[],"_links":{"self":[{"href":"https:\/\/us.edu.pl\/student\/wp-json\/wp\/v2\/pages\/8728"}],"collection":[{"href":"https:\/\/us.edu.pl\/student\/wp-json\/wp\/v2\/pages"}],"about":[{"href":"https:\/\/us.edu.pl\/student\/wp-json\/wp\/v2\/types\/page"}],"author":[{"embeddable":true,"href":"https:\/\/us.edu.pl\/student\/wp-json\/wp\/v2\/users\/1"}],"replies":[{"embeddable":true,"href":"https:\/\/us.edu.pl\/student\/wp-json\/wp\/v2\/comments?post=8728"}],"version-history":[{"count":3,"href":"https:\/\/us.edu.pl\/student\/wp-json\/wp\/v2\/pages\/8728\/revisions"}],"predecessor-version":[{"id":43528,"href":"https:\/\/us.edu.pl\/student\/wp-json\/wp\/v2\/pages\/8728\/revisions\/43528"}],"up":[{"embeddable":true,"href":"https:\/\/us.edu.pl\/student\/wp-json\/wp\/v2\/pages\/5400"}],"wp:attachment":[{"href":"https:\/\/us.edu.pl\/student\/wp-json\/wp\/v2\/media?parent=8728"}],"curies":[{"name":"wp","href":"https:\/\/api.w.org\/{rel}","templated":true}]}}