{"id":8738,"date":"2019-10-18T13:44:04","date_gmt":"2019-10-18T11:44:04","guid":{"rendered":"https:\/\/us.edu.pl\/student\/?page_id=8738"},"modified":"2024-07-09T13:16:57","modified_gmt":"2024-07-09T11:16:57","slug":"katowice-ligota-dom-studenta-7","status":"publish","type":"page","link":"https:\/\/us.edu.pl\/student\/wsparcie-i-fundusze\/akademiki-2\/osiedle-akademickie-ligota\/katowice-ligota-dom-studenta-7\/","title":{"rendered":"Katowice-Ligota Dom Studenta 7"},"content":{"rendered":"<p>[vc_row][vc_column]\r\n                <div class=\"text-modules\">\r\n                    <div class=\"container\">\r\n                        <h3 class=\"page-title text__title\">Katowice-Ligota Dom Studenta 7<\/h3>\r\n                        <div class=\"text-modules__content\"><p>(nieoficjalnie nazywany \u201eSzpitalem\u201d)<\/p>\n<\/div>\r\n                    <\/div>\r\n                <\/div>\r\n                <div class=\"text-modules\">\r\n                    <div class=\"container\">\r\n                        <h3 class=\"page-title text__title\">O akademiku<\/h3>\r\n                        <div class=\"text-modules__content\"><p>Budynek posiada 4 kondygnacje, 454 miejsc studenckich, m.in. w 140 pokojach jednoosobowych. Pokoje w uk\u0142adzie segmentowym. W sk\u0142ad segmentu wchodz\u0105 2 pokoje, \u0142azienka i kuchnia. Na ka\u017cdym pi\u0119trze dodatkowo kuchnie i pralnie. Mieszka\u0144cy mog\u0105 korzysta\u0107 z pokoi cichej nauki, sali telewizyjna i sali gier. W budynku znajduje si\u0119 klub studencki, biblioteka miejska, sklep samoobs\u0142ugowy.<\/p>\n<\/div>\r\n                    <\/div>\r\n                <\/div>[\/vc_column][\/vc_row][vc_row disable_element=&#8221;yes&#8221;][vc_column]\r\n                <div class=\"tiles-section\" style=\"background: \">\r\n                    <div class=\"container\">\r\n                        <h3 class=\"page-title\">Zobacz osiedle<\/h3>\r\n                        <div class=\"tiles tiles-2\">\r\n                            <a href=\"\" class=\"tile tile_ justify-content-center\" style=\"background-color: #002E5A; font-weight: ; color: #ffffff;  \">\r\n                                \r\n                                   \r\n                               \r\n                                <div class=\"tile__name\">Przestrze\u0144 wsp\u00f3lna<\/div>\r\n                            <\/a>\r\n                            <a href=\"\" class=\"tile tile_ justify-content-center\" style=\"background-color: #002E5A; font-weight: ; color: #ffffff;  \">\r\n                                \r\n                                   \r\n                               \r\n                                <div class=\"tile__name\">Udogodnienia i dostosowanie do specjalnych potrzeb<\/div>\r\n                            <\/a><\/div>\r\n                    <\/div>\r\n                <\/div>[vc_empty_space][\/vc_column][\/vc_row][vc_row el_class=&#8221;container&#8221;][vc_column width=&#8221;1\/2&#8243;]\r\n                <div class=\"text-modules\">\r\n                    <div class=\"container\">\r\n                        <h3 class=\"page-title text__title\">Co jest dost\u0119pne w akademiku<\/h3>\r\n                        <div class=\"text-modules__content\"><p><b>Kuchnia:<\/b><\/p>\n<ul>\n<li>wsp\u00f3lna<\/li>\n<li>p\u0142yta elektryczna<\/li>\n<li>piekarnik<\/li>\n<\/ul>\n<p><b>Udogodnienie dla os\u00f3b z niepe\u0142nosprawno\u015bci\u0105:<\/b><\/p>\n<ul>\n<li>brak<\/li>\n<\/ul>\n<p><b>Internet:<\/b><\/p>\n<ul>\n<li>przewodowy<\/li>\n<li>bezp\u0142atny<\/li>\n<\/ul>\n<p><b>Parking:<\/b><\/p>\n<ul>\n<li>bezp\u0142atny<\/li>\n<\/ul>\n<p><b>Udogodnienia:<\/b><\/p>\n<ul>\n<li>lod\u00f3wka w ka\u017cdym pokoju<\/li>\n<li>kosz na \u015bmieci w ka\u017cdym pokoju<\/li>\n<li>pralnia \u2013 bezp\u0142atnie, og\u00f3lnodost\u0119pna<\/li>\n<li>dost\u0119pne \u017celazko i deska do prasowania<\/li>\n<li>dost\u0119pny odkurzacz<\/li>\n<li>automat z przek\u0105skami i napojami<\/li>\n<li>sala telewizyjna i sala gier<\/li>\n<li>pokoje cichej nauki<\/li>\n<li>po\u015bciel bezp\u0142atnie<\/li>\n<li>monitoring<\/li>\n<li>portiernia czynna ca\u0142\u0105 dob\u0119<\/li>\n<li>mo\u017cliwo\u015b\u0107 p\u0142atno\u015bci za DS. kart\u0105 w magazynie po\u015bcieli<\/li>\n<\/ul>\n<p>\n<\/div>\r\n                    <\/div>\r\n                <\/div>[\/vc_column][vc_column width=&#8221;1\/2&#8243;]\r\n                <div class=\"text-modules\">\r\n                    <div class=\"container\">\r\n                        <h3 class=\"page-title text__title\">Zabierz ze sob\u0105<\/h3>\r\n                        <div class=\"text-modules__content\"><\/p>\n<ul>\n<li>naczynia<\/li>\n<li>sztu\u0107ce<\/li>\n<li>garnki<\/li>\n<li>czajnik<\/li>\n<li>r\u0119czniki<\/li>\n<\/ul>\n<p>\n<\/div>\r\n                    <\/div>\r\n                <\/div>\r\n                <div class=\"text-modules\">\r\n                    <div class=\"container\">\r\n                        <h3 class=\"page-title text__title\">Informacje dodatkowe<\/h3>\r\n                        <div class=\"text-modules__content\"><p><strong>Zwierz\u0119ta:<\/strong><\/p>\n<ul>\n<li>za zgod\u0105 administratora budynku<\/li>\n<li>aktualna ksi\u0105\u017ceczka zdrowia, wraz ze szczepieniami<\/li>\n<li>do 10 kg<\/li>\n<\/ul>\n<p>\n<\/div>\r\n                    <\/div>\r\n                <\/div>\r\n                <div class=\"text-modules\">\r\n                    <div class=\"container\">\r\n                        <h3 class=\"page-title text__title\">Og\u00f3lne<\/h3>\r\n                        <div class=\"text-modules__content\"><\/p>\n<ul>\n<li>zakaz palenia papieros\u00f3w<\/li>\n<\/ul>\n<p>\n<\/div>\r\n                    <\/div>\r\n                <\/div>\r\n                <div class=\"text-modules\">\r\n                    <div class=\"container\">\r\n                        <h3 class=\"page-title text__title\">Dane teleadresowe<\/h3>\r\n                        <div class=\"text-modules__content\"><p>ul. Studencka 16<br \/>\n40-743 Katowice (Ligota)<br \/>\ntel. 32 358 6557<\/p>\n<\/div>\r\n                    <\/div>\r\n                <\/div>\r\n                <div class=\"text-modules\">\r\n                    <div class=\"container\">\r\n                        <h3 class=\"page-title text__title\">Akademikiem kieruje<\/h3>\r\n                        <div class=\"text-modules__content\"><p><a href=\"http:\/\/pracownik.us.edu.pl\/us-addressbook\/emp\/43851\"><b>Anna Zydro\u0144<\/b><\/a><b>\u00a0<\/b><\/p>\n<p>tel. 32 358 66 06,<\/p>\n<p>adres e-mail: anna.zydron@us.edu.pl<\/p>\n<\/div>\r\n                    <\/div>\r\n                <\/div>[\/vc_column][\/vc_row]<\/p>","protected":false},"excerpt":{"rendered":"<p>[vc_row][vc_column][\/vc_column][\/vc_row][vc_row disable_element=&#8221;yes&#8221;][vc_column][vc_empty_space][\/vc_column][\/vc_row][vc_row el_class=&#8221;container&#8221;][vc_column width=&#8221;1\/2&#8243;][\/vc_column][vc_column width=&#8221;1\/2&#8243;][\/vc_column][\/vc_row] [&#8230;]<\/p>\n<p><a class=\"btn btn-secondary understrap-read-more-link\" href=\"https:\/\/us.edu.pl\/student\/wsparcie-i-fundusze\/akademiki-2\/osiedle-akademickie-ligota\/katowice-ligota-dom-studenta-7\/\">Read More&#8230;<\/a><\/p>\n","protected":false},"author":1,"featured_media":0,"parent":5400,"menu_order":0,"comment_status":"closed","ping_status":"closed","template":"","meta":{"_expiration-date-status":"","_expiration-date":0,"_expiration-date-type":"","_expiration-date-categories":[],"_expiration-date-options":[]},"acf":[],"_links":{"self":[{"href":"https:\/\/us.edu.pl\/student\/wp-json\/wp\/v2\/pages\/8738"}],"collection":[{"href":"https:\/\/us.edu.pl\/student\/wp-json\/wp\/v2\/pages"}],"about":[{"href":"https:\/\/us.edu.pl\/student\/wp-json\/wp\/v2\/types\/page"}],"author":[{"embeddable":true,"href":"https:\/\/us.edu.pl\/student\/wp-json\/wp\/v2\/users\/1"}],"replies":[{"embeddable":true,"href":"https:\/\/us.edu.pl\/student\/wp-json\/wp\/v2\/comments?post=8738"}],"version-history":[{"count":10,"href":"https:\/\/us.edu.pl\/student\/wp-json\/wp\/v2\/pages\/8738\/revisions"}],"predecessor-version":[{"id":45064,"href":"https:\/\/us.edu.pl\/student\/wp-json\/wp\/v2\/pages\/8738\/revisions\/45064"}],"up":[{"embeddable":true,"href":"https:\/\/us.edu.pl\/student\/wp-json\/wp\/v2\/pages\/5400"}],"wp:attachment":[{"href":"https:\/\/us.edu.pl\/student\/wp-json\/wp\/v2\/media?parent=8738"}],"curies":[{"name":"wp","href":"https:\/\/api.w.org\/{rel}","templated":true}]}}