{"id":8821,"date":"2019-10-18T13:53:35","date_gmt":"2019-10-18T11:53:35","guid":{"rendered":"https:\/\/us.edu.pl\/student\/?page_id=8821"},"modified":"2026-02-02T15:14:09","modified_gmt":"2026-02-02T14:14:09","slug":"sosnowiec-dom-studenta-4","status":"publish","type":"page","link":"https:\/\/us.edu.pl\/student\/wsparcie-i-fundusze\/akademiki-2\/sosnowiec-dom-studenta-4\/","title":{"rendered":"Sosnowiec Dom Studenta 4"},"content":{"rendered":"<p>[vc_row el_class=&#8221;container&#8221;][vc_column el_class=&#8221;container&#8221;]\r\n                <div class=\"text-modules\">\r\n                    <div class=\"container\">\r\n                        <h3 class=\"page-title text__title\">Sosnowiec Dom Studenta 4<\/h3>\r\n                        <div class=\"text-modules__content\"><\/div>\r\n                    <\/div>\r\n                <\/div>\r\n                <div class=\"text-modules \">\r\n                    <div class=\"container\">\r\n                        <h3 class=\"section-title section-title_border-bottom\">O akademiku<\/h3> \r\n                        <div class=\"row m-0\">\r\n                            <div class=\"text-modules__content\">\r\n                                <span style=\"font-weight: 400;\">Budynek 4-pi\u0119trowy, 186 miejsc w 93 pokojach dwuosobowych. Ka\u017cdy pok\u00f3j z dost\u0119pem do internetu. Na ka\u017cdym pi\u0119trze znajduj\u0105 si\u0119 2 kuchnie i 2 \u0142azienki z WC. Mieszka\u0144cy mog\u0105 korzysta\u0107 z pokoi do nauki, sali telewizyjnej, pralni i suszarni.<\/span> \r\n                                <div class=\"mt-3\"><\/div>\r\n                            <\/div>\r\n                            \r\n                            \r\n                        <\/div>\r\n                    <\/div>\r\n                <\/div>[\/vc_column][\/vc_row][vc_row disable_element=&#8221;yes&#8221; el_class=&#8221;container&#8221;][vc_column]\r\n                <div class=\"tiles-section\" style=\"background: \">\r\n                    <div class=\"container\">\r\n                        <h3 class=\"page-title\">Zobacz osiedle<\/h3>\r\n                        <div class=\"tiles tiles-2\">\r\n                            <a href=\" https:\/\/us.edu.pl\/student\/index\/akademiki\/sosnowiec-dom-studenta-4\/przestrzen-wspolna\/\" class=\"tile tile_ justify-content-center\" style=\"background-color: #002E5A; font-weight: bold; color: #ffffff;  \">\r\n                                \r\n                                   \r\n                               \r\n                                <div class=\"tile__name\">Przestrze\u0144 wsp\u00f3lna<\/div>\r\n                            <\/a>\r\n                            <a href=\"https:\/\/us.edu.pl\/student\/index\/akademiki\/sosnowiec-dom-studenta-4\/udogodnienia-i-dostosowanie-do-specjalnych-potrzeb\/\" class=\"tile tile_ justify-content-center\" style=\"background-color: #002E5A; font-weight: bold; color: #ffffff;  \">\r\n                                \r\n                                   \r\n                               \r\n                                <div class=\"tile__name\">Udogodnienia i dostosowanie do specjalnych potrzeb<\/div>\r\n                            <\/a><\/div>\r\n                    <\/div>\r\n                <\/div>[vc_empty_space height=&#8221;64px&#8221;][\/vc_column][\/vc_row][vc_row el_class=&#8221;container&#8221;][vc_column width=&#8221;1\/2&#8243; el_class=&#8221;container&#8221;]\r\n                <div class=\"text-modules\">\r\n                    <div class=\"container\">\r\n                        <h3 class=\"page-title text__title\">Co jest dost\u0119pne w akademiku<\/h3>\r\n                        <div class=\"text-modules__content\"><p><b>Kuchnia:<\/b><\/p>\n<ul style=\"list-style-type: circle;\">\n<li><span style=\"font-weight: 400;\">wsp\u00f3lna<\/span><\/li>\n<li><span style=\"font-weight: 400;\">kuchnia gazowa<\/span><\/li>\n<li><span style=\"font-weight: 400;\">piekarnik<\/span><\/li>\n<\/ul>\n<p><b>\u0141azienka:<\/b><\/p>\n<ul style=\"list-style-type: circle;\">\n<li><span style=\"font-weight: 400;\">wsp\u00f3lna<\/span><\/li>\n<li><span style=\"font-weight: 400;\">prysznic<\/span><\/li>\n<li><span style=\"font-weight: 400;\">toaleta<\/span><\/li>\n<\/ul>\n<p><b>Internet:<\/b><\/p>\n<ul style=\"list-style-type: circle;\">\n<li><span style=\"font-weight: 400;\">przewodowy<\/span><\/li>\n<li><span style=\"font-weight: 400;\">bezp\u0142atny<\/span><\/li>\n<\/ul>\n<p><b>Parking:<\/b><\/p>\n<ul style=\"list-style-type: circle;\">\n<li><span style=\"font-weight: 400;\">bezp\u0142atny<\/span><\/li>\n<\/ul>\n<p><b>Udogodnienia:<\/b><\/p>\n<ul style=\"list-style-type: circle;\">\n<li><span style=\"font-weight: 400;\">lod\u00f3wka w ka\u017cdym pokoju<\/span><\/li>\n<li><span style=\"font-weight: 400;\">kosz na \u015bmieci w ka\u017cdym pokoju<\/span><\/li>\n<li><span style=\"font-weight: 400;\">umywalka w ka\u017cdym pokoju<\/span><\/li>\n<li><span style=\"font-weight: 400;\">pralnia \u2013 bezp\u0142atnie, og\u00f3lnodost\u0119pna<\/span><\/li>\n<li><span style=\"font-weight: 400;\">dost\u0119pne \u017celazko i deska do prasowania<\/span><\/li>\n<li><span style=\"font-weight: 400;\">dost\u0119pny odkurzacz<\/span><\/li>\n<li><span style=\"font-weight: 400;\">sala telewizyjna<\/span><\/li>\n<li><span style=\"font-weight: 400;\">pokoje cichej nauki<\/span><\/li>\n<li><span style=\"font-weight: 400;\">po\u015bciel<\/span><\/li>\n<li><span style=\"font-weight: 400;\">monitoring zewn\u0119trzny<\/span><\/li>\n<li><span style=\"font-weight: 400;\">portiernia czynna ca\u0142\u0105 dob\u0119<\/span><\/li>\n<li><span style=\"font-weight: 400;\">mo\u017cliwo\u015b\u0107 p\u0142atno\u015bci kart\u0105<\/span><\/li>\n<\/ul>\n<p>\n<\/div>\r\n                    <\/div>\r\n                <\/div>[\/vc_column][vc_column width=&#8221;1\/2&#8243; el_class=&#8221;container&#8221;]\r\n                <div class=\"text-modules\">\r\n                    <div class=\"container\">\r\n                        <h3 class=\"page-title text__title\">Zabierz ze sob\u0105<\/h3>\r\n                        <div class=\"text-modules__content\"><\/p>\n<ul style=\"list-style-type: circle;\">\n<li><span style=\"font-weight: 400;\">naczynia<\/span><\/li>\n<li><span style=\"font-weight: 400;\">sztu\u0107ce<\/span><\/li>\n<li><span style=\"font-weight: 400;\">garnki<\/span><\/li>\n<li><span style=\"font-weight: 400;\">czajnik<\/span><\/li>\n<li><span style=\"font-weight: 400;\">r\u0119czniki<\/span><\/li>\n<\/ul>\n<p>\n<\/div>\r\n                    <\/div>\r\n                <\/div>\r\n                <div class=\"text-modules\">\r\n                    <div class=\"container\">\r\n                        <h3 class=\"page-title text__title\">Informacje dodatkowe<\/h3>\r\n                        <div class=\"text-modules__content\"><p><b>Zwierz\u0119ta:<\/b><\/p>\n<ul style=\"list-style-type: circle;\">\n<li><span style=\"font-weight: 400;\">za zgod\u0105 administratora budynku<\/span><\/li>\n<li><span style=\"font-weight: 400;\">aktualna ksi\u0105\u017ceczka zdrowia, wraz ze szczepieniami<\/span><\/li>\n<li><span style=\"font-weight: 400;\">do 10 kg<\/span><\/li>\n<\/ul>\n<p>\n<\/div>\r\n                    <\/div>\r\n                <\/div>\r\n                <div class=\"text-modules\">\r\n                    <div class=\"container\">\r\n                        <h3 class=\"page-title text__title\">Og\u00f3lne<\/h3>\r\n                        <div class=\"text-modules__content\"><\/p>\n<ul style=\"list-style-type: circle;\">\n<li><span style=\"font-weight: 400;\">zakaz palenia papieros\u00f3w<\/span><\/li>\n<\/ul>\n<p>\n<\/div>\r\n                    <\/div>\r\n                <\/div>\r\n                <div class=\"text-modules\">\r\n                    <div class=\"container\">\r\n                        <h3 class=\"page-title text__title\">Dane teleadresowe<\/h3>\r\n                        <div class=\"text-modules__content\"><p><span style=\"font-weight: 400;\">ul. Lwowska 2<\/span><\/p>\n<p><span style=\"font-weight: 400;\">41- 205 Sosnowiec<\/span><\/p>\n<p><span style=\"font-weight: 400;\">tel. 32 368 9422 (portiernia)<\/span><\/p>\n<\/div>\r\n                    <\/div>\r\n                <\/div>\r\n                <div class=\"text-modules\">\r\n                    <div class=\"container\">\r\n                        <h3 class=\"page-title text__title\">Akademikiem kieruje<\/h3>\r\n                        <div class=\"text-modules__content\"><p><b>Paulina Germala<\/b><\/p>\n<p><span style=\"font-weight: 400;\">tel. 32 368 9436,<br \/>\nadres e-mail: paulina.germala@us.edu.pl<\/span><\/p>\n<\/div>\r\n                    <\/div>\r\n                <\/div>[\/vc_column][\/vc_row]<\/p>","protected":false},"excerpt":{"rendered":"<p>[vc_row el_class=&#8221;container&#8221;][vc_column el_class=&#8221;container&#8221;][\/vc_column][\/vc_row][vc_row disable_element=&#8221;yes&#8221; el_class=&#8221;container&#8221;][vc_column][vc_empty_space height=&#8221;64px&#8221;][\/vc_column][\/vc_row][vc_row el_class=&#8221;container&#8221;][vc_column width=&#8221;1\/2&#8243; el_class=&#8221;container&#8221;][\/vc_column][vc_column width=&#8221;1\/2&#8243; el_class=&#8221;container&#8221;][\/vc_column][\/vc_row] [&#8230;]<\/p>\n<p><a class=\"btn btn-secondary understrap-read-more-link\" href=\"https:\/\/us.edu.pl\/student\/wsparcie-i-fundusze\/akademiki-2\/sosnowiec-dom-studenta-4\/\">Read More&#8230;<\/a><\/p>\n","protected":false},"author":1,"featured_media":0,"parent":8464,"menu_order":0,"comment_status":"closed","ping_status":"closed","template":"","meta":{"_expiration-date-status":"","_expiration-date":0,"_expiration-date-type":"","_expiration-date-categories":[],"_expiration-date-options":[]},"acf":[],"_links":{"self":[{"href":"https:\/\/us.edu.pl\/student\/wp-json\/wp\/v2\/pages\/8821"}],"collection":[{"href":"https:\/\/us.edu.pl\/student\/wp-json\/wp\/v2\/pages"}],"about":[{"href":"https:\/\/us.edu.pl\/student\/wp-json\/wp\/v2\/types\/page"}],"author":[{"embeddable":true,"href":"https:\/\/us.edu.pl\/student\/wp-json\/wp\/v2\/users\/1"}],"replies":[{"embeddable":true,"href":"https:\/\/us.edu.pl\/student\/wp-json\/wp\/v2\/comments?post=8821"}],"version-history":[{"count":2,"href":"https:\/\/us.edu.pl\/student\/wp-json\/wp\/v2\/pages\/8821\/revisions"}],"predecessor-version":[{"id":60574,"href":"https:\/\/us.edu.pl\/student\/wp-json\/wp\/v2\/pages\/8821\/revisions\/60574"}],"up":[{"embeddable":true,"href":"https:\/\/us.edu.pl\/student\/wp-json\/wp\/v2\/pages\/8464"}],"wp:attachment":[{"href":"https:\/\/us.edu.pl\/student\/wp-json\/wp\/v2\/media?parent=8821"}],"curies":[{"name":"wp","href":"https:\/\/api.w.org\/{rel}","templated":true}]}}