{"id":8832,"date":"2019-10-18T13:54:33","date_gmt":"2019-10-18T11:54:33","guid":{"rendered":"https:\/\/us.edu.pl\/student\/?page_id=8832"},"modified":"2024-07-09T13:23:45","modified_gmt":"2024-07-09T11:23:45","slug":"sosnowiec-dom-studenta-5","status":"publish","type":"page","link":"https:\/\/us.edu.pl\/student\/wsparcie-i-fundusze\/akademiki-2\/osiedle-akademickie-sosnowiec-2\/sosnowiec-dom-studenta-5\/","title":{"rendered":"Sosnowiec Dom Studenta 5"},"content":{"rendered":"<p>[vc_row el_class=&#8221;container&#8221;][vc_column el_class=&#8221;container&#8221;]\r\n                <div class=\"text-modules\">\r\n                    <div class=\"container\">\r\n                        <h3 class=\"page-title text__title\">Sosnowiec Dom Studenta 5<\/h3>\r\n                        <div class=\"text-modules__content\"><p>(dawniej zwany \u201eIkar\u201d)<\/p>\n<\/div>\r\n                    <\/div>\r\n                <\/div>\r\n                <div class=\"text-modules \">\r\n                    <div class=\"container\">\r\n                        <h3 class=\"section-title section-title_border-bottom\">O akademiku<\/h3> \r\n                        <div class=\"row m-0\">\r\n                            <div class=\"text-modules__content\">\r\n                                Budynek 4-pi\u0119trowy, 199 miejsc w pokojach w uk\u0142adzie segmentowym, z \u0142azienkami i WC,\u00a0 (67 pokoi jednoosobowych i 66 pokoi dwuosobowych). \r\n                                <div class=\"mt-3\"><\/div>\r\n                            <\/div>\r\n                            \r\n                            \r\n                        <\/div>\r\n                    <\/div>\r\n                <\/div>[\/vc_column][\/vc_row][vc_row disable_element=&#8221;yes&#8221; el_class=&#8221;container&#8221;][vc_column]\r\n                <div class=\"tiles-section\" style=\"background: \">\r\n                    <div class=\"container\">\r\n                        <h3 class=\"page-title\">Zobacz osiedle<\/h3>\r\n                        <div class=\"tiles tiles-2\">\r\n                            <a href=\"\" class=\"tile tile_ justify-content-center\" style=\"background-color: #002E5A; font-weight: bold; color: #ffffff;  \">\r\n                                \r\n                                   \r\n                               \r\n                                <div class=\"tile__name\">Przestrze\u0144 wsp\u00f3lna<\/div>\r\n                            <\/a>\r\n                            <a href=\"\" class=\"tile tile_ justify-content-center\" style=\"background-color: #002E5A; font-weight: bold; color: #ffffff;  \">\r\n                                \r\n                                   \r\n                               \r\n                                <div class=\"tile__name\">Udogodnienia i dostosowanie do specjalnych potrzeb<\/div>\r\n                            <\/a><\/div>\r\n                    <\/div>\r\n                <\/div>[vc_empty_space height=&#8221;64px&#8221;][\/vc_column][\/vc_row][vc_row el_class=&#8221;container&#8221;][vc_column width=&#8221;1\/2&#8243; el_class=&#8221;container&#8221;]\r\n                <div class=\"text-modules\">\r\n                    <div class=\"container\">\r\n                        <h3 class=\"page-title text__title\">Co jest dost\u0119pne w akademiku<\/h3>\r\n                        <div class=\"text-modules__content\"><p><b>Kuchnia:<\/b><\/p>\n<ul style=\"list-style-type: circle;\">\n<li>wsp\u00f3lna na ka\u017cdym pi\u0119trze<\/li>\n<li>kuchnia elektryczna z piekarnikiem<\/li>\n<\/ul>\n<p><b>\u0141azienka:<\/b><\/p>\n<ul style=\"list-style-type: circle;\">\n<li>wsp\u00f3lna w ka\u017cdym segmencie<\/li>\n<li>kabina prysznicowa<\/li>\n<li>toaleta<\/li>\n<li>umywalka<\/li>\n<\/ul>\n<p><b>Internet:<\/b><\/p>\n<ul style=\"list-style-type: circle;\">\n<li>przewodowy bezp\u0142atny<\/li>\n<\/ul>\n<p><b>Udogodnienie dla os\u00f3b z niepe\u0142nosprawno\u015bci\u0105:<\/b><\/p>\n<ul style=\"list-style-type: circle;\">\n<li>podjazd do budynku<\/li>\n<\/ul>\n<p><b>Parking:<\/b><\/p>\n<ul style=\"list-style-type: circle;\">\n<li>bezp\u0142atny<\/li>\n<\/ul>\n<p><b>Udogodnienia:<\/b><\/p>\n<ul style=\"list-style-type: circle;\">\n<li>lod\u00f3wka w ka\u017cdym segmencie<\/li>\n<li>kosz na \u015bmieci w ka\u017cdej kuchni<\/li>\n<li>umywalka w ka\u017cdej \u0142azience<\/li>\n<li>pralnia \u2013 bezp\u0142atnie, og\u00f3lnodost\u0119pna<\/li>\n<li>dost\u0119pne \u017celazko i deska do prasowania<\/li>\n<li>dost\u0119pna suszarka do w\u0142os\u00f3w<\/li>\n<li>dost\u0119pny odkurzacz<\/li>\n<li>sala telewizyjna<\/li>\n<li>pok\u00f3j go\u015bcinny z \u0142azienk\u0105 i WC<\/li>\n<li>po\u015bciel<\/li>\n<li>monitoring zewn\u0119trzny<\/li>\n<li>portiernia czynna ca\u0142\u0105 dob\u0119<\/li>\n<li>mo\u017cliwo\u015b\u0107 p\u0142atno\u015bci kart\u0105<\/li>\n<\/ul>\n<p>\n<\/div>\r\n                    <\/div>\r\n                <\/div>[\/vc_column][vc_column width=&#8221;1\/2&#8243; el_class=&#8221;container&#8221;]\r\n                <div class=\"text-modules\">\r\n                    <div class=\"container\">\r\n                        <h3 class=\"page-title text__title\">Zabierz ze sob\u0105<\/h3>\r\n                        <div class=\"text-modules__content\"><\/p>\n<ul style=\"list-style-type: circle;\">\n<li>naczynia<\/li>\n<li>sztu\u0107ce<\/li>\n<li>garnki<\/li>\n<li>czajnik<\/li>\n<li>r\u0119czniki<\/li>\n<\/ul>\n<p>\n<\/div>\r\n                    <\/div>\r\n                <\/div>\r\n                <div class=\"text-modules\">\r\n                    <div class=\"container\">\r\n                        <h3 class=\"page-title text__title\">Informacje dodatkowe<\/h3>\r\n                        <div class=\"text-modules__content\"><p><strong>Zwierz\u0119ta:<\/strong><\/p>\n<ul>\n<li>za zgod\u0105 administratora budynku<\/li>\n<li>aktualna ksi\u0105\u017ceczka zdrowia, wraz ze szczepieniami<\/li>\n<li>do 10 kg<\/li>\n<\/ul>\n<p>\n<\/div>\r\n                    <\/div>\r\n                <\/div>\r\n                <div class=\"text-modules\">\r\n                    <div class=\"container\">\r\n                        <h3 class=\"page-title text__title\">Og\u00f3lne<\/h3>\r\n                        <div class=\"text-modules__content\"><\/p>\n<ul style=\"list-style-type: circle;\">\n<li>zakaz palenia papieros\u00f3w<\/li>\n<\/ul>\n<p>\n<\/div>\r\n                    <\/div>\r\n                <\/div>\r\n                <div class=\"text-modules\">\r\n                    <div class=\"container\">\r\n                        <h3 class=\"page-title text__title\">Dane teleadresowe<\/h3>\r\n                        <div class=\"text-modules__content\"><p>ul. Lwowska 8<br \/>\n41- 205 Sosnowiec<br \/>\ntel. 32 368 9405 (portiernia)<\/p>\n<\/div>\r\n                    <\/div>\r\n                <\/div>\r\n                <div class=\"text-modules\">\r\n                    <div class=\"container\">\r\n                        <h3 class=\"page-title text__title\">Akademikiem kieruje<\/h3>\r\n                        <div class=\"text-modules__content\"><p><strong>Aleksandra Wollny<\/strong><\/p>\n<p>tel. 32 368 9407,<br \/>\nadres e-mail: aleksandra.wollny@us.edu.pl<\/p>\n<\/div>\r\n                    <\/div>\r\n                <\/div>[\/vc_column][\/vc_row]<\/p>","protected":false},"excerpt":{"rendered":"<p>[vc_row el_class=&#8221;container&#8221;][vc_column el_class=&#8221;container&#8221;][\/vc_column][\/vc_row][vc_row disable_element=&#8221;yes&#8221; el_class=&#8221;container&#8221;][vc_column][vc_empty_space height=&#8221;64px&#8221;][\/vc_column][\/vc_row][vc_row el_class=&#8221;container&#8221;][vc_column width=&#8221;1\/2&#8243; el_class=&#8221;container&#8221;][\/vc_column][vc_column width=&#8221;1\/2&#8243; el_class=&#8221;container&#8221;][\/vc_column][\/vc_row] [&#8230;]<\/p>\n<p><a class=\"btn btn-secondary understrap-read-more-link\" href=\"https:\/\/us.edu.pl\/student\/wsparcie-i-fundusze\/akademiki-2\/osiedle-akademickie-sosnowiec-2\/sosnowiec-dom-studenta-5\/\">Read More&#8230;<\/a><\/p>\n","protected":false},"author":1,"featured_media":0,"parent":13912,"menu_order":0,"comment_status":"closed","ping_status":"closed","template":"","meta":{"_expiration-date-status":"","_expiration-date":0,"_expiration-date-type":"","_expiration-date-categories":[],"_expiration-date-options":[]},"acf":[],"_links":{"self":[{"href":"https:\/\/us.edu.pl\/student\/wp-json\/wp\/v2\/pages\/8832"}],"collection":[{"href":"https:\/\/us.edu.pl\/student\/wp-json\/wp\/v2\/pages"}],"about":[{"href":"https:\/\/us.edu.pl\/student\/wp-json\/wp\/v2\/types\/page"}],"author":[{"embeddable":true,"href":"https:\/\/us.edu.pl\/student\/wp-json\/wp\/v2\/users\/1"}],"replies":[{"embeddable":true,"href":"https:\/\/us.edu.pl\/student\/wp-json\/wp\/v2\/comments?post=8832"}],"version-history":[{"count":1,"href":"https:\/\/us.edu.pl\/student\/wp-json\/wp\/v2\/pages\/8832\/revisions"}],"predecessor-version":[{"id":43557,"href":"https:\/\/us.edu.pl\/student\/wp-json\/wp\/v2\/pages\/8832\/revisions\/43557"}],"up":[{"embeddable":true,"href":"https:\/\/us.edu.pl\/student\/wp-json\/wp\/v2\/pages\/13912"}],"wp:attachment":[{"href":"https:\/\/us.edu.pl\/student\/wp-json\/wp\/v2\/media?parent=8832"}],"curies":[{"name":"wp","href":"https:\/\/api.w.org\/{rel}","templated":true}]}}