{"id":8842,"date":"2019-10-18T13:56:05","date_gmt":"2019-10-18T11:56:05","guid":{"rendered":"https:\/\/us.edu.pl\/student\/?page_id=8842"},"modified":"2024-07-09T13:26:07","modified_gmt":"2024-07-09T11:26:07","slug":"cieszyn-dsn","status":"publish","type":"page","link":"https:\/\/us.edu.pl\/student\/wsparcie-i-fundusze\/akademiki-2\/osiedleakademickiecieszyn\/cieszyn-dsn\/","title":{"rendered":"Cieszyn DSN"},"content":{"rendered":"<p>[vc_row el_class=&#8221;container&#8221;][vc_column]\r\n                <div class=\"text-modules\">\r\n                    <div class=\"container\">\r\n                        <h3 class=\"page-title text__title\">Cieszyn DSN<\/h3>\r\n                        <div class=\"text-modules__content\"><p><span style=\"font-weight: 400;\">Budynek posiada 7 kondygnacji, z kt\u00f3rych 2 przez najni\u017csze zajmuje oddzia\u0142 Biblioteki, a pozosta\u0142e pi\u0119\u0107 to akademik. Jest wyposa\u017cony w wind\u0119 zewn\u0119trzn\u0105 dostosowan\u0105 do potrzeb os\u00f3b z niepe\u0142nosprawno\u015bci\u0105. Dost\u0119pnych jest\u00a0 325 miejsc, z kt\u00f3rych 304 to miejsca w pokojach w uk\u0142adzie segmentowym.<\/span><\/p>\n<\/div>\r\n                    <\/div>\r\n                <\/div>[vc_empty_space height=&#8221;64px&#8221;][\/vc_column][\/vc_row][vc_row el_class=&#8221;container&#8221;][vc_column width=&#8221;1\/2&#8243; el_class=&#8221;container&#8221;]\r\n                <div class=\"text-modules\">\r\n                    <div class=\"container\">\r\n                        <h3 class=\"page-title text__title\">Segment typu I:<\/h3>\r\n                        <div class=\"text-modules__content\"><\/p>\n<p><span style=\"font-weight: 400;\">\u2013 2 pokoje dwuosobowe;<\/span><\/p>\n<p><span style=\"font-weight: 400;\">\u2013 przedpok\u00f3j;<\/span><\/p>\n<p><span style=\"font-weight: 400;\">\u2013 wn\u0119ka z umywalk\u0105;<\/span><\/p>\n<p><span style=\"font-weight: 400;\">\u2013 aneks kuchenny;<\/span><\/p>\n<p><span style=\"font-weight: 400;\">\u2013 cz\u0119\u015b\u0107 sanitarna \u2013 WC i natrysk.<\/span><\/p>\n<\/div>\r\n                    <\/div>\r\n                <\/div>[\/vc_column][vc_column width=&#8221;1\/2&#8243; el_class=&#8221;container&#8221;]\r\n                <div class=\"text-modules\">\r\n                    <div class=\"container\">\r\n                        <h3 class=\"page-title text__title\">Segment typu II:<\/h3>\r\n                        <div class=\"text-modules__content\"><p><span style=\"font-weight: 400;\">\u2013 2 pokoje jednoosobowe;<\/span><\/p>\n<p><span style=\"font-weight: 400;\">\u2013 przedpok\u00f3j;<\/span><\/p>\n<p><span style=\"font-weight: 400;\">\u2013 kuchnia;<\/span><\/p>\n<p><span style=\"font-weight: 400;\">\u2013 cz\u0119\u015b\u0107 sanitarna \u2013 WC i natrysk.<\/span><\/p>\n<\/div>\r\n                    <\/div>\r\n                <\/div>[\/vc_column][\/vc_row][vc_row][vc_column]\r\n                <div class=\"text-modules\">\r\n                    <div class=\"container\">\r\n                        <h3 class=\"page-title text__title\">Segment typu III, przystosowany do potrzeb os\u00f3b z niepe\u0142nosprawno\u015bci\u0105, poruszaj\u0105cych si\u0119 na w\u00f3zkach:<\/h3>\r\n                        <div class=\"text-modules__content\"><p><span style=\"font-weight: 400;\">\u2013 2 pokoje jednoosobowe;<\/span><\/p>\n<p><span style=\"font-weight: 400;\">\u2013 przedpok\u00f3j z aneksem kuchennym;<\/span><\/p>\n<p><span style=\"font-weight: 400;\">\u2013 \u0142azienka.<\/span><\/p>\n<\/div>\r\n                    <\/div>\r\n                <\/div>\r\n                <div class=\"text-modules\">\r\n                    <div class=\"container\">\r\n                        \r\n                        <div class=\"text-modules__content\"><\/p>\n<p><span style=\"font-weight: 400;\">304 miejsca studenckie znajduj\u0105 si\u0119 w:<\/span><\/p>\n<ul>\n<li style=\"list-style-type: none;\">\n<ul>\n<li style=\"font-weight: 400;\"><span style=\"font-weight: 400;\">75 segmentach typu I, czyli 150 pokojach dwuosobowych;<\/span><\/li>\n<li style=\"font-weight: 400;\"><span style=\"font-weight: 400;\">1 segmencie typu II, czyli 2 pokojach jednoosobowych;<\/span><\/li>\n<li style=\"font-weight: 400;\"><span style=\"font-weight: 400;\">1 segmencie typu III, czyli 2 pokojach jednoosobowych przystosowanych dla os\u00f3b poruszaj\u0105cych si\u0119 na w\u00f3zkach.<\/span><\/li>\n<\/ul>\n<\/li>\n<\/ul>\n<p><span style=\"font-weight: 400;\">W ka\u017cdym segmencie znajduje si\u0119 aneks kuchenny z lod\u00f3wk\u0105, elektryczn\u0105 kuchenk\u0105 2-p\u0142ytow\u0105, zlewem i meblami kuchennymi.<\/span><\/p>\n<p><span style=\"font-weight: 400;\">Posiadamy r\u00f3wnie\u017c pokoje go\u015bcinne jedno- i dwuosobowe, ka\u017cdy z \u0142azienk\u0105 (21 miejsc).<\/span><\/p>\n<p><span style=\"font-weight: 400;\">Akademik oferuje dost\u0119p do internetu (sie\u0107 wi-fi oraz stacjonarna).<\/span><\/p>\n<\/div>\r\n                    <\/div>\r\n                <\/div>[\/vc_column][\/vc_row]<\/p>","protected":false},"excerpt":{"rendered":"<p>[vc_row el_class=&#8221;container&#8221;][vc_column][vc_empty_space height=&#8221;64px&#8221;][\/vc_column][\/vc_row][vc_row el_class=&#8221;container&#8221;][vc_column width=&#8221;1\/2&#8243; el_class=&#8221;container&#8221;][\/vc_column][vc_column width=&#8221;1\/2&#8243; el_class=&#8221;container&#8221;][\/vc_column][\/vc_row][vc_row][vc_column][\/vc_column][\/vc_row] [&#8230;]<\/p>\n<p><a class=\"btn btn-secondary understrap-read-more-link\" href=\"https:\/\/us.edu.pl\/student\/wsparcie-i-fundusze\/akademiki-2\/osiedleakademickiecieszyn\/cieszyn-dsn\/\">Read More&#8230;<\/a><\/p>\n","protected":false},"author":1,"featured_media":0,"parent":5418,"menu_order":0,"comment_status":"closed","ping_status":"closed","template":"","meta":{"_expiration-date-status":"","_expiration-date":0,"_expiration-date-type":"","_expiration-date-categories":[],"_expiration-date-options":[]},"acf":[],"_links":{"self":[{"href":"https:\/\/us.edu.pl\/student\/wp-json\/wp\/v2\/pages\/8842"}],"collection":[{"href":"https:\/\/us.edu.pl\/student\/wp-json\/wp\/v2\/pages"}],"about":[{"href":"https:\/\/us.edu.pl\/student\/wp-json\/wp\/v2\/types\/page"}],"author":[{"embeddable":true,"href":"https:\/\/us.edu.pl\/student\/wp-json\/wp\/v2\/users\/1"}],"replies":[{"embeddable":true,"href":"https:\/\/us.edu.pl\/student\/wp-json\/wp\/v2\/comments?post=8842"}],"version-history":[{"count":1,"href":"https:\/\/us.edu.pl\/student\/wp-json\/wp\/v2\/pages\/8842\/revisions"}],"predecessor-version":[{"id":42413,"href":"https:\/\/us.edu.pl\/student\/wp-json\/wp\/v2\/pages\/8842\/revisions\/42413"}],"up":[{"embeddable":true,"href":"https:\/\/us.edu.pl\/student\/wp-json\/wp\/v2\/pages\/5418"}],"wp:attachment":[{"href":"https:\/\/us.edu.pl\/student\/wp-json\/wp\/v2\/media?parent=8842"}],"curies":[{"name":"wp","href":"https:\/\/api.w.org\/{rel}","templated":true}]}}