{"id":9046,"date":"2019-10-18T15:22:18","date_gmt":"2019-10-18T13:22:18","guid":{"rendered":"https:\/\/us.edu.pl\/student\/?page_id=9046"},"modified":"2024-09-23T13:29:58","modified_gmt":"2024-09-23T11:29:58","slug":"tok-studiow-2","status":"publish","type":"page","link":"https:\/\/us.edu.pl\/student\/studia\/tok-studiow-2\/","title":{"rendered":"Tok studi\u00f3w"},"content":{"rendered":"<p>[vc_row el_class=&#8221;container&#8221;][vc_column el_class=&#8221;container&#8221;]\r\n                <div class=\"text-modules\">\r\n                    <div class=\"container\">\r\n                        <h3 class=\"page-title text__title\">Tok studi\u00f3w<\/h3>\r\n                        <div class=\"text-modules__content\"><p><span style=\"font-weight: 400;\">Regulamin studi\u00f3w w Uniwersytecie \u015al\u0105skim to lektura obowi\u0105zkowa. Jest zbiorem praw i obowi\u0105zk\u00f3w ka\u017cdego studenta. Znajduj\u0105 si\u0119 w nim wszystkie niezb\u0119dne uregulowania dotycz\u0105ce organizacji zaj\u0119\u0107. <\/span><span style=\"font-weight: 400;\">Ma zastosowanie do wszystkich kierunk\u00f3w, poziom\u00f3w, profili studi\u00f3w I i II stopnia oraz jednolitych studi\u00f3w magisterskich.<\/span><span style=\"font-weight: 400;\"> W dokumencie zawarte s\u0105 wytyczne dotycz\u0105ce zalicze\u0144 i egzamin\u00f3w, urlop\u00f3w, skre\u015blenia z listy student\u00f3w,\u00a0 jak r\u00f3wnie\u017c przygotowania pracy dyplomowej i egzaminu dyplomowego. <\/span><span style=\"font-weight: 400;\">Regulamin uchwalany jest przez\u00a0<\/span><span style=\"font-weight: 400;\">Senat U\u015a<\/span><span style=\"font-weight: 400;\">. Tre\u015b\u0107 regulaminu uzgadniana jest z Samorz\u0105dem Studenckim U\u015a.<\/span><\/p>\n<p><span style=\"font-weight: 400;\">Aktualnie obowi\u0105zuj\u0105cy regulamin studi\u00f3w w Uniwersytecie \u015al\u0105skim:<\/span><\/p>\n<p><strong><a href=\"https:\/\/aktyprawne.us.edu.pl\/d\/7262\/5\/\">Regulamin studi\u00f3w obowi\u0105zuj\u0105cy od 1 pa\u017adziernika 2024 r.<\/a><\/strong><\/p>\n<\/div>\r\n                    <\/div>\r\n                <\/div>[\/vc_column][\/vc_row][vc_row el_class=&#8221;container&#8221;][vc_column el_class=&#8221;container&#8221;]\r\n                <div class=\"tiles-section\" style=\"background: \">\r\n                    <div class=\"container\">\r\n                        <h3 class=\"page-title\">Regulamin studi\u00f3w w pigu\u0142ce<\/h3>\r\n                        <div class=\"tiles tiles-2\">\r\n                            <a href=\"https:\/\/us.edu.pl\/student\/studia\/tok-studiow-2\/urlopy\/\" class=\"tile tile_ justify-content-center\" style=\"background-color: #002E5A; font-weight: ; color: #ffffff;  \">\r\n                                \r\n                                   \r\n                               \r\n                                <div class=\"tile__name\">Urlopy: dzieka\u0144ski, dla studentek w ci\u0105\u017cy, wychowawczy, zdrowotny <\/div>\r\n                            <\/a>\r\n                            <a href=\"https:\/\/us.edu.pl\/student\/studia\/tok-studiow-2\/ios-czyli-indywidualna-organizacja-studiow\/\" class=\"tile tile_ justify-content-center\" style=\"background-color: #002E5A; font-weight: ; color: #ffffff;  \">\r\n                                \r\n                                   \r\n                               \r\n                                <div class=\"tile__name\">Indywidualna organizacja studi\u00f3w (IOS)<\/div>\r\n                            <\/a>\r\n                            <a href=\"https:\/\/us.edu.pl\/student\/studia\/tok-studiow-2\/wsparcie-i-fundusze-dostosowanie-do-specjalnych-potrzeb-indywidualne-dostosowanie-studiow\/\" class=\"tile tile_ justify-content-center\" style=\"background-color: #002E5A; font-weight: ; color: #ffffff;  \">\r\n                                \r\n                                   \r\n                               \r\n                                <div class=\"tile__name\">Indywidualne dostosowanie studi\u00f3w (IDS)<\/div>\r\n                            <\/a>\r\n                            <a href=\"https:\/\/us.edu.pl\/student\/studia\/tok-studiow-2\/indywidualny-tok-studiow\/\" class=\"tile tile_ justify-content-center\" style=\"background-color: #002E5A; font-weight: ; color: #ffffff;  \">\r\n                                \r\n                                   \r\n                               \r\n                                <div class=\"tile__name\">Indywidualny tok studiowania (ITS)  <\/div>\r\n                            <\/a>\r\n                            <a href=\"https:\/\/us.edu.pl\/kandydat\/rekrutacja-na-studia-krok-po-kroku\/oplaty-zwiazane-ze-studiami\/\" class=\"tile tile_ justify-content-center\" style=\"background-color: #002E5A; font-weight: ; color: #ffffff;  \">\r\n                                \r\n                                   \r\n                               \r\n                                <div class=\"tile__name\">Op\u0142aty zwi\u0105zane ze studiami<\/div>\r\n                            <\/a>\r\n                            <a href=\"https:\/\/us.edu.pl\/student\/studia\/organizacja-roku-akademickiego\/\" class=\"tile tile_ justify-content-center\" style=\"background-color: #002E5A; font-weight: ; color: #ffffff;  \">\r\n                                \r\n                                   \r\n                               \r\n                                <div class=\"tile__name\">Organizacja roku akademickiego<\/div>\r\n                            <\/a>\r\n                            <a href=\"https:\/\/us.edu.pl\/student\/studia\/tok-studiow-2\/elektroniczna-legitymacja-studencka-els-i-indeks\/\" class=\"tile tile_ justify-content-center\" style=\"background-color: #002E5A; font-weight: ; color: #ffffff;  \">\r\n                                \r\n                                   \r\n                               \r\n                                <div class=\"tile__name\">Elektroniczna legitymacja studencka (ELS) oraz indeks<\/div>\r\n                            <\/a>\r\n                            <a href=\"https:\/\/us.edu.pl\/student\/studia\/tok-studiow-2\/przeniesienie-z-innej-uczelni-do-uniwersytetu-slaskiego\/\" class=\"tile tile_ justify-content-center\" style=\"background-color: #002E5A; font-weight: ; color: #ffffff;  \">\r\n                                \r\n                                   \r\n                               \r\n                                <div class=\"tile__name\">Przeniesienie z innej uczelni na Uniwersytet \u015al\u0105ski<\/div>\r\n                            <\/a>\r\n                            <a href=\"https:\/\/us.edu.pl\/student\/studia\/tok-studiow-2\/egzamin-komisyjny-zaliczenie-komisyjne\/\" class=\"tile tile_ justify-content-center\" style=\"background-color: #002E5A; font-weight: ; color: #ffffff;  \">\r\n                                \r\n                                   \r\n                               \r\n                                <div class=\"tile__name\">Egzamin komisyjny, zaliczenie komisyjne<\/div>\r\n                            <\/a>\r\n                            <a href=\"https:\/\/us.edu.pl\/student\/studia\/tok-studiow-2\/wznowienie-studiow\/\" class=\"tile tile_ justify-content-center\" style=\"background-color: #002E5A; font-weight: ; color: #ffffff;  \">\r\n                                \r\n                                   \r\n                               \r\n                                <div class=\"tile__name\">Wznowienie studi\u00f3w<\/div>\r\n                            <\/a>\r\n                            <a href=\"https:\/\/us.edu.pl\/student\/studia\/tok-studiow-2\/awans\/\" class=\"tile tile_ justify-content-center\" style=\"background-color: #002E5A; font-weight: ; color: #ffffff;  \">\r\n                                \r\n                                   \r\n                               \r\n                                <div class=\"tile__name\">Awans<\/div>\r\n                            <\/a>\r\n                            <a href=\"https:\/\/us.edu.pl\/student\/studia\/tok-studiow-2\/zmiana-formy-studiow\/\" class=\"tile tile_ justify-content-center\" style=\"background-color: #002E5A; font-weight: ; color: #ffffff;  \">\r\n                                \r\n                                   \r\n                               \r\n                                <div class=\"tile__name\">Zmiana formy studi\u00f3w, kierunku<\/div>\r\n                            <\/a>\r\n                            <a href=\"https:\/\/us.edu.pl\/student\/studia\/tok-studiow-2\/odwolanie-od-decyzji-i-rozstrzygniec\/\" class=\"tile tile_ justify-content-center\" style=\"background-color: #002E5A; font-weight: ; color: #ffffff;  \">\r\n                                \r\n                                   \r\n                               \r\n                                <div class=\"tile__name\">Odwo\u0142anie albo wniosek o ponowne rozpatrzenie sprawy <\/div>\r\n                            <\/a>\r\n                            <a href=\"https:\/\/informator.us.edu.pl\/?_s=1\" class=\"tile tile_ justify-content-center\" style=\"background-color: #002E5A; font-weight: ; color: #ffffff;  \">\r\n                                \r\n                                   \r\n                               \r\n                                <div class=\"tile__name\">Plany i programy studi\u00f3w<\/div>\r\n                            <\/a><\/div>\r\n                    <\/div>\r\n                <\/div>[\/vc_column][\/vc_row][vc_row el_class=&#8221;container&#8221;][vc_column el_class=&#8221;container&#8221;][vc_empty_space el_class=&#8221;container&#8221;]<div class=\"container\"><div class=\"separator\" style=\"background-color: #EBEBEB\"><\/div><\/div>[\/vc_column][\/vc_row]<\/p>\n<style type=\"text\/css\">a[data-mtli~=\"mtli_filesize1,92MB\"]:after {content:\" (1,92 MB)\"}<\/style>","protected":false},"excerpt":{"rendered":"<p>[vc_row el_class=&#8221;container&#8221;][vc_column el_class=&#8221;container&#8221;][\/vc_column][\/vc_row][vc_row el_class=&#8221;container&#8221;][vc_column el_class=&#8221;container&#8221;][\/vc_column][\/vc_row][vc_row el_class=&#8221;container&#8221;][vc_column el_class=&#8221;container&#8221;][vc_empty_space el_class=&#8221;container&#8221;][\/vc_column][\/vc_row] [&#8230;]<\/p>\n<p><a class=\"btn btn-secondary understrap-read-more-link\" href=\"https:\/\/us.edu.pl\/student\/studia\/tok-studiow-2\/\">Read More&#8230;<\/a><\/p>\n","protected":false},"author":1,"featured_media":0,"parent":6306,"menu_order":0,"comment_status":"closed","ping_status":"closed","template":"","meta":{"_expiration-date-status":"","_expiration-date":0,"_expiration-date-type":"","_expiration-date-categories":[],"_expiration-date-options":[]},"acf":[],"_links":{"self":[{"href":"https:\/\/us.edu.pl\/student\/wp-json\/wp\/v2\/pages\/9046"}],"collection":[{"href":"https:\/\/us.edu.pl\/student\/wp-json\/wp\/v2\/pages"}],"about":[{"href":"https:\/\/us.edu.pl\/student\/wp-json\/wp\/v2\/types\/page"}],"author":[{"embeddable":true,"href":"https:\/\/us.edu.pl\/student\/wp-json\/wp\/v2\/users\/1"}],"replies":[{"embeddable":true,"href":"https:\/\/us.edu.pl\/student\/wp-json\/wp\/v2\/comments?post=9046"}],"version-history":[{"count":10,"href":"https:\/\/us.edu.pl\/student\/wp-json\/wp\/v2\/pages\/9046\/revisions"}],"predecessor-version":[{"id":45861,"href":"https:\/\/us.edu.pl\/student\/wp-json\/wp\/v2\/pages\/9046\/revisions\/45861"}],"up":[{"embeddable":true,"href":"https:\/\/us.edu.pl\/student\/wp-json\/wp\/v2\/pages\/6306"}],"wp:attachment":[{"href":"https:\/\/us.edu.pl\/student\/wp-json\/wp\/v2\/media?parent=9046"}],"curies":[{"name":"wp","href":"https:\/\/api.w.org\/{rel}","templated":true}]}}