{"id":9139,"date":"2019-10-18T15:52:44","date_gmt":"2019-10-18T13:52:44","guid":{"rendered":"https:\/\/us.edu.pl\/student\/?page_id=9139"},"modified":"2023-01-20T11:11:43","modified_gmt":"2023-01-20T10:11:43","slug":"odpowiedzialnosc-dyscyplinarna","status":"publish","type":"page","link":"https:\/\/us.edu.pl\/student\/studia\/odpowiedzialnosc-dyscyplinarna\/","title":{"rendered":"Odpowiedzialno\u015b\u0107 dyscyplinarna"},"content":{"rendered":"<p>[vc_row el_class=&#8221;container&#8221;][vc_column el_class=&#8221;container&#8221;]\r\n                <div class=\"text-modules\">\r\n                    <div class=\"container\">\r\n                        <h3 class=\"page-title text__title\">Odpowiedzialno\u015b\u0107 dyscyplinarna<\/h3>\r\n                        <div class=\"text-modules__content\"><p><span style=\"font-weight: 400;\">Studia to czas, w kt\u00f3rym wolno wiele, ale nie wolno wszystkiego <\/span><span style=\"font-weight: 400;\">\u2013<\/span><span style=\"font-weight: 400;\"> bycie studentem zobowi\u0105zuje. Pami\u0119taj: rozpoczynaj\u0105c swoj\u0105 przygod\u0119 z uczelni\u0105, z\u0142o\u017cy\u0142e\u015b \u015blubowanie. Przyrzek\u0142e\u015b odnosi\u0107 si\u0119 z szacunkiem do w\u0142adz uczelni i wszystkich cz\u0142onk\u00f3w jej wsp\u00f3lnoty, szanowa\u0107 prawa i obyczaje akademickie, dba\u0107 o godno\u015b\u0107 w\u0142asn\u0105 i dobre imi\u0119 Uniwersytetu. To nie s\u0105 puste s\u0142owa, za \u0142amanie przepis\u00f3w i z\u0142e zachowanie odpowiesz przed komisj\u0105 dyscyplinarn\u0105. Ma ona do dyspozycji szereg kar, pocz\u0105wszy od upomnienia a\u017c do wydalenia z uczelni. Kiedy dopu\u015bcisz si\u0119 aktu przemocy, stalkingu (tak\u017ce w internecie), dyskryminacji, kradzie\u017cy lub wandalizmu, pope\u0142nisz plagiat w jakiejkolwiek pracy czy utworze, sfa\u0142szujesz ocen\u0119 lub podpis w indeksie, legitymacj\u0119, za\u015bwiadczenie lekarskie albo dokument stypendialny \u2013 spodziewaj si\u0119 po\u017cegnania z uczelni\u0105, a opr\u00f3cz tego spotkania z prokuratorem i s\u0105dem. Musisz pami\u0119ta\u0107, \u017ce powa\u017cne nieprzyjemno\u015bci mog\u0105 spotka\u0107 Ci\u0119 tak\u017ce za czyny niegodne studenta, np. awantury, niew\u0142a\u015bciwe traktowanie innych os\u00f3b albo pojawienie si\u0119 na uczelni pod wp\u0142ywem alkoholu, narkotyk\u00f3w lub dopalaczy. <\/span><span style=\"font-weight: 400;\">Wszystko to brzmi gro\u017anie, bo mo\u017ce by\u0107 gro\u017ane dla Ciebie. Ale jest i dobra wiadomo\u015b\u0107: odpowiedzialno\u015b\u0107 dyscyplinarna wcale nie musi Ci\u0119 spotka\u0107. Wystarczy tylko studiowa\u0107 uczciwie i zachowywa\u0107 si\u0119 przyzwoicie.<\/span><\/p>\n<p>Tyle tytu\u0142em przestrogi. Wiadomo jednak, \u017ce opr\u00f3cz sprawc\u00f3w bywaj\u0105 te\u017c pokrzywdzeni i \u015bwiadkowie. Je\u017celi uznasz, \u017ce zachowania innego cz\u0142onka wsp\u00f3lnoty U\u015a (niekoniecznie tylko studenta) wykraczaj\u0105 poza ramy legalno\u015bci lub przyzwoito\u015bci, nale\u017cy zg\u0142osi\u0107 to osobom decyzyjnym. W pierwszej kolejno\u015bci mog\u0105 to by\u0107 dyrektor kierunku b\u0105d\u017a prodziekan zajmuj\u0105cy si\u0119 sprawami studenckimi. Po rozpoznaniu problemu podejm\u0105 oni w\u0142a\u015bciwe kroki, w postaci np. rozmowy ostrzegawczej z osob\u0105 dopuszczaj\u0105c\u0105 si\u0119 wykroczenia. Gdyby to nie pomog\u0142o, powiadomi\u0105 w\u0142adze rektorskie i sprawa najpewniej trafi do rzecznika dyscyplinarnego. Je\u015bli prowadzone przez niego post\u0119powanie potwierdzi zaistnienie niedopuszczalnego czynu, sprawa trafi na wokand\u0119 komisji dyscyplinarnej.<\/p>\n<\/div>\r\n                    <\/div>\r\n                <\/div>[\/vc_column][\/vc_row][vc_row el_class=&#8221;container&#8221;][vc_column el_class=&#8221;container&#8221;][\/vc_column][\/vc_row]<\/p>","protected":false},"excerpt":{"rendered":"<p>[vc_row el_class=&#8221;container&#8221;][vc_column el_class=&#8221;container&#8221;][\/vc_column][\/vc_row][vc_row el_class=&#8221;container&#8221;][vc_column el_class=&#8221;container&#8221;][\/vc_column][\/vc_row] [&#8230;]<\/p>\n<p><a class=\"btn btn-secondary understrap-read-more-link\" href=\"https:\/\/us.edu.pl\/student\/studia\/odpowiedzialnosc-dyscyplinarna\/\">Read More&#8230;<\/a><\/p>\n","protected":false},"author":1,"featured_media":0,"parent":6306,"menu_order":0,"comment_status":"closed","ping_status":"closed","template":"page-templates\/page-with-sidebar.php","meta":{"_expiration-date-status":"","_expiration-date":0,"_expiration-date-type":"","_expiration-date-categories":[],"_expiration-date-options":[]},"acf":[],"_links":{"self":[{"href":"https:\/\/us.edu.pl\/student\/wp-json\/wp\/v2\/pages\/9139"}],"collection":[{"href":"https:\/\/us.edu.pl\/student\/wp-json\/wp\/v2\/pages"}],"about":[{"href":"https:\/\/us.edu.pl\/student\/wp-json\/wp\/v2\/types\/page"}],"author":[{"embeddable":true,"href":"https:\/\/us.edu.pl\/student\/wp-json\/wp\/v2\/users\/1"}],"replies":[{"embeddable":true,"href":"https:\/\/us.edu.pl\/student\/wp-json\/wp\/v2\/comments?post=9139"}],"version-history":[{"count":3,"href":"https:\/\/us.edu.pl\/student\/wp-json\/wp\/v2\/pages\/9139\/revisions"}],"predecessor-version":[{"id":35366,"href":"https:\/\/us.edu.pl\/student\/wp-json\/wp\/v2\/pages\/9139\/revisions\/35366"}],"up":[{"embeddable":true,"href":"https:\/\/us.edu.pl\/student\/wp-json\/wp\/v2\/pages\/6306"}],"wp:attachment":[{"href":"https:\/\/us.edu.pl\/student\/wp-json\/wp\/v2\/media?parent=9139"}],"curies":[{"name":"wp","href":"https:\/\/api.w.org\/{rel}","templated":true}]}}