{"id":9159,"date":"2019-10-18T15:57:12","date_gmt":"2019-10-18T13:57:12","guid":{"rendered":"https:\/\/us.edu.pl\/student\/?page_id=9159"},"modified":"2025-09-26T13:59:02","modified_gmt":"2025-09-26T11:59:02","slug":"obowiazkowe-szkolenia","status":"publish","type":"page","link":"https:\/\/us.edu.pl\/student\/studia\/obowiazkowe-szkolenia\/","title":{"rendered":"Obowi\u0105zkowe szkolenia"},"content":{"rendered":"<p><\/p>\n<p>[vc_row el_class=&#8221;container&#8221;][vc_column el_class=&#8221;container&#8221;]\r\n                <div class=\"text-modules\">\r\n                    <div class=\"container\">\r\n                        <h3 class=\"page-title text__title\">Obowi\u0105zkowe szkolenia<\/h3>\r\n                        <div class=\"text-modules__content\"><\/div>\r\n                    <\/div>\r\n                <\/div>[\/vc_column][\/vc_row][vc_row el_class=&#8221;container&#8221;][vc_column width=&#8221;1\/5&#8243; el_class=&#8221;container&#8221;][vc_btn title=&#8221;Vademecum studenckie (1\/5) &#8211; BHP 25\/26&#8243; style=&#8221;custom&#8221; custom_background=&#8221;#002e5a&#8221; custom_text=&#8221;#ececec&#8221; size=&#8221;lg&#8221; align=&#8221;center&#8221; button_block=&#8221;true&#8221; link=&#8221;url:https%3A%2F%2Fel.us.edu.pl%2Fmw%2Fcourse%2Fview.php%3Fid%3D183&#8243;][\/vc_column][vc_column width=&#8221;1\/5&#8243;][vc_btn title=&#8221;Vademecum studenckie (2\/5) &#8211; Pierwsze kroki z narz\u0119dziami do pracy zdalnej &#8211; Teams i Moodle 25\/26&#8243; style=&#8221;custom&#8221; custom_background=&#8221;#002e5a&#8221; custom_text=&#8221;#ececec&#8221; align=&#8221;center&#8221; button_block=&#8221;true&#8221; link=&#8221;url:https%3A%2F%2Fel.us.edu.pl%2Fmw%2Fcourse%2Fview.php%3Fid%3D176&#8243;][\/vc_column][vc_column width=&#8221;1\/5&#8243;][vc_btn title=&#8221;Vademecum studenckie (3\/5) &#8211; Pierwsze kroki w U\u015a 25\/26&#8243; style=&#8221;custom&#8221; custom_background=&#8221;#002e5a&#8221; custom_text=&#8221;#ececec&#8221; size=&#8221;lg&#8221; align=&#8221;center&#8221; button_block=&#8221;true&#8221; link=&#8221;url:https%3A%2F%2Fel.us.edu.pl%2Fmw%2Fcourse%2Fview.php%3Fid%3D177&#8243; el_class=&#8221;container&#8221; el_id=&#8221;bg-blue&#8221;][\/vc_column][vc_column width=&#8221;1\/5&#8243;][vc_btn title=&#8221;Vademecum studenckie (4\/5) &#8211; Zaj\u0119cia og\u00f3lnouniwersyteckie 25\/26&#8243; style=&#8221;custom&#8221; custom_background=&#8221;#002e5a&#8221; custom_text=&#8221;#ececec&#8221; size=&#8221;lg&#8221; align=&#8221;center&#8221; button_block=&#8221;true&#8221; link=&#8221;url:https%3A%2F%2Fel.us.edu.pl%2Fmw%2Fcourse%2Fview.php%3Fid%3D178&#8243; el_class=&#8221;container&#8221;][\/vc_column][vc_column width=&#8221;1\/5&#8243;][vc_btn title=&#8221;Vademecum studenckie (5\/5) &#8211; Bezpiecze\u0144stwo&#8221; style=&#8221;custom&#8221; custom_background=&#8221;#002e5a&#8221; custom_text=&#8221;#ececec&#8221; size=&#8221;lg&#8221; align=&#8221;center&#8221; button_block=&#8221;true&#8221; link=&#8221;url:https%3A%2F%2Fel.us.edu.pl%2Fmw%2Fcourse%2Fview.php%3Fid%3D182&#8243; el_class=&#8221;container&#8221;][\/vc_column][\/vc_row][vc_row][vc_column]\r\n                <div class=\"text-modules\">\r\n                    <div class=\"container\">\r\n                        \r\n                        <div class=\"text-modules__content\"><p>Zach\u0119camy do zapoznania si\u0119 z nieobowi\u0105zkowym szkoleniem bibliotecznym.<\/p>\n<\/div>\r\n                    <\/div>\r\n                <\/div>[vc_row_inner][vc_column_inner width=&#8221;1\/4&#8243;][\/vc_column_inner][vc_column_inner width=&#8221;1\/2&#8243;][vc_btn title=&#8221;Przysposobienie biblioteczne 25\/26&#8243; style=&#8221;custom&#8221; custom_background=&#8221;#002e5a&#8221; custom_text=&#8221;#ececec&#8221; size=&#8221;lg&#8221; align=&#8221;center&#8221; button_block=&#8221;true&#8221; link=&#8221;url:https%3A%2F%2Fel.us.edu.pl%2Fmw%2Fcourse%2Fview.php%3Fid%3D179&#8243;][\/vc_column_inner][vc_column_inner width=&#8221;1\/4&#8243;][\/vc_column_inner][\/vc_row_inner][\/vc_column][\/vc_row]<\/p>\n<p><\/p>","protected":false},"excerpt":{"rendered":"<p>[vc_row el_class=&#8221;container&#8221;][vc_column el_class=&#8221;container&#8221;][\/vc_column][\/vc_row][vc_row el_class=&#8221;container&#8221;][vc_column width=&#8221;1\/5&#8243; el_class=&#8221;container&#8221;][vc_btn title=&#8221;Vademecum studenckie (1\/5) &#8211; BHP 25\/26&#8243; style=&#8221;custom&#8221; custom_background=&#8221;#002e5a&#8221; custom_text=&#8221;#ececec&#8221; size=&#8221;lg&#8221; align=&#8221;center&#8221; button_block=&#8221;true&#8221; link=&#8221;url:https%3A%2F%2Fel.us.edu.pl%2Fmw%2Fcourse%2Fview.php%3Fid%3D183&#8243;][\/vc_column][vc_column width=&#8221;1\/5&#8243;][vc_btn title=&#8221;Vademecum studenckie (2\/5) &#8211; Pierwsze kroki z narz\u0119dziami do pracy zdalnej &#8211; Teams i Moodle 25\/26&#8243; style=&#8221;custom&#8221; custom_background=&#8221;#002e5a&#8221; custom_text=&#8221;#ececec&#8221; align=&#8221;center&#8221; button_block=&#8221;true&#8221; link=&#8221;url:https%3A%2F%2Fel.us.edu.pl%2Fmw%2Fcourse%2Fview.php%3Fid%3D176&#8243;][\/vc_column][vc_column width=&#8221;1\/5&#8243;][vc_btn title=&#8221;Vademecum studenckie (3\/5) &#8211; Pierwsze kroki w U\u015a 25\/26&#8243; style=&#8221;custom&#8221; custom_background=&#8221;#002e5a&#8221; custom_text=&#8221;#ececec&#8221; [&#8230;]<\/p>\n<p><a class=\"btn btn-secondary understrap-read-more-link\" href=\"https:\/\/us.edu.pl\/student\/studia\/obowiazkowe-szkolenia\/\">Read More&#8230;<\/a><\/p>\n","protected":false},"author":1,"featured_media":0,"parent":6306,"menu_order":0,"comment_status":"closed","ping_status":"closed","template":"","meta":{"_expiration-date-status":"","_expiration-date":0,"_expiration-date-type":"","_expiration-date-categories":[],"_expiration-date-options":[]},"acf":[],"_links":{"self":[{"href":"https:\/\/us.edu.pl\/student\/wp-json\/wp\/v2\/pages\/9159"}],"collection":[{"href":"https:\/\/us.edu.pl\/student\/wp-json\/wp\/v2\/pages"}],"about":[{"href":"https:\/\/us.edu.pl\/student\/wp-json\/wp\/v2\/types\/page"}],"author":[{"embeddable":true,"href":"https:\/\/us.edu.pl\/student\/wp-json\/wp\/v2\/users\/1"}],"replies":[{"embeddable":true,"href":"https:\/\/us.edu.pl\/student\/wp-json\/wp\/v2\/comments?post=9159"}],"version-history":[{"count":10,"href":"https:\/\/us.edu.pl\/student\/wp-json\/wp\/v2\/pages\/9159\/revisions"}],"predecessor-version":[{"id":59373,"href":"https:\/\/us.edu.pl\/student\/wp-json\/wp\/v2\/pages\/9159\/revisions\/59373"}],"up":[{"embeddable":true,"href":"https:\/\/us.edu.pl\/student\/wp-json\/wp\/v2\/pages\/6306"}],"wp:attachment":[{"href":"https:\/\/us.edu.pl\/student\/wp-json\/wp\/v2\/media?parent=9159"}],"curies":[{"name":"wp","href":"https:\/\/api.w.org\/{rel}","templated":true}]}}