{"id":9242,"date":"2019-10-21T09:04:11","date_gmt":"2019-10-21T07:04:11","guid":{"rendered":"https:\/\/us.edu.pl\/student\/?page_id=9242"},"modified":"2025-10-03T09:25:48","modified_gmt":"2025-10-03T07:25:48","slug":"wsparcie-i-fundusze-dostosowanie-do-specjalnych-potrzeb-indywidualne-dostosowanie-studiow","status":"publish","type":"page","link":"https:\/\/us.edu.pl\/student\/en\/studia\/tok-studiow-2\/wsparcie-i-fundusze-dostosowanie-do-specjalnych-potrzeb-indywidualne-dostosowanie-studiow\/","title":{"rendered":"Indywidualne dostosowanie studi\u00f3w"},"content":{"rendered":"<p>[vc_row el_class=&#8221;container&#8221;][vc_column el_class=&#8221;container&#8221;]\r\n                <div class=\"text-modules\">\r\n                    <div class=\"container\">\r\n                        <h3 class=\"page-title text__title\">Indywidualne dostosowanie studi\u00f3w<\/h3>\r\n                        <div class=\"text-modules__content\"><p><strong>JAK UZYSKA\u0106 IDS?<\/strong><\/p>\n<p><strong>Krok 1.<\/strong><\/p>\n<p>Z\u0142\u00f3\u017c w Centrum Obs\u0142ugi Student\u00f3w dokumenty:<\/p>\n<ul>\n<li>wniosek o IDS (<a href=\"https:\/\/us.edu.pl\/student\/wp-content\/uploads\/sites\/3\/dokumenty\/IOS\/ids_2020_wniosek.doc\" class=\"mtli_attachment mtli_doc\" data-mtli=\"mtli_filesize2900kB\" class=\"mtli_attachment mtli_doc\" data-mtli=\"mtli_filesize2900kB\">wniosek o IDS<\/a>),<\/li>\n<li>kart\u0119 informacyjn\u0105 (<a href=\"https:\/\/us.edu.pl\/student\/wp-content\/uploads\/sites\/3\/dokumenty\/IOS\/ids_2020_karta_informacyjna1.doc\" class=\"mtli_attachment mtli_doc\" data-mtli=\"mtli_filesize2800kB\" class=\"mtli_attachment mtli_doc\" data-mtli=\"mtli_filesize2800kB\">karta informacyjna<\/a>),<\/li>\n<li>aktualne orzeczenie o niepe\u0142nosprawno\u015bci lub inny r\u00f3wnowa\u017cny dokument (je\u015bli taki posiadasz).<\/li>\n<\/ul>\n<p>Wype\u0142nione i podpisane dokumenty mo\u017cesz z\u0142o\u017cy\u0107:<\/p>\n<ul>\n<li>osobi\u015bcie lub poczt\u0105 tradycyjn\u0105 \u2013 Centrum Obs\u0142ugi Student\u00f3w, ul. Bankowa 12, 40-007 Katowice, pok\u00f3j 0.12 lub 0.14 (rektorat, parter),<\/li>\n<li>drog\u0105 elektroniczn\u0105 \u2013 zeskanuj dokumenty i wy\u015blij na adres: <a href=\"mailto:ids@us.edu.pl\">ids@us.edu.pl<\/a>, w temacie wiadomo\u015bci wpisz: &#8220;IDS \u2013 imi\u0119 i nazwisko&#8221;. Orygina\u0142y dokument\u00f3w przynie\u015b na indywidualne spotkanie.<\/li>\n<\/ul>\n<p><strong>Krok 2.<\/strong><\/p>\n<p>Przyjd\u017a na indywidualne spotkanie z przedstawicielami COS i koordynatorem ds. wsparcia z wydzia\u0142u, na kt\u00f3rym b\u0119dziesz studiowa\u0107. Podczas spotkania om\u00f3wimy potrzeby i mo\u017cliwo\u015bci zwi\u0105zane z\u00a0IDS. Wsp\u00f3lnie ustalimy najkorzystniejsze formy wsparcia. Informacj\u0119 o terminie spotkania przeka\u017c\u0105 Ci pracownicy COS.<\/p>\n<p><strong>Krok 3.<\/strong><\/p>\n<p>Zaopiniowany wniosek o IDS zostanie przekazany do Dziekana, kt\u00f3ry podejmie decyzj\u0119 o\u00a0zakresie IDS.<\/p>\n<p><strong>Krok 4.<\/strong><\/p>\n<p>W ci\u0105gu 7 dni od otrzymania pozytywnej decyzji o przyznaniu IDS przeka\u017c do koordynatora ds. wsparcia list\u0119 wyk\u0142adowc\u00f3w, z kt\u00f3rymi b\u0119dziesz mie\u0107 zaj\u0119cia w danym semestrze i\u00a0chcesz mie\u0107 IDS (list\u0119 mo\u017cesz przes\u0142a\u0107 e-mailem). Koordynator skontaktuje si\u0119 z nimi, \u017ceby przekaza\u0107 informacj\u0119 o decyzji Dziekana dotycz\u0105cej Twojego IDS.<\/p>\n<p>Je\u015bli w ci\u0105gu 7 dni nie dostarczysz listy wyk\u0142adowc\u00f3w, o decyzji dotycz\u0105cej IDS musisz poinformowa\u0107 wyk\u0142adowc\u00f3w samodzielnie.<\/p>\n<p>Je\u015bli ramach IDS b\u0119dziesz nagrywa\u0107 zaj\u0119cia, dodatkowo otrzymasz do wype\u0142nienia o\u015bwiadczenie dotycz\u0105ce ochrony praw autorskich.<\/p>\n<p><strong>Krok 5.<\/strong><\/p>\n<p>Po uzyskaniu od koordynatora informacji, \u017ce skontaktowa\u0142 si\u0119 z Twoimi wyk\u0142adowcami, ustal i spisz z nimi spos\u00f3b realizacji IDS. Orygina\u0142 ustale\u0144 przeka\u017c koordynatorowi ds. wsparcia.<\/p>\n<style type=\"text\/css\">a[data-mtli~=\"mtli_filesize2900kB\"]:after {content:\" (29.00 kB)\"}a[data-mtli~=\"mtli_filesize2800kB\"]:after {content:\" (28.00 kB)\"}<\/style><\/div>\r\n                    <\/div>\r\n                <\/div>[\/vc_column][\/vc_row]<\/p>\n<style type=\"text\/css\">a[data-mtli~=\"mtli_filesize2900kB\"]:after {content:\" (29.00 kB)\"}a[data-mtli~=\"mtli_filesize2800kB\"]:after {content:\" (28.00 kB)\"}<\/style>","protected":false},"excerpt":{"rendered":"<p>[vc_row el_class=&#8221;container&#8221;][vc_column el_class=&#8221;container&#8221;][\/vc_column][\/vc_row] [&#8230;]<\/p>\n<p><a class=\"btn btn-secondary understrap-read-more-link\" href=\"https:\/\/us.edu.pl\/student\/en\/studia\/tok-studiow-2\/wsparcie-i-fundusze-dostosowanie-do-specjalnych-potrzeb-indywidualne-dostosowanie-studiow\/\">Read More&#8230;<\/a><\/p>\n","protected":false},"author":1,"featured_media":0,"parent":9046,"menu_order":0,"comment_status":"closed","ping_status":"closed","template":"page-templates\/inner-page.php","meta":{"_expiration-date-status":"","_expiration-date":0,"_expiration-date-type":"","_expiration-date-categories":[],"_expiration-date-options":[]},"acf":[],"_links":{"self":[{"href":"https:\/\/us.edu.pl\/student\/en\/wp-json\/wp\/v2\/pages\/9242"}],"collection":[{"href":"https:\/\/us.edu.pl\/student\/en\/wp-json\/wp\/v2\/pages"}],"about":[{"href":"https:\/\/us.edu.pl\/student\/en\/wp-json\/wp\/v2\/types\/page"}],"author":[{"embeddable":true,"href":"https:\/\/us.edu.pl\/student\/en\/wp-json\/wp\/v2\/users\/1"}],"replies":[{"embeddable":true,"href":"https:\/\/us.edu.pl\/student\/en\/wp-json\/wp\/v2\/comments?post=9242"}],"version-history":[{"count":10,"href":"https:\/\/us.edu.pl\/student\/en\/wp-json\/wp\/v2\/pages\/9242\/revisions"}],"predecessor-version":[{"id":59455,"href":"https:\/\/us.edu.pl\/student\/en\/wp-json\/wp\/v2\/pages\/9242\/revisions\/59455"}],"up":[{"embeddable":true,"href":"https:\/\/us.edu.pl\/student\/en\/wp-json\/wp\/v2\/pages\/9046"}],"wp:attachment":[{"href":"https:\/\/us.edu.pl\/student\/en\/wp-json\/wp\/v2\/media?parent=9242"}],"curies":[{"name":"wp","href":"https:\/\/api.w.org\/{rel}","templated":true}]}}