{"id":9343,"date":"2019-10-21T10:14:31","date_gmt":"2019-10-21T08:14:31","guid":{"rendered":"https:\/\/us.edu.pl\/student\/?page_id=9343"},"modified":"2022-11-04T16:18:50","modified_gmt":"2022-11-04T15:18:50","slug":"dostosowanie-budynkow","status":"publish","type":"page","link":"https:\/\/us.edu.pl\/student\/wsparcie-i-fundusze\/dostosowanie-do-specjalnych-potrzeb\/dostosowanie-budynkow\/","title":{"rendered":"Dostosowanie budynk\u00f3w"},"content":{"rendered":"<p>[vc_row el_class=&#8221;container&#8221;][vc_column el_class=&#8221;container&#8221;]\r\n                <div class=\"tiles-section\" style=\"background: \">\r\n                    <div class=\"container\">\r\n                        <h3 class=\"page-title\">Dostosowanie budynk\u00f3w<\/h3>\r\n                        <div class=\"tiles tiles-4\">\r\n                            <a href=\"https:\/\/us.edu.pl\/student\/wsparcie-i-fundusze\/dostosowanie-do-specjalnych-potrzeb\/dostosowanie-budynkow\/wydzial-nauk-scislych-i-technicznych\/\" class=\"tile tile_ justify-content-center\" style=\"background-color: #002E5A; font-weight: ; color: #ffffff;  \">\r\n                                \r\n                                   \r\n                               \r\n                                <div class=\"tile__name\">Wydzia\u0142 Nauk \u015acis\u0142ych i Technicznych<\/div>\r\n                            <\/a>\r\n                            <a href=\"https:\/\/us.edu.pl\/deklaracja-dostepnosci\/dostepnosc-architektoniczna-katowice-ul-pawla-3\/\" class=\"tile tile_ justify-content-center\" style=\"background-color: #002E5A; font-weight: ; color: #ffffff;  \">\r\n                                \r\n                                   \r\n                               \r\n                                <div class=\"tile__name\">Szko\u0142a Filmowa im. Krzysztofa Kie\u015blowskiego<\/div>\r\n                            <\/a>\r\n                            <a href=\"https:\/\/us.edu.pl\/student\/wsparcie-i-fundusze\/dostosowanie-do-specjalnych-potrzeb\/dostosowanie-budynkow\/wydzial-humanistyczny\/\" class=\"tile tile_ justify-content-center\" style=\"background-color: #002E5A; font-weight: ; color: #ffffff;  \">\r\n                                \r\n                                   \r\n                               \r\n                                <div class=\"tile__name\">Wydzia\u0142 Humanistyczny<\/div>\r\n                            <\/a>\r\n                            <a href=\"https:\/\/us.edu.pl\/student\/wsparcie-i-fundusze\/dostosowanie-do-specjalnych-potrzeb\/dostosowanie-budynkow\/wydzial-nauk-przyrodniczych\/\" class=\"tile tile_ justify-content-center\" style=\"background-color: #002E5A; font-weight: ; color: #ffffff;  \">\r\n                                \r\n                                   \r\n                               \r\n                                <div class=\"tile__name\">Wydzia\u0142 Nauk Przyrodniczych<\/div>\r\n                            <\/a>\r\n                            <a href=\"https:\/\/us.edu.pl\/student\/wsparcie-i-fundusze\/dostosowanie-do-specjalnych-potrzeb\/dostosowanie-budynkow\/wydzial-nauk-spolecznych\/\" class=\"tile tile_ justify-content-center\" style=\"background-color: #002E5A; font-weight: ; color: #ffffff;  \">\r\n                                \r\n                                   \r\n                               \r\n                                <div class=\"tile__name\">Wydzia\u0142 Nauk Spo\u0142ecznych<\/div>\r\n                            <\/a>\r\n                            <a href=\"https:\/\/us.edu.pl\/deklaracja-dostepnosci\/dostepnosc-architektoniczna-katowice-ul-bankowa-11b\/\" class=\"tile tile_ justify-content-center\" style=\"background-color: #002E5A; font-weight: ; color: #ffffff;  \">\r\n                                \r\n                                   \r\n                               \r\n                                <div class=\"tile__name\">Wydzia\u0142 Prawa i Administracji<\/div>\r\n                            <\/a>\r\n                            <a href=\"https:\/\/us.edu.pl\/student\/wsparcie-i-fundusze\/dostosowanie-do-specjalnych-potrzeb\/dostosowanie-budynkow\/wydzial-sztuki-i-nauk-o-edukacji\/\" class=\"tile tile_ justify-content-center\" style=\"background-color: #002E5A; font-weight: ; color: #ffffff;  \">\r\n                                \r\n                                   \r\n                               \r\n                                <div class=\"tile__name\">Wydzia\u0142 Sztuki i Nauk o Edukacji<\/div>\r\n                            <\/a>\r\n                            <a href=\"https:\/\/us.edu.pl\/deklaracja-dostepnosci\/dostepnosc-architektoniczna-katowice-ul-jordana-18\/\" class=\"tile tile_ justify-content-center\" style=\"background-color: #002E5A; font-weight: ; color: #ffffff;  \">\r\n                                \r\n                                   \r\n                               \r\n                                <div class=\"tile__name\">Wydzia\u0142 Teologiczny<\/div>\r\n                            <\/a>\r\n                            <a href=\"https:\/\/ciniba.edu.pl\/deklaracja-dostepnosci\" class=\"tile tile_double justify-content-center\" style=\"background-color: #002E5A; font-weight: ; color: #ffffff;  \">\r\n                                \r\n                                   \r\n                               \r\n                                <div class=\"tile__name\">CINiBA (Biblioteka G\u0142\u00f3wna)<\/div>\r\n                            <\/a>\r\n                            <a href=\"https:\/\/us.edu.pl\/deklaracja-dostepnosci\/dostepnosc-architektoniczna-katowice-ul-bankowa-12\/\" class=\"tile tile_double justify-content-center\" style=\"background-color: #002E5A; font-weight: ; color: #ffffff;  \">\r\n                                \r\n                                   \r\n                               \r\n                                <div class=\"tile__name\">Rektorat<\/div>\r\n                            <\/a><\/div>\r\n                    <\/div>\r\n                <\/div>[\/vc_column][\/vc_row][vc_row el_class=&#8221;container&#8221;][vc_column el_class=&#8221;container&#8221;][vc_empty_space height=&#8221;64px&#8221;][\/vc_column][\/vc_row]<\/p>","protected":false},"excerpt":{"rendered":"<p>[vc_row el_class=&#8221;container&#8221;][vc_column el_class=&#8221;container&#8221;][\/vc_column][\/vc_row][vc_row el_class=&#8221;container&#8221;][vc_column el_class=&#8221;container&#8221;][vc_empty_space height=&#8221;64px&#8221;][\/vc_column][\/vc_row] [&#8230;]<\/p>\n<p><a class=\"btn btn-secondary understrap-read-more-link\" href=\"https:\/\/us.edu.pl\/student\/wsparcie-i-fundusze\/dostosowanie-do-specjalnych-potrzeb\/dostosowanie-budynkow\/\">Read More&#8230;<\/a><\/p>\n","protected":false},"author":1,"featured_media":0,"parent":9188,"menu_order":0,"comment_status":"closed","ping_status":"closed","template":"","meta":{"_expiration-date-status":"","_expiration-date":0,"_expiration-date-type":"","_expiration-date-categories":[],"_expiration-date-options":[]},"acf":[],"_links":{"self":[{"href":"https:\/\/us.edu.pl\/student\/wp-json\/wp\/v2\/pages\/9343"}],"collection":[{"href":"https:\/\/us.edu.pl\/student\/wp-json\/wp\/v2\/pages"}],"about":[{"href":"https:\/\/us.edu.pl\/student\/wp-json\/wp\/v2\/types\/page"}],"author":[{"embeddable":true,"href":"https:\/\/us.edu.pl\/student\/wp-json\/wp\/v2\/users\/1"}],"replies":[{"embeddable":true,"href":"https:\/\/us.edu.pl\/student\/wp-json\/wp\/v2\/comments?post=9343"}],"version-history":[{"count":5,"href":"https:\/\/us.edu.pl\/student\/wp-json\/wp\/v2\/pages\/9343\/revisions"}],"predecessor-version":[{"id":37781,"href":"https:\/\/us.edu.pl\/student\/wp-json\/wp\/v2\/pages\/9343\/revisions\/37781"}],"up":[{"embeddable":true,"href":"https:\/\/us.edu.pl\/student\/wp-json\/wp\/v2\/pages\/9188"}],"wp:attachment":[{"href":"https:\/\/us.edu.pl\/student\/wp-json\/wp\/v2\/media?parent=9343"}],"curies":[{"name":"wp","href":"https:\/\/api.w.org\/{rel}","templated":true}]}}