{"id":9574,"date":"2019-10-21T15:27:20","date_gmt":"2019-10-21T13:27:20","guid":{"rendered":"https:\/\/us.edu.pl\/student\/?page_id=9574"},"modified":"2026-03-05T11:54:19","modified_gmt":"2026-03-05T10:54:19","slug":"samorzad-studencki","status":"publish","type":"page","link":"https:\/\/us.edu.pl\/student\/dzialalnosc-studencka\/samorzad-studencki\/","title":{"rendered":"Samorz\u0105d studencki"},"content":{"rendered":"<p>[vc_row el_class=&#8221;container&#8221;][vc_column el_class=&#8221;container&#8221;][vc_empty_space height=&#8221;64px&#8221;]\r\n                <div class=\"text-modules\">\r\n                    <div class=\"container\">\r\n                        <h3 class=\"page-title text__title\">O samorz\u0105dzie<\/h3>\r\n                        <div class=\"text-modules__content\"><p>Samorz\u0105d Studencki Uniwersytetu \u015al\u0105skiego to wszyscy \u2013 ka\u017cdy ze student\u00f3w naszego Uniwersytetu! Dzia\u0142a on przez swoich delegat\u00f3w wybieranych w corocznych, powszechnych wyborach i przedstawia g\u0142os student\u00f3w na forum uczelnianym oraz og\u00f3lnopolskim.<\/p>\n<p>W du\u017cej mierze Samorz\u0105d zajmuje si\u0119 tak\u017ce rozwijaniem kultury studenckiej, poprzez realizacj\u0119 projekt\u00f3w o r\u00f3\u017cnym profilu, takich jak: <a href=\"http:\/\/www.laurstudencki.us.edu.pl\/\"><strong>Laur Studencki<\/strong><\/a> (coroczna gala organizowana przez Samorz\u0105d Studencki, podczas kt\u00f3rej wyr\u00f3\u017cniani s\u0105 wa\u017cni dla student\u00f3w ludzie oraz instytucje), <strong><a href=\"http:\/\/www.studenci.us.edu.pl\/?cat=41\">Bal Studenta<\/a> <\/strong>(bal karnawa\u0142owy ciesz\u0105cy si\u0119 ka\u017cdego roku niezwyk\u0142\u0105 popularno\u015bci\u0105\u2013 a parkiet zape\u0142nia si\u0119 natychmiast!), <strong><a href=\"http:\/\/www.studenckifestiwalnauki.us.edu.pl\/\">\u015al\u0105ski Studencki Festiwal Nauki<\/a> <\/strong>(jedna z najwi\u0119kszych kulturalno-naukowych imprez na \u015al\u0105sku, podczas kt\u00f3rej ka\u017cda organizacja studencka mo\u017ce zaprezentowa\u0107 swoje osi\u0105gni\u0119cia naukowe na Jarmarku Wiedzy), <u><strong><a href=\"http:\/\/www.juwenaliaslaskie.pl\">Juwenalia \u015al\u0105skie<\/a><\/strong><\/u> (najwi\u0119ksze studenckie \u015bwi\u0119to w roku, kiedy to Katowicami zaw\u0142adaj\u0105 \u017cacy \u2013 Juwenali\u00f3w reklamowa\u0107 nie trzeba!).<\/p>\n<p>Ponadto Samorz\u0105d Studencki to przygoda \u017cycia, podczas kt\u00f3rej mo\u017cna pozna\u0107 wiele wspania\u0142ych os\u00f3b, rozwin\u0105\u0107 swoje pasje czy zrealizowa\u0107 pomys\u0142y \u2013 to do\u015bwiadczenie, kt\u00f3rego nie da Ci \u017cadna praktyka ani \u017cadne zaj\u0119cia!<\/p>\n<p>Odwied\u017a nas na naszej <a href=\"https:\/\/www.samorzad.us.edu.pl\/\">stronie!<\/a><\/p>\n<p><img class=\"size-full wp-image-12109 aligncenter\" src=\"https:\/\/us.edu.pl\/student\/wp-content\/uploads\/sites\/3\/COS\/samorz\u0105.jpg\" alt=\"\" width=\"810\" height=\"388\" srcset=\"https:\/\/us.edu.pl\/student\/wp-content\/uploads\/sites\/3\/COS\/samorz\u0105.jpg 810w, https:\/\/us.edu.pl\/student\/wp-content\/uploads\/sites\/3\/COS\/samorz\u0105-300x144.jpg 300w, https:\/\/us.edu.pl\/student\/wp-content\/uploads\/sites\/3\/COS\/samorz\u0105-768x368.jpg 768w\" sizes=\"(max-width: 810px) 100vw, 810px\" \/><\/p>\n<\/div>\r\n                    <\/div>\r\n                <\/div>\r\n                <div class=\"text-modules\">\r\n                    <div class=\"container\">\r\n                        \r\n                        <div class=\"text-modules__content\"><\/p>\n<p style=\"text-align: center;\">Masz jakie\u015b pytania?<br \/>\nZajrzyj do nas:)<\/p>\n<p style=\"text-align: center;\">Bankowa 14, I pi\u0119tro<br \/>\npok\u00f3j nr 424<br \/>\n40-007 Katowice<br \/>\ntel. 32 359 15 88<br \/>\nurss@us.edu.pl<\/p>\n<p>\n<\/div>\r\n                    <\/div>\r\n                <\/div>[\/vc_column][\/vc_row][vc_row el_class=&#8221;container&#8221;][vc_column el_class=&#8221;container&#8221;][vc_empty_space height=&#8221;64px&#8221;]\r\n\r\n            <div class=\"blocks\" style=\"text-align: \">\r\n               <div class=\"container\">\r\n                  \r\n                  <div class=\"row m-0 blocks_3\">\r\n                  \r\n                     <a href=\"https:\/\/funip.pl\/\" class=\"thumbnail blocks__item\" style=\"background-image: url(https:\/\/us.edu.pl\/student\/wp-content\/uploads\/sites\/3\/COS\/Organizacje-Kasia-T\/16996271_1268391396569887_7259398973615346398_n-e1574435020898.png)\">\r\n                        <span>wi\u0119cej<\/span>\r\n                        <div class=\"blocks__bottom\">\r\n                        \r\n                        <div class=\"blocks__subtitle\">Forum Uniwersytet\u00f3w Polskich<\/div>\r\n                        <\/div>\r\n                     <\/a>\r\n                  \r\n                     <a href=\"https:\/\/fsua.org.pl\/\" class=\"thumbnail blocks__item\" style=\"background-image: url(https:\/\/us.edu.pl\/student\/wp-content\/uploads\/sites\/3\/COS\/Organizacje-Kasia-T\/fsua-300x300.jpg)\">\r\n                        <span>wi\u0119cej<\/span>\r\n                        <div class=\"blocks__bottom\">\r\n                        \r\n                        <div class=\"blocks__subtitle\">Forum Student\u00f3w Uczelni Artystycznych<\/div>\r\n                        <\/div>\r\n                     <\/a>\r\n                  \r\n                     <a href=\"https:\/\/psrp.org.pl\/\" class=\"thumbnail blocks__item\" style=\"background-image: url(https:\/\/us.edu.pl\/student\/wp-content\/uploads\/sites\/3\/COS\/Organizacje-Kasia-T\/psrp-logo-1.png)\">\r\n                        <span>wi\u0119cej<\/span>\r\n                        <div class=\"blocks__bottom\">\r\n                        \r\n                        <div class=\"blocks__subtitle\">Parlament Student\u00f3w Rzeczypospolitej Polskiej<\/div>\r\n                        <\/div>\r\n                     <\/a><\/div>     \r\n               <\/div>\r\n            <\/div>[vc_separator el_class=&#8221;container&#8221;][\/vc_column][\/vc_row]<\/p>","protected":false},"excerpt":{"rendered":"<p>[vc_row el_class=&#8221;container&#8221;][vc_column el_class=&#8221;container&#8221;][vc_empty_space height=&#8221;64px&#8221;][\/vc_column][\/vc_row][vc_row el_class=&#8221;container&#8221;][vc_column el_class=&#8221;container&#8221;][vc_empty_space height=&#8221;64px&#8221;][vc_separator el_class=&#8221;container&#8221;][\/vc_column][\/vc_row] [&#8230;]<\/p>\n<p><a class=\"btn btn-secondary understrap-read-more-link\" href=\"https:\/\/us.edu.pl\/student\/dzialalnosc-studencka\/samorzad-studencki\/\">Read More&#8230;<\/a><\/p>\n","protected":false},"author":1,"featured_media":0,"parent":21698,"menu_order":0,"comment_status":"closed","ping_status":"closed","template":"page-templates\/page-with-sidebar.php","meta":{"_expiration-date-status":"","_expiration-date":0,"_expiration-date-type":"","_expiration-date-categories":[],"_expiration-date-options":[]},"acf":[],"_links":{"self":[{"href":"https:\/\/us.edu.pl\/student\/wp-json\/wp\/v2\/pages\/9574"}],"collection":[{"href":"https:\/\/us.edu.pl\/student\/wp-json\/wp\/v2\/pages"}],"about":[{"href":"https:\/\/us.edu.pl\/student\/wp-json\/wp\/v2\/types\/page"}],"author":[{"embeddable":true,"href":"https:\/\/us.edu.pl\/student\/wp-json\/wp\/v2\/users\/1"}],"replies":[{"embeddable":true,"href":"https:\/\/us.edu.pl\/student\/wp-json\/wp\/v2\/comments?post=9574"}],"version-history":[{"count":3,"href":"https:\/\/us.edu.pl\/student\/wp-json\/wp\/v2\/pages\/9574\/revisions"}],"predecessor-version":[{"id":41733,"href":"https:\/\/us.edu.pl\/student\/wp-json\/wp\/v2\/pages\/9574\/revisions\/41733"}],"up":[{"embeddable":true,"href":"https:\/\/us.edu.pl\/student\/wp-json\/wp\/v2\/pages\/21698"}],"wp:attachment":[{"href":"https:\/\/us.edu.pl\/student\/wp-json\/wp\/v2\/media?parent=9574"}],"curies":[{"name":"wp","href":"https:\/\/api.w.org\/{rel}","templated":true}]}}