{"id":9593,"date":"2019-10-21T15:32:15","date_gmt":"2019-10-21T13:32:15","guid":{"rendered":"https:\/\/us.edu.pl\/student\/?page_id=9593"},"modified":"2026-03-30T10:32:37","modified_gmt":"2026-03-30T08:32:37","slug":"organizacje-studenckie","status":"publish","type":"page","link":"https:\/\/us.edu.pl\/student\/dzialalnosc-studencka\/organizacje-studenckie\/","title":{"rendered":"organizacje studenckie"},"content":{"rendered":"<p>[vc_row el_class=&#8221;container&#8221;][vc_column el_class=&#8221;container&#8221;]\r\n                <div class=\"text-modules\">\r\n                    <div class=\"container\">\r\n                        <h3 class=\"page-title text__title\">Organizacje studenckie<\/h3>\r\n                        <div class=\"text-modules__content\"><\/div>\r\n                    <\/div>\r\n                <\/div>\r\n\r\n            <div class=\"blocks\" style=\"text-align: center\">\r\n               <div class=\"container\">\r\n                  \r\n                  <div class=\"row m-0 blocks_3\">\r\n                  \r\n                     <a href=\"https:\/\/us.edu.pl\/student\/wykaz-aktywnych-organizacji-studenckich-i-doktoranckich-us\" class=\"thumbnail blocks__item\" style=\"background-image: url(https:\/\/us.edu.pl\/student\/wp-content\/uploads\/sites\/3\/Bez-kategorii\/fot.-Szymon-Nawrat-Sosnowiec-43-1024x683.jpg)\">\r\n                        <span>wi\u0119cej<\/span>\r\n                        <div class=\"blocks__bottom\">\r\n                        <div class=\"blocks__title\">Wykaz organizacji studenckich<\/div>\r\n                        \r\n                        <\/div>\r\n                     <\/a>\r\n                  \r\n                     <a href=\"https:\/\/us.edu.pl\/student\/dzialalnosc-studencka\/organizacje-studenckie\/czym-sa-organizacje-studenckie\/\" class=\"thumbnail blocks__item\" style=\"background-image: url(https:\/\/us.edu.pl\/student\/wp-content\/uploads\/sites\/3\/COS\/Organizacje-Kasia-T\/czym_jest_org_stud-e1642506359138.jpg)\">\r\n                        <span>wi\u0119cej<\/span>\r\n                        <div class=\"blocks__bottom\">\r\n                        <div class=\"blocks__title\">Czym s\u0105 organizacje studenckie ?<\/div>\r\n                        \r\n                        <\/div>\r\n                     <\/a>\r\n                  \r\n                     <a href=\"https:\/\/us.edu.pl\/student\/dzialalnosc-studencka\/organizacje-studenckie\/zaloz-organizacje\/\" class=\"thumbnail blocks__item\" style=\"background-image: url(https:\/\/us.edu.pl\/student\/wp-content\/uploads\/sites\/3\/COS\/Organizacje-Kasia-T\/zaloz_org_stud-e1642506329657.jpg)\">\r\n                        <span>wi\u0119cej<\/span>\r\n                        <div class=\"blocks__bottom\">\r\n                        <div class=\"blocks__title\">Za\u0142\u00f3\u017c organizacj\u0119<\/div>\r\n                        \r\n                        <\/div>\r\n                     <\/a>\r\n                  \r\n                     <a href=\"https:\/\/us.edu.pl\/student\/dzialalnosc-studencka\/organizacje-studenckie\/finansowanie-dzialalnosci-studenckiej-i-naukowej\/\" class=\"thumbnail blocks__item\" style=\"background-image: url(https:\/\/us.edu.pl\/student\/wp-content\/uploads\/sites\/3\/COS\/Organizacje-Kasia-T\/finansow_dzial_stud_nauk-e1642506340167.jpg)\">\r\n                        <span>wi\u0119cej<\/span>\r\n                        <div class=\"blocks__bottom\">\r\n                        <div class=\"blocks__title\">Finansowanie dzia\u0142alno\u015bci studenckiej i naukowej<\/div>\r\n                        \r\n                        <\/div>\r\n                     <\/a>\r\n                  \r\n                     <a href=\"https:\/\/us.edu.pl\/student\/dzialalnosc-studencka\/organizacje-studenckie\/sprawozdania-organizacji\/\" class=\"thumbnail blocks__item\" style=\"background-image: url(https:\/\/us.edu.pl\/student\/wp-content\/uploads\/sites\/3\/COS\/Organizacje-Kasia-T\/sprawozdanie_org-e1642506395393.jpg)\">\r\n                        <span>wi\u0119cej<\/span>\r\n                        <div class=\"blocks__bottom\">\r\n                        <div class=\"blocks__title\">Sprawozdania organizacji<\/div>\r\n                        \r\n                        <\/div>\r\n                     <\/a>\r\n                  \r\n                     <a href=\"https:\/\/us.edu.pl\/student\/dzialalnosc-studencka\/organizacje-studenckie\/wydatkowanie-srodkow-na-dzialalnosc-studencka\/\" class=\"thumbnail blocks__item\" style=\"background-image: url(https:\/\/us.edu.pl\/student\/wp-content\/uploads\/sites\/3\/COS\/Organizacje-Kasia-T\/wydatkowanie_srodkow-e1574415644240.jpg)\">\r\n                        <span>wi\u0119cej<\/span>\r\n                        <div class=\"blocks__bottom\">\r\n                        <div class=\"blocks__title\">Wydatkowanie \u015brodk\u00f3w na dzia\u0142alno\u015b\u0107 studenck\u0105<\/div>\r\n                        \r\n                        <\/div>\r\n                     <\/a>\r\n                  \r\n                     <a href=\"https:\/\/us.edu.pl\/student\/dzialalnosc-studencka\/organizacje-studenckie\/wsparcie-organizacji\/\" class=\"thumbnail blocks__item\" style=\"background-image: url(https:\/\/us.edu.pl\/student\/wp-content\/uploads\/sites\/3\/COS\/Organizacje-Kasia-T\/wsparcie_org-e1642506381616.jpg)\">\r\n                        <span>wi\u0119cej<\/span>\r\n                        <div class=\"blocks__bottom\">\r\n                        <div class=\"blocks__title\">Wsparcie organizacji<\/div>\r\n                        \r\n                        <\/div>\r\n                     <\/a>\r\n                  \r\n                     <a href=\"https:\/\/us.edu.pl\/student\/dzialalnosc-studencka\/organizacje-studenckie\/akty-prawne\/\" class=\"thumbnail blocks__item\" style=\"background-image: url(https:\/\/us.edu.pl\/student\/wp-content\/uploads\/sites\/3\/COS\/Organizacje-Kasia-T\/akty_prawne-e1642506371311.jpg)\">\r\n                        <span>wi\u0119cej<\/span>\r\n                        <div class=\"blocks__bottom\">\r\n                        <div class=\"blocks__title\">Akty prawne<\/div>\r\n                        \r\n                        <\/div>\r\n                     <\/a>\r\n                  \r\n                     <a href=\"https:\/\/us.edu.pl\/student\/dzialalnosc-studencka\/organizacje-studenckie\/faq\/\" class=\"thumbnail blocks__item\" style=\"background-image: url(https:\/\/us.edu.pl\/student\/wp-content\/uploads\/sites\/3\/COS\/Organizacje-Kasia-T\/Faq-e1642506350508.jpg)\">\r\n                        <span>wi\u0119cej<\/span>\r\n                        <div class=\"blocks__bottom\">\r\n                        <div class=\"blocks__title\">FAQ<\/div>\r\n                        \r\n                        <\/div>\r\n                     <\/a><\/div>     \r\n               <\/div>\r\n            <\/div>[\/vc_column][\/vc_row][vc_row][vc_column]\r\n                <div class=\"text-modules\">\r\n                    <div class=\"container\">\r\n                        \r\n                        <div class=\"text-modules__content\"><p><span style=\"font-weight: 400;\">Zapraszamy do zapoznania si\u0119 z wykazem organizacji studenckich:<\/span><\/p>\n<ul>\n<li><a href=\"https:\/\/us.edu.pl\/student\/wp-content\/uploads\/sites\/3\/dokumenty\/Wykaz-AKTYWNYCH-organizacji-studenckich-i-doktoranckich-18-1.xlsx\" class=\"mtli_attachment mtli_xlsx\" data-mtli=\"mtli_filesize66,24kB\" class=\"mtli_attachment mtli_xlsx\" data-mtli=\"mtli_filesize66,24kB\">Wykaz organizacji studenckich 30.03.2026 r.<\/a><\/li>\n<li><a href=\"https:\/\/us.edu.pl\/student\/wp-content\/uploads\/sites\/3\/dokumenty\/Wykaz-organizacji-studenckich-DO-REAKTYWACJI-9.xlsx\" class=\"mtli_attachment mtli_xlsx\" data-mtli=\"mtli_filesize73,67kB\" class=\"mtli_attachment mtli_xlsx\" data-mtli=\"mtli_filesize73,67kB\">Ko\u0142a do reaktywacji 20.03.2026 r.<\/a><\/li>\n<\/ul>\n<p>\n<style type=\"text\/css\">a[data-mtli~=\"mtli_filesize66,24kB\"]:after {content:\" (66,24 kB)\"}a[data-mtli~=\"mtli_filesize73,67kB\"]:after {content:\" (73,67 kB)\"}<\/style><\/div>\r\n                    <\/div>\r\n                <\/div>[\/vc_column][\/vc_row]<\/p>\n<style type=\"text\/css\">a[data-mtli~=\"mtli_filesize66,24kB\"]:after {content:\" (66,24 kB)\"}a[data-mtli~=\"mtli_filesize73,67kB\"]:after {content:\" (73,67 kB)\"}<\/style>","protected":false},"excerpt":{"rendered":"<p>[vc_row el_class=&#8221;container&#8221;][vc_column el_class=&#8221;container&#8221;][\/vc_column][\/vc_row][vc_row][vc_column][\/vc_column][\/vc_row] [&#8230;]<\/p>\n<p><a class=\"btn btn-secondary understrap-read-more-link\" href=\"https:\/\/us.edu.pl\/student\/dzialalnosc-studencka\/organizacje-studenckie\/\">Read More&#8230;<\/a><\/p>\n","protected":false},"author":1,"featured_media":0,"parent":21698,"menu_order":0,"comment_status":"closed","ping_status":"closed","template":"page-templates\/page-with-sidebar.php","meta":{"_expiration-date-status":"","_expiration-date":0,"_expiration-date-type":"","_expiration-date-categories":[],"_expiration-date-options":[]},"acf":[],"_links":{"self":[{"href":"https:\/\/us.edu.pl\/student\/wp-json\/wp\/v2\/pages\/9593"}],"collection":[{"href":"https:\/\/us.edu.pl\/student\/wp-json\/wp\/v2\/pages"}],"about":[{"href":"https:\/\/us.edu.pl\/student\/wp-json\/wp\/v2\/types\/page"}],"author":[{"embeddable":true,"href":"https:\/\/us.edu.pl\/student\/wp-json\/wp\/v2\/users\/1"}],"replies":[{"embeddable":true,"href":"https:\/\/us.edu.pl\/student\/wp-json\/wp\/v2\/comments?post=9593"}],"version-history":[{"count":10,"href":"https:\/\/us.edu.pl\/student\/wp-json\/wp\/v2\/pages\/9593\/revisions"}],"predecessor-version":[{"id":61200,"href":"https:\/\/us.edu.pl\/student\/wp-json\/wp\/v2\/pages\/9593\/revisions\/61200"}],"up":[{"embeddable":true,"href":"https:\/\/us.edu.pl\/student\/wp-json\/wp\/v2\/pages\/21698"}],"wp:attachment":[{"href":"https:\/\/us.edu.pl\/student\/wp-json\/wp\/v2\/media?parent=9593"}],"curies":[{"name":"wp","href":"https:\/\/api.w.org\/{rel}","templated":true}]}}