{"id":9805,"date":"2019-10-22T09:04:01","date_gmt":"2019-10-22T07:04:01","guid":{"rendered":"https:\/\/us.edu.pl\/student\/?page_id=9805"},"modified":"2025-10-06T13:59:39","modified_gmt":"2025-10-06T11:59:39","slug":"wyjazdy-zagraniczne","status":"publish","type":"page","link":"https:\/\/us.edu.pl\/student\/mobilnosc\/wyjazdy-zagraniczne\/","title":{"rendered":"wyjazdy zagraniczne"},"content":{"rendered":"<p>[vc_row el_class=&#8221;container&#8221;][vc_column el_class=&#8221;container&#8221;]\r\n                <div class=\"text-modules\">\r\n                    <div class=\"container\">\r\n                        <h3 class=\"page-title text__title\">Wyjazdy zagraniczne<\/h3>\r\n                        <div class=\"text-modules__content\"><\/div>\r\n                    <\/div>\r\n                <\/div>\r\n                <div class=\"tiles-section\" style=\"background: \">\r\n                    <div class=\"container\">\r\n                        <h3 class=\"page-title\"><\/h3>\r\n                        <div class=\"tiles tiles-2\">\r\n                            <a href=\"https:\/\/us.edu.pl\/student\/mobilnosc\/mobilnosc-miedzynarodowa\/mozliwosc-wyjazdow-zagranicznych\/\" class=\"tile tile_ justify-content-center\" style=\"background-color: #002E5A; font-weight: ; color: #ffffff;  \">\r\n                                \r\n                                   \r\n                               \r\n                                <div class=\"tile__name\">Mo\u017cliwo\u015bci wyjazd\u00f3w zagranicznych<\/div>\r\n                            <\/a>\r\n                            <a href=\"https:\/\/us.edu.pl\/student\/mobilnosc\/mobilnosc-miedzynarodowa\/wyjazdy-zagraniczne\/\" class=\"tile tile_ justify-content-center\" style=\"background-color: #002E5A; font-weight: ; color: #ffffff;  \">\r\n                                \r\n                                   \r\n                               \r\n                                <div class=\"tile__name\">Procedury i formularze<\/div>\r\n                            <\/a><\/div>\r\n                    <\/div>\r\n                <\/div>[\/vc_column][\/vc_row]<\/p>","protected":false},"excerpt":{"rendered":"<p>[vc_row el_class=&#8221;container&#8221;][vc_column el_class=&#8221;container&#8221;][\/vc_column][\/vc_row] [&#8230;]<\/p>\n<p><a class=\"btn btn-secondary understrap-read-more-link\" href=\"https:\/\/us.edu.pl\/student\/mobilnosc\/wyjazdy-zagraniczne\/\">Read More&#8230;<\/a><\/p>\n","protected":false},"author":1,"featured_media":0,"parent":21776,"menu_order":0,"comment_status":"closed","ping_status":"closed","template":"","meta":{"_expiration-date-status":"","_expiration-date":0,"_expiration-date-type":"","_expiration-date-categories":[],"_expiration-date-options":[]},"acf":[],"_links":{"self":[{"href":"https:\/\/us.edu.pl\/student\/wp-json\/wp\/v2\/pages\/9805"}],"collection":[{"href":"https:\/\/us.edu.pl\/student\/wp-json\/wp\/v2\/pages"}],"about":[{"href":"https:\/\/us.edu.pl\/student\/wp-json\/wp\/v2\/types\/page"}],"author":[{"embeddable":true,"href":"https:\/\/us.edu.pl\/student\/wp-json\/wp\/v2\/users\/1"}],"replies":[{"embeddable":true,"href":"https:\/\/us.edu.pl\/student\/wp-json\/wp\/v2\/comments?post=9805"}],"version-history":[{"count":6,"href":"https:\/\/us.edu.pl\/student\/wp-json\/wp\/v2\/pages\/9805\/revisions"}],"predecessor-version":[{"id":59530,"href":"https:\/\/us.edu.pl\/student\/wp-json\/wp\/v2\/pages\/9805\/revisions\/59530"}],"up":[{"embeddable":true,"href":"https:\/\/us.edu.pl\/student\/wp-json\/wp\/v2\/pages\/21776"}],"wp:attachment":[{"href":"https:\/\/us.edu.pl\/student\/wp-json\/wp\/v2\/media?parent=9805"}],"curies":[{"name":"wp","href":"https:\/\/api.w.org\/{rel}","templated":true}]}}