{"id":9849,"date":"2019-10-22T09:36:28","date_gmt":"2019-10-22T07:36:28","guid":{"rendered":"https:\/\/us.edu.pl\/student\/?page_id=9849"},"modified":"2025-11-06T10:11:33","modified_gmt":"2025-11-06T09:11:33","slug":"wyjazdy-krajowe","status":"publish","type":"page","link":"https:\/\/us.edu.pl\/student\/mobilnosc\/wyjazdy-krajowe\/","title":{"rendered":"wyjazdy krajowe"},"content":{"rendered":"<p>[vc_row][vc_column]\r\n                <div class=\"text-modules\">\r\n                    <div class=\"container\">\r\n                        <h3 class=\"page-title text__title\">PROGRAM MOST<\/h3>\r\n                        <div class=\"text-modules__content\"><p><strong>SEMESTR ZIMOWY LUB CA\u0141Y ROK AKADEMICKI 2025\/2026.<\/strong><\/p>\n<p><strong>Rekrutacja do programu MOST w semestrze letnim roku akademickiego 2025\/2026 odbywa si\u0119 w dniach od 31 pa\u017adziernika do 30 listopada 2025. Wyniki rekrutacji zostan\u0105 og\u0142oszone do 31 grudnia 2025 r.<\/strong><\/p>\n<\/div>\r\n                    <\/div>\r\n                <\/div>[\/vc_column][\/vc_row][vc_row][vc_column]\r\n                <div class=\"text-modules\">\r\n                    <div class=\"container\">\r\n                        \r\n                        <div class=\"text-modules__content\"><\/p>\n<h3>CZYM JEST PROGRAM MOST?<\/h3>\n<p>MOST to program mobilno\u015bci student\u00f3w i doktorant\u00f3w. Umo\u017cliwia realizowanie semestralnych lub rocznych studi\u00f3w na uniwersytecie innym ni\u017c macierzysty. Uczestnik tego programu ma prawo ubiegania si\u0119 o przyj\u0119cie na wybrany przez siebie uniwersytet oraz prawo wyboru przedmiot\u00f3w realizowanych na r\u00f3\u017cnych semestrach studi\u00f3w danego kierunku lub kierunk\u00f3w pokrewnych, na podstawie istniej\u0105cych program\u00f3w studi\u00f3w na danym uniwersytecie.<br \/>\nUdzia\u0142 w programie jest bezp\u0142atny i niezale\u017cny od trybu studi\u00f3w.<\/p>\n<p>MOST adresowany jest do:<\/p>\n<ul>\n<li>student\u00f3w po uko\u0144czeniu drugiego semestru studi\u00f3w na studiach I stopnia i jednolitych magisterskich;<\/li>\n<li>student\u00f3w po uko\u0144czeniu pierwszego semestru na studiach II stopnia;<\/li>\n<li>doktorant\u00f3w po uko\u0144czeniu pierwszego roku studi\u00f3w doktoranckich.<\/li>\n<\/ul>\n<p>Wszelkie szczeg\u00f3\u0142y na temat Programu dost\u0119pne s\u0105 na stronie:<\/p>\n<ul>\n<li><a href=\"http:\/\/most.amu.edu.pl\/\">http:\/\/most.amu.edu.pl<\/a><\/li>\n<li><a href=\"https:\/\/www.facebook.com\/photo?fbid=1068020538355455&amp;set=a.617140906776756\">Facebook<\/a><\/li>\n<\/ul>\n<p>Rekrutacja do programu MOST odbywa si\u0119 dwa razy w roku:<\/p>\n<ul>\n<li>od 15 kwietnia do 15 maja (rekrutacja na semestr zimowy i ca\u0142y rok akademicki);<\/li>\n<li>od 31 pa\u017adziernika do 30 listopada (rekrutacja na semestr letni).<\/li>\n<\/ul>\n<p>W tych okresach na stronie internetowej Programu aktywny jest link: <a href=\"http:\/\/irkmost.amu.edu.pl\"><strong>http:\/\/irkmost.amu.edu.pl<\/strong><\/a><strong>\/pl\/<\/strong>, umo\u017cliwiaj\u0105cy zapoznanie si\u0119 z aktualn\u0105 ofert\u0105 MOST-u oraz za\u0142o\u017cenie konta w systemie IRK MOST, za po\u015brednictwem kt\u00f3rego dokonuje si\u0119 rejestracji i uzyskuje status osoby ubiegaj\u0105cej si\u0119 o udzia\u0142 w Programie MOST.<\/p>\n<p><strong>Informacja o statusie wniosku zostanie udost\u0119pniona w systemie IRK MOST do 31 grudnia 2025 przez Uniwersyteck\u0105 Komisj\u0119 Kszta\u0142cenia.<\/strong><\/p>\n<\/div>\r\n                    <\/div>\r\n                <\/div>\r\n                <div class=\"text-modules\">\r\n                    <div class=\"container\">\r\n                        \r\n                        <div class=\"text-modules__content\"><\/p>\n<h3>PROCES REKRUTACJI<\/h3>\n<ol>\n<li>Kandydat &#8211; student rejestruje si\u0119 w Internetowej Rejestracji Kandydat\u00f3w MOST na stronie\u00a0<a href=\"http:\/\/most.amu.edu.pl\/index.php\/strona-glowna\">http:\/\/most.amu.edu.pl\/index.php\/strona-glowna<\/a>drukuje wniosek o przyj\u0119cie na Program MOST ze swojego konta IRK MOST \u2014 i podpisuje go.<\/li>\n<li>Student, aby wzi\u0105\u0107 udzia\u0142 w procedurze kwalifikacji, sk\u0142ada wygenerowany z systemu IRK-MOST wniosek o uczestnictwo w Programie MOST (oraz ewentualnie list motywacyjny) do Prodziekana ds. kszta\u0142cenia i studenckich wydzia\u0142u, na kt\u00f3rym studiuje. Zaakceptowany przez Prodziekana wniosek przesy\u0142any jest przez Dziekanat poczt\u0105 wewn\u0119trzn\u0105 do Koordynatorek Programu MOST w Uniwersytecie \u015al\u0105skim \u2013 Pani Beaty Kalarus lub Pani Iwony Le\u015bny z Dzia\u0142u Kszta\u0142cenia U\u015a. Ostateczny termin przesy\u0142ania zaakceptowanych wniosk\u00f3w: <strong>5 grudnia 2025 r.<\/strong><\/li>\n<li>Warunkiem dalszego procedowania wniosku jest uzyskanie zgody Prodziekana ds. kszta\u0142cenia i student\u00f3w, a nast\u0119pnie Prorektora ds. kszta\u0142cenia i student\u00f3w. Koordynator uczelniany przedk\u0142ada wniosek Kandydata\/Kandydatki do akceptacji Prorektorowi ds. kszta\u0142cenia i student\u00f3w.<\/li>\n<li>Zaakceptowany przez Prorektora ds. kszta\u0142cenia i student\u00f3w wniosek, uczelniany koordynator Programu MOST, wgrywa do systemu IRK MOST.<\/li>\n<li>Biuro Uniwersyteckiej Komisji Kszta\u0142cenia w Poznaniu, przeprowadza kwalifikacj\u0119 na Program MOST i przydziela studentowi miejsce na uczelni przyjmuj\u0105cej powiadamiaj\u0105c studenta o wyniku rekrutacji. Wyniki og\u0142oszone zostan\u0105 <strong>do 31 grudnia 2025 r.<\/strong><\/li>\n<\/ol>\n<p>\n<\/div>\r\n                    <\/div>\r\n                <\/div>[vc_btn title=&#8221;Wydzia\u0142owi koordynatorzy programu MOST&#8221; style=&#8221;custom&#8221; custom_background=&#8221;#002e5a&#8221; custom_text=&#8221;#ffffff&#8221; size=&#8221;lg&#8221; align=&#8221;center&#8221; link=&#8221;url:https%3A%2F%2Fus.edu.pl%2Fstudent%2Fwp-content%2Fuploads%2Fsites%2F3%2FEditor%2FDzial-Ksztalcenia%2Fprogram-MOST%2Fmost-2025%2Fkoordynatorzy-most-2025.pdf&#8221;][\/vc_column][\/vc_row][vc_row][vc_column width=&#8221;2\/3&#8243;]\r\n                <div class=\"text-modules\">\r\n                    <div class=\"container\">\r\n                        \r\n                        <div class=\"text-modules__content\"><\/p>\n<h3>Kontakt<\/h3>\n<p><strong>Wi\u0119cej informacji:<\/strong><\/p>\n<p>Koordynatorki Programu MOST \u2013 mgr Beata Kalarus, mgr Iwona Le\u015bny<br \/>\ne-mail:\u00a0<a href=\"mailto:beata.kalarus@us.edu.pl\">beata.kalarus@us.edu.pl<\/a>,\u00a0<a href=\"mailto:iwona.lesny@us.edu.pl\">iwona.lesny@us.edu.pl<\/a><br \/>\nDzia\u0142 Kszta\u0142cenia U\u015a; tel. 32 359 18 80 lub tel. 32 359 18 10<\/p>\n<\/div>\r\n                    <\/div>\r\n                <\/div>[\/vc_column][vc_column width=&#8221;1\/3&#8243;][\/vc_column][\/vc_row]<\/p>","protected":false},"excerpt":{"rendered":"<p>[vc_row][vc_column][\/vc_column][\/vc_row][vc_row][vc_column][vc_btn title=&#8221;Wydzia\u0142owi koordynatorzy programu MOST&#8221; style=&#8221;custom&#8221; custom_background=&#8221;#002e5a&#8221; custom_text=&#8221;#ffffff&#8221; size=&#8221;lg&#8221; align=&#8221;center&#8221; link=&#8221;url:https%3A%2F%2Fus.edu.pl%2Fstudent%2Fwp-content%2Fuploads%2Fsites%2F3%2FEditor%2FDzial-Ksztalcenia%2Fprogram-MOST%2Fmost-2025%2Fkoordynatorzy-most-2025.pdf&#8221;][\/vc_column][\/vc_row][vc_row][vc_column width=&#8221;2\/3&#8243;][\/vc_column][vc_column width=&#8221;1\/3&#8243;][\/vc_column][\/vc_row] [&#8230;]<\/p>\n<p><a class=\"btn btn-secondary understrap-read-more-link\" href=\"https:\/\/us.edu.pl\/student\/mobilnosc\/wyjazdy-krajowe\/\">Read More&#8230;<\/a><\/p>\n","protected":false},"author":1,"featured_media":0,"parent":21776,"menu_order":0,"comment_status":"closed","ping_status":"closed","template":"page-templates\/page-with-sidebar.php","meta":{"_expiration-date-status":"","_expiration-date":0,"_expiration-date-type":"","_expiration-date-categories":[],"_expiration-date-options":[]},"acf":[],"_links":{"self":[{"href":"https:\/\/us.edu.pl\/student\/wp-json\/wp\/v2\/pages\/9849"}],"collection":[{"href":"https:\/\/us.edu.pl\/student\/wp-json\/wp\/v2\/pages"}],"about":[{"href":"https:\/\/us.edu.pl\/student\/wp-json\/wp\/v2\/types\/page"}],"author":[{"embeddable":true,"href":"https:\/\/us.edu.pl\/student\/wp-json\/wp\/v2\/users\/1"}],"replies":[{"embeddable":true,"href":"https:\/\/us.edu.pl\/student\/wp-json\/wp\/v2\/comments?post=9849"}],"version-history":[{"count":10,"href":"https:\/\/us.edu.pl\/student\/wp-json\/wp\/v2\/pages\/9849\/revisions"}],"predecessor-version":[{"id":59961,"href":"https:\/\/us.edu.pl\/student\/wp-json\/wp\/v2\/pages\/9849\/revisions\/59961"}],"up":[{"embeddable":true,"href":"https:\/\/us.edu.pl\/student\/wp-json\/wp\/v2\/pages\/21776"}],"wp:attachment":[{"href":"https:\/\/us.edu.pl\/student\/wp-json\/wp\/v2\/media?parent=9849"}],"curies":[{"name":"wp","href":"https:\/\/api.w.org\/{rel}","templated":true}]}}