{"id":9877,"date":"2019-10-22T09:47:22","date_gmt":"2019-10-22T07:47:22","guid":{"rendered":"https:\/\/us.edu.pl\/student\/?page_id=9877"},"modified":"2020-06-29T18:36:12","modified_gmt":"2020-06-29T16:36:12","slug":"szkolenia","status":"publish","type":"page","link":"https:\/\/us.edu.pl\/student\/kariera-i-rozwoj\/szkolenia\/","title":{"rendered":"szkolenia"},"content":{"rendered":"<p>[vc_row el_class=&#8221;container&#8221;][vc_column el_class=&#8221;container&#8221;]\r\n                <div class=\"text-modules\">\r\n                    <div class=\"container\">\r\n                        <h3 class=\"page-title text__title\">Szkolenia<\/h3>\r\n                        <div class=\"text-modules__content\"><p><strong>Szkolenia<\/strong><\/p>\n<p>Z naszych rozm\u00f3w z pracodawcami wynika, \u017ce r\u00f3wnie istotne jak wiedza zdobywana podczas studi\u00f3w s\u0105 dla nich kompetencje mi\u0119kkie. Mo\u017cesz je rozwija\u0107, uczestnicz\u0105c w warsztatach i szkoleniach organizowanych przez Biuro Karier Uniwersytetu \u015al\u0105skiego.<\/p>\n<p>&nbsp;<\/p>\n<p><strong>Tematy i jako\u015b\u0107<\/strong><\/p>\n<p>Przyk\u0142adamy du\u017c\u0105 wag\u0119 do tego, aby proponowane przez nas szkolenia odpowiada\u0142y na rzeczywiste potrzeby firm i instytucji oraz Wasze \u2013 student\u00f3w. Dzi\u0119ki temu pozostaj\u0105 one w \u015bcis\u0142ym zwi\u0105zku z aktualnymi trendami na rynku. Skupiamy si\u0119 na dw\u00f3ch rodzajach szkole\u0144:<\/p>\n<ul>\n<li>rozwijaj\u0105ce Wasze umiej\u0119tno\u015bci zwi\u0105zane z poszukiwaniem pracy (np. okre\u015blaniem swoich mocnych stron), planowaniem, stawianiem sobie cel\u00f3w, podejmowaniem decyzji;<\/li>\n<li>rozwijaj\u0105ce kompetencje spo\u0142eczne niezb\u0119dne w pracy, jak np. komunikacja mi\u0119dzyludzka, wsp\u00f3\u0142praca w zespole, kreatywne rozwi\u0105zywanie problem\u00f3w, radzenie sobie ze stresem czy wyst\u0105pienia publiczne.<\/li>\n<\/ul>\n<p>R\u00f3wnie du\u017cy nacisk k\u0142adziemy na wysok\u0105 jako\u015b\u0107 organizowanych przez nas szkole\u0144, dlatego po ka\u017cdym z nich prosimy Ci\u0119 o wype\u0142nienie ankiety ewaluacyjnej lub o opowiedzenie nam o tym, jak Ci si\u0119 podoba\u0142o szkolenie, w kt\u00f3rym wzi\u0105\u0142e\u015b udzia\u0142.<\/p>\n<p>&nbsp;<\/p>\n<p><strong>Kiedy i gdzie?<\/strong><\/p>\n<p>W okresie zaj\u0119\u0107 dydaktycznych, w semestrze zimowym i letnim, organizujemy szkolenia w naszej siedzibie oraz na terenie poszczeg\u00f3lnych wydzia\u0142\u00f3w. Z kolei w lipcu, sierpniu i wrze\u015bniu zapraszamy do udzia\u0142u w szkoleniach organizowanych w naszej siedzibie. W ramach letniej Akademii Rozwoju Kariery co tydzie\u0144 proponujemy inny temat. Opr\u00f3cz szkole\u0144 stacjonarnych proponujemy te\u017c udzia\u0142 w szkoleniach on-line.<\/p>\n<p>&nbsp;<\/p>\n<p><strong>Warunki i zapisy<\/strong><\/p>\n<p>Szkolenia s\u0105 skierowane do student\u00f3w i absolwent\u00f3w Uniwersytetu \u015al\u0105skiego. Udzia\u0142 jest bezp\u0142atny. Informacje o najbli\u017cszych szkoleniach, a tak\u017ce link do zapis\u00f3w on-line znajdziesz w aktualno\u015bciach na <strong><a href=\"http:\/\/www.bk.us.edu.pl\/\">stronie internetowej Biura Karier<\/a><\/strong> oraz na <strong><a href=\"https:\/\/www.facebook.com\/biurokarier\">profilu Biura na Facebooku<\/a><\/strong>. Dzie\u0144 przed szkoleniem nasz zesp\u00f3\u0142 skontaktuje si\u0119 telefonicznie, aby\u015b potwierdzi\u0142 swoj\u0105 obecno\u015b\u0107, lub je\u015bli jeste\u015b na li\u015bcie rezerwowej \u2013 aby poinformowa\u0107 o mo\u017cliwo\u015bci udzia\u0142u.<\/p>\n<p>&nbsp;<\/p>\n<p><strong>Specjalnie dla Ciebie<\/strong><\/p>\n<p>Mo\u017cemy bezp\u0142atnie zorganizowa\u0107 warsztat specjalnie dla Ciebie i Twoich koleg\u00f3w z grupy, z roku lub organizacji studenckiej. Skontaktuj si\u0119 z nami, pisz\u0105c e-mail na adres: <a href=\"mailto:bk@us.edu.pl\">bk@us.edu.pl<\/a>.<\/p>\n<\/div>\r\n                    <\/div>\r\n                <\/div>[\/vc_column][\/vc_row]<\/p>","protected":false},"excerpt":{"rendered":"<p>[vc_row el_class=&#8221;container&#8221;][vc_column el_class=&#8221;container&#8221;][\/vc_column][\/vc_row] [&#8230;]<\/p>\n<p><a class=\"btn btn-secondary understrap-read-more-link\" href=\"https:\/\/us.edu.pl\/student\/kariera-i-rozwoj\/szkolenia\/\">Read More&#8230;<\/a><\/p>\n","protected":false},"author":1,"featured_media":0,"parent":21793,"menu_order":0,"comment_status":"closed","ping_status":"closed","template":"","meta":{"_expiration-date-status":"saved","_expiration-date":0,"_expiration-date-type":"","_expiration-date-categories":[],"_expiration-date-options":[]},"acf":[],"_links":{"self":[{"href":"https:\/\/us.edu.pl\/student\/wp-json\/wp\/v2\/pages\/9877"}],"collection":[{"href":"https:\/\/us.edu.pl\/student\/wp-json\/wp\/v2\/pages"}],"about":[{"href":"https:\/\/us.edu.pl\/student\/wp-json\/wp\/v2\/types\/page"}],"author":[{"embeddable":true,"href":"https:\/\/us.edu.pl\/student\/wp-json\/wp\/v2\/users\/1"}],"replies":[{"embeddable":true,"href":"https:\/\/us.edu.pl\/student\/wp-json\/wp\/v2\/comments?post=9877"}],"version-history":[{"count":0,"href":"https:\/\/us.edu.pl\/student\/wp-json\/wp\/v2\/pages\/9877\/revisions"}],"up":[{"embeddable":true,"href":"https:\/\/us.edu.pl\/student\/wp-json\/wp\/v2\/pages\/21793"}],"wp:attachment":[{"href":"https:\/\/us.edu.pl\/student\/wp-json\/wp\/v2\/media?parent=9877"}],"curies":[{"name":"wp","href":"https:\/\/api.w.org\/{rel}","templated":true}]}}