{"id":1024,"date":"2020-02-10T10:55:55","date_gmt":"2020-02-10T09:55:55","guid":{"rendered":"http:\/\/us.edu.pl\/szkola-doktorska\/?page_id=1024"},"modified":"2025-12-18T15:39:33","modified_gmt":"2025-12-18T14:39:33","slug":"srodki-na-dzialalnosc-naukowa-doktorantow-2022","status":"publish","type":"page","link":"https:\/\/us.edu.pl\/szkola-doktorska\/en\/srodki-na-dzialalnosc-naukowa-doktorantow-2022\/","title":{"rendered":"Funds for the scientific activity of phd students 2022"},"content":{"rendered":"<p>[vc_row][vc_column][\/vc_column][\/vc_row][vc_row][vc_column]\r\n                <div class=\"title-with-link color-blue\" style=\"background: \">\r\n                    <div class=\"container\">\r\n                        <div class=\"title-with-link-container links-align-left\">\r\n                            <div class=\"title-with-link__title\"><span>This is an archival page for 2022<\/span><\/div>\r\n                            <a href=\"\/szkola-doktorska\/en\/srodki-na-dzialalnosc-naukowa-doktorantow-2024\/\" class=\"title-with-link__link\">Go to the current page - 2024<\/a>\r\n                        <\/div>\r\n                    <\/div>\r\n                <\/div>\r\n            \r\n                <div class=\"text-modules \">\r\n                    <div class=\"container\">\r\n                        <h3 class=\"section-title section-title_border-bottom\">Distribution of funds for the activity of doctoral students in 2022<\/h3> \r\n                        <div class=\"row m-0\">\r\n                            <div class=\"text-modules__content\">\r\n                                Dean of the Doctoral School decided on distributing funds for research and artistic activity of PhD students for the year 2022. The decision may be changed because the budget of the school hasn&#8217;t been established yet.<\/p>\n<p>The amount of the funds: 422,000 PLN, including:<\/p>\n<ul>\n<li>117,200 PLN (400 PLN\/per person) resources for individual access for each PhD student &#8211; to spend until September 30th.<\/li>\n<li>25,000 PLN &#8211; dean&#8217;s reserve<\/li>\n<li>279,800 PLN &#8211; to be divided in contests announced by the Doctoral School.<\/li>\n<\/ul>\n<p>The initial schedule of the contests (final term of application):<\/p>\n<ol>\n<li>February 3rd, 2022<\/li>\n<li>May 13th, 2022<\/li>\n<li>October 14th, 2022<\/li>\n<\/ol>\n<p><strong><span style=\"text-decoration: underline;\">Details on the announced competition <\/span>and information about the settlement of funds in previous competitions &#8211; look at &#8220;Competition for PhD students&#8221; below.<\/strong> \r\n                                <div class=\"mt-3\"><\/div>\r\n                            <\/div>\r\n                            \r\n                            <div class=\"text-modules__img\"><img src=\"https:\/\/us.edu.pl\/szkola-doktorska\/wp-content\/uploads\/sites\/50\/Nieprzypisane\/money-1604921_640.jpg\" alt=\"img\"><\/div>\r\n                        <\/div>\r\n                    <\/div>\r\n                <\/div>\r\n                <div class=\"tiles-section\" style=\"background: \">\r\n                    <div class=\"container\">\r\n                        <h3 class=\"page-title\"><\/h3>\r\n                        <div class=\"tiles tiles-2\">\r\n                            <a href=\"https:\/\/us.edu.pl\/szkola-doktorska\/en\/srodki-na-dzialalnosc-naukowa-doktorantow\/srodki-w-dyspozycji-doktorantow\/\" class=\"tile tile_ justify-content-center\" style=\"background-color: #002E5A; font-weight: ; color: #ffffff;  \">\r\n                                \r\n                                   \r\n                               \r\n                                <div class=\"tile__name\">Resources for access to phd students<\/div>\r\n                            <\/a>\r\n                            <a href=\"https:\/\/us.edu.pl\/szkola-doktorska\/en\/srodki-na-dzialalnosc-naukowa-doktorantow-2022\/konkurs-dla-doktorantow-srodki-na-dzialalnosc-naukowa\/\" class=\"tile tile_ justify-content-center\" style=\"background-color: #002E5A; font-weight: ; color: #ffffff;  \">\r\n                                \r\n                                   \r\n                               \r\n                                <div class=\"tile__name\">Competition for phd students<\/div>\r\n                            <\/a><\/div>\r\n                    <\/div>\r\n                <\/div>\r\n                <div class=\"text-modules\">\r\n                    <div class=\"container\">\r\n                        <h3 class=\"page-title text__title\">The rules for the allocation of funds and the organization of competitions<\/h3>\r\n                        <div class=\"text-modules__content\"><p>English version: <a href=\"https:\/\/us.edu.pl\/szkola-doktorska\/wp-content\/uploads\/sites\/50\/Nieprzypisane\/22.01.25-Regulations-on-spending-funds.pdf\" class=\"mtli_attachment mtli_pdf\" class=\"mtli_attachment mtli_pdf\">22.01.25 Regulations on spending funds<\/a><\/p>\n<p>Polish version: <a href=\"https:\/\/us.edu.pl\/szkola-doktorska\/wp-content\/uploads\/sites\/50\/Nieprzypisane\/2022.01.25-Regulamin-podzia\u0142u-\u015brodk\u00f3w-na-dzia\u0142alno\u015b\u0107-naukow\u0105-doktorant\u00f3w-SD.pdf\" class=\"mtli_attachment mtli_pdf\" data-mtli=\"mtli_filesize29305kB\" class=\"mtli_attachment mtli_pdf\" data-mtli=\"mtli_filesize29305kB\">2022.01.25 Regulamin podzia\u0142u \u015brodk\u00f3w na dzia\u0142alno\u015b\u0107 naukow\u0105 doktorant\u00f3w SD<\/a><\/p>\n<style type=\"text\/css\">a[data-mtli~=\"mtli_filesize29305kB\"]:after {content:\" (293.05 kB)\"}<\/style><\/div>\r\n                    <\/div>\r\n                <\/div>\r\n                <div class=\"title-with-link color-blue\" style=\"background: \">\r\n                    <div class=\"container\">\r\n                        <div class=\"title-with-link-container links-align-left\">\r\n                            <div class=\"title-with-link__title\"><span>Archive of information on the distribution of funds for the activities of PhD students<\/span><\/div>\r\n                            <a href=\"\/szkola-doktorska\/en\/srodki-na-dzialalnosc-naukowa-doktorantow-2021\/\" class=\"title-with-link__link\">years 2019-2021<\/a>\r\n                        <\/div>\r\n                    <\/div>\r\n                <\/div>\r\n            [\/vc_column][\/vc_row]<\/p>\n<style type=\"text\/css\">a[data-mtli~=\"mtli_filesize29305kB\"]:after {content:\" (293.05 kB)\"}a[data-mtli~=\"mtli_filesize26381kB\"]:after {content:\" (263.81 kB)\"}<\/style>","protected":false},"excerpt":{"rendered":"<p>[vc_row][vc_column][\/vc_column][\/vc_row][vc_row][vc_column][\/vc_column][\/vc_row] [&#8230;]<\/p>\n<p><a class=\"btn btn-secondary understrap-read-more-link\" href=\"https:\/\/us.edu.pl\/szkola-doktorska\/en\/srodki-na-dzialalnosc-naukowa-doktorantow-2022\/\">Read More&#8230;<\/a><\/p>\n","protected":false},"author":205,"featured_media":984,"parent":0,"menu_order":0,"comment_status":"closed","ping_status":"closed","template":"","meta":{"_expiration-date-status":"","_expiration-date":0,"_expiration-date-type":"","_expiration-date-categories":[],"_expiration-date-options":[]},"acf":[],"_links":{"self":[{"href":"https:\/\/us.edu.pl\/szkola-doktorska\/en\/wp-json\/wp\/v2\/pages\/1024"}],"collection":[{"href":"https:\/\/us.edu.pl\/szkola-doktorska\/en\/wp-json\/wp\/v2\/pages"}],"about":[{"href":"https:\/\/us.edu.pl\/szkola-doktorska\/en\/wp-json\/wp\/v2\/types\/page"}],"author":[{"embeddable":true,"href":"https:\/\/us.edu.pl\/szkola-doktorska\/en\/wp-json\/wp\/v2\/users\/205"}],"replies":[{"embeddable":true,"href":"https:\/\/us.edu.pl\/szkola-doktorska\/en\/wp-json\/wp\/v2\/comments?post=1024"}],"version-history":[{"count":11,"href":"https:\/\/us.edu.pl\/szkola-doktorska\/en\/wp-json\/wp\/v2\/pages\/1024\/revisions"}],"predecessor-version":[{"id":24227,"href":"https:\/\/us.edu.pl\/szkola-doktorska\/en\/wp-json\/wp\/v2\/pages\/1024\/revisions\/24227"}],"wp:featuredmedia":[{"embeddable":true,"href":"https:\/\/us.edu.pl\/szkola-doktorska\/en\/wp-json\/wp\/v2\/media\/984"}],"wp:attachment":[{"href":"https:\/\/us.edu.pl\/szkola-doktorska\/en\/wp-json\/wp\/v2\/media?parent=1024"}],"curies":[{"name":"wp","href":"https:\/\/api.w.org\/{rel}","templated":true}]}}