{"id":10579,"date":"2024-07-05T17:29:44","date_gmt":"2024-07-05T15:29:44","guid":{"rendered":"https:\/\/us.edu.pl\/szkola-doktorska\/?page_id=10579"},"modified":"2024-07-05T17:32:23","modified_gmt":"2024-07-05T15:32:23","slug":"ogloszenie-naboru-do-programu-stazowego-2024","status":"publish","type":"page","link":"https:\/\/us.edu.pl\/szkola-doktorska\/en\/ogloszenie-naboru-do-programu-stazowego-2024\/","title":{"rendered":"Announcement of recruitment for the internship program for 2024"},"content":{"rendered":"<p>[vc_row][vc_column]\r\n                <div class=\"text-modules \">\r\n                    <div class=\"container\">\r\n                        <h3 class=\"section-title section-title_border-bottom\">Announcement of recruitment for the internship program for 2024<\/h3> <h3 class=\"subtitle text-modules__subtitle\">in project \u201eInternational from the beginning \u2013 wsparcie umi\u0119dzynarodowienia\u201d, financed by the National Agency for Academic Exchange under the STER program<\/h3>\r\n                        <div class=\"row m-0\">\r\n                            <div class=\"text-modules__content\">\r\n                                <\/p>\n<p style=\"text-align: center;\">Project manager of \u201eInternational from the beginning \u2013 wsparcie umi\u0119dzynarodowienia\u201d announces<\/p>\n<p style=\"text-align: center;\"><span style=\"font-size: 12pt;\"><strong>recruitment for the internship program for doctoral students of doctoral schools at the University of Silesia in Katowice<\/strong><\/span><\/p>\n<p style=\"text-align: center;\">for year 2024<\/p>\n<p><strong>Information about recruitment<\/strong><\/p>\n<p>Recruitment date: 5.07.2024 18:00 &#8211; 19.07.2024 11:00<\/p>\n<p>Recruitment method: electronic, using the SRW IT system<\/p>\n<p>Link to the application form: <a href=\"https:\/\/formularze.us.edu.pl\/form\/index\/5422\">https:\/\/formularze.us.edu.pl\/form\/index\/5422<\/a><\/p>\n<p><strong>Description of activities that can be carried out as part of the internship program<\/strong><\/p>\n<p>A one-month internship, understood\u00a0as a stay of a doctoral student in a foreign academic, scientific or research unit, lasting at least for ca. 1 month, during which tasks related to the Individual Research Plan of the doctoral student are carried out, ending with a report.<\/p>\n<p>In the case of doctoral students in artistic disciplines, scientific activities are understood as artistic activities.<\/p>\n<p><strong>Who can apply for an internship?<\/strong><\/p>\n<p>A person who meets all of the following conditions may apply for the internship:<\/p>\n<p>1) has the status of a doctoral student at a doctoral school;<\/p>\n<p>2) has settled the first year of education at a doctoral school on time;<\/p>\n<p>3) is preparing an international doctoral project, understood as a project in which the doctoral student will cooperate with a scientist from abroad;<\/p>\n<p>4) has submitted a correct application using the form provided in this announcement;<br \/>\n5) submitted a statement in the form of a representative of the foreign institution about the readiness to accept the PhD student for an internship with guaranteed scientific supervision.<\/p>\n<p><strong>Allowable costs in the project<\/strong><\/p>\n<p>Departures are settled on a lump sum basis, paid according to the scheme:<\/p>\n<ul>\n<li>80% of funds before departure<\/li>\n<li>20% of funds after return and fulfillment of the program requirements<\/li>\n<\/ul>\n<p>The funds granted include:<\/p>\n<ol>\n<li>Living costs for accommodation and meals in the amount of PLN 12,000.<\/li>\n<li>Travel costs in a lump sum amount depending on the distance between the place of residence and the host institution (from PLN 1,000 to PLN 5,000).<\/li>\n<li>A settlement allowance in the amount of PLN 5,000 for selected projects.<\/li>\n<\/ol>\n<p>Details of the assessment of applications and implementation of internships are described in the Regulations on recruitment and participation in the internship program, which are an attachment to\u00a0<a href=\"https:\/\/aktyprawne.us.edu.pl\/423-lista\/d\/7367\/5\/\">Order No. 79\/2024 of the Rector of the University of Silesia in Katowice<\/a> (document in Polish).<\/p>\n<p>English translation of attachments to the Order No. 79\/2024:<\/p>\n<ul>\n<li><a href=\"https:\/\/us.edu.pl\/szkola-doktorska\/wp-content\/uploads\/sites\/50\/Bez-kategorii\/Regulations.pdf\" class=\"mtli_attachment mtli_pdf\">Regulations<\/a><\/li>\n<li><a href=\"https:\/\/us.edu.pl\/szkola-doktorska\/wp-content\/uploads\/sites\/50\/Bez-kategorii\/1.-Scope-of-data.pdf\" class=\"mtli_attachment mtli_pdf\">1. Scope of data<\/a><\/li>\n<li><a href=\"https:\/\/us.edu.pl\/szkola-doktorska\/wp-content\/uploads\/sites\/50\/Bez-kategorii\/2.-Contract.pdf\" class=\"mtli_attachment mtli_pdf\">2. Contract<\/a><\/li>\n<li><a href=\"https:\/\/us.edu.pl\/szkola-doktorska\/wp-content\/uploads\/sites\/50\/STER\/5.-Report.docx\" class=\"mtli_attachment mtli_docx\" data-mtli=\"mtli_filesize400kB\">5. Report<\/a><\/li>\n<\/ul>\n<div class=\"mt-3\"><\/div>\r\n                            <\/div>\r\n                            \r\n                            <div class=\"text-modules__img\"><img src=\"https:\/\/us.edu.pl\/szkola-doktorska\/wp-content\/uploads\/sites\/50\/STER\/NAWA-logotyp-STER-PL_page-0001.jpg\" alt=\"img\"><\/div>\r\n                        <\/div>\r\n                    <\/div>\r\n                <\/div><div class=\"container\"><div class=\"separator\" style=\"background-color: #000000\"><\/div><\/div>\r\n                <div class=\"text-modules \">\r\n                    <div class=\"container\">\r\n                         \r\n                        <div class=\"row m-0\">\r\n                            <div class=\"text-modules__content\">\r\n                                <\/p>\n<p>&nbsp;<\/p>\n<p>Dzia\u0142anie wsp\u00f3\u0142finansowane w ramach projektu <strong>International from the beginning \u2013 wsparcie umi\u0119dzynarodowienia<\/strong> finansowanego przez Narodow\u0105 Agencj\u0119 Wymiany Akademickiej w ramach Programu STER. \r\n                                <div class=\"mt-3\"><\/div>\r\n                            <\/div>\r\n                            \r\n                            <div class=\"text-modules__img\"><img src=\"https:\/\/us.edu.pl\/szkola-doktorska\/wp-content\/uploads\/sites\/50\/STER\/K1_logo_dopuszcz_wers_podstawowa_PL_RGB-02-75proc.png\" alt=\"img\"><\/div>\r\n                        <\/div>\r\n                    <\/div>\r\n                <\/div>[\/vc_column][\/vc_row]<\/p>\n<style type=\"text\/css\">a[data-mtli~=\"mtli_filesize400kB\"]:after {content:\" (4.00 kB)\"}<\/style>","protected":false},"excerpt":{"rendered":"<p>[vc_row][vc_column][\/vc_column][\/vc_row] [&#8230;]<\/p>\n<p><a class=\"btn btn-secondary understrap-read-more-link\" href=\"https:\/\/us.edu.pl\/szkola-doktorska\/en\/ogloszenie-naboru-do-programu-stazowego-2024\/\">Read More&#8230;<\/a><\/p>\n","protected":false},"author":42,"featured_media":0,"parent":0,"menu_order":0,"comment_status":"closed","ping_status":"closed","template":"","meta":{"_expiration-date-status":"","_expiration-date":0,"_expiration-date-type":"","_expiration-date-categories":[],"_expiration-date-options":[]},"acf":[],"_links":{"self":[{"href":"https:\/\/us.edu.pl\/szkola-doktorska\/en\/wp-json\/wp\/v2\/pages\/10579"}],"collection":[{"href":"https:\/\/us.edu.pl\/szkola-doktorska\/en\/wp-json\/wp\/v2\/pages"}],"about":[{"href":"https:\/\/us.edu.pl\/szkola-doktorska\/en\/wp-json\/wp\/v2\/types\/page"}],"author":[{"embeddable":true,"href":"https:\/\/us.edu.pl\/szkola-doktorska\/en\/wp-json\/wp\/v2\/users\/42"}],"replies":[{"embeddable":true,"href":"https:\/\/us.edu.pl\/szkola-doktorska\/en\/wp-json\/wp\/v2\/comments?post=10579"}],"version-history":[{"count":2,"href":"https:\/\/us.edu.pl\/szkola-doktorska\/en\/wp-json\/wp\/v2\/pages\/10579\/revisions"}],"predecessor-version":[{"id":10595,"href":"https:\/\/us.edu.pl\/szkola-doktorska\/en\/wp-json\/wp\/v2\/pages\/10579\/revisions\/10595"}],"wp:attachment":[{"href":"https:\/\/us.edu.pl\/szkola-doktorska\/en\/wp-json\/wp\/v2\/media?parent=10579"}],"curies":[{"name":"wp","href":"https:\/\/api.w.org\/{rel}","templated":true}]}}