{"id":11094,"date":"2024-10-01T00:24:02","date_gmt":"2024-09-30T22:24:02","guid":{"rendered":"https:\/\/us.edu.pl\/szkola-doktorska\/?page_id=11094"},"modified":"2024-10-03T15:05:27","modified_gmt":"2024-10-03T13:05:27","slug":"harmonogram-zajec-semestr-zimowy-2024-2025","status":"publish","type":"page","link":"https:\/\/us.edu.pl\/szkola-doktorska\/en\/harmonogram-zajec-semestr-zimowy-2024-2025\/","title":{"rendered":"Shedule of courses &#8211; winter semester 2024\/2025"},"content":{"rendered":"<p>[vc_row][vc_column]\r\n                <div class=\"text-modules \">\r\n                    <div class=\"container\">\r\n                        <h3 class=\"section-title section-title_border-bottom\">Informacja o organizacji zaj\u0119\u0107<\/h3> \r\n                        <div class=\"row m-0\">\r\n                            <div class=\"text-modules__content\">\r\n                                Standardowo zaj\u0119cia realizowane s\u0105 w formie kontaktowej. Cz\u0119\u015b\u0107 zaj\u0119\u0107 zaplanowana zosta\u0142a w formie zdalnej &#8211; lektoraty i Academic English (cz\u0119\u015b\u0107 grup). Zdalnie jest te\u017c realizowana cz\u0119\u015b\u0107 zaj\u0119\u0107 w j\u0119zyku angielskim i zaj\u0119\u0107 dla doktorant\u00f3w programu &#8220;Doktorat wdro\u017ceniowy&#8221; oraz niekt\u00f3re zaj\u0119cia fakultatywne.<\/p>\n<p>Pierwsze zaj\u0119cia zaczynaj\u0105 si\u0119 7 pa\u017adziernika lub zgodnie z podanym harmonogramem. Zaj\u0119cia fakultatywne i specjalistyczne rozpoczynaj\u0105 si\u0119 nie wcze\u015bniej ni\u017c 14 pa\u017adziernika. \r\n                                <div class=\"mt-3\"><\/div>\r\n                            <\/div>\r\n                            \r\n                            <div class=\"text-modules__img\"><a href=\"https:\/\/www.zdalny.us.edu.pl\/\" target=\"_blank\"><img src=\"https:\/\/us.edu.pl\/szkola-doktorska\/wp-content\/uploads\/sites\/50\/Nieprzypisane\/uczelnia_mobilna-1-150x150.jpg\" alt=\"img\"><\/a><\/div>\r\n                        <\/div>\r\n                    <\/div>\r\n                <\/div>[\/vc_column][\/vc_row][vc_row][vc_column]\r\n                <div class=\"text-modules \">\r\n                    <div class=\"container\">\r\n                        <h3 class=\"section-title section-title_border-bottom\">Metodyka bada\u0144 naukowych<\/h3> <h3 class=\"subtitle text-modules__subtitle\">zaj\u0119cia obowi\u0105zkowe dla doktorant\u00f3w I roku, dost\u0119pne dla wszystkich<\/h3>\r\n                        <div class=\"row m-0\">\r\n                            <div class=\"text-modules__content\">\r\n                                Ka\u017cdy doktorant zalicza trzy 10-godzinne zaj\u0119cia w ramach modu\u0142u.<\/p>\n<p>Doktoranci obszaru nauk \u015bcis\u0142ych i przyrodniczych oraz in\u017cynieryjno-technicznych maj\u0105 zaliczy\u0107 zaj\u0119cia wsp\u00f3lne (z prof. Jerzym \u0141uczk\u0105) i dwa wybrane przez siebie zaj\u0119cia.<\/p>\n<p>Doktoranci obszaru nauk spo\u0142ecznych maj\u0105 zaliczy\u0107 zaj\u0119cia wsp\u00f3lne (z prof. Agnieszk\u0105 Tursk\u0105-Kaw\u0105) i dwa wybrane przez siebie zaj\u0119cia.<\/p>\n<p>Doktoranci nauk humanistycznych maj\u0105 zaliczy\u0107 trzy dowolne zaj\u0119cia.<\/p>\n<p>Doktoranci nauk teologicznych maj\u0105 zaliczy\u0107 dwa zaj\u0119cia &#8211; jedne zaj\u0119cia dla swojej dyscypliny i co najmniej jedne zaj\u0119cia ponad to.<\/p>\n<p>Doktoranci dyscyplin artystycznych realizuj\u0105 modu\u0142 Artistic research w terminach do indywidualnego uzgodnienia.<\/p>\n<p>Doktoranci programu \u201eDoktorat wdro\u017ceniowy\u201d maj\u0105 zaliczy\u0107 zaj\u0119cia wsp\u00f3lne dla programu (termin wkr\u00f3tce) i co najmniej jedne inne zaj\u0119cia, w\u0142a\u015bciwe dla ich dyscypliny.<\/p>\n<p>Harmonogramy:<\/p>\n<p><!--StartFragment --> <a href=\"https:\/\/uniwersytetslaski-my.sharepoint.com\/:x:\/g\/personal\/ryszard_knapek_o365_us_edu_pl\/EWAWgP6mc9tCv4Pgo_dFvncBnvaTTSisHlAGeOUdR-y8KA?e=X6XhzI\">Research methodology &#8211; natural sciences and engineering and technology 2024-2025Z.xlsx<\/a><\/p>\n<p><!--StartFragment --> <a href=\"https:\/\/uniwersytetslaski-my.sharepoint.com\/:x:\/g\/personal\/ryszard_knapek_o365_us_edu_pl\/EXdopRmgb89MpJrLf2qGk_EB1rJaN5WgE_-juBQrbzJQ1g?e=3DSFbd\">Research methodology &#8211; social sciences 2024-2025Z.xlsx<\/a><\/p>\n<p><!--StartFragment --> <a href=\"https:\/\/uniwersytetslaski-my.sharepoint.com\/:x:\/g\/personal\/ryszard_knapek_o365_us_edu_pl\/Ea8PR0zUTqVMqrsRUWJdhO8BBkkSYiQLEf0_3aYtanjBLg?e=90z4vS\">Research methodology &#8211; humanities and theology 2024-2025Z.xlsx<\/a><\/p>\n<p><!--StartFragment --> <a href=\"https:\/\/uniwersytetslaski-my.sharepoint.com\/:x:\/g\/personal\/ryszard_knapek_o365_us_edu_pl\/EQ6KfV7xz7ZKrN_mZWJHhTABp8bmSuDpe194VY1FGytReQ?e=RfaMo5\">Artistic research 2024-2025Z.xlsx<\/a><\/p>\n<div class=\"mt-3\"><\/div>\r\n                            <\/div>\r\n                            \r\n                            <div class=\"text-modules__img\"><img src=\"https:\/\/us.edu.pl\/szkola-doktorska\/wp-content\/uploads\/sites\/50\/Nieprzypisane\/tools-1083796_640-300x225.jpg\" alt=\"img\"><\/div>\r\n                        <\/div>\r\n                    <\/div>\r\n                <\/div>\r\n                <div class=\"text-modules \">\r\n                    <div class=\"container\">\r\n                        <h3 class=\"section-title section-title_border-bottom\">Dydaktyka szko\u0142y wy\u017cszej<\/h3> <h3 class=\"subtitle text-modules__subtitle\">zaj\u0119cia obowi\u0105zkowe dla doktorant\u00f3w I roku<\/h3>\r\n                        <div class=\"row m-0\">\r\n                            <div class=\"text-modules__content\">\r\n                                Modu\u0142 sk\u0142ada si\u0119 z dw\u00f3ch blok\u00f3w:<\/p>\n<ol>\n<li>Cz\u0119\u015bci wsp\u00f3lnej dla wszystkich doktorant\u00f3w &#8211; grupy mieszane pod k\u0105tem dyscyplin i obszar\u00f3w.<\/li>\n<li>Cz\u0119\u015bci kierunkowej &#8211; grupy dla poszczeg\u00f3lnych dyscyplin ju\u017c grupy kierunk\u00f3w studi\u00f3w<\/li>\n<\/ol>\n<p>Harmonogram: <!--StartFragment --> <a href=\"https:\/\/uniwersytetslaski-my.sharepoint.com\/:x:\/g\/personal\/ryszard_knapek_o365_us_edu_pl\/EZRchtVqO9lEnRDQM2sYyq0BH_hQjxP_icgFbfzEM3C3LA?e=bMghN0\">Teaching in higher education 2024-2025Z.xlsx<\/a> \r\n                                <div class=\"mt-3\"><\/div>\r\n                            <\/div>\r\n                            \r\n                            <div class=\"text-modules__img\"><img src=\"https:\/\/us.edu.pl\/szkola-doktorska\/wp-content\/uploads\/sites\/50\/Nieprzypisane\/Obraz-Harish-Sharma-z-Pixabay_obrazek-wyrozniajacy-600x399-300x200.jpg\" alt=\"img\"><\/div>\r\n                        <\/div>\r\n                    <\/div>\r\n                <\/div>\r\n                <div class=\"text-modules \">\r\n                    <div class=\"container\">\r\n                        <h3 class=\"section-title section-title_border-bottom\">Lektorat j\u0119zyka angielskiego<\/h3> <h3 class=\"subtitle text-modules__subtitle\">zaj\u0119cia dodatkowe<\/h3>\r\n                        <div class=\"row m-0\">\r\n                            <div class=\"text-modules__content\">\r\n                                Doktoranci I roku wype\u0142niaj\u0105 test poziomuj\u0105cy (dost\u0119p przes\u0142any na \u017cyczenie &#8211; kontakt z biurem SD lub koordynatorem modu\u0142u).<\/p>\n<p>Doktoranci starszych lat ustalaj\u0105 zasady uczestnictwa z koordynatorem modu\u0142u.<\/p>\n<p>Zaj\u0119cia prowadzone w \u015brody, od 9 pa\u017adziernika, w formie zdalnej, w grupach na odpowiednim poziomie.<\/p>\n<p>Harmonogram:<\/p>\n<p><!--StartFragment --> <a href=\"https:\/\/uniwersytetslaski-my.sharepoint.com\/:x:\/g\/personal\/ryszard_knapek_o365_us_edu_pl\/EV29xyrgK4RGoUmp-hOSjVsB9dJV8ZDKySVeh5E75J9_UQ?e=XEDVEv\">English language course 1 2024-2025Z.xlsx<\/a><\/p>\n<p>Koordynator modu\u0142u: <a href=\"https:\/\/ab.us.edu.pl\/emp?id=712\">mgr Katarzyna Bana\u015b-Sieradzka<\/a> \r\n                                <div class=\"mt-3\"><\/div>\r\n                            <\/div>\r\n                            \r\n                            <div class=\"text-modules__img\"><img src=\"https:\/\/us.edu.pl\/szkola-doktorska\/wp-content\/uploads\/sites\/50\/Nieprzypisane\/DSC4867-300x200.jpg\" alt=\"img\"><\/div>\r\n                        <\/div>\r\n                    <\/div>\r\n                <\/div>\r\n                <div class=\"text-modules \">\r\n                    <div class=\"container\">\r\n                        <h3 class=\"section-title section-title_border-bottom\">Academic English<\/h3> <h3 class=\"subtitle text-modules__subtitle\">zaj\u0119cia otwarte dla wszystkich, sugerowane dla doktorant\u00f3w II roku<\/h3>\r\n                        <div class=\"row m-0\">\r\n                            <div class=\"text-modules__content\">\r\n                                Zaj\u0119cia rozpoczynaj\u0105 si\u0119 w tygodniu 7-11 pa\u017adziernika, prowadzone s\u0105 w formie zdalnej lub stacjonarnej, w zale\u017cno\u015bci od grupy. Grupy podzielone s\u0105 zgodnie z dyscyplinami. Nale\u017cy logowa\u0107 si\u0119 do grupy odpowiadaj\u0105cej dyscyplinie.<\/p>\n<p>Uwaga: doktoranci literaturoznawstwa, polonistyki i nauk o kulturze maj\u0105 dwie wsp\u00f3lne grupy, podzielone wed\u0142ug poziomu znajomo\u015bci j\u0119zyka angielskiego.<\/p>\n<p>Harmonogram: <a href=\"https:\/\/uniwersytetslaski-my.sharepoint.com\/:x:\/g\/personal\/ryszard_knapek_o365_us_edu_pl\/EaEpp1bv0elMjAT08JRMuqAB51Xl5u1pUn55EtSlALIJjw?e=UaJq8g\">Academic English 1 2024-2025Z.xlsx<\/a><!--StartFragment --> \r\n                                <div class=\"mt-3\"><\/div>\r\n                            <\/div>\r\n                            \r\n                            <div class=\"text-modules__img\"><img src=\"https:\/\/us.edu.pl\/szkola-doktorska\/wp-content\/uploads\/sites\/50\/Nieprzypisane\/library-g7d681f1ca_1280-300x199.jpg\" alt=\"img\"><\/div>\r\n                        <\/div>\r\n                    <\/div>\r\n                <\/div>\r\n                <div class=\"text-modules \">\r\n                    <div class=\"container\">\r\n                        <h3 class=\"section-title section-title_border-bottom\">Prawo w\u0142asno\u015bci intelektualnej i prawo autorskie<\/h3> <h3 class=\"subtitle text-modules__subtitle\">zaj\u0119cia otwarte dla wszystkich, sugerowane dla II roku<\/h3>\r\n                        <div class=\"row m-0\">\r\n                            <div class=\"text-modules__content\">\r\n                                Grupy w semestrze zimowym:<\/p>\n<ul>\n<li>obszar nauk \u015bcis\u0142ych i przyrodniczych oraz in\u017cynieryjno-technicznych<\/li>\n<li>doktoranci programu doktorat wdro\u017ceniowy (zaj\u0119cia zdalne)<\/li>\n<li>grupa w j\u0119zyku angielskim (zaj\u0119cia zdalne)<\/li>\n<\/ul>\n<p>Pozosta\u0142e grupy obszarowe w semestrze letnim.<\/p>\n<p>Zaj\u0119cia realizowane w formie stacjonarnej (1) lub zdalnej (2, 3)<\/p>\n<p>Harmonogram: <!--StartFragment --> <a href=\"https:\/\/uniwersytetslaski-my.sharepoint.com\/:x:\/g\/personal\/ryszard_knapek_o365_us_edu_pl\/EVm2n8cD5x5Dr2SStu35ghgBKVYrI_h0_E761yTokaSenA?e=cODNou\">Intelectual property law 2024-2025Z.xlsx<\/a> \r\n                                <div class=\"mt-3\"><\/div>\r\n                            <\/div>\r\n                            \r\n                            <div class=\"text-modules__img\"><img src=\"https:\/\/us.edu.pl\/szkola-doktorska\/wp-content\/uploads\/sites\/50\/Nieprzypisane\/wood-g586117a51_1280-300x210.jpg\" alt=\"img\"><\/div>\r\n                        <\/div>\r\n                    <\/div>\r\n                <\/div>\r\n                <div class=\"text-modules \">\r\n                    <div class=\"container\">\r\n                        <h3 class=\"section-title section-title_border-bottom\">Zaj\u0119cia do wyboru (fakultatywne i specjalistyczne)<\/h3> <h3 class=\"subtitle text-modules__subtitle\">oferta do wyboru dla wszystkich doktorant\u00f3w<\/h3>\r\n                        <div class=\"row m-0\">\r\n                            <div class=\"text-modules__content\">\r\n                                Szko\u0142a Doktorska prezentuj\u0119 ofert\u0119 zaj\u0119\u0107 fakultatywnych i specjalistycznych. Zaj\u0119cia fakultatywne to modu\u0142y wprowadzaj\u0105ce w okre\u015blon\u0105 tematyk\u0119 albo rozwijaj\u0105ce kompetencje og\u00f3lne lub mi\u0119kkie. Otwarte s\u0105 dla wszystkich doktorant\u00f3w. Zaj\u0119cia specjalistyczne wymagaj\u0105 okre\u015blonej wiedzy wst\u0119pnej i s\u0105 otwarte tylko dla doktorant\u00f3w okre\u015blonych dyscyplin.<\/p>\n<p>Doktoranci w trakcie kszta\u0142cenie maj\u0105 zaliczy\u0107 zaj\u0119cia do wyboru za:<\/p>\n<ul>\n<li>co najmniej 9 ECTS &#8211; roczniki 2020\/2021, 2021\/2022 i 2022\/2024<\/li>\n<li>co najmniej 8 ECTS &#8211; rocznik 2023\/2024<\/li>\n<li>zaj\u0119cia specjalistyczne za co najmniej 4 ECTS i fakultatywne za co najmniej 2 ECTS &#8211; rocznik 2024\/2025<\/li>\n<\/ul>\n<p>Alternatywnie mo\u017cna zdobywa\u0107 ECTS za zaj\u0119cia fakultatywne realizuj\u0105c:<\/p>\n<ul>\n<li>zaj\u0119cia w ramach Transform4Europe Week<\/li>\n<li>zaj\u0119cia dla doktorant\u00f3w na innych uczelniach<\/li>\n<\/ul>\n<p>Oferta i harmonogram: <a href=\"https:\/\/uniwersytetslaski-my.sharepoint.com\/:x:\/g\/personal\/ryszard_knapek_o365_us_edu_pl\/ESnWjClFWUZPh-WQt6G1FCwBbXm8tThIoAQoSOXBQaImLA?e=nA5kXj\">Optional classes 2024-2025Z.xlsx<\/a><\/p>\n<p>Opisy poszczeg\u00f3lnych modu\u0142\u00f3w:<\/p>\n<p><a href=\"https:\/\/us.edu.pl\/szkola-doktorska\/wp-content\/uploads\/sites\/50\/Bez-kategorii\/Facultative-courses-in-the-Doctoral-School-description.docx\" class=\"mtli_attachment mtli_docx\">Facultative courses in the Doctoral School &#8211; description<\/a><\/p>\n<p><a href=\"https:\/\/us.edu.pl\/szkola-doktorska\/wp-content\/uploads\/sites\/50\/Bez-kategorii\/Specialized-courses-in-the-Doctoral-School-description.docx\" class=\"mtli_attachment mtli_docx\">Specialized courses in the Doctoral School &#8211; description<\/a> \r\n                                <div class=\"mt-3\"><\/div>\r\n                            <\/div>\r\n                            \r\n                            <div class=\"text-modules__img\"><img src=\"https:\/\/us.edu.pl\/szkola-doktorska\/wp-content\/uploads\/sites\/50\/Nieprzypisane\/joshua-eckstein-VAJEea9u6k8-unsplash-300x200.jpg\" alt=\"img\"><\/div>\r\n                        <\/div>\r\n                    <\/div>\r\n                <\/div>\r\n                <div class=\"text-modules \">\r\n                    <div class=\"container\">\r\n                        <h3 class=\"section-title section-title_border-bottom\">Seminaria doktoranckie<\/h3> <h3 class=\"subtitle text-modules__subtitle\">indywidualne zaj\u0119cia z promotorem<\/h3>\r\n                        <div class=\"row m-0\">\r\n                            <div class=\"text-modules__content\">\r\n                                Brak rejestracji, doktoranci wprowadzeni do USOS. Prosimy o weryfikacj\u0119 obecnego stanu w USOS. W przypadku, je\u017celi cz\u0119\u015b\u0107 godzin ma by\u0107 przydzielona promotorowi pomocniczego, prosimy o kontakt mailowy promotora lub promotora pomocniczego. \r\n                                <div class=\"mt-3\"><\/div>\r\n                            <\/div>\r\n                            \r\n                            <div class=\"text-modules__img\"><img src=\"https:\/\/us.edu.pl\/szkola-doktorska\/wp-content\/uploads\/sites\/50\/2019\/11\/apple-256261_640-300x198.jpg\" alt=\"img\"><\/div>\r\n                        <\/div>\r\n                    <\/div>\r\n                <\/div>\r\n                <div class=\"text-modules \">\r\n                    <div class=\"container\">\r\n                        <h3 class=\"section-title section-title_border-bottom\">Tutoring ekspercki<\/h3> <h3 class=\"subtitle text-modules__subtitle\">zaj\u0119cia indywidualne z tutorami<\/h3>\r\n                        <div class=\"row m-0\">\r\n                            <div class=\"text-modules__content\">\r\n                                Ka\u017cdy doktorant ma zrealizowa\u0107 trzy cykle tutorskie w trakcie ca\u0142ego kszta\u0142cenia. Zaj\u0119cia zg\u0142oszone na rok akademicki 2023\/2024 z nauczycielami akademickimi zatrudnionymi w U\u015a s\u0105 ju\u017c w USOS &#8211; prosimy o weryfikacj\u0119 i ewentualne zg\u0142aszanie zmian.<\/p>\n<p>Zaj\u0119cia z osobami spoza U\u015a musz\u0105 by\u0107 zg\u0142aszane z wyprzedzeniem &#8211; szczeg\u00f3\u0142owy komunikat wkr\u00f3tce.<\/p>\n<p>Wi\u0119cej: <a href=\"\/szkola-doktorska\/ksztalcenie-indywidualne\/tutoring\/\">Tutoring ekspercki<\/a> \r\n                                <div class=\"mt-3\"><\/div>\r\n                            <\/div>\r\n                            \r\n                            <div class=\"text-modules__img\"><img src=\"https:\/\/us.edu.pl\/szkola-doktorska\/wp-content\/uploads\/sites\/50\/Nieprzypisane\/pencil-1891732_1920-300x182.jpg\" alt=\"img\"><\/div>\r\n                        <\/div>\r\n                    <\/div>\r\n                <\/div>\r\n                <div class=\"text-modules \">\r\n                    <div class=\"container\">\r\n                        <h3 class=\"section-title section-title_border-bottom\">Seminaria obszarowe doktorant\u00f3w IV roku<\/h3> <h3 class=\"subtitle text-modules__subtitle\">informacja wkr\u00f3tce<\/h3>\r\n                        <div class=\"row m-0\">\r\n                            <div class=\"text-modules__content\">\r\n                                 \r\n                                <div class=\"mt-3\"><\/div>\r\n                            <\/div>\r\n                            \r\n                            <div class=\"text-modules__img\"><img src=\"https:\/\/us.edu.pl\/szkola-doktorska\/wp-content\/uploads\/sites\/50\/Nieprzypisane\/provetas-118222_1280-300x183-1-300x183.jpg\" alt=\"img\"><\/div>\r\n                        <\/div>\r\n                    <\/div>\r\n                <\/div>[\/vc_column][\/vc_row]<\/p>\n","protected":false},"excerpt":{"rendered":"<p>[vc_row][vc_column][\/vc_column][\/vc_row][vc_row][vc_column][\/vc_column][\/vc_row] [&#8230;]<\/p>\n<p><a class=\"btn btn-secondary understrap-read-more-link\" href=\"https:\/\/us.edu.pl\/szkola-doktorska\/en\/harmonogram-zajec-semestr-zimowy-2024-2025\/\">Read More&#8230;<\/a><\/p>\n","protected":false},"author":42,"featured_media":0,"parent":0,"menu_order":0,"comment_status":"closed","ping_status":"closed","template":"","meta":{"_expiration-date-status":"","_expiration-date":0,"_expiration-date-type":"","_expiration-date-categories":[],"_expiration-date-options":[]},"acf":[],"_links":{"self":[{"href":"https:\/\/us.edu.pl\/szkola-doktorska\/en\/wp-json\/wp\/v2\/pages\/11094"}],"collection":[{"href":"https:\/\/us.edu.pl\/szkola-doktorska\/en\/wp-json\/wp\/v2\/pages"}],"about":[{"href":"https:\/\/us.edu.pl\/szkola-doktorska\/en\/wp-json\/wp\/v2\/types\/page"}],"author":[{"embeddable":true,"href":"https:\/\/us.edu.pl\/szkola-doktorska\/en\/wp-json\/wp\/v2\/users\/42"}],"replies":[{"embeddable":true,"href":"https:\/\/us.edu.pl\/szkola-doktorska\/en\/wp-json\/wp\/v2\/comments?post=11094"}],"version-history":[{"count":6,"href":"https:\/\/us.edu.pl\/szkola-doktorska\/en\/wp-json\/wp\/v2\/pages\/11094\/revisions"}],"predecessor-version":[{"id":11146,"href":"https:\/\/us.edu.pl\/szkola-doktorska\/en\/wp-json\/wp\/v2\/pages\/11094\/revisions\/11146"}],"wp:attachment":[{"href":"https:\/\/us.edu.pl\/szkola-doktorska\/en\/wp-json\/wp\/v2\/media?parent=11094"}],"curies":[{"name":"wp","href":"https:\/\/api.w.org\/{rel}","templated":true}]}}