{"id":11473,"date":"2024-10-16T14:21:30","date_gmt":"2024-10-16T12:21:30","guid":{"rendered":"https:\/\/us.edu.pl\/szkola-doktorska\/?page_id=11473"},"modified":"2024-12-13T15:05:36","modified_gmt":"2024-12-13T14:05:36","slug":"zwiekszenie-stypendium-doktoranckiego-reguly-2024-2025-2","status":"publish","type":"page","link":"https:\/\/us.edu.pl\/szkola-doktorska\/en\/stypendium-doktoranckie-w-szkole-doktorskiej\/zwiekszenie-stypendium-doktoranckiego-reguly-2024-2025-2\/","title":{"rendered":"Increasing the doctoral scholarship &#8211; rules 2024\/2025"},"content":{"rendered":"<p>[vc_row][vc_column]\r\n                <div class=\"text-modules\">\r\n                    <div class=\"container\">\r\n                        <h3 class=\"page-title text__title\">Increasing the doctoral scholarship in the academic year 2024\/2025 - legal basis<\/h3>\r\n                        <div class=\"text-modules__content\"><p>Note: the documents below are now only in Polish. It will be translated, but now &#8211; we ask non-Polish speaking people to get acquainted with forms on the website <a href=\"https:\/\/us.edu.pl\/szkola-doktorska\/en\/ogloszenie-konkursu-na-zwiekszenie-stypendium-doktoranckiego-2023-2024\/\">https:\/\/us.edu.pl\/szkola-doktorska\/en\/ogloszenie-konkursu-na-zwiekszenie-stypendium-doktoranckiego-2023-2024\/<\/a><\/p>\n<p>The rules for granting an increase in the scholarship are set out in the &#8220;Regulations for granting an increase in the doctoral scholarship for doctoral students of doctoral schools at the University of Silesia in Katowice under the Research Excellence Initiative&#8221;, constituting Annex No. 3 to the Rector&#8217;s Order No. 153\/2023, together with Annexes No. 1 and 2 to the Regulations.<\/p>\n<p>LInk to the Rector&#8217;s Order: <a href=\"https:\/\/aktyprawne.us.edu.pl\/423-lista\/d\/6748\/5\/\">https:\/\/aktyprawne.us.edu.pl\/423-lista\/d\/6748\/5\/<\/a> (requires login &#8211; choose anonymous login).<\/p>\n<p><a href=\"https:\/\/us.edu.pl\/szkola-doktorska\/wp-content\/uploads\/sites\/50\/prawo\/zalacznik-nr-3_Regulamin-przyznawania-zwiekszenia-stypendium-doktoranckiego-dla-doktorantow-szkol-doktorskich-w-US-w-ramach-Inicjatywy-Doskonalosci-Badawczej.pdf\" class=\"mtli_attachment mtli_pdf\" class=\"mtli_attachment mtli_pdf\">Regulamin przyznawania zwi\u0119kszenia stypendium doktoranckiego dla doktorant\u00f3w szk\u00f3\u0142 doktorskich w U\u015a w ramach Inicjatywy Doskona\u0142o\u015bci Badawczej<\/a><\/p>\n<p><a href=\"https:\/\/us.edu.pl\/szkola-doktorska\/wp-content\/uploads\/sites\/50\/prawo\/zalacznik-nr-1-do-zalacznika-nr-3.pdf\" class=\"mtli_attachment mtli_pdf\" class=\"mtli_attachment mtli_pdf\">za\u0142\u0105cznik nr 1 do za\u0142\u0105cznika nr 3<\/a> &#8211; Kryteria oceny osi\u0105gni\u0119\u0107 doktorant\u00f3w<\/p>\n<p><a href=\"https:\/\/us.edu.pl\/szkola-doktorska\/wp-content\/uploads\/sites\/50\/prawo\/zalacznik-nr-2-do-zalacznika-nr-3.pdf\" class=\"mtli_attachment mtli_pdf\" class=\"mtli_attachment mtli_pdf\">za\u0142\u0105cznik nr 2 do za\u0142\u0105cznika nr 3<\/a> &#8211; Kryteria zakwalifikowania dorobku doktorant\u00f3w w dziedzinie sztuki do wy\u017cszych kategorii punktowych<\/p>\n<\/div>\r\n                    <\/div>\r\n                <\/div>[\/vc_column][\/vc_row]<\/p>","protected":false},"excerpt":{"rendered":"<p>[vc_row][vc_column][\/vc_column][\/vc_row] [&#8230;]<\/p>\n<p><a class=\"btn btn-secondary understrap-read-more-link\" href=\"https:\/\/us.edu.pl\/szkola-doktorska\/en\/stypendium-doktoranckie-w-szkole-doktorskiej\/zwiekszenie-stypendium-doktoranckiego-reguly-2024-2025-2\/\">Read More&#8230;<\/a><\/p>\n","protected":false},"author":205,"featured_media":0,"parent":8923,"menu_order":0,"comment_status":"closed","ping_status":"closed","template":"page-templates\/page-with-sidebar.php","meta":{"_expiration-date-status":"","_expiration-date":0,"_expiration-date-type":"","_expiration-date-categories":[],"_expiration-date-options":[]},"acf":[],"_links":{"self":[{"href":"https:\/\/us.edu.pl\/szkola-doktorska\/en\/wp-json\/wp\/v2\/pages\/11473"}],"collection":[{"href":"https:\/\/us.edu.pl\/szkola-doktorska\/en\/wp-json\/wp\/v2\/pages"}],"about":[{"href":"https:\/\/us.edu.pl\/szkola-doktorska\/en\/wp-json\/wp\/v2\/types\/page"}],"author":[{"embeddable":true,"href":"https:\/\/us.edu.pl\/szkola-doktorska\/en\/wp-json\/wp\/v2\/users\/205"}],"replies":[{"embeddable":true,"href":"https:\/\/us.edu.pl\/szkola-doktorska\/en\/wp-json\/wp\/v2\/comments?post=11473"}],"version-history":[{"count":1,"href":"https:\/\/us.edu.pl\/szkola-doktorska\/en\/wp-json\/wp\/v2\/pages\/11473\/revisions"}],"predecessor-version":[{"id":11485,"href":"https:\/\/us.edu.pl\/szkola-doktorska\/en\/wp-json\/wp\/v2\/pages\/11473\/revisions\/11485"}],"up":[{"embeddable":true,"href":"https:\/\/us.edu.pl\/szkola-doktorska\/en\/wp-json\/wp\/v2\/pages\/8923"}],"wp:attachment":[{"href":"https:\/\/us.edu.pl\/szkola-doktorska\/en\/wp-json\/wp\/v2\/media?parent=11473"}],"curies":[{"name":"wp","href":"https:\/\/api.w.org\/{rel}","templated":true}]}}