{"id":13699,"date":"2025-02-04T00:02:43","date_gmt":"2025-02-03T23:02:43","guid":{"rendered":"https:\/\/us.edu.pl\/szkola-doktorska\/?page_id=13699"},"modified":"2025-02-22T17:57:03","modified_gmt":"2025-02-22T16:57:03","slug":"harmonogram-zajec-semestr-letni-2024-2025","status":"publish","type":"page","link":"https:\/\/us.edu.pl\/szkola-doktorska\/en\/harmonogram-zajec-semestr-letni-2024-2025\/","title":{"rendered":"Shedule of courses &#8211; summer semester 2024\/2025"},"content":{"rendered":"<p>[vc_row][vc_column][\/vc_column][\/vc_row][vc_row][vc_column]\r\n                <div class=\"text-modules \">\r\n                    <div class=\"container\">\r\n                        <h3 class=\"section-title section-title_border-bottom\">Doctoral seminar and tutoring<\/h3> \r\n                        <div class=\"row m-0\">\r\n                            <div class=\"text-modules__content\">\r\n                                Individual classes (seminar, tutoring) are implemented as required. The tutor and the doctoral student decide on the form of classes and the criteria for passing them.<\/p>\n<p>If something needs to be corrected in USOS &#8211; report it to the DS office.<\/p>\n<p>If you start cooperation with a tutor from outside the University of Silesia &#8211; inform the office about the working dates and ask about signing the contract.<\/p>\n<p>Contact in both cases: <a href=\"mailto:agnieszka.a.szewczyk@us.edu.pl\">Agnieszka Szewczyk<\/a><\/p>\n<p>More about tutoring: <a href=\"\/szkola-doktorska\/en\/ksztalcenie-indywidualne\/tutoring\/\">expert tutoring at the Doctoral School<\/a> \r\n                                <div class=\"mt-3\"><\/div>\r\n                            <\/div>\r\n                            \r\n                            <div class=\"text-modules__img\"><img src=\"https:\/\/us.edu.pl\/szkola-doktorska\/wp-content\/uploads\/sites\/50\/2019\/11\/apple-256268_1920-300x199.jpg\" alt=\"img\"><\/div>\r\n                        <\/div>\r\n                    <\/div>\r\n                <\/div>\r\n                <div class='sidebar_moduls sidebar_one_header' style='color:#FFFFFF;background-color: #002E5A'>\r\n                    <a href='' class='link'>Compulsory classes to be completed by the end of the first year of education<\/a>\r\n                <\/div>\r\n                <div class=\"text-modules \">\r\n                    <div class=\"container\">\r\n                        <h3 class=\"section-title section-title_border-bottom\">Doctoral workshops 1 - preparation of the reseacher plan<\/h3> <h3 class=\"subtitle text-modules__subtitle\">3 godziny, 1 ECTS<\/h3>\r\n                        <div class=\"row m-0\">\r\n                            <div class=\"text-modules__content\">\r\n                                Mandatory course for doctoral students of the first year, who are preparing an Individual Research Plan. The course is actually one online meeting with a filed coordinator.<\/p>\n<p>Schedule: <a href=\"https:\/\/uniwersytetslaski-my.sharepoint.com\/:x:\/g\/personal\/ryszard_knapek_o365_us_edu_pl\/EUG2zR2pkDhHjynX-4EAYE0BUnOR0w6RN9Nqr0iEN2c5yA?e=H1fJi6\">Doctoral workshop 1 \u2013 research plan preparation 24-25L.xlsx<\/a><\/p>\n<p>You don&#8217;t have to register for this course &#8211; doctoral students will be added to the groups and a link to the meeting will be sent.<\/p>\n<p>If any doctoral student of an earlier year want to participate in the meeting, he or she should contact with the Doctoral School&#8217;s office by March 1. \r\n                                <div class=\"mt-3\"><\/div>\r\n                            <\/div>\r\n                            \r\n                            <div class=\"text-modules__img\"><img src=\"https:\/\/us.edu.pl\/szkola-doktorska\/wp-content\/uploads\/sites\/50\/Nieprzypisane\/tools-1083796_640-300x225.jpg\" alt=\"img\"><\/div>\r\n                        <\/div>\r\n                    <\/div>\r\n                <\/div>\r\n                <div class='sidebar_moduls sidebar_one_header' style='color:#FFFFFF;background-color: #002E5A'>\r\n                    <a href='' class='link'>Compulsory classes to be completed by the end of the second year of education<\/a>\r\n                <\/div>\r\n                <div class=\"text-modules \">\r\n                    <div class=\"container\">\r\n                        <h3 class=\"section-title section-title_border-bottom\">Ethics in Research \/ Ethics in Art<\/h3> <h3 class=\"subtitle text-modules__subtitle\">10 hours, 2 ECTS<\/h3>\r\n                        <div class=\"row m-0\">\r\n                            <div class=\"text-modules__content\">\r\n                                <\/p>\n<h2><span style=\"text-decoration: underline;\">Doctoral students of all scientific disciplines<\/span><\/h2>\n<p>Groups in Polish and in English.<\/p>\n<p>The course suggested for doctoral students of the first year, especially if they are going to apply for grants.<\/p>\n<p>coordinator: dr hab. Monika Jagielska, prof. U\u015a<\/p>\n<p>teachers: dr hab. Monika Jagielska, prof. U\u015a, dr hab. Mariusz Jagielski, prof. U\u015a<\/p>\n<p>schedule: <a href=\"https:\/\/uniwersytetslaski-my.sharepoint.com\/:x:\/g\/personal\/ryszard_knapek_o365_us_edu_pl\/ETN9OeQktZNCntK6wlErepgBuwfLMcTb3_A9o0rfDr29TA?e=SSMPuc\">Ethics in Research 24-25L.xlsx<\/a><\/p>\n<p>Registration for classes from 5.02.2025, 20:00 in USOSweb<\/p>\n<h3><span style=\"text-decoration: underline;\">Doctoral students of artistic disciplines<\/span><\/h3>\n<p>In Polish only.<\/p>\n<p>Schedule: <a href=\"https:\/\/uniwersytetslaski-my.sharepoint.com\/:x:\/g\/personal\/ryszard_knapek_o365_us_edu_pl\/EcSjuaaXmHFDtuqGoZ0NVOsB_NfNN1_zvhHk9FoICknyXw?e=WmndH1\">Ethics in Art 24-25L.xlsx<\/a> \r\n                                <div class=\"mt-3\"><\/div>\r\n                            <\/div>\r\n                            \r\n                            <div class=\"text-modules__img\"><img src=\"https:\/\/us.edu.pl\/szkola-doktorska\/wp-content\/uploads\/sites\/50\/Nieprzypisane\/animal-1554745_1280-300x195-1-300x195.jpg\" alt=\"img\"><\/div>\r\n                        <\/div>\r\n                    <\/div>\r\n                <\/div>\r\n                <div class=\"text-modules \">\r\n                    <div class=\"container\">\r\n                        <h3 class=\"section-title section-title_border-bottom\">Preparation and implementation of a research \/ art project<\/h3> <h3 class=\"subtitle text-modules__subtitle\">30 hours, 5 ECTS (including grant application)<\/h3>\r\n                        <div class=\"row m-0\">\r\n                            <div class=\"text-modules__content\">\r\n                                <\/p>\n<h3><span style=\"text-decoration: underline;\"><strong>Doctoral students of all scientific disciplines<\/strong><\/span><\/h3>\n<p>The course for doctoral students preparing grant applications, in particular NCN Preludium. <strong>The condition for enrolling in the course is a plan to submit a grant application in this academic year<\/strong>*.<\/p>\n<p>The basis for passing the classes is the preparation of a grant application. The decision on whether the application will be submitted is made by the teachers in consultation with the doctoral student and the PhD supervisor.<\/p>\n<p>Classes consisting of four elements:<\/p>\n<ol>\n<li>Introduction &#8211; model and strategies for preparing a project.<\/li>\n<li>Substantive work on the application.<\/li>\n<li>Formal side of the application &#8211; faculty&#8217;s project offices.<\/li>\n<li>Data management plan.<\/li>\n<\/ol>\n<p>Schedule: <a href=\"https:\/\/uniwersytetslaski-my.sharepoint.com\/:x:\/g\/personal\/ryszard_knapek_o365_us_edu_pl\/Eb3yNDsmLehOjJcrShc9VLgB2L_xA8rQiaQkd7s1S-4TXw?e=2TqTDh\">Reserch project preparation and implementation 24-25L.xlsx<\/a><\/p>\n<p>Detailed schedule for Faculty of Sciences and Technology: <a href=\"https:\/\/uniwersytetslaski-my.sharepoint.com\/:x:\/g\/personal\/ryszard_knapek_o365_us_edu_pl\/Ea20PyNWxJlBk_biES8mvjQB727-ZyOvxrsEIurnfnYSOg?e=8XRhiK\">Reserch project preparation and implementation 24-25L \u2013 schedule for Faculty of Science and Technology.xlsx<\/a><\/p>\n<p><strong>When registering, the doctoral student selects the group corresponding to his or her discipline.<\/strong><\/p>\n<p>Registration for classes from 5.02.2025, 20:00 in USOSweb.<\/p>\n<p>*PhD students who are exempt from the obligation to submit a grant application, but not exempt from the obligation to pass this module prepare a grant application during the course but do not send it to the financing institution.<\/p>\n<h3><span style=\"text-decoration: underline;\">Doctoral students of artistic disciplines<\/span><\/h3>\n<p>Classes supporting PhD students in finding sources of financing for artistic activity, obtaining internships and artistic residencies, etc.<\/p>\n<p>Remote classes, divided into disciplines.<\/p>\n<p>Schedule (under construction): <a href=\"https:\/\/uniwersytetslaski-my.sharepoint.com\/:x:\/g\/personal\/ryszard_knapek_o365_us_edu_pl\/EXAws7TwD8xOnXxQTerCC4EBcReEpiQJZheXlyg44bYZwA?e=X45gfS\">Art project preparation and implementation 24-25L.xlsx<\/a> \r\n                                <div class=\"mt-3\"><\/div>\r\n                            <\/div>\r\n                            \r\n                            <div class=\"text-modules__img\"><img src=\"https:\/\/us.edu.pl\/szkola-doktorska\/wp-content\/uploads\/sites\/50\/Nieprzypisane\/DSC6703-300x206.jpg\" alt=\"img\"><\/div>\r\n                        <\/div>\r\n                    <\/div>\r\n                <\/div>\r\n                <div class=\"text-modules \">\r\n                    <div class=\"container\">\r\n                        <h3 class=\"section-title section-title_border-bottom\">Doctoral workshops - presentation of the research plan<\/h3> <h3 class=\"subtitle text-modules__subtitle\">10 hours, 2 ECTS<\/h3>\r\n                        <div class=\"row m-0\">\r\n                            <div class=\"text-modules__content\">\r\n                                Compulsory course for second-year PhD students who are taking the mid-term evaluation.<\/p>\n<p>The goal of thee course is to improve the skills of presenting one&#8217;s research to a scientific audience, particularly during the mid-term evaluation.<\/p>\n<p>Schedule: <a href=\"https:\/\/uniwersytetslaski-my.sharepoint.com\/:x:\/g\/personal\/ryszard_knapek_o365_us_edu_pl\/ERRgIoauXkhIvnADd-YBMV4BI3Z3HiMVb2nlETon8ZdA1A?e=f08ya6\">Doctoral workshop 2 \u2013 research plan presentation 24-25L.xlsx<\/a><\/p>\n<p>You don&#8217;t have to register. Doctoral students will be put in the groups of their disciplines. <b>Passing this course during the second year is mandatory.<\/b> \r\n                                <div class=\"mt-3\"><\/div>\r\n                            <\/div>\r\n                            \r\n                            <div class=\"text-modules__img\"><img src=\"https:\/\/us.edu.pl\/szkola-doktorska\/wp-content\/uploads\/sites\/50\/Nieprzypisane\/tools-1083796_640-300x225.jpg\" alt=\"img\"><\/div>\r\n                        <\/div>\r\n                    <\/div>\r\n                <\/div>\r\n                <div class='sidebar_moduls sidebar_one_header' style='color:#FFFFFF;background-color: #002E5A'>\r\n                    <a href='' class='link'>Compulsory classes to be completed by the end of the doctoral education<\/a>\r\n                <\/div>\r\n                <div class=\"text-modules \">\r\n                    <div class=\"container\">\r\n                        <h3 class=\"section-title section-title_border-bottom\">Academic English II<\/h3> <h3 class=\"subtitle text-modules__subtitle\">40 hours (20 hours in winter and 20 hours in summer), 4 ECTS<\/h3>\r\n                        <div class=\"row m-0\">\r\n                            <div class=\"text-modules__content\">\r\n                                Continuation of classes from the winter semester. Classes conducted remotely (except for chemical sciences). Classes for all doctoral students, including implementation and non-Polish-speaking ones.<\/p>\n<p>Schedule: <a href=\"https:\/\/uniwersytetslaski-my.sharepoint.com\/:x:\/g\/personal\/ryszard_knapek_o365_us_edu_pl\/EVvttCt5229Ej3zCYqa3veoBPKpazkrggX_tNacvqiPkvQ?e=XpWry6\">Academic English 2 24-25L.xlsx<\/a><\/p>\n<p>You don&#8217;t have to register. Doctoral students will be transferred from the last semester. \r\n                                <div class=\"mt-3\"><\/div>\r\n                            <\/div>\r\n                            \r\n                            <div class=\"text-modules__img\"><img src=\"https:\/\/us.edu.pl\/szkola-doktorska\/wp-content\/uploads\/sites\/50\/Nieprzypisane\/pexels-pixabay-415071-300x178.jpg\" alt=\"img\"><\/div>\r\n                        <\/div>\r\n                    <\/div>\r\n                <\/div>\r\n                <div class=\"text-modules \">\r\n                    <div class=\"container\">\r\n                        <h3 class=\"section-title section-title_border-bottom\">Developing scientific papers and critical text analysis<\/h3> <h3 class=\"subtitle text-modules__subtitle\">20 hours, 4 ECTS (30 hours for 2021\/2022 and 2022\/2023 year)<\/h3>\r\n                        <div class=\"row m-0\">\r\n                            <div class=\"text-modules__content\">\r\n                                For scientific disciplines classes are divided for two parts:<\/p>\n<ol>\n<li>Classes with researchers experienced in preparing scientific publications and working with scientific texts<\/li>\n<li>Meetings with journal editors<\/li>\n<\/ol>\n<p><span style=\"text-decoration: underline;\"><strong>The first part of the classes<\/strong><\/span> &#8211; 15 hours in disciplines&#8217; groups<\/p>\n<p>Schedule: <a href=\"https:\/\/uniwersytetslaski-my.sharepoint.com\/:x:\/g\/personal\/ryszard_knapek_o365_us_edu_pl\/EefLgk1c7YdCovNfu5TVFSQB7wSEZ7T9TwyrBsH81hgvNQ?e=g7NB7o\">Developing scientific papers and critical text analysis 24-25L.xlsx<\/a><\/p>\n<p>Registration for classes from 5.02.2025, 20:00 in USOSweb<\/p>\n<p><span style=\"text-decoration: underline;\"><strong>Meetings with editors<\/strong><\/span><\/p>\n<p>Each doctoral student is required to participate in at least three such meetings (years 2021\/2022 and 2022\/2023) or at least one such meeting (years 2023\/2024 and 2024\/2025) until the end of their education. The schedule of meetings will be published on an ongoing basis on a separate website.<\/p>\n<p>First meeting &#8211; March 25, 3:30 p.m. (online), Dr. Mauro Arturo Rivera-Leon (details coming soon).<\/p>\n<p><span style=\"text-decoration: underline;\"><strong>For doctoral students from artistic disciplines, the course is organized as one longer classes (in schedule above).<\/strong><\/span> \r\n                                <div class=\"mt-3\"><\/div>\r\n                            <\/div>\r\n                            \r\n                            <div class=\"text-modules__img\"><img src=\"https:\/\/us.edu.pl\/szkola-doktorska\/wp-content\/uploads\/sites\/50\/Nieprzypisane\/library-g7d681f1ca_1280-300x199.jpg\" alt=\"img\"><\/div>\r\n                        <\/div>\r\n                    <\/div>\r\n                <\/div>\r\n                <div class=\"text-modules \">\r\n                    <div class=\"container\">\r\n                        <h3 class=\"section-title section-title_border-bottom\">Intellectual property law<\/h3> <h3 class=\"subtitle text-modules__subtitle\">15 hours, 2 ECTS<\/h3>\r\n                        <div class=\"row m-0\">\r\n                            <div class=\"text-modules__content\">\r\n                                Teacher and coordinator: dr hab. Anna Chor\u0105\u017cewska, prof. U\u015a<\/p>\n<p>Classes (mixed) for social sciences and for humanistics and theology.<\/p>\n<p>Schedule: <a href=\"https:\/\/uniwersytetslaski-my.sharepoint.com\/:x:\/g\/personal\/ryszard_knapek_o365_us_edu_pl\/EWZOvCtIUAFBujtk1wjVGo4B85-Q7pZ6GtDP7-1UOZ75Hg?e=Ziq4Ya\">Intellectual property law 24-25L.xlsx<\/a><\/p>\n<p>Registration for classes from 5.02.2025, 20:00 in USOSweb.<\/p>\n<p>All classes are in Polish. English-speaking group, implementation doctoral students, the area of \u200b\u200bexact and natural sciences and engineering and technology and doctoral students of artistic disciplines &#8211; courses for these doctoral students will be organized in the winter semester. \r\n                                <div class=\"mt-3\"><\/div>\r\n                            <\/div>\r\n                            \r\n                            <div class=\"text-modules__img\"><img src=\"https:\/\/us.edu.pl\/szkola-doktorska\/wp-content\/uploads\/sites\/50\/Nieprzypisane\/wood-g586117a51_1280-300x210.jpg\" alt=\"img\"><\/div>\r\n                        <\/div>\r\n                    <\/div>\r\n                <\/div>\r\n                <div class='sidebar_moduls sidebar_one_header' style='color:#FFFFFF;background-color: #002E5A'>\r\n                    <a href='' class='link'>Compulsory classes to be completed by the end of the doctoral education (for year 2023\/2024 and earlier)<\/a>\r\n                <\/div>\r\n                <div class=\"text-modules \">\r\n                    <div class=\"container\">\r\n                        <h3 class=\"section-title section-title_border-bottom\">Planning a scientific career and personal development<\/h3> <h3 class=\"subtitle text-modules__subtitle\">8 hours, 1 ECTS for 2023\/2024 \/ 15 hours, 1 ECTS for former years<\/h3>\r\n                        <div class=\"row m-0\">\r\n                            <div class=\"text-modules__content\">\r\n                                The module is implemented in the form of a series of lectures and meetings with experienced scientists from the University of Silesia in Katowice and other universities.<\/p>\n<p>Assuming that each meeting lasts approx. 2 hours, PhD students from the 2023\/2024 should participate in 4 such meetings, and PhD students from older years &#8211; 8 meetings. &#8220;Collecting&#8221; credits can be spread over several semesters, but this year (2024\/2025) classes in a complete form are organized at the Doctoral School for the last time.<\/p>\n<p>Passing the module can also be done on the basis of other activities related to developing a scientific career. Consent to passing the credit is issued by the area coordinator.<\/p>\n<p>Information about meetings will be published on an ongoing basis.<\/p>\n<p>A PhD student who has met the requirements for passing fills out the form that is the basis for passing the module: <a href=\"https:\/\/formularze.us.edu.pl\/form\/index\/5881\">https:\/\/formularze.us.edu.pl\/form\/index\/5881<\/a> \r\n                                <div class=\"mt-3\"><\/div>\r\n                            <\/div>\r\n                            \r\n                            <div class=\"text-modules__img\"><img src=\"https:\/\/us.edu.pl\/szkola-doktorska\/wp-content\/uploads\/sites\/50\/Nieprzypisane\/provetas-118222_1280-300x183-2-300x183.jpg\" alt=\"img\"><\/div>\r\n                        <\/div>\r\n                    <\/div>\r\n                <\/div>\r\n                <div class=\"text-modules \">\r\n                    <div class=\"container\">\r\n                        <h3 class=\"section-title section-title_border-bottom\">Popularization of science<\/h3> <h3 class=\"subtitle text-modules__subtitle\">5 hours, 1 ECTS<\/h3>\r\n                        <div class=\"row m-0\">\r\n                            <div class=\"text-modules__content\">\r\n                                Classes during which young researchers will learn how to effectively conduct scientific communication in the public space &#8211; how to present the results of their research in the media, in schools, in the form of texts or at science festivals, how to organize scientific places.<\/p>\n<p>Description of the offer and schedule: (soon)<\/p>\n<p>Registration in USOSweb: from 05.02.2025 at 20:00<\/p>\n<p>Classes in this form are required for PhD students of the 2023\/2024 year. In previous years, the module was implemented under the name Autopresentation and dissemination of research (15 hours). PhD students of previous cohorts who have not yet passed this module should additionally demonstrate some popular science activity. \r\n                                <div class=\"mt-3\"><\/div>\r\n                            <\/div>\r\n                            \r\n                            <div class=\"text-modules__img\"><img src=\"https:\/\/us.edu.pl\/szkola-doktorska\/wp-content\/uploads\/sites\/50\/Nieprzypisane\/silhouette-of-person-holding-glass-mason-jar-1274260a-300x200.jpg\" alt=\"img\"><\/div>\r\n                        <\/div>\r\n                    <\/div>\r\n                <\/div>\r\n                <div class='sidebar_moduls sidebar_one_header' style='color:#FFFFFF;background-color: #002E5A'>\r\n                    <a href='' class='link'>Optional and additional courses<\/a>\r\n                <\/div>\r\n                <div class=\"text-modules reverse\">\r\n                    <div class=\"container\">\r\n                        <h3 class=\"section-title section-title_border-bottom\">English language course<\/h3> <h3 class=\"subtitle text-modules__subtitle\">additional (not mandatory) course, 2 ECTS<\/h3>\r\n                        <div class=\"row m-0\">\r\n                            <div class=\"text-modules__content\">\r\n                                Continuation of the course for the first semester. Doctoral students are put in the USOS without registration. If anything should be changed, please contact the Doctoral School&#8217;s office.<\/p>\n<p>Schedule: <a href=\"https:\/\/uniwersytetslaski-my.sharepoint.com\/:x:\/g\/personal\/ryszard_knapek_o365_us_edu_pl\/EVoi1OrUPPVKh7NZpYpxDu4BMVMp_mbnxQ24b_qMIVab7Q?e=oOAkGD\">English language course 24-25L.xlsx<\/a> \r\n                                <div class=\"mt-3\"><\/div>\r\n                            <\/div>\r\n                            \r\n                            <div class=\"text-modules__img\"><img src=\"https:\/\/us.edu.pl\/szkola-doktorska\/wp-content\/uploads\/sites\/50\/Nieprzypisane\/DSC4867-300x200.jpg\" alt=\"img\"><\/div>\r\n                        <\/div>\r\n                    <\/div>\r\n                <\/div>\r\n                <div class=\"text-modules \">\r\n                    <div class=\"container\">\r\n                        <h3 class=\"section-title section-title_border-bottom\">Optional courses<\/h3> \r\n                        <div class=\"row m-0\">\r\n                            <div class=\"text-modules__content\">\r\n                                We invite you to familiarize yourself with the offer of facultative (open to everyone) and specialized (aimed at selected disciplines) classes for PhD students of the Doctoral School in the summer semester of the academic year 2024\/2025.<\/p>\n<p>Description of facultative modules: <a href=\"https:\/\/us.edu.pl\/szkola-doktorska\/wp-content\/uploads\/sites\/50\/Bez-kategorii\/Facultative-courses-in-the-Doctoral-School-2024-2025-summer.pdf\" class=\"mtli_attachment mtli_pdf\" data-mtli=\"mtli_filesize26973kB\">Facultative courses in the Doctoral School 2024-2025 summer<\/a><\/p>\n<p>Description of specialization modules: <a href=\"https:\/\/us.edu.pl\/szkola-doktorska\/wp-content\/uploads\/sites\/50\/Bez-kategorii\/Specialized-courses-in-the-Doctoral-School-2024-2025-summer.pdf\" class=\"mtli_attachment mtli_pdf\" data-mtli=\"mtli_filesize18417kB\">Specialized courses in the Doctoral School 2024-2025 summer<\/a><\/p>\n<p><strong>Schedule of facultative classes: <\/strong><a href=\"https:\/\/uniwersytetslaski-my.sharepoint.com\/:x:\/g\/personal\/ryszard_knapek_o365_us_edu_pl\/EQjGXWkSIn9PocX-ivO6DcsBX_6KF7tFdnC04q2GiDivzw?e=QWuPgo\">facultative classes 2024-2025L &#8211; SCHEDULE.xlsx<\/a><\/p>\n<p><strong>Schedule of specialized classes:\u00a0<\/strong><!--StartFragment --> <a href=\"https:\/\/uniwersytetslaski-my.sharepoint.com\/:x:\/g\/personal\/ryszard_knapek_o365_us_edu_pl\/Ec9tL0l1z7RHhO7N4_th6OoBiSqLCTsrYP6oD5-pfdva6Q?e=Gezn6B\">specialized classes 2024-2025L &#8211; SCHEDULE.xlsx<\/a><\/p>\n<p>Classes will be conducted according to the description. In the event of deficiencies, details will be agreed with registered PhD students. Classes described as &#8220;Polish\/English&#8221; will be conducted in English if non-Polish-speaking PhD students sign up for them.<\/p>\n<p>Registration for classes will begin on 11.02.2025 at 20:00. \r\n                                <div class=\"mt-3\"><\/div>\r\n                            <\/div>\r\n                            \r\n                            <div class=\"text-modules__img\"><img src=\"https:\/\/us.edu.pl\/szkola-doktorska\/wp-content\/uploads\/sites\/50\/Nieprzypisane\/joshua-eckstein-VAJEea9u6k8-unsplash-300x200.jpg\" alt=\"img\"><\/div>\r\n                        <\/div>\r\n                    <\/div>\r\n                <\/div>[\/vc_column][\/vc_row]<\/p>\n<style type=\"text\/css\">a[data-mtli~=\"mtli_filesize26973kB\"]:after {content:\" (269.73 kB)\"}a[data-mtli~=\"mtli_filesize18417kB\"]:after {content:\" (184.17 kB)\"}<\/style>","protected":false},"excerpt":{"rendered":"<p>[vc_row][vc_column][\/vc_column][\/vc_row][vc_row][vc_column][\/vc_column][\/vc_row] [&#8230;]<\/p>\n<p><a class=\"btn btn-secondary understrap-read-more-link\" href=\"https:\/\/us.edu.pl\/szkola-doktorska\/en\/harmonogram-zajec-semestr-letni-2024-2025\/\">Read More&#8230;<\/a><\/p>\n","protected":false},"author":42,"featured_media":0,"parent":0,"menu_order":0,"comment_status":"closed","ping_status":"closed","template":"","meta":{"_expiration-date-status":"","_expiration-date":0,"_expiration-date-type":"","_expiration-date-categories":[],"_expiration-date-options":[]},"acf":[],"_links":{"self":[{"href":"https:\/\/us.edu.pl\/szkola-doktorska\/en\/wp-json\/wp\/v2\/pages\/13699"}],"collection":[{"href":"https:\/\/us.edu.pl\/szkola-doktorska\/en\/wp-json\/wp\/v2\/pages"}],"about":[{"href":"https:\/\/us.edu.pl\/szkola-doktorska\/en\/wp-json\/wp\/v2\/types\/page"}],"author":[{"embeddable":true,"href":"https:\/\/us.edu.pl\/szkola-doktorska\/en\/wp-json\/wp\/v2\/users\/42"}],"replies":[{"embeddable":true,"href":"https:\/\/us.edu.pl\/szkola-doktorska\/en\/wp-json\/wp\/v2\/comments?post=13699"}],"version-history":[{"count":10,"href":"https:\/\/us.edu.pl\/szkola-doktorska\/en\/wp-json\/wp\/v2\/pages\/13699\/revisions"}],"predecessor-version":[{"id":14166,"href":"https:\/\/us.edu.pl\/szkola-doktorska\/en\/wp-json\/wp\/v2\/pages\/13699\/revisions\/14166"}],"wp:attachment":[{"href":"https:\/\/us.edu.pl\/szkola-doktorska\/en\/wp-json\/wp\/v2\/media?parent=13699"}],"curies":[{"name":"wp","href":"https:\/\/api.w.org\/{rel}","templated":true}]}}