{"id":13967,"date":"2025-02-19T14:37:34","date_gmt":"2025-02-19T13:37:34","guid":{"rendered":"https:\/\/us.edu.pl\/szkola-doktorska\/?page_id=13967"},"modified":"2025-04-25T10:10:37","modified_gmt":"2025-04-25T08:10:37","slug":"za-losy-swiata-wszyscy-jestesmy-odpowiedzialni-koncepcja-ekspozycji-sensorycznej-na-podstawie-niepublikowanych-tekstow-zrodlowych-i-dna-jozefa-szajny","status":"publish","type":"page","link":"https:\/\/us.edu.pl\/szkola-doktorska\/en\/seminaria-obszarowe-w-roku-akademickim-2024-2025\/za-losy-swiata-wszyscy-jestesmy-odpowiedzialni-koncepcja-ekspozycji-sensorycznej-na-podstawie-niepublikowanych-tekstow-zrodlowych-i-dna-jozefa-szajny\/","title":{"rendered":"(Polski) Za losy \u015bwiata wszyscy jeste\u015bmy odpowiedzialni&#8221;. Koncepcja ekspozycji sensorycznej na podstawie niepublikowanych tekst\u00f3w \u017ar\u00f3d\u0142owych i &#8220;Dna&#8221; J\u00f3zefa Szajny"},"content":{"rendered":"<p class=\"qtranxs-available-languages-message qtranxs-available-languages-message-en\">Sorry, this entry is only available in <a href=\"https:\/\/us.edu.pl\/szkola-doktorska\/pl\/wp-json\/wp\/v2\/pages\/13967\" class=\"qtranxs-available-language-link qtranxs-available-language-link-pl\" title=\"Polski\">Polish<\/a>.<\/p>","protected":false},"excerpt":{"rendered":"<p>Sorry, this entry is only available in Polish. [&#8230;]<\/p>\n<p><a class=\"btn btn-secondary understrap-read-more-link\" href=\"https:\/\/us.edu.pl\/szkola-doktorska\/en\/seminaria-obszarowe-w-roku-akademickim-2024-2025\/za-losy-swiata-wszyscy-jestesmy-odpowiedzialni-koncepcja-ekspozycji-sensorycznej-na-podstawie-niepublikowanych-tekstow-zrodlowych-i-dna-jozefa-szajny\/\">Read More&#8230;<\/a><\/p>\n","protected":false},"author":205,"featured_media":0,"parent":7779,"menu_order":0,"comment_status":"closed","ping_status":"closed","template":"","meta":{"_expiration-date-status":"","_expiration-date":0,"_expiration-date-type":"","_expiration-date-categories":[],"_expiration-date-options":[]},"acf":[],"_links":{"self":[{"href":"https:\/\/us.edu.pl\/szkola-doktorska\/en\/wp-json\/wp\/v2\/pages\/13967"}],"collection":[{"href":"https:\/\/us.edu.pl\/szkola-doktorska\/en\/wp-json\/wp\/v2\/pages"}],"about":[{"href":"https:\/\/us.edu.pl\/szkola-doktorska\/en\/wp-json\/wp\/v2\/types\/page"}],"author":[{"embeddable":true,"href":"https:\/\/us.edu.pl\/szkola-doktorska\/en\/wp-json\/wp\/v2\/users\/205"}],"replies":[{"embeddable":true,"href":"https:\/\/us.edu.pl\/szkola-doktorska\/en\/wp-json\/wp\/v2\/comments?post=13967"}],"version-history":[{"count":0,"href":"https:\/\/us.edu.pl\/szkola-doktorska\/en\/wp-json\/wp\/v2\/pages\/13967\/revisions"}],"up":[{"embeddable":true,"href":"https:\/\/us.edu.pl\/szkola-doktorska\/en\/wp-json\/wp\/v2\/pages\/7779"}],"wp:attachment":[{"href":"https:\/\/us.edu.pl\/szkola-doktorska\/en\/wp-json\/wp\/v2\/media?parent=13967"}],"curies":[{"name":"wp","href":"https:\/\/api.w.org\/{rel}","templated":true}]}}