{"id":14511,"date":"2025-03-18T11:28:50","date_gmt":"2025-03-18T10:28:50","guid":{"rendered":"https:\/\/us.edu.pl\/szkola-doktorska\/?page_id=14511"},"modified":"2026-03-12T10:25:11","modified_gmt":"2026-03-12T09:25:11","slug":"wyniki-oceny-srodokresowej-doktorantow-ktorzy-rozpoczeli-ksztalcenie-w-latach-2022-2023","status":"publish","type":"page","link":"https:\/\/us.edu.pl\/szkola-doktorska\/en\/wyniki-oceny-srodokresowej-doktorantow-ktorzy-rozpoczeli-ksztalcenie-w-latach-2022-2023\/","title":{"rendered":"(Polski) Wyniki oceny \u015br\u00f3dokresowej doktorant\u00f3w, kt\u00f3rzy rozpocz\u0119li kszta\u0142cenie w latach 2022\/2023"},"content":{"rendered":"<p class=\"qtranxs-available-languages-message qtranxs-available-languages-message-en\">Sorry, this entry is only available in <a href=\"https:\/\/us.edu.pl\/szkola-doktorska\/pl\/wp-json\/wp\/v2\/pages\/14511\" class=\"qtranxs-available-language-link qtranxs-available-language-link-pl\" title=\"Polski\">Polish<\/a>.<\/p>","protected":false},"excerpt":{"rendered":"<p>Sorry, this entry is only available in Polish. [&#8230;]<\/p>\n<p><a class=\"btn btn-secondary understrap-read-more-link\" href=\"https:\/\/us.edu.pl\/szkola-doktorska\/en\/wyniki-oceny-srodokresowej-doktorantow-ktorzy-rozpoczeli-ksztalcenie-w-latach-2022-2023\/\">Read More&#8230;<\/a><\/p>\n","protected":false},"author":205,"featured_media":0,"parent":0,"menu_order":0,"comment_status":"closed","ping_status":"closed","template":"","meta":{"_expiration-date-status":"","_expiration-date":0,"_expiration-date-type":"","_expiration-date-categories":[],"_expiration-date-options":[]},"acf":[],"_links":{"self":[{"href":"https:\/\/us.edu.pl\/szkola-doktorska\/en\/wp-json\/wp\/v2\/pages\/14511"}],"collection":[{"href":"https:\/\/us.edu.pl\/szkola-doktorska\/en\/wp-json\/wp\/v2\/pages"}],"about":[{"href":"https:\/\/us.edu.pl\/szkola-doktorska\/en\/wp-json\/wp\/v2\/types\/page"}],"author":[{"embeddable":true,"href":"https:\/\/us.edu.pl\/szkola-doktorska\/en\/wp-json\/wp\/v2\/users\/205"}],"replies":[{"embeddable":true,"href":"https:\/\/us.edu.pl\/szkola-doktorska\/en\/wp-json\/wp\/v2\/comments?post=14511"}],"version-history":[{"count":0,"href":"https:\/\/us.edu.pl\/szkola-doktorska\/en\/wp-json\/wp\/v2\/pages\/14511\/revisions"}],"wp:attachment":[{"href":"https:\/\/us.edu.pl\/szkola-doktorska\/en\/wp-json\/wp\/v2\/media?parent=14511"}],"curies":[{"name":"wp","href":"https:\/\/api.w.org\/{rel}","templated":true}]}}