{"id":23796,"date":"2025-11-10T17:46:18","date_gmt":"2025-11-10T16:46:18","guid":{"rendered":"https:\/\/us.edu.pl\/szkola-doktorska\/?page_id=23796"},"modified":"2025-12-12T11:18:02","modified_gmt":"2025-12-12T10:18:02","slug":"zwiekszenie-stypendium-doktoranckiego-reguly-2025-2026","status":"publish","type":"page","link":"https:\/\/us.edu.pl\/szkola-doktorska\/en\/stypendium-doktoranckie-w-szkole-doktorskiej\/zwiekszenie-stypendium-doktoranckiego-reguly-2025-2026\/","title":{"rendered":"Increasing the doctoral scholarship &#8211; rules 2025\/2026"},"content":{"rendered":"<p>[vc_row][vc_column]\r\n                <div class=\"text-modules\">\r\n                    <div class=\"container\">\r\n                        <h3 class=\"page-title text__title\">Increasing the doctoral scholarship in the academic year 2025\/2026 - rules<\/h3>\r\n                        <div class=\"text-modules__content\"><p><a href=\"https:\/\/us.edu.pl\/szkola-doktorska\/wp-content\/uploads\/sites\/50\/stypendium\/zwiekszenie-2025\/Regulations_Doctoral_Scholarship_Increase-IDB-2025.pdf\" class=\"mtli_attachment mtli_pdf\" class=\"mtli_attachment mtli_pdf\">Regulations_Doctoral_Scholarship_Increase IDB 2025<\/a><\/p>\n<p>[appendixes 1 and 2 will be published soon in translation]<\/p>\n<p><a href=\"https:\/\/us.edu.pl\/szkola-doktorska\/wp-content\/uploads\/sites\/50\/stypendium\/zwiekszenie-2025\/zalacznik-nr-1-do-zalacznika-nr-3.pdf\" class=\"mtli_attachment mtli_pdf\" class=\"mtli_attachment mtli_pdf\">za\u0142\u0105cznik nr 1<\/a> &#8211; Kryteria oceny osi\u0105gni\u0119\u0107 doktorant\u00f3w<\/p>\n<p><a href=\"https:\/\/us.edu.pl\/szkola-doktorska\/wp-content\/uploads\/sites\/50\/prawo\/zalacznik-nr-2-do-zalacznika-nr-3.pdf\" class=\"mtli_attachment mtli_pdf\" data-mtli=\"mtli_filesize19428kB\" class=\"mtli_attachment mtli_pdf\" data-mtli=\"mtli_filesize19428kB\">za\u0142\u0105cznik nr 2<\/a>\u00a0&#8211; Kryteria zakwalifikowania dorobku doktorant\u00f3w w dziedzinie sztuki do wy\u017cszych kategorii punktowych<\/p>\n<style type=\"text\/css\">a[data-mtli~=\"mtli_filesize19428kB\"]:after {content:\" (194.28 kB)\"}<\/style><\/div>\r\n                    <\/div>\r\n                <\/div>[\/vc_column][\/vc_row]<\/p>\n<style type=\"text\/css\">a[data-mtli~=\"mtli_filesize17899kB\"]:after {content:\" (178.99 kB)\"}a[data-mtli~=\"mtli_filesize23886kB\"]:after {content:\" (238.86 kB)\"}a[data-mtli~=\"mtli_filesize19428kB\"]:after {content:\" (194.28 kB)\"}<\/style>","protected":false},"excerpt":{"rendered":"<p>[vc_row][vc_column][\/vc_column][\/vc_row] [&#8230;]<\/p>\n<p><a class=\"btn btn-secondary understrap-read-more-link\" href=\"https:\/\/us.edu.pl\/szkola-doktorska\/en\/stypendium-doktoranckie-w-szkole-doktorskiej\/zwiekszenie-stypendium-doktoranckiego-reguly-2025-2026\/\">Read More&#8230;<\/a><\/p>\n","protected":false},"author":42,"featured_media":0,"parent":8923,"menu_order":0,"comment_status":"closed","ping_status":"closed","template":"page-templates\/page-with-sidebar.php","meta":{"_expiration-date-status":"","_expiration-date":0,"_expiration-date-type":"","_expiration-date-categories":[],"_expiration-date-options":[]},"acf":[],"_links":{"self":[{"href":"https:\/\/us.edu.pl\/szkola-doktorska\/en\/wp-json\/wp\/v2\/pages\/23796"}],"collection":[{"href":"https:\/\/us.edu.pl\/szkola-doktorska\/en\/wp-json\/wp\/v2\/pages"}],"about":[{"href":"https:\/\/us.edu.pl\/szkola-doktorska\/en\/wp-json\/wp\/v2\/types\/page"}],"author":[{"embeddable":true,"href":"https:\/\/us.edu.pl\/szkola-doktorska\/en\/wp-json\/wp\/v2\/users\/42"}],"replies":[{"embeddable":true,"href":"https:\/\/us.edu.pl\/szkola-doktorska\/en\/wp-json\/wp\/v2\/comments?post=23796"}],"version-history":[{"count":6,"href":"https:\/\/us.edu.pl\/szkola-doktorska\/en\/wp-json\/wp\/v2\/pages\/23796\/revisions"}],"predecessor-version":[{"id":23976,"href":"https:\/\/us.edu.pl\/szkola-doktorska\/en\/wp-json\/wp\/v2\/pages\/23796\/revisions\/23976"}],"up":[{"embeddable":true,"href":"https:\/\/us.edu.pl\/szkola-doktorska\/en\/wp-json\/wp\/v2\/pages\/8923"}],"wp:attachment":[{"href":"https:\/\/us.edu.pl\/szkola-doktorska\/en\/wp-json\/wp\/v2\/media?parent=23796"}],"curies":[{"name":"wp","href":"https:\/\/api.w.org\/{rel}","templated":true}]}}