{"id":24044,"date":"2025-12-11T10:59:06","date_gmt":"2025-12-11T09:59:06","guid":{"rendered":"https:\/\/us.edu.pl\/szkola-doktorska\/?page_id=24044"},"modified":"2025-12-18T12:30:56","modified_gmt":"2025-12-18T11:30:56","slug":"wyniki-konkursu-na-zwiekszenie-stypendium-doktoranckiego-w-roku-akademickim-2025-2026","status":"publish","type":"page","link":"https:\/\/us.edu.pl\/szkola-doktorska\/en\/stypendium-doktoranckie-w-szkole-doktorskiej\/wyniki-konkursu-na-zwiekszenie-stypendium-doktoranckiego-w-roku-akademickim-2025-2026\/","title":{"rendered":"Results of the competition to increase the doctoral scholarship in the academic year 2025\/2026"},"content":{"rendered":"<p>[vc_row][vc_column]\r\n                <div class=\"text-modules\">\r\n                    <div class=\"container\">\r\n                        <h3 class=\"page-title text__title\">Results of the competition to increase the doctoral scholarship in the academic year 2025\/2026<\/h3>\r\n                        <div class=\"text-modules__content\"><p>The competition committee appointed by the Dean of the Doctoral School on December 9, 2025, reviewed applications from doctoral students from doctoral schools at the University of Silesia in Katowice in the competition for an increase in doctoral scholarships for the 2025\/2026 academic year. After considering all applications, the committee decided to award increased doctoral scholarships to 33 doctoral students:<\/p>\n<p><strong>International Environmental Doctoral School<\/strong><\/p>\n<p>Year II<\/p>\n<p>Hieu Tran<br \/>\nNatalia \u0141atacz<\/p>\n<p>Year III<\/p>\n<p>Marta Woszczycka<\/p>\n<p>Year IV<\/p>\n<p>Dawid Saferna<\/p>\n<p><strong>Doctoral School<\/strong><br \/>\nHumanities, Theology, and the Arts<\/p>\n<p>Year II<\/p>\n<p>Weronika Paszek<br \/>\nAleksandra S\u0119d\u0142akowska<br \/>\nSylwia Zazulak<\/p>\n<p>Year III<\/p>\n<p>Natalia Koniarz<br \/>\nDorota Ko\u0142odziej<br \/>\nKarolina Kmita<br \/>\nTomasz Noco\u0144<\/p>\n<p>Year IV<\/p>\n<p>Maciej Mazur<br \/>\nBat\u0142omiej Bielas<br \/>\nAleksandra Ry\u015b<\/p>\n<p>Social Sciences,<\/p>\n<p>Year II<\/p>\n<p>Dariusz Niedba\u0142a<br \/>\nMonika Lisiecka<br \/>\nPaulina Kandzia<br \/>\nPatryk Leks<br \/>\nSocial Sciences,<\/p>\n<p>Year III<\/p>\n<p>Zuzanna Schneider<br \/>\nAri Nowacki<br \/>\n\u0141ukasz Hawrylak<\/p>\n<p>Year 4<\/p>\n<p>Miko\u0142aj Pietrzyk<\/p>\n<p>Exact and Natural Sciences, Engineering and Technology<\/p>\n<p>Year 2<\/p>\n<p>Pawe\u0142 Kalarus<br \/>\nAnna Kryczka<br \/>\nHina Schimomai<br \/>\nAgnieszka Krawiec<\/p>\n<p>Year 3<\/p>\n<p>Karolina \u017b\u00f3\u0142kiewicz<br \/>\nSoorya Koymeth<br \/>\nMa\u0142gorzata Soko\u0142owska<br \/>\nAgata Kumor<\/p>\n<p>Year 4<\/p>\n<p>Mateusz Wi\u015bniewski<br \/>\nLuiza Orszulak<br \/>\nPrzemys\u0142aw Roma\u0144ski<\/p>\n<\/div>\r\n                    <\/div>\r\n                <\/div>[\/vc_column][\/vc_row][vc_row][vc_column]\r\n                <div class=\"text-modules\">\r\n                    <div class=\"container\">\r\n                        \r\n                        <div class=\"text-modules__content\"><p>Payment will be made in December, with balances for October and November 2025.<\/p>\n<p>Those who submitted applications and were not awarded a scholarship will be informed electronically of the reason for their non-receipt (the number of points received in each category and the point threshold) by January 15, 2026.<\/p>\n<\/div>\r\n                    <\/div>\r\n                <\/div>[\/vc_column][\/vc_row]<\/p>","protected":false},"excerpt":{"rendered":"<p>[vc_row][vc_column][\/vc_column][\/vc_row][vc_row][vc_column][\/vc_column][\/vc_row] [&#8230;]<\/p>\n<p><a class=\"btn btn-secondary understrap-read-more-link\" href=\"https:\/\/us.edu.pl\/szkola-doktorska\/en\/stypendium-doktoranckie-w-szkole-doktorskiej\/wyniki-konkursu-na-zwiekszenie-stypendium-doktoranckiego-w-roku-akademickim-2025-2026\/\">Read More&#8230;<\/a><\/p>\n","protected":false},"author":205,"featured_media":0,"parent":8923,"menu_order":0,"comment_status":"closed","ping_status":"closed","template":"page-templates\/page-with-sidebar.php","meta":{"_expiration-date-status":"","_expiration-date":0,"_expiration-date-type":"","_expiration-date-categories":[],"_expiration-date-options":[]},"acf":[],"_links":{"self":[{"href":"https:\/\/us.edu.pl\/szkola-doktorska\/en\/wp-json\/wp\/v2\/pages\/24044"}],"collection":[{"href":"https:\/\/us.edu.pl\/szkola-doktorska\/en\/wp-json\/wp\/v2\/pages"}],"about":[{"href":"https:\/\/us.edu.pl\/szkola-doktorska\/en\/wp-json\/wp\/v2\/types\/page"}],"author":[{"embeddable":true,"href":"https:\/\/us.edu.pl\/szkola-doktorska\/en\/wp-json\/wp\/v2\/users\/205"}],"replies":[{"embeddable":true,"href":"https:\/\/us.edu.pl\/szkola-doktorska\/en\/wp-json\/wp\/v2\/comments?post=24044"}],"version-history":[{"count":7,"href":"https:\/\/us.edu.pl\/szkola-doktorska\/en\/wp-json\/wp\/v2\/pages\/24044\/revisions"}],"predecessor-version":[{"id":24218,"href":"https:\/\/us.edu.pl\/szkola-doktorska\/en\/wp-json\/wp\/v2\/pages\/24044\/revisions\/24218"}],"up":[{"embeddable":true,"href":"https:\/\/us.edu.pl\/szkola-doktorska\/en\/wp-json\/wp\/v2\/pages\/8923"}],"wp:attachment":[{"href":"https:\/\/us.edu.pl\/szkola-doktorska\/en\/wp-json\/wp\/v2\/media?parent=24044"}],"curies":[{"name":"wp","href":"https:\/\/api.w.org\/{rel}","templated":true}]}}