{"id":24568,"date":"2026-02-13T13:50:27","date_gmt":"2026-02-13T12:50:27","guid":{"rendered":"https:\/\/us.edu.pl\/szkola-doktorska\/?page_id=24568"},"modified":"2026-02-13T13:59:43","modified_gmt":"2026-02-13T12:59:43","slug":"program","status":"publish","type":"page","link":"https:\/\/us.edu.pl\/szkola-doktorska\/en\/ster\/seasonal-schools\/beyond-barriers\/program\/","title":{"rendered":"Program"},"content":{"rendered":"<p>[vc_row][vc_column]\r\n                <div class=\"text-modules \">\r\n                    <div class=\"container\">\r\n                         \r\n                        <div class=\"row m-0\">\r\n                            <div class=\"text-modules__content\">\r\n                                <\/p>\n<p style=\"text-align: center;\"><span style=\"font-size: 36pt; font-family: arial, helvetica, sans-serif;\">PROGRAM<\/span><\/p>\n<p style=\"text-align: center;\"><span style=\"font-size: 24pt; font-family: arial, helvetica, sans-serif;\">BEYOND BARRIERS<\/span><\/p>\n<p style=\"text-align: center;\"><span style=\"font-size: 24pt; font-family: arial, helvetica, sans-serif;\">the Role of Social Sciences in building Accessibility<\/span><\/p>\n<p style=\"text-align: center;\"><span style=\"font-size: 24pt; font-family: arial, helvetica, sans-serif;\">08.06.2026 &#8211; 12.06 2026<\/span><\/p>\n<div class=\"mt-3\"><\/div>\r\n                            <\/div>\r\n                            \r\n                            <div class=\"text-modules__img\"><img src=\"https:\/\/us.edu.pl\/szkola-doktorska\/wp-content\/uploads\/sites\/50\/STER\/Ilustracja_250x250-bez-tla.png\" alt=\"img\"><\/div>\r\n                        <\/div>\r\n                    <\/div>\r\n                <\/div>\r\n                <div class=\"text-modules\">\r\n                    <div class=\"container\">\r\n                        <h3 class=\"page-title text__title\">Main Blocks<\/h3>\r\n                        <div class=\"text-modules__content\"><p>Each participant take part in one main block (15 hours)<\/p>\n<p>A: Accessibility of Public Utility Institutions: Field Research, Analysis of Good Practices, and the Search for New Solutions \u2013 A Case Study of the Silesian Museum in Katowice<\/p>\n<p>B: Inclusive education as a process of change \u2014 new challenges, practices, and paradoxes<\/p>\n<\/div>\r\n                    <\/div>\r\n                <\/div><div class=\"container\"><div class=\"separator\" style=\"background-color: #EBEBEB\"><\/div><\/div>\r\n                <div class=\"text-modules \">\r\n                    <div class=\"container\">\r\n                        <h3 class=\"section-title section-title_border-bottom\">Block A: Accessibility of Public Utility Institutions: Field Research, Analysis of Good Practices, and the Search for New Solutions \u2013 A Case Study of the Silesian Museum in Katowice<\/h3> <h3 class=\"subtitle text-modules__subtitle\">\u0141ukasz \u0141ata (HPI d-school, University of Potsdam, Germany), Magdalena Christ (Univesity of Silesia in Katowice, Poland)<\/h3>\r\n                        <div class=\"row m-0\">\r\n                            <div class=\"text-modules__content\">\r\n                                The main theme of the International Seasonal School for PhD candidates and social science students is the challenges faced by the social sciences in fostering accessibility, inclusion, and participation in contemporary societies.<\/p>\n<p>In this year\u2019s Summer School, we will collaborate with the <strong>Silesian Museum<\/strong>, which will provide <strong>a real-life case study<\/strong> on how to address accessibility in practice. The museum is an excellent example of how accessibility can be implemented within a public institution. In addition to being a modern space designed to accommodate people with physical disabilities, the museum has taken accessibility a step further through its \u201cMuseum for Dementia\u201d project. As part of this initiative, the museum has not only adapted its physical environment but has also developed activities specifically designed for visitors with dementia. <strong>Our collaboration and visit will enable students to learn about contemporary best practices and draw inspiration for developing solutions that respond to the needs of diverse stakeholders.<\/strong><\/p>\n<p>During our 15-hour thematic block, students will gain <strong>hands-on experience<\/strong> with the <strong>human-centred design process<\/strong>. We will explore what accessibility means in practice and how different individuals may interpret and experience accessibility in different ways.<\/p>\n<p>The workshops are structured around the <strong>Design Thinking<\/strong> process and <strong>practical<\/strong> <strong>engagement<\/strong>. Through fieldwork (including a visit to the museum), <strong>participants will develop empathy, learn observation techniques, interpret data, and generate potential solutions<\/strong>. Students will also have the opportunity to \u201cget their hands dirty\u201d by <strong>building and testing their own prototypes<\/strong>.<\/p>\n<p>Throughout this process, participants will be supported by mentors who will provide guidance and feedback. At the end of the course, students will develop a low-fidelity prototype and pitch it to the rest of the group. <strong><em>This is a dynamic and practical workshop that goes beyond traditional classroom learning.<\/em><\/strong><\/p>\n<p><strong>Detailed objectives of the thematic block include:<\/strong><\/p>\n<ul>\n<li>Introduction to the Design Thinking method (mindsets and tools)<\/li>\n<li>Learning how to work in an interdisciplinary design team<\/li>\n<li>Understanding the principles of user research<\/li>\n<li>Learning how to interpret data and translate it into insights<\/li>\n<li>Developing brainstorming and idea-generation techniques<\/li>\n<li>Building and testing a prototype with end users<\/li>\n<li>Learning how to collect and use feedback effectively<\/li>\n<\/ul>\n<p>Learning how to pitch an idea clearly and persuasively \r\n                                <div class=\"mt-3\"><\/div>\r\n                            <\/div>\r\n                            \r\n                            \r\n                        <\/div>\r\n                    <\/div>\r\n                <\/div>\r\n                <div class=\"text-modules \">\r\n                    <div class=\"container\">\r\n                        <h3 class=\"section-title section-title_border-bottom\">Block B: Inclusive education as a process of change \u2014 new challenges, practices, and paradoxes<\/h3> <h3 class=\"subtitle text-modules__subtitle\">Salom\u0117ja Karasevi\u010di\u016bt\u0117 (Kauno Kolegija Higher Education Institution, Lithuania), Tomasz Kasprzak (University of Silesia in Katowice, Poland)<\/h3>\r\n                        <div class=\"row m-0\">\r\n                            <div class=\"text-modules__content\">\r\n                                Inclusive education is currently one of the key directions in the development of contemporary education systems. It assumptions go beyond the integration of students with special educational needs, encompassing a broader understanding of diversity, equality, and social justice. In recent years, hoverer, we have observed significant changes in the ways inclusive education is conceptualized and implemented-both at the level of public policies, educational institutions, and everyday school practices. This thematic block is devoted to the analysis of transformation within inclusive education, including tensions between declared values and their implementation in practice, new forms of exclusion emerging with inclusion, as well as the redefinition of the roles of teachers, specialists, students, and families, examined through the lens of post-socialist disability studies. Special attention will be given to critical, interdisciplinary, and empirical approaches to inclusive education. The thematic block invites contributions addressing inclusive education as a dynamic and contested process of change. We particularly welcome papers engaging with the following areas (<u>the list is not exhaustive<\/u>):<\/p>\n<ul>\n<li>inclusive education in post-socialist and Central and Eastern European contexts;<\/li>\n<li>everyday school practices and lived experiences of inclusion and exclusion;<\/li>\n<li>inclusive education from a disability studies perspective;<\/li>\n<li>critical and empirical studies of \u201cinclusive\u201d reforms and their consequences;<\/li>\n<li>teachers\u2019 work, emotions, and professional identities in inclusive education<\/li>\n<\/ul>\n<p>&nbsp;<\/p>\n<p>More information about the project: <a href=\"https:\/\/inclusiveeducation.us.edu.pl\">https:\/\/inclusiveeducation.us.edu.pl<\/a> \r\n                                <div class=\"mt-3\"><\/div>\r\n                            <\/div>\r\n                            \r\n                            \r\n                        <\/div>\r\n                    <\/div>\r\n                <\/div><div class=\"container\"><div class=\"separator\" style=\"background-color: #EBEBEB\"><\/div><\/div>\r\n                <div class=\"text-modules\">\r\n                    <div class=\"container\">\r\n                        <h3 class=\"page-title text__title\">Additional Workshops<\/h3>\r\n                        <div class=\"text-modules__content\"><p>Each participant may also choose one additional workshop (3 hours)<\/p>\n<ol>\n<li>My Research Journey Revisited: Researcher Reflexivity and Care Networks in Fieldwork.<\/li>\n<li>Immersed in Disability \u2014 Living Lab Workshops.<\/li>\n<li>&#8220;Crip-proof&#8221; your methodology and improve the accessibility of your academic publications.<\/li>\n<li>Beyond Vision and Sound: Exploring Sign Language in d\/Deaf Communication<\/li>\n<\/ol>\n<p>\n<\/div>\r\n                    <\/div>\r\n                <\/div><div class=\"container\"><div class=\"separator\" style=\"background-color: #EBEBEB\"><\/div><\/div>\r\n                <div class=\"text-modules \">\r\n                    <div class=\"container\">\r\n                        <h3 class=\"section-title section-title_border-bottom\">Workshop 1: My Research Journey Revisited: Researcher Reflexivity and Care Networks in Fieldwork<\/h3> <h3 class=\"subtitle text-modules__subtitle\">dr Zuzanna Neuve-\u00c9glise<\/h3>\r\n                        <div class=\"row m-0\">\r\n                            <div class=\"text-modules__content\">\r\n                                Fieldwork can be exciting, demanding, and sometimes disorienting \u2013 especially when navigating complex relationships, ethical dilemmas and personal expectations. This interactive workshop offers MA and PhD students a supportive space to pause and reflect on their own research journeys, focusing on how their experiences, identities and networks shape the way they conduct research.<\/p>\n<p>Drawing on concepts of reflexivity and positionality in qualitative and ethnographic research, the workshop encourages participants to explore their motivations, challenges and resources. Particular attention will be given to research involving vulnerable or marginalized communities, where awareness of one\u2019s role and relationships becomes essential for responsible knowledge production.<\/p>\n<p>Through guided activities, collaborative mapping exercise and small-group dialogue, participants will examine their fieldwork experiences, identify sources of support and constraint, and discuss strategies for navigating uncertainty. The workshop also introduces the idea of \u201ccare networks\u201d \u2013 the personal, professional and institutional relationships that sustain researchers throughout their projects.<\/p>\n<p>Participants will leave with practical tools for reflective practice, greater confidence in managing research complexities and new perspectives gained through peer exchange and collective learning. \r\n                                <div class=\"mt-3\"><\/div>\r\n                            <\/div>\r\n                            \r\n                            \r\n                        <\/div>\r\n                    <\/div>\r\n                <\/div>\r\n                <div class=\"text-modules \">\r\n                    <div class=\"container\">\r\n                        <h3 class=\"section-title section-title_border-bottom\">Workshop 2: Immersed in Disability \u2014 Living Lab Workshops<\/h3> <h3 class=\"subtitle text-modules__subtitle\">Dr hab. Grzegorz Gawron, Prof. U\u015a<\/h3>\r\n                        <div class=\"row m-0\">\r\n                            <div class=\"text-modules__content\">\r\n                                If you are looking for a meaningful and engaging learning experience, these living lab workshops invite you to step into a specially designed creative environment of the Universal Design Laboratory operating within the Universal Design Centre at the University of Silesia (CPU\u015a). Here, you can explore accessibility and inclusion using state-of-the-art simulation technologies, including VR tools, alongside resources that support participation of people with disabilities in social life.<\/p>\n<p>By taking part, you will have the opportunity to immerse yourself in interactive, experience-based activities that encourage reflection on the everyday realities faced by people with disabilities and individuals with special needs. You can explore diverse perspectives, engage with innovative tools, and consider how inclusive environments and services can be developed in practice.<\/p>\n<p>If you want to strengthen your empathy and awareness in the context of accessibility and universal design, you too can join this collaborative and reflective workshop setting. It is an opportunity to exchange ideas, experiment creatively, and connect social understanding with hands-on experience in an inspiring and supportive environment. \r\n                                <div class=\"mt-3\"><\/div>\r\n                            <\/div>\r\n                            \r\n                            \r\n                        <\/div>\r\n                    <\/div>\r\n                <\/div>\r\n                <div class=\"text-modules \">\r\n                    <div class=\"container\">\r\n                        <h3 class=\"section-title section-title_border-bottom\">Workshop 3: ``Crip-proof`` your methodology and improve the accessibility of your academic publications<\/h3> <h3 class=\"subtitle text-modules__subtitle\">mgr Anna Nawrot<\/h3>\r\n                        <div class=\"row m-0\">\r\n                            <div class=\"text-modules__content\">\r\n                                Higher education often functions as an &#8220;ivory tower&#8221; supported by &#8220;steep steps&#8221; (Dolmage, 2017) that more than filters individuals; it fundamentally skews knowledge production, deepening discrimination against those excluded its processes. When research methodologies lack accessibility, social studies fail to be genuinely representative, instead presenting a narrow perspective derived almost exclusively from able-bodied demographic. Further, publications that are incompatible with assistive technologies violate &#8220;open access&#8221; principles and contribute to disability injustice.<\/p>\n<p>This workshop reframes accessibility as a fundamental human right, moving beyond the &#8220;retrofit&#8221; model (Dolmage, 2017) toward proactive Universal Design (Mace, 1985). You will be exposed to practical skills in critical methodology while to identify barriers, and create more widely accessible research. You will learn to design communication that is accessible to not native speakers and people with cognitive, visual, and hearing disabilities.<\/p>\n<p>The workshop focuses on digital accessibility, equipping you with technical tools to ensure your findings\u2014from data visualizations to publications\u2014 can be universally accessed and understood . By applying international standards and technical specifications (WCAG 2.2, EN 301\u00a0549, APA 7 Style), you will learn to dismantle &#8220;ableist apologia\u201d (Dolmage, 2017). This hands-on lab transforms academic practice into a commitment to representation and disability justice, facilitating research outcomes that can be both academically rigorous and accessible to the widest possible audiences. \r\n                                <div class=\"mt-3\"><\/div>\r\n                            <\/div>\r\n                            \r\n                            \r\n                        <\/div>\r\n                    <\/div>\r\n                <\/div>\r\n                <div class=\"text-modules \">\r\n                    <div class=\"container\">\r\n                        <h3 class=\"section-title section-title_border-bottom\">Workshop 4: Beyond Vision and Sound: Exploring Sign Language in d\/Deaf Communication<\/h3> <h3 class=\"subtitle text-modules__subtitle\">dr Tomasz Kasprzak<\/h3>\r\n                        <div class=\"row m-0\">\r\n                            <div class=\"text-modules__content\">\r\n                                [to be announced] \r\n                                <div class=\"mt-3\"><\/div>\r\n                            <\/div>\r\n                            \r\n                            \r\n                        <\/div>\r\n                    <\/div>\r\n                <\/div>[\/vc_column][\/vc_row][vc_row][vc_column]\r\n                <div class=\"text-modules \">\r\n                    <div class=\"container\">\r\n                         \r\n                        <div class=\"row m-0\">\r\n                            <div class=\"text-modules__content\">\r\n                                The activity is co-financed by the project\u00a0<strong>International from the beginning \u2013 wsparcie umi\u0119dzynarodowienia<\/strong>\u00a0financed by the\u00a0<strong>National Agency for Academic Exchange<\/strong>\u00a0under the STER Programme.<\/p>\n<p>More:\u00a0<a href=\"https:\/\/us.edu.pl\/szkola-doktorska\/en\/ster\/\">https:\/\/us.edu.pl\/szkola-doktorska\/en\/ster\/<\/a> \r\n                                <div class=\"mt-3\"><\/div>\r\n                            <\/div>\r\n                            \r\n                            <div class=\"text-modules__img\"><img src=\"https:\/\/us.edu.pl\/szkola-doktorska\/wp-content\/uploads\/sites\/50\/STER\/K1_logo_dopuszcz_wers_podstawowa_EN_RGB-02-300x84.png\" alt=\"img\"><\/div>\r\n                        <\/div>\r\n                    <\/div>\r\n                <\/div>[\/vc_column][\/vc_row]<\/p>","protected":false},"excerpt":{"rendered":"<p>[vc_row][vc_column][\/vc_column][\/vc_row][vc_row][vc_column][\/vc_column][\/vc_row] [&#8230;]<\/p>\n<p><a class=\"btn btn-secondary understrap-read-more-link\" href=\"https:\/\/us.edu.pl\/szkola-doktorska\/en\/ster\/seasonal-schools\/beyond-barriers\/program\/\">Read More&#8230;<\/a><\/p>\n","protected":false},"author":42,"featured_media":0,"parent":24484,"menu_order":0,"comment_status":"closed","ping_status":"closed","template":"page-templates\/page-with-sidebar.php","meta":{"_expiration-date-status":"","_expiration-date":0,"_expiration-date-type":"","_expiration-date-categories":[],"_expiration-date-options":[]},"acf":[],"_links":{"self":[{"href":"https:\/\/us.edu.pl\/szkola-doktorska\/en\/wp-json\/wp\/v2\/pages\/24568"}],"collection":[{"href":"https:\/\/us.edu.pl\/szkola-doktorska\/en\/wp-json\/wp\/v2\/pages"}],"about":[{"href":"https:\/\/us.edu.pl\/szkola-doktorska\/en\/wp-json\/wp\/v2\/types\/page"}],"author":[{"embeddable":true,"href":"https:\/\/us.edu.pl\/szkola-doktorska\/en\/wp-json\/wp\/v2\/users\/42"}],"replies":[{"embeddable":true,"href":"https:\/\/us.edu.pl\/szkola-doktorska\/en\/wp-json\/wp\/v2\/comments?post=24568"}],"version-history":[{"count":5,"href":"https:\/\/us.edu.pl\/szkola-doktorska\/en\/wp-json\/wp\/v2\/pages\/24568\/revisions"}],"predecessor-version":[{"id":24641,"href":"https:\/\/us.edu.pl\/szkola-doktorska\/en\/wp-json\/wp\/v2\/pages\/24568\/revisions\/24641"}],"up":[{"embeddable":true,"href":"https:\/\/us.edu.pl\/szkola-doktorska\/en\/wp-json\/wp\/v2\/pages\/24484"}],"wp:attachment":[{"href":"https:\/\/us.edu.pl\/szkola-doktorska\/en\/wp-json\/wp\/v2\/media?parent=24568"}],"curies":[{"name":"wp","href":"https:\/\/api.w.org\/{rel}","templated":true}]}}