{"id":25251,"date":"2026-03-18T14:02:08","date_gmt":"2026-03-18T13:02:08","guid":{"rendered":"https:\/\/us.edu.pl\/szkola-doktorska\/?page_id=25251"},"modified":"2026-04-09T15:03:55","modified_gmt":"2026-04-09T13:03:55","slug":"seminaria-obszarowe-doktorantow-w-roku-akademickim-2025-2026","status":"publish","type":"page","link":"https:\/\/us.edu.pl\/szkola-doktorska\/en\/seminaria-obszarowe-doktorantow-w-roku-akademickim-2025-2026\/","title":{"rendered":"Seminaria obszarowe doktorant\u00f3w w roku akademickim 2025\/2026"},"content":{"rendered":"<p>[vc_row][vc_column]\r\n                <div class=\"text-modules \">\r\n                    <div class=\"container\">\r\n                        <h3 class=\"section-title section-title_border-bottom\">Seminaria obszarowe doktorant\u00f3w w roku akademickim 2025\/2026<\/h3> \r\n                        <div class=\"row m-0\">\r\n                            <div class=\"text-modules__content\">\r\n                                Szko\u0142a Doktorska inicjuje cykl seminari\u00f3w, na kt\u00f3rych doktoranci ostatniego roku prezentuj\u0105 swoje projekty doktorskie. Seminaria maj\u0105 charakter otwarty \u2013 do udzia\u0142u w nich zapraszamy ca\u0142\u0105 spo\u0142eczno\u015b\u0107 akademick\u0105. Szczeg\u00f3lnie zach\u0119camy do uczestnictwa pracownik\u00f3w naukowych wydzia\u0142\u00f3w, na kt\u00f3rych doktoranci realizuj\u0105 swoje projekty doktorskie, oraz student\u00f3w zainteresowanych kszta\u0142ceniem w Szkole Doktorskiej.<\/p>\n<p>Obowi\u0105zek uczestnictwa w seminarium obszarowym wynika z\u00a0<a href=\"https:\/\/us.edu.pl\/szkola-doktorska\/program-ksztalcenia\/\">Programu kszta\u0142cenia w Szkole Doktorskiej<\/a>.<\/p>\n<p>Zasady realizacji seminari\u00f3w okre\u015bla zarz\u0105dzenie dziekana SD:\u00a0<a class=\"mtli_attachment mtli_pdf mtli_attachment mtli_pdf\" href=\"https:\/\/us.edu.pl\/szkola-doktorska\/wp-content\/uploads\/sites\/50\/prawo\/zarzadzenia-dziekana\/2023\/zarzadzenie-nr-10-2023-seminarium-obszarowe.pdf\" data-mtli=\"mtli_filesize20780kB\" data-mtli=\"mtli_filesize207,80kB\">zarz\u0105dzenie nr 10-2023 \u2013 seminarium obszarowe<\/a>\u00a0\u2013 prosimy doktorant\u00f3w 4. roku o zapoznanie si\u0119 z tymi zasadami.<\/p>\n<p>Inicjatywa w organizacji seminarium jest po stronie doktorant\u00f3w. Ustalone sk\u0142ady, tematy i harmonogram nale\u017cy przes\u0142a\u0107 do Szko\u0142y Doktorskiej za po\u015brednictwem formularza udost\u0119pnionego poni\u017cej. Prosimy o wype\u0142nienie formularza wszystkich doktorant\u00f3w IV roku, tak\u017ce tych, kt\u00f3rzy odbyli seminarium ju\u017c wcze\u015bniej albo uzyskali zaliczenie tego obowi\u0105zku w innej formie \u2013 odpowiedni\u0105 informacj\u0119 nale\u017cy wtedy wpisa\u0107 w rubryce \u201eHarmonogram seminarium\u201d. \r\n                                <div class=\"mt-3\"><\/div>\r\n                            <\/div>\r\n                            \r\n                            \r\n                        <\/div>\r\n                    <\/div>\r\n                <\/div>[\/vc_column][\/vc_row][vc_row][vc_column]\r\n                <div class=\"text-modules \">\r\n                    <div class=\"container\">\r\n                        <h3 class=\"section-title section-title_border-bottom\">Harmonogram seminari\u00f3w obszarowych w roku akademickim 2025\/2026<\/h3> \r\n                        <div class=\"row m-0\">\r\n                            <div class=\"text-modules__content\">\r\n                                 \r\n                                <div class=\"mt-3\"><\/div>\r\n                            <\/div>\r\n                            \r\n                            \r\n                        <\/div>\r\n                    <\/div>\r\n                <\/div>[\/vc_column][\/vc_row][vc_row][vc_column]\r\n                <div class=\"tiles-section\" style=\"background: \">\r\n                    <div class=\"container\">\r\n                        <h3 class=\"page-title\">Wydzia\u0142 Nauk \u015acis\u0142ych i Technicznych<\/h3>\r\n                        <div class=\"tiles tiles-2\">\r\n                            <a href=\"https:\/\/us.edu.pl\/szkola-doktorska\/struktura-i-wlasciwosci-stopow-metali\/\" class=\"tile tile_ justify-content-center\" style=\"background-color: #ffffff; font-weight: ; color: #002E5A;  \">\r\n                                \r\n                                   \r\n                               \r\n                                <div class=\"tile__name\">Struktura i w\u0142a\u015bciwo\u015bci stop\u00f3w metali<\/div>\r\n                            <\/a>\r\n                            <a href=\"https:\/\/us.edu.pl\/szkola-doktorska\/seminarium-obszarowe-doktorantow-instytutu-fizyki\/\" class=\"tile tile_ justify-content-center\" style=\"background-color: #ffffff; font-weight: ; color: #002E5A;  \">\r\n                                \r\n                                   \r\n                               \r\n                                <div class=\"tile__name\">Seminarium obszarowe doktorant\u00f3w Instytutu Fizyki<\/div>\r\n                            <\/a>\r\n                            <a href=\"https:\/\/us.edu.pl\/szkola-doktorska\/2026\/04\/07\/interdyscyplinarne-badania-nad-struktura-dynamika-i-stabilnoscia-zlozonych-ukladow-molekularnych\/\" class=\"tile tile_ justify-content-center\" style=\"background-color: #ffffff; font-weight: ; color: #002E5A;  \">\r\n                                \r\n                                   \r\n                               \r\n                                <div class=\"tile__name\">Interdyscyplinarne badania nad struktur\u0105, dynamik\u0105 i stabilno\u015bci\u0105 z\u0142o\u017conych uk\u0142ad\u00f3w molekularnych<\/div>\r\n                            <\/a>\r\n                            <a href=\"https:\/\/us.edu.pl\/szkola-doktorska\/seminarium-obszarowe-ziemia-i-srodowisko\/\" class=\"tile tile_ justify-content-center\" style=\"background-color: #ffffff; font-weight: ; color: #002E5A;  \">\r\n                                \r\n                                   \r\n                               \r\n                                <div class=\"tile__name\">Seminarium obszarowe - Ziemia i \u015brodowisko<\/div>\r\n                            <\/a><\/div>\r\n                    <\/div>\r\n                <\/div>[\/vc_column][\/vc_row][vc_row][vc_column]\r\n                <div class=\"tiles-section\" style=\"background: \">\r\n                    <div class=\"container\">\r\n                        <h3 class=\"page-title\">Wydzia\u0142 Humanistyczny<\/h3>\r\n                        <div class=\"tiles tiles-2\">\r\n                            <a href=\"https:\/\/us.edu.pl\/szkola-doktorska\/od-zrodla-do-interpretacji-sredniowieczny-slask-boleslawa-iii-ksiecia-legnicko-brzeskiego\/\" class=\"tile tile_ justify-content-center\" style=\"background-color: #ffffff; font-weight: ; color: #002E5A;  \">\r\n                                \r\n                                   \r\n                               \r\n                                <div class=\"tile__name\">Od \u017ar\u00f3d\u0142a do interpretacji: \u015bredniowieczny \u015al\u0105sk Boles\u0142awa III ksi\u0119cia legnicko-brzeskiego<\/div>\r\n                            <\/a>\r\n                            <a href=\"https:\/\/us.edu.pl\/szkola-doktorska\/wplyw-spoleczno-polityczny-na-dzialalnosc-kapeli-jasnogorskiej\/\" class=\"tile tile_ justify-content-center\" style=\"background-color: #ffffff; font-weight: ; color: #002E5A;  \">\r\n                                \r\n                                   \r\n                               \r\n                                <div class=\"tile__name\">Wp\u0142yw spo\u0142eczno-polityczny na dzia\u0142alno\u015b\u0107 kapeli jasnog\u00f3rskiej<\/div>\r\n                            <\/a>\r\n                            <a href=\"https:\/\/us.edu.pl\/szkola-doktorska\/od-tekstu-do-kontekstu-socjopragmatyczna-analiza-porownan-zleksykalizowanych-w-dawnych-potocznych-wypowiedziach-konstruowanych\/\" class=\"tile tile_ justify-content-center\" style=\"background-color: #ffffff; font-weight: ; color: #002E5A;  \">\r\n                                \r\n                                   \r\n                               \r\n                                <div class=\"tile__name\">Od tekstu do kontekstu. Socjopragmatyczna analiza por\u00f3wna\u0144 zleksykalizowanych w dawnych potocznych wypowiedziach konstruowanych<\/div>\r\n                            <\/a>\r\n                            <a href=\"https:\/\/us.edu.pl\/szkola-doktorska\/wybrane-perspektywy-badan-nad-jezykiem-dydaktyka-oraz-komunikacja-internetowa\/\" class=\"tile tile_ justify-content-center\" style=\"background-color: #ffffff; font-weight: ; color: #002E5A;  \">\r\n                                \r\n                                   \r\n                               \r\n                                <div class=\"tile__name\">Wybrane perspektywy bada\u0144 nad j\u0119zykiem: dydaktyka oraz komunikacja internetowa<\/div>\r\n                            <\/a>\r\n                            <a href=\"https:\/\/us.edu.pl\/szkola-doktorska\/nie-zaden-flak-cialo-czy-tez-gnat-ale-noga-naukowa-czyli-czlowiek-protetyczny-w-wizji-juliusza-kadena-bandrowskiego\/\" class=\"tile tile_ justify-content-center\" style=\"background-color: #ffffff; font-weight: ; color: #002E5A;  \">\r\n                                \r\n                                   \r\n                               \r\n                                <div class=\"tile__name\">\"[...] nie \u017caden flak, cia\u0142o, czy te\u017c gnat, ale noga naukowa\" - czyli cz\u0142owiek protetyczny w wizji Juliusza Kadena-Bandrowskiego<\/div>\r\n                            <\/a>\r\n                            <a href=\"https:\/\/us.edu.pl\/szkola-doktorska\/wywolujac-katastrofe-fenomen-i-fantom-w-tworczosci-zdzislawa-beksinskiego\/\" class=\"tile tile_ justify-content-center\" style=\"background-color: #ffffff; font-weight: ; color: #002E5A;  \">\r\n                                \r\n                                   \r\n                               \r\n                                <div class=\"tile__name\">Wywo\u0142uj\u0105c katastrof\u0119.\u200b Fenomen i fantom \u200bw tw\u00f3rczo\u015bci Zdzis\u0142awa Beksi\u0144skiego\u200b<\/div>\r\n                            <\/a>\r\n                            <a href=\"https:\/\/us.edu.pl\/szkola-doktorska\/konwencje-coming-of-age-we-wspolczesnym-kinie-poludniowokoreanskim\/\" class=\"tile tile_ justify-content-center\" style=\"background-color: #ffffff; font-weight: ; color: #002E5A;  \">\r\n                                \r\n                                   \r\n                               \r\n                                <div class=\"tile__name\">Konwencje coming of age we wsp\u00f3\u0142czesnym kinie po\u0142udniowokorea\u0144skim<\/div>\r\n                            <\/a>\r\n                            <a href=\"https:\/\/us.edu.pl\/szkola-doktorska\/od-tekstu-do-realizacji-interdyscyplinarnosc-w-badaniach-utworow-audiowizualnych-na-przykladzie-teatru-telewizji\/\" class=\"tile tile_ justify-content-center\" style=\"background-color: #ffffff; font-weight: ; color: #002E5A;  \">\r\n                                \r\n                                   \r\n                               \r\n                                <div class=\"tile__name\">Od tekstu do realizacji - interdyscyplinarno\u015b\u0107 w badaniach utwor\u00f3w audiowizualnych na przyk\u0142adzie teatru telewizji<\/div>\r\n                            <\/a>\r\n                            <a href=\"https:\/\/us.edu.pl\/szkola-doktorska\/recepcja-nauczania-papieza-franciszka-o-nowej-ewangelizacji-studium-na-przykladzie-archidiecezji-katowickiej\/\" class=\"tile tile_ justify-content-center\" style=\"background-color: #ffffff; font-weight: ; color: #002E5A;  \">\r\n                                \r\n                                   \r\n                               \r\n                                <div class=\"tile__name\">Recepcja nauczania papie\u017ca Franciszka o nowej ewangelizacji. Studium na przyk\u0142adzie archidiecezji katowickiej<\/div>\r\n                            <\/a><\/div>\r\n                    <\/div>\r\n                <\/div>[\/vc_column][\/vc_row][vc_row][vc_column]\r\n                <div class=\"tiles-section\" style=\"background: \">\r\n                    <div class=\"container\">\r\n                        <h3 class=\"page-title\">Wydzia\u0142 Nauk Przyrodniczych<\/h3>\r\n                        <div class=\"tiles tiles-2\">\r\n                            <a href=\"https:\/\/us.edu.pl\/szkola-doktorska\/seminarium-obszarowe-ziemia-i-srodowisko\/\" class=\"tile tile_ justify-content-center\" style=\"background-color: #ffffff; font-weight: ; color: #002E5A;  \">\r\n                                \r\n                                   \r\n                               \r\n                                <div class=\"tile__name\">Seminarium obszarowe - Ziemia i \u015brodowisko<\/div>\r\n                            <\/a>\r\n                            <a href=\"https:\/\/us.edu.pl\/szkola-doktorska\/seminarium-obszarowe-doktorantow-w-ramach-otwartego-seminarium-zespolu-cytogenetyki-i-biologii-molekularnej-roslin\/\" class=\"tile tile_ justify-content-center\" style=\"background-color: #ffffff; font-weight: ; color: #002E5A;  \">\r\n                                \r\n                                   \r\n                               \r\n                                <div class=\"tile__name\">Seminarium obszarowe doktorant\u00f3w w ramach otwartego seminarium Zespo\u0142u Cytogenetyki i Biologii Molekularnej Ro\u015blin<\/div>\r\n                            <\/a><\/div>\r\n                    <\/div>\r\n                <\/div>[\/vc_column][\/vc_row][vc_row][vc_column]\r\n                <div class=\"tiles-section\" style=\"background: \">\r\n                    <div class=\"container\">\r\n                        <h3 class=\"page-title\">Wydzia\u0142 Nauk Spo\u0142ecznych<\/h3>\r\n                        <div class=\"tiles tiles-2\">\r\n                            <a href=\"https:\/\/us.edu.pl\/szkola-doktorska\/wplyw-globalizacji-na-rozwoj-turystyki-w-hiszpanii\/\" class=\"tile tile_ justify-content-center\" style=\"background-color: #ffffff; font-weight: ; color: #002E5A;  \">\r\n                                \r\n                                   \r\n                               \r\n                                <div class=\"tile__name\">Wp\u0142yw globalizacji na rozw\u00f3j turystyki w Hiszpanii<\/div>\r\n                            <\/a>\r\n                            <a href=\"https:\/\/us.edu.pl\/szkola-doktorska\/nowe-perspektywy-badan-komunikacji-publicznej-i-mediow-regionalnych-na-przykladzie-wojewodztwa-slaskiego\/\" class=\"tile tile_ justify-content-center\" style=\"background-color: #ffffff; font-weight: ; color: #002E5A;  \">\r\n                                \r\n                                   \r\n                               \r\n                                <div class=\"tile__name\">Nowe perspektywy bada\u0144 komunikacji publicznej i medi\u00f3w regionalnych na przyk\u0142adzie wojew\u00f3dztwa \u015bl\u0105skiego<\/div>\r\n                            <\/a>\r\n                            <a href=\"https:\/\/us.edu.pl\/szkola-doktorska\/strajk-kobiet-analiza-procesow-spoleczno-komunikacyjnych\/\" class=\"tile tile_ justify-content-center\" style=\"background-color: #ffffff; font-weight: ; color: #002E5A;  \">\r\n                                \r\n                                   \r\n                               \r\n                                <div class=\"tile__name\">Strajk Kobiet. Analiza proces\u00f3w spo\u0142eczno-komunikacyjnych<\/div>\r\n                            <\/a>\r\n                            <a href=\"https:\/\/us.edu.pl\/szkola-doktorska\/seminarium-obszarowe\/\" class=\"tile tile_ justify-content-center\" style=\"background-color: #ffffff; font-weight: ; color: #002E5A;  \">\r\n                                \r\n                                   \r\n                               \r\n                                <div class=\"tile__name\">Seminarium obszarowe<\/div>\r\n                            <\/a>\r\n                            <a href=\"https:\/\/us.edu.pl\/szkola-doktorska\/recent-directions-in-clinical-and-social-psychology-research\/\" class=\"tile tile_ justify-content-center\" style=\"background-color: #ffffff; font-weight: ; color: #002E5A;  \">\r\n                                \r\n                                   \r\n                               \r\n                                <div class=\"tile__name\">Recent Directions in Clinical and Social Psychology Research<\/div>\r\n                            <\/a><\/div>\r\n                    <\/div>\r\n                <\/div>[\/vc_column][\/vc_row]<\/p>\n<style type=\"text\/css\">a[data-mtli~=\"mtli_filesize20780kB\"]:after {content:\" (207.80 kB)\"}<\/style>","protected":false},"excerpt":{"rendered":"<p>[vc_row][vc_column][\/vc_column][\/vc_row][vc_row][vc_column][\/vc_column][\/vc_row][vc_row][vc_column][\/vc_column][\/vc_row][vc_row][vc_column][\/vc_column][\/vc_row][vc_row][vc_column][\/vc_column][\/vc_row][vc_row][vc_column][\/vc_column][\/vc_row] [&#8230;]<\/p>\n<p><a class=\"btn btn-secondary understrap-read-more-link\" href=\"https:\/\/us.edu.pl\/szkola-doktorska\/en\/seminaria-obszarowe-doktorantow-w-roku-akademickim-2025-2026\/\">Read More&#8230;<\/a><\/p>\n","protected":false},"author":205,"featured_media":0,"parent":0,"menu_order":0,"comment_status":"closed","ping_status":"closed","template":"","meta":{"_expiration-date-status":"","_expiration-date":0,"_expiration-date-type":"","_expiration-date-categories":[],"_expiration-date-options":[]},"acf":[],"_links":{"self":[{"href":"https:\/\/us.edu.pl\/szkola-doktorska\/en\/wp-json\/wp\/v2\/pages\/25251"}],"collection":[{"href":"https:\/\/us.edu.pl\/szkola-doktorska\/en\/wp-json\/wp\/v2\/pages"}],"about":[{"href":"https:\/\/us.edu.pl\/szkola-doktorska\/en\/wp-json\/wp\/v2\/types\/page"}],"author":[{"embeddable":true,"href":"https:\/\/us.edu.pl\/szkola-doktorska\/en\/wp-json\/wp\/v2\/users\/205"}],"replies":[{"embeddable":true,"href":"https:\/\/us.edu.pl\/szkola-doktorska\/en\/wp-json\/wp\/v2\/comments?post=25251"}],"version-history":[{"count":6,"href":"https:\/\/us.edu.pl\/szkola-doktorska\/en\/wp-json\/wp\/v2\/pages\/25251\/revisions"}],"predecessor-version":[{"id":25407,"href":"https:\/\/us.edu.pl\/szkola-doktorska\/en\/wp-json\/wp\/v2\/pages\/25251\/revisions\/25407"}],"wp:attachment":[{"href":"https:\/\/us.edu.pl\/szkola-doktorska\/en\/wp-json\/wp\/v2\/media?parent=25251"}],"curies":[{"name":"wp","href":"https:\/\/api.w.org\/{rel}","templated":true}]}}