{"id":25322,"date":"2026-04-02T16:05:44","date_gmt":"2026-04-02T14:05:44","guid":{"rendered":"https:\/\/us.edu.pl\/szkola-doktorska\/?page_id=25322"},"modified":"2026-04-02T16:05:44","modified_gmt":"2026-04-02T14:05:44","slug":"zadania-badawcze-doktorantow-projekty-finansowane-ze-srodkow-programu-inicjatywa-doskonalosci-badawczej-2026","status":"publish","type":"page","link":"https:\/\/us.edu.pl\/szkola-doktorska\/en\/srodki-na-dzialalnosc-naukowa-doktorantow-2026\/konkursy-dla-doktorantow-srodki-na-dzialalnosc-naukowa-2026\/zadania-badawcze-doktorantow-projekty-finansowane-ze-srodkow-programu-inicjatywa-doskonalosci-badawczej-2026\/","title":{"rendered":"Reserach tasks of doctoral students &#8211; projects financed from the funds of the competition under the Research Excellence Initiative 2026 program"},"content":{"rendered":"<p>[vc_row][vc_column]\r\n                <div class=\"text-modules\">\r\n                    <div class=\"container\">\r\n                        <h3 class=\"page-title text__title\">Research tasks of doctoral students - projects financed from the funds of the competition under the Research Excellence Initiative 2026 program<\/h3>\r\n                        <div class=\"text-modules__content\"><p>Funds awarded in the competition for research tasks of doctoral students under the Research Excellence Initiative 2026 program<\/p>\n<\/div>\r\n                    <\/div>\r\n                <\/div>[\/vc_column][\/vc_row][vc_row][vc_column]\r\n                <div class=\"text-modules\">\r\n                    <div class=\"container\">\r\n                        \r\n                        <div class=\"text-modules__content\"><\/p>\n<table style=\"height: 20px; width: 101.514%;\" border=\"1\" width=\"101.514%\">\n<tbody>\n<tr style=\"height: 72px;\">\n<td style=\"width: 5.88822%; height: 72px;\" width=\"49\"><strong>No.<\/strong><\/td>\n<td style=\"width: 24.8503%; height: 72px;\" width=\"221\"><strong>Name and last name \/ Imi\u0119 i nazwisko<\/strong><\/td>\n<td style=\"width: 11.8763%;\"><strong>Doctoral school \/ Szko\u0142a doktorska<\/strong><\/td>\n<td style=\"width: 11.8763%; height: 72px;\" width=\"211\"><strong>Scientific discipline \/ Dyscyplina naukowa<\/strong><\/td>\n<td style=\"width: 28.9421%; height: 72px;\" width=\"258\"><strong>Nazwa zadania badawczego \/ Name of the research task<\/strong><\/td>\n<td style=\"width: 15.3693%; height: 72px;\" width=\"135\"><strong>Allocated funds \/ Przyznane \u015brodki<\/strong><\/td>\n<\/tr>\n<tr>\n<td style=\"width: 5.88822%;\" width=\"142\">1.<\/td>\n<td style=\"width: 24.8503%;\" width=\"142\">\u0141atacz Natalia<\/td>\n<td style=\"width: 11.8763%;\" width=\"142\">M\u015aSD<\/td>\n<td style=\"width: 11.8763%;\" width=\"318\">Earth and related environmental sciences (nauki o Ziemi i \u015brodowisku)<\/td>\n<td style=\"width: 28.9421%;\" width=\"64\">Badania terenowe dot. zmian w obr\u0119bie klif\u00f3w lodowych lodowc\u00f3w otoczenia fiordu Hornsund (Svalbard)<\/td>\n<td style=\"width: 15.3693%;\" width=\"171\">7 500,00 PLN<\/td>\n<\/tr>\n<tr>\n<td style=\"width: 5.88822%;\">2.<\/td>\n<td style=\"width: 24.8503%;\">Manocha Akshay Raj<\/td>\n<td style=\"width: 11.8763%;\">M\u015aSD<\/td>\n<td style=\"width: 11.8763%;\">Earth and related environmental sciences (nauki o Ziemi i \u015brodowisku)<\/td>\n<td style=\"width: 28.9421%;\">International Conference<\/td>\n<td style=\"width: 15.3693%;\">7 207,00 PLN<\/td>\n<\/tr>\n<tr>\n<td style=\"width: 5.88822%;\">3.<\/td>\n<td style=\"width: 24.8503%;\">Saferna Dawid<\/td>\n<td style=\"width: 11.8763%;\">M\u015aSD<\/td>\n<td style=\"width: 11.8763%;\">Earth and related environmental sciences (nauki o Ziemi i \u015brodowisku)<\/td>\n<td style=\"width: 28.9421%;\">Badania batymetryczne Po\u0142udniowego Spitsbergenu<\/td>\n<td style=\"width: 15.3693%;\">7 500,00 PLN<\/td>\n<\/tr>\n<tr>\n<td style=\"width: 5.88822%;\">4.<\/td>\n<td style=\"width: 24.8503%;\">Zaj\u0105c Julia<\/td>\n<td style=\"width: 11.8763%;\">M\u015aSD<\/td>\n<td style=\"width: 11.8763%;\">materials engineering (in\u017cynieria materia\u0142owa)<\/td>\n<td style=\"width: 28.9421%;\">Opracowanie i optymalizacja proces\u00f3w wytwarzania wielosk\u0142adnikowych stop\u00f3w Zr\u2013Nb\u2013Mo metodami metalurgii proszk\u00f3w i topienia \u0142ukowego z wykorzystaniem kontrolowanych warunk\u00f3w syntezy wysokotemperaturowej.<\/td>\n<td style=\"width: 15.3693%;\">3 000,00 PLN<\/td>\n<\/tr>\n<tr>\n<td style=\"width: 5.88822%;\">5.<\/td>\n<td style=\"width: 24.8503%;\">Paszek Weronika<\/td>\n<td style=\"width: 11.8763%;\">SD<\/td>\n<td style=\"width: 11.8763%;\">history (historia)<\/td>\n<td style=\"width: 28.9421%;\">zgromadzenie materia\u0142u badawczego dotycz\u0105cego rodu Radziwi\u0142\u0142\u00f3w<\/td>\n<td style=\"width: 15.3693%;\">1 290,34 PLN<\/td>\n<\/tr>\n<tr>\n<td style=\"width: 5.88822%;\">6.<\/td>\n<td style=\"width: 24.8503%;\">Roter Kamil<\/td>\n<td style=\"width: 11.8763%;\">SD<\/td>\n<td style=\"width: 11.8763%;\">history (historia)<\/td>\n<td style=\"width: 28.9421%;\">Kwerenda archiwalna w Archiwum G\u0142\u00f3wnym Akt Dawnych w Warszawie oraz Bibliotece Narodowej<\/td>\n<td style=\"width: 15.3693%;\">2 685,00 PLN<\/td>\n<\/tr>\n<tr>\n<td style=\"width: 5.88822%;\">7.<\/td>\n<td style=\"width: 24.8503%;\">Zaborowska Wiktoria<\/td>\n<td style=\"width: 11.8763%;\">SD<\/td>\n<td style=\"width: 11.8763%;\">history (historia)<\/td>\n<td style=\"width: 28.9421%;\">Augustae et Matres. Analiza ikonografii rzymskich cesarzowych III wieku w mennictwie centralnym i prowincjonalnym. Kwerenda \u017ar\u00f3d\u0142owa w zbiorach Gabinetu Monet i Medali Muzeum Narodowego w Warszawie.<\/td>\n<td style=\"width: 15.3693%;\">2 685,00 PLN<\/td>\n<\/tr>\n<tr>\n<td style=\"width: 5.88822%;\">8.<\/td>\n<td style=\"width: 24.8503%;\">Gryncewicz Katarzyna<\/td>\n<td style=\"width: 11.8763%;\">SD<\/td>\n<td style=\"width: 11.8763%;\">linguistics (j\u0119zykoznawstwo)<\/td>\n<td style=\"width: 28.9421%;\">Czynny udzia\u0142 w mi\u0119dzynarodowej konferencji naukowej \u201eKomparativnoslavisti\u010dke lingvokulturalne teme. 3. KOMPAS\u201d<\/td>\n<td style=\"width: 15.3693%;\">4 245,00 PLN<\/td>\n<\/tr>\n<tr>\n<td style=\"width: 5.88822%;\">9.<\/td>\n<td style=\"width: 24.8503%;\">Kraus Marta<\/td>\n<td style=\"width: 11.8763%;\">SD<\/td>\n<td style=\"width: 11.8763%;\">linguistics (j\u0119zykoznawstwo)<\/td>\n<td style=\"width: 28.9421%;\">wyjazd na konferencj\u0119 zagraniczn\u0105<\/td>\n<td style=\"width: 15.3693%;\">4 000,00 PLN<\/td>\n<\/tr>\n<tr>\n<td style=\"width: 5.88822%;\">10.<\/td>\n<td style=\"width: 24.8503%;\">Moskal Marlena<\/td>\n<td style=\"width: 11.8763%;\">SD<\/td>\n<td style=\"width: 11.8763%;\">linguistics (j\u0119zykoznawstwo)<\/td>\n<td style=\"width: 28.9421%;\">Zagraniczna konferencja naukowa<\/td>\n<td style=\"width: 15.3693%;\">4 725,00 PLN<\/td>\n<\/tr>\n<tr>\n<td style=\"width: 5.88822%;\">11.<\/td>\n<td style=\"width: 24.8503%;\">Zalega Jan<\/td>\n<td style=\"width: 11.8763%;\">SD<\/td>\n<td style=\"width: 11.8763%;\">linguistics (j\u0119zykoznawstwo)<\/td>\n<td style=\"width: 28.9421%;\">Zagraniczna Konferencja Naukowa<\/td>\n<td style=\"width: 15.3693%;\">6 025,00 PLN<\/td>\n<\/tr>\n<tr>\n<td style=\"width: 5.88822%;\">12.<\/td>\n<td style=\"width: 24.8503%;\">Dusza Julia<\/td>\n<td style=\"width: 11.8763%;\">SD<\/td>\n<td style=\"width: 11.8763%;\">literary studies (literaturoznawstwo)<\/td>\n<td style=\"width: 28.9421%;\">Kwerenda biblioteczna<\/td>\n<td style=\"width: 15.3693%;\">657,00 PLN<\/td>\n<\/tr>\n<tr>\n<td style=\"width: 5.88822%;\">13.<\/td>\n<td style=\"width: 24.8503%;\">Ko\u0142odziej Dorota<\/td>\n<td style=\"width: 11.8763%;\">SD<\/td>\n<td style=\"width: 11.8763%;\">literary studies (literaturoznawstwo)<\/td>\n<td style=\"width: 28.9421%;\">Analiza por\u00f3wnawcza inspirowanej cybernetyk\u0105 tw\u00f3rczo\u015bci Witolda Wirpszy uwzgl\u0119dniaj\u0105ca neoawangardowe eksperymenty z Europy Zachodniej<\/td>\n<td style=\"width: 15.3693%;\">6 049,00 PLN<\/td>\n<\/tr>\n<tr>\n<td style=\"width: 5.88822%;\">14.<\/td>\n<td style=\"width: 24.8503%;\">Warbisch Marcel<\/td>\n<td style=\"width: 11.8763%;\">SD<\/td>\n<td style=\"width: 11.8763%;\">literary studies (literaturoznawstwo)<\/td>\n<td style=\"width: 28.9421%;\">Interpretacja praktyk logowizualnych w kontek\u015bcie wsp\u00f3\u0142czesnych teorii afektu i reprezentacji<\/td>\n<td style=\"width: 15.3693%;\">3 485,00 PLN<\/td>\n<\/tr>\n<tr>\n<td style=\"width: 5.88822%;\">15.<\/td>\n<td style=\"width: 24.8503%;\">Moczarska Wiktoria<\/td>\n<td style=\"width: 11.8763%;\">SD<\/td>\n<td style=\"width: 11.8763%;\">philosophy (filozofia)<\/td>\n<td style=\"width: 28.9421%;\">Aktywny udzia\u0142 w zagranicznej konferencji naukowej ISAZ 2026<\/td>\n<td style=\"width: 15.3693%;\">5 397,55 PLN<\/td>\n<\/tr>\n<tr>\n<td style=\"width: 5.88822%;\">16.<\/td>\n<td style=\"width: 24.8503%;\">Nied\u017awiecki Dominik<\/td>\n<td style=\"width: 11.8763%;\">SD<\/td>\n<td style=\"width: 11.8763%;\">Polish studies (polonistyka)<\/td>\n<td style=\"width: 28.9421%;\">Opracowanie og\u00f3lnej typologii odautorskich element\u00f3w s\u0142ownych w partyturach polskiej muzyki wsp\u00f3\u0142czesnej<\/td>\n<td style=\"width: 15.3693%;\">575,00 PLN<\/td>\n<\/tr>\n<tr>\n<td style=\"width: 5.88822%;\">17.<\/td>\n<td style=\"width: 24.8503%;\">Franke Paula<\/td>\n<td style=\"width: 11.8763%;\">SD<\/td>\n<td style=\"width: 11.8763%;\">biological sciences (nauki biologiczne)<\/td>\n<td style=\"width: 28.9421%;\">Wyjazd i prezentacja wynik\u00f3w projektu doktorskiego na mi\u0119dzynarodowej konferencji naukowej \u201eThe 9th Asia-Pacific Chromosome Colloquium (APCC9)\u201d (Chiba, Japonia)<\/td>\n<td style=\"width: 15.3693%;\">7 500,00 PLN<\/td>\n<\/tr>\n<tr>\n<td style=\"width: 5.88822%;\">18.<\/td>\n<td style=\"width: 24.8503%;\">Jendrzejek Bartosz<\/td>\n<td style=\"width: 11.8763%;\">SD<\/td>\n<td style=\"width: 11.8763%;\">biological sciences (nauki biologiczne)<\/td>\n<td style=\"width: 28.9421%;\">Zadanie 8. Analiza zale\u017cno\u015bci mi\u0119dzy w\u0142a\u015bciwo\u015bciami fizykochemicznymi gleby, aktywno\u015bci\u0105 enzymatyczn\u0105 i struktur\u0105 mikroorganizm\u00f3w<\/td>\n<td style=\"width: 15.3693%;\">1 000,00 PLN<\/td>\n<\/tr>\n<tr>\n<td style=\"width: 5.88822%;\">19.<\/td>\n<td style=\"width: 24.8503%;\">Kasztowski Jacek<\/td>\n<td style=\"width: 11.8763%;\">SD<\/td>\n<td style=\"width: 11.8763%;\">biological sciences (nauki biologiczne)<\/td>\n<td style=\"width: 28.9421%;\">Analiza sieci ekologicznych<\/td>\n<td style=\"width: 15.3693%;\">1 000,00 PLN<\/td>\n<\/tr>\n<tr>\n<td style=\"width: 5.88822%;\">20.<\/td>\n<td style=\"width: 24.8503%;\">Shimomai Hina<\/td>\n<td style=\"width: 11.8763%;\">SD<\/td>\n<td style=\"width: 11.8763%;\">biological sciences (nauki biologiczne)<\/td>\n<td style=\"width: 28.9421%;\">Characterisation of nucleoli in Nicotiana bethamiana FIB1: GFP mutants<\/td>\n<td style=\"width: 15.3693%;\">2 700,00 PLN<\/td>\n<\/tr>\n<tr>\n<td style=\"width: 5.88822%;\">21.<\/td>\n<td style=\"width: 24.8503%;\">Szwajczak Ewa<\/td>\n<td style=\"width: 11.8763%;\">SD<\/td>\n<td style=\"width: 11.8763%;\">biological sciences (nauki biologiczne)<\/td>\n<td style=\"width: 28.9421%;\">Publikacja artyku\u0142u naukowego w otwartym dost\u0119pie \u2013 op\u0142ata APC<\/td>\n<td style=\"width: 15.3693%;\">6 200,00 PLN<\/td>\n<\/tr>\n<tr>\n<td style=\"width: 5.88822%;\">22.<\/td>\n<td style=\"width: 24.8503%;\">Wittocx Hilke<\/td>\n<td style=\"width: 11.8763%;\">SD<\/td>\n<td style=\"width: 11.8763%;\">biological sciences (nauki biologiczne)<\/td>\n<td style=\"width: 28.9421%;\">Participation in conferences<\/td>\n<td style=\"width: 15.3693%;\">5 000,00 PLN<\/td>\n<\/tr>\n<tr>\n<td style=\"width: 5.88822%;\">23.<\/td>\n<td style=\"width: 24.8503%;\">Auer Marcin<\/td>\n<td style=\"width: 11.8763%;\">SD<\/td>\n<td style=\"width: 11.8763%;\">biomedical engineering (in\u017cynieria biomedyczna)<\/td>\n<td style=\"width: 28.9421%;\">Sporz\u0105dzenie sieci inteligentnych sensor\u00f3w<\/td>\n<td style=\"width: 15.3693%;\">1 000,00 PLN<\/td>\n<\/tr>\n<tr>\n<td style=\"width: 5.88822%;\">24.<\/td>\n<td style=\"width: 24.8503%;\">Mrowiec Aleksandra<\/td>\n<td style=\"width: 11.8763%;\">SD<\/td>\n<td style=\"width: 11.8763%;\">biomedical engineering (in\u017cynieria biomedyczna)<\/td>\n<td style=\"width: 28.9421%;\">III.1 \u2013 Thermographic studies of children with lateral spine curvature (kyphosis)\u00a0 III.2 \u2013 Analysis of the correlation between temperature gradients and curvature of spinal curvature<\/td>\n<td style=\"width: 15.3693%;\">800,00 PLN<\/td>\n<\/tr>\n<tr>\n<td style=\"width: 5.88822%;\">25.<\/td>\n<td style=\"width: 24.8503%;\">Dadzie Benjamin Mensah<\/td>\n<td style=\"width: 11.8763%;\">SD<\/td>\n<td style=\"width: 11.8763%;\">Computer and information sciences (informatyka)<\/td>\n<td style=\"width: 28.9421%;\">Noise-Tolerant Multi-View Concept Drift Detection Based on Statistical Fusion<\/td>\n<td style=\"width: 15.3693%;\">7 000,00 PLN<\/td>\n<\/tr>\n<tr>\n<td style=\"width: 5.88822%;\">26.<\/td>\n<td style=\"width: 24.8503%;\">Kusztal Katarzyna<\/td>\n<td style=\"width: 11.8763%;\">SD<\/td>\n<td style=\"width: 11.8763%;\">Computer and information sciences (informatyka)<\/td>\n<td style=\"width: 28.9421%;\">Czynny udzia\u0142 w mi\u0119dzynarodowej konferencji naukowej ICCS 2026 w Hamburgu<\/td>\n<td style=\"width: 15.3693%;\">7 500,00 PLN<\/td>\n<\/tr>\n<tr>\n<td style=\"width: 5.88822%;\">27.<\/td>\n<td style=\"width: 24.8503%;\">Janik Krzysztof<\/td>\n<td style=\"width: 11.8763%;\">SD<\/td>\n<td style=\"width: 11.8763%;\">Earth and related environmental sciences (nauki o Ziemi i \u015brodowisku)<\/td>\n<td style=\"width: 28.9421%;\">Wyjazd na konferencj\u0119 zagraniczn\u0105 &#8220;IAH 2026 World Groundwater Congress&#8221;<\/td>\n<td style=\"width: 15.3693%;\">4 100,00 PLN<\/td>\n<\/tr>\n<tr>\n<td style=\"width: 5.88822%;\">28.<\/td>\n<td style=\"width: 24.8503%;\">Lalik Martyna<\/td>\n<td style=\"width: 11.8763%;\">SD<\/td>\n<td style=\"width: 11.8763%;\">Earth and related environmental sciences (nauki o Ziemi i \u015brodowisku)<\/td>\n<td style=\"width: 28.9421%;\">Fitoremediacja gleb zanieczyszczonych odciekami<\/td>\n<td style=\"width: 15.3693%;\">5 000,00 PLN<\/td>\n<\/tr>\n<tr>\n<td style=\"width: 5.88822%;\">29.<\/td>\n<td style=\"width: 24.8503%;\">Pyryt Piotr<\/td>\n<td style=\"width: 11.8763%;\">SD<\/td>\n<td style=\"width: 11.8763%;\">Earth and related environmental sciences (nauki o Ziemi i \u015brodowisku)<\/td>\n<td style=\"width: 28.9421%;\">Zad. VI.V: Udzia\u0142 w konferencji \u2013 The General Assembly 2027 of the European Geosciences Union (EGU)<\/td>\n<td style=\"width: 15.3693%;\">910,00 PLN<\/td>\n<\/tr>\n<tr>\n<td style=\"width: 5.88822%;\">30.<\/td>\n<td style=\"width: 24.8503%;\">Czempik Adam<\/td>\n<td style=\"width: 11.8763%;\">SD<\/td>\n<td style=\"width: 11.8763%;\">physical sciences (nauki fizyczne)<\/td>\n<td style=\"width: 28.9421%;\">Performing M\u00f6ssbauer spectrometry measurements of MFe2O4@SiO2 GO-functionalized nanocomposites<\/td>\n<td style=\"width: 15.3693%;\">7 500,00 PLN<\/td>\n<\/tr>\n<tr>\n<td style=\"width: 5.88822%;\">31.<\/td>\n<td style=\"width: 24.8503%;\">Bura Zuzanna<\/td>\n<td style=\"width: 11.8763%;\">SD<\/td>\n<td style=\"width: 11.8763%;\">law (nauki prawne)<\/td>\n<td style=\"width: 28.9421%;\">VI. Konferencje<\/td>\n<td style=\"width: 15.3693%;\">6 238,17 PLN<\/td>\n<\/tr>\n<tr>\n<td style=\"width: 5.88822%;\">32.<\/td>\n<td style=\"width: 24.8503%;\">Sikorska Wiktoria<\/td>\n<td style=\"width: 11.8763%;\">SD<\/td>\n<td style=\"width: 11.8763%;\">law (nauki prawne)<\/td>\n<td style=\"width: 28.9421%;\">Projekt regulacji norm przeciwko podrobionym produktom rzemie\u015blniczym i przemys\u0142owym, w tym sprzedawanym przez Internet<\/td>\n<td style=\"width: 15.3693%;\">2 000,00 PLN<\/td>\n<\/tr>\n<tr>\n<td style=\"width: 5.88822%;\">33.<\/td>\n<td style=\"width: 24.8503%;\">Bandarzewska Weronika Felicja<\/td>\n<td style=\"width: 11.8763%;\">SD<\/td>\n<td style=\"width: 11.8763%;\">psychology (psychologia)<\/td>\n<td style=\"width: 28.9421%;\">Badanie 1 \u2013 Analiza relacji mi\u0119dzy sadyzmem codziennym a pogl\u0105dami moralnymi (utylitaryzmem)<\/td>\n<td style=\"width: 15.3693%;\">4 000,00 PLN<\/td>\n<\/tr>\n<tr>\n<td style=\"width: 5.88822%;\">34.<\/td>\n<td style=\"width: 24.8503%;\">Nowacki Ari<\/td>\n<td style=\"width: 11.8763%;\">SD<\/td>\n<td style=\"width: 11.8763%;\">psychology (psychologia)<\/td>\n<td style=\"width: 28.9421%;\">Badanie 2. 10-dniowe badanie dzienniczkowe w\u015br\u00f3d nieadaptacyjnych marzycieli na jawie<\/td>\n<td style=\"width: 15.3693%;\">6 584,89 PLN<\/td>\n<\/tr>\n<tr>\n<td style=\"width: 5.88822%;\">35.<\/td>\n<td style=\"width: 24.8503%;\">Kandzia Paulina<\/td>\n<td style=\"width: 11.8763%;\">SD<\/td>\n<td style=\"width: 11.8763%;\">social and economic geography and spatial management (geografia spo\u0142eczno-ekonomiczna i gospodarka przestrzenna)<\/td>\n<td style=\"width: 28.9421%;\">Czynny udzia\u0142 w mi\u0119dzynarodowej konferencji naukowej PECSRL 2026 wraz z prezentacj\u0105 referatu<\/td>\n<td style=\"width: 15.3693%;\">6 605,00 PLN<\/td>\n<\/tr>\n<\/tbody>\n<\/table>\n<p>\n<\/div>\r\n                    <\/div>\r\n                <\/div>[\/vc_column][\/vc_row]<\/p>","protected":false},"excerpt":{"rendered":"<p>[vc_row][vc_column][\/vc_column][\/vc_row][vc_row][vc_column][\/vc_column][\/vc_row] [&#8230;]<\/p>\n<p><a class=\"btn btn-secondary understrap-read-more-link\" href=\"https:\/\/us.edu.pl\/szkola-doktorska\/en\/srodki-na-dzialalnosc-naukowa-doktorantow-2026\/konkursy-dla-doktorantow-srodki-na-dzialalnosc-naukowa-2026\/zadania-badawcze-doktorantow-projekty-finansowane-ze-srodkow-programu-inicjatywa-doskonalosci-badawczej-2026\/\">Read More&#8230;<\/a><\/p>\n","protected":false},"author":42,"featured_media":0,"parent":25244,"menu_order":0,"comment_status":"closed","ping_status":"closed","template":"","meta":{"_expiration-date-status":"","_expiration-date":0,"_expiration-date-type":"","_expiration-date-categories":[],"_expiration-date-options":[]},"acf":[],"_links":{"self":[{"href":"https:\/\/us.edu.pl\/szkola-doktorska\/en\/wp-json\/wp\/v2\/pages\/25322"}],"collection":[{"href":"https:\/\/us.edu.pl\/szkola-doktorska\/en\/wp-json\/wp\/v2\/pages"}],"about":[{"href":"https:\/\/us.edu.pl\/szkola-doktorska\/en\/wp-json\/wp\/v2\/types\/page"}],"author":[{"embeddable":true,"href":"https:\/\/us.edu.pl\/szkola-doktorska\/en\/wp-json\/wp\/v2\/users\/42"}],"replies":[{"embeddable":true,"href":"https:\/\/us.edu.pl\/szkola-doktorska\/en\/wp-json\/wp\/v2\/comments?post=25322"}],"version-history":[{"count":1,"href":"https:\/\/us.edu.pl\/szkola-doktorska\/en\/wp-json\/wp\/v2\/pages\/25322\/revisions"}],"predecessor-version":[{"id":25324,"href":"https:\/\/us.edu.pl\/szkola-doktorska\/en\/wp-json\/wp\/v2\/pages\/25322\/revisions\/25324"}],"up":[{"embeddable":true,"href":"https:\/\/us.edu.pl\/szkola-doktorska\/en\/wp-json\/wp\/v2\/pages\/25244"}],"wp:attachment":[{"href":"https:\/\/us.edu.pl\/szkola-doktorska\/en\/wp-json\/wp\/v2\/media?parent=25322"}],"curies":[{"name":"wp","href":"https:\/\/api.w.org\/{rel}","templated":true}]}}