{"id":25370,"date":"2026-04-07T11:30:47","date_gmt":"2026-04-07T09:30:47","guid":{"rendered":"https:\/\/us.edu.pl\/szkola-doktorska\/?page_id=25370"},"modified":"2026-04-14T19:15:25","modified_gmt":"2026-04-14T17:15:25","slug":"od-tekstu-do-realizacji-interdyscyplinarnosc-w-badaniach-utworow-audiowizualnych-na-przykladzie-teatru-telewizji","status":"publish","type":"page","link":"https:\/\/us.edu.pl\/szkola-doktorska\/en\/od-tekstu-do-realizacji-interdyscyplinarnosc-w-badaniach-utworow-audiowizualnych-na-przykladzie-teatru-telewizji\/","title":{"rendered":"(Polski) Od tekstu do realizacji &#8211; interdyscyplinarno\u015b\u0107 w badaniach utwor\u00f3w audiowizualnych na przyk\u0142adzie teatru telewizji"},"content":{"rendered":"<p class=\"qtranxs-available-languages-message qtranxs-available-languages-message-en\">Sorry, this entry is only available in <a href=\"https:\/\/us.edu.pl\/szkola-doktorska\/pl\/wp-json\/wp\/v2\/pages\/25370\" class=\"qtranxs-available-language-link qtranxs-available-language-link-pl\" title=\"Polski\">Polish<\/a>.<\/p>","protected":false},"excerpt":{"rendered":"<p>Sorry, this entry is only available in Polish. [&#8230;]<\/p>\n<p><a class=\"btn btn-secondary understrap-read-more-link\" href=\"https:\/\/us.edu.pl\/szkola-doktorska\/en\/od-tekstu-do-realizacji-interdyscyplinarnosc-w-badaniach-utworow-audiowizualnych-na-przykladzie-teatru-telewizji\/\">Read More&#8230;<\/a><\/p>\n","protected":false},"author":205,"featured_media":0,"parent":0,"menu_order":0,"comment_status":"closed","ping_status":"closed","template":"","meta":{"_expiration-date-status":"","_expiration-date":0,"_expiration-date-type":"","_expiration-date-categories":[],"_expiration-date-options":[]},"acf":[],"_links":{"self":[{"href":"https:\/\/us.edu.pl\/szkola-doktorska\/en\/wp-json\/wp\/v2\/pages\/25370"}],"collection":[{"href":"https:\/\/us.edu.pl\/szkola-doktorska\/en\/wp-json\/wp\/v2\/pages"}],"about":[{"href":"https:\/\/us.edu.pl\/szkola-doktorska\/en\/wp-json\/wp\/v2\/types\/page"}],"author":[{"embeddable":true,"href":"https:\/\/us.edu.pl\/szkola-doktorska\/en\/wp-json\/wp\/v2\/users\/205"}],"replies":[{"embeddable":true,"href":"https:\/\/us.edu.pl\/szkola-doktorska\/en\/wp-json\/wp\/v2\/comments?post=25370"}],"version-history":[{"count":0,"href":"https:\/\/us.edu.pl\/szkola-doktorska\/en\/wp-json\/wp\/v2\/pages\/25370\/revisions"}],"wp:attachment":[{"href":"https:\/\/us.edu.pl\/szkola-doktorska\/en\/wp-json\/wp\/v2\/media?parent=25370"}],"curies":[{"name":"wp","href":"https:\/\/api.w.org\/{rel}","templated":true}]}}